{"id":1051,"date":"2024-12-17T08:55:11","date_gmt":"2024-12-17T08:55:11","guid":{"rendered":"https:\/\/www.comehealthgroup.com\/?post_type=product&#038;p=1051"},"modified":"2024-12-18T04:39:25","modified_gmt":"2024-12-18T04:39:25","slug":"shilajit-resin-wholesale","status":"publish","type":"product","link":"https:\/\/www.comehealthgroup.com\/ar\/product\/shilajit-resin-wholesale\/","title":{"rendered":"\u0631\u0627\u062a\u0646\u062c \u0634\u064a\u0644\u0627\u062c\u064a\u062a \u0627\u0644\u0647\u064a\u0645\u0627\u0644\u0627\u064a\u0627 \u0634\u064a\u0644\u0627\u062c\u064a\u062a \u0628\u0627\u0644\u062c\u0645\u0644\u0629 \u0644\u062a\u062d\u0633\u064a\u0646 \u0645\u0633\u062a\u0648\u064a\u0627\u062a \u0627\u0644\u0637\u0627\u0642\u0629"},"content":{"rendered":"<div class=\"wp-block-columns is-layout-flex wp-container-core-columns-is-layout-9d6595d7 wp-block-columns-is-layout-flex\">\n<div class=\"wp-block-column is-layout-flow wp-block-column-is-layout-flow\">\n<h2 class=\"wp-block-heading\">Features of Shilajit Resin Wholesale<\/h2>\n\n\n\n<ul class=\"wp-block-list\">\n<li><strong>\u062a\u0639\u0632\u064a\u0632 \u0645\u0633\u062a\u0648\u064a\u0627\u062a \u0627\u0644\u0637\u0627\u0642\u0629: <\/strong>This Himalayan shilajit resin wholesale is rich in various minerals and natural ingredients that help increase the energy within your body, increase your strength, and help you cope better with daily challenges and stress.<\/li>\n\n\n\n<li><strong>\u062a\u062d\u0633\u064a\u0646 \u0635\u062d\u0629 \u0627\u0644\u0642\u0644\u0628: <\/strong>Antioxidants in our shilajit resin bulk contribute to good cardiovascular health, ensure blood circulation, and normal heart functions, hence reducing the risk of heart diseases.<\/li>\n\n\n\n<li><strong>\u062a\u0639\u0632\u064a\u0632 \u062e\u0635\u0648\u0628\u0629 \u0627\u0644\u0630\u0643\u0648\u0631: <\/strong>This shilajit resin wholesale normalizes the hormone level, improves sperm quality, and promotes reproductive health; hence, it enhances male fertility.<\/li>\n\n\n\n<li><strong>Natural ingredients, high purity: <\/strong>Our Himalayan shilajit resin bulk is from natural mines without any chemical additives, keeping the highest purity and original ecological quality to ensure the best health benefits.<\/li>\n<\/ul>\n<\/div>\n\n\n\n<div class=\"wp-block-column is-layout-flow wp-block-column-is-layout-flow\">\n<figure class=\"wp-block-image size-full\"><img decoding=\"async\" width=\"1600\" height=\"1600\" src=\"https:\/\/www.comehealthgroup.com\/wp-content\/uploads\/2024\/12\/Himalayas-Shilajit-Resin-Wholesale-For-Improve-Energy-Levels-6.webp\" alt=\"Himalayas Shilajit Resin Wholesale For Improve Energy Levels-6\" class=\"wp-image-1057\" srcset=\"https:\/\/www.comehealthgroup.com\/wp-content\/uploads\/2024\/12\/Himalayas-Shilajit-Resin-Wholesale-For-Improve-Energy-Levels-6.webp 1600w, https:\/\/www.comehealthgroup.com\/wp-content\/uploads\/2024\/12\/Himalayas-Shilajit-Resin-Wholesale-For-Improve-Energy-Levels-6-300x300.webp 300w, https:\/\/www.comehealthgroup.com\/wp-content\/uploads\/2024\/12\/Himalayas-Shilajit-Resin-Wholesale-For-Improve-Energy-Levels-6-150x150.webp 150w, https:\/\/www.comehealthgroup.com\/wp-content\/uploads\/2024\/12\/Himalayas-Shilajit-Resin-Wholesale-For-Improve-Energy-Levels-6-768x768.webp 768w, https:\/\/www.comehealthgroup.com\/wp-content\/uploads\/2024\/12\/Himalayas-Shilajit-Resin-Wholesale-For-Improve-Energy-Levels-6-1200x1200.webp 1200w, https:\/\/www.comehealthgroup.com\/wp-content\/uploads\/2024\/12\/Himalayas-Shilajit-Resin-Wholesale-For-Improve-Energy-Levels-6-600x600.webp 600w, https:\/\/www.comehealthgroup.com\/wp-content\/uploads\/2024\/12\/Himalayas-Shilajit-Resin-Wholesale-For-Improve-Energy-Levels-6-100x100.webp 100w\" sizes=\"(max-width: 1600px) 100vw, 1600px\" \/><\/figure>\n<\/div>\n<\/div>\n\n\n\n<p><\/p>","protected":false},"excerpt":{"rendered":"<p>This private label Himalayan shilajit resin wholesale is a unique formula for boosting your energy and improving heart health, thereby enhancing male fertility. Mineral and antioxidant-packed, these botanical extracts would help raise one&#8217;s energy levels while aiding cardiovascular health and improving energy and fertility naturally. Help yourself stay healthy and energetic, improve your life with pure and natural Shilajit resin.<\/p>\n<table style=\"border-collapse: collapse; width: 534.02pt;\" border=\"0\" width=\"534\" cellspacing=\"0\" cellpadding=\"0\">\n<tbody>\n<tr style=\"height: 15.20pt;\">\n<td class=\"et2\" style=\"height: 15.20pt; width: 101.70pt;\" width=\"101\" height=\"15\">\u0627\u0633\u0645 \u0627\u0644\u0639\u0644\u0627\u0645\u0629 \u0627\u0644\u062a\u062c\u0627\u0631\u064a\u0629<\/td>\n<td class=\"et2\" style=\"width: 206.65pt;\" width=\"206\">\u062a\u0639\u0627\u0644 \u0625\u0644\u0649 \u0627\u0644\u0635\u062d\u0629 \/ \u0627\u0644\u0639\u0644\u0627\u0645\u0629 \u0627\u0644\u0628\u064a\u0636\u0627\u0621<\/td>\n<td class=\"et2\" style=\"width: 84.80pt;\" width=\"84\">\u0627\u0644\u0639\u0645\u0631 \u0627\u0644\u0627\u0641\u062a\u0631\u0627\u0636\u064a<\/td>\n<td class=\"et2\" style=\"width: 141.60pt;\" width=\"141\">24 \u0634\u0647\u0631\u064b\u0627<\/td>\n<\/tr>\n<tr style=\"height: 46.00pt;\">\n<td class=\"et2\" style=\"height: 46.00pt;\" height=\"46\">\u0645\u0632\u0627\u064a\u0627 \u0627\u0644\u0645\u0646\u062a\u062c<\/td>\n<td class=\"et3\" style=\"width: 206.65pt;\" width=\"206\">*\u062a\u062d\u0633\u064a\u0646 \u0645\u0633\u062a\u0648\u064a\u0627\u062a \u0627\u0644\u0637\u0627\u0642\u0629<br \/>*\u064a\u062d\u0633\u0646 \u0635\u062d\u0629 \u0627\u0644\u0642\u0644\u0628<br \/>*\u064a\u0639\u0632\u0632 \u062e\u0635\u0648\u0628\u0629 \u0627\u0644\u0630\u0643\u0648\u0631<\/td>\n<td class=\"et2\">\u0627\u0644\u0623\u0628\u0639\u0627\u062f (\u0633\u0645)<\/td>\n<td class=\"et3\" style=\"width: 141.60pt;\" width=\"141\">7 \u00d7 7 \u00d7 7 \u00d7 7 \u0633\u0645<br \/>7\u00d77\u00d77\u00d710 \u0633\u0645<br \/>7 \u00d7 7 \u00d7 12 \u0633\u0645<\/td>\n<\/tr>\n<tr style=\"height: 46.00pt;\">\n<td class=\"et2\" style=\"height: 46.00pt;\" height=\"46\">\u0634\u0643\u0644 \u0627\u0644\u062c\u0631\u0639\u0629<\/td>\n<td class=\"et4\">\u0631\u0627\u062a\u0646\u062c<\/td>\n<td class=\"et2\">\u0627\u0644\u0648\u0632\u0646 \u0627\u0644\u0635\u0627\u0641\u064a (\u0643\u062c\u0645)<\/td>\n<td class=\"et3\" style=\"width: 141.60pt;\" width=\"141\">0.05 \u0643\u062c\u0645<br \/>0.07 \u0643\u062c\u0645<br \/>0.1 \u0643\u062c\u0645<\/td>\n<\/tr>\n<tr style=\"height: 15.20pt;\">\n<td class=\"et2\" style=\"height: 15.20pt;\" height=\"15\">\u0627\u0644\u0644\u0648\u0646<\/td>\n<td class=\"et2\">\u0623\u0633\u0648\u062f<\/td>\n<td class=\"et2\">\u0627\u0644\u062a\u062e\u0635\u064a\u0635<\/td>\n<td class=\"et2\">\u0627\u0644\u0631\u0633\u0645\u060c \u0627\u0644\u0634\u0639\u0627\u0631\u060c \u0627\u0644\u062d\u0632\u0645\u0629<\/td>\n<\/tr>\n<tr style=\"height: 46.00pt;\">\n<td class=\"et2\" style=\"height: 46.00pt;\" height=\"46\">\u0645\u0648\u0627\u0635\u0641\u0627\u062a \u0627\u0644\u0645\u0646\u062a\u062c<\/td>\n<td class=\"et3\" style=\"width: 206.65pt;\" width=\"206\">30 \u0645\u0644 \/ \u0632\u062c\u0627\u062c\u0629 30 \u0645\u0644<br \/>50 \u0645\u0644 \/ \u0632\u062c\u0627\u062c\u0629 50 \u0645\u0644<br \/>80 \u0645\u0644 \/ \u0632\u062c\u0627\u062c\u0629 80 \u0645\u0644<\/td>\n<td class=\"et2\">\u0627\u0644\u0645\u062e\u0632\u0648\u0646<\/td>\n<td class=\"et2\">\u0645\u0635\u0646\u0648\u0639 \u062d\u0633\u0628 \u0627\u0644\u0637\u0644\u0628\u060c \u063a\u064a\u0631 \u0645\u062a\u0648\u0641\u0631 \u0641\u064a \u0627\u0644\u0645\u062e\u0632\u0648\u0646<\/td>\n<\/tr>\n<\/tbody>\n<\/table>","protected":false},"featured_media":1052,"comment_status":"closed","ping_status":"closed","template":"","meta":{"_acf_changed":false},"product_brand":[],"product_cat":[34,27,43],"product_tag":[],"class_list":{"0":"post-1051","1":"product","2":"type-product","3":"status-publish","4":"has-post-thumbnail","6":"product_cat-private-label-health-supplements","7":"product_cat-shilajit-bulk-supplements","8":"product_cat-shilajit-resin-supplement-wholesale","10":"first","11":"instock","12":"shipping-taxable","13":"product-type-simple"},"acf":[],"_links":{"self":[{"href":"https:\/\/www.comehealthgroup.com\/ar\/wp-json\/wp\/v2\/product\/1051","targetHints":{"allow":["GET"]}}],"collection":[{"href":"https:\/\/www.comehealthgroup.com\/ar\/wp-json\/wp\/v2\/product"}],"about":[{"href":"https:\/\/www.comehealthgroup.com\/ar\/wp-json\/wp\/v2\/types\/product"}],"replies":[{"embeddable":true,"href":"https:\/\/www.comehealthgroup.com\/ar\/wp-json\/wp\/v2\/comments?post=1051"}],"wp:featuredmedia":[{"embeddable":true,"href":"https:\/\/www.comehealthgroup.com\/ar\/wp-json\/wp\/v2\/media\/1052"}],"wp:attachment":[{"href":"https:\/\/www.comehealthgroup.com\/ar\/wp-json\/wp\/v2\/media?parent=1051"}],"wp:term":[{"taxonomy":"product_brand","embeddable":true,"href":"https:\/\/www.comehealthgroup.com\/ar\/wp-json\/wp\/v2\/product_brand?post=1051"},{"taxonomy":"product_cat","embeddable":true,"href":"https:\/\/www.comehealthgroup.com\/ar\/wp-json\/wp\/v2\/product_cat?post=1051"},{"taxonomy":"product_tag","embeddable":true,"href":"https:\/\/www.comehealthgroup.com\/ar\/wp-json\/wp\/v2\/product_tag?post=1051"}],"curies":[{"name":"\u062f\u0628\u0644\u064a\u0648 \u0628\u064a","href":"https:\/\/api.w.org\/{rel}","templated":true}]}}