{"id":1060,"date":"2024-12-17T09:28:12","date_gmt":"2024-12-17T09:28:12","guid":{"rendered":"https:\/\/www.comehealthgroup.com\/?post_type=product&#038;p=1060"},"modified":"2024-12-17T10:03:35","modified_gmt":"2024-12-17T10:03:35","slug":"bulk-liquid-vitamin-b-12","status":"publish","type":"product","link":"https:\/\/www.comehealthgroup.com\/de\/product\/bulk-liquid-vitamin-b-12\/","title":{"rendered":"Fl\u00fcssiges Vitamin B-12 als Bulkware, fl\u00fcssige Nahrungserg\u00e4nzungsmittel mit Eigenmarke"},"content":{"rendered":"<div class=\"wp-block-columns is-layout-flex wp-container-core-columns-is-layout-9d6595d7 wp-block-columns-is-layout-flex\">\n<div class=\"wp-block-column is-layout-flow wp-block-column-is-layout-flow\">\n<h2 class=\"wp-block-heading\">Features of Bulk Liquid Vitamin B-12<\/h2>\n\n\n\n<ul class=\"wp-block-list\">\n<li><strong>Prevent Brain Degeneration: <\/strong>This bulk liquid vitamin B-12 helps our brain stay healthy, and nervous system not degenerate, keeps cognitive functioning, improves memory and concentration, especially very great for the elderly.<\/li>\n\n\n\n<li><strong>Cardiovascular Disease Prevention:<\/strong> Our private label liquid supplements are rich in vitamin B-12 liquid formula that will help lower homocysteine \u200b\u200blevels, reduce the risk of cardiovascular disease, and support blood vessels and heart function.<\/li>\n\n\n\n<li><strong>Enhancing Physical Strength: <\/strong>Our bulk liquid vitamin b-12 helps to improve physical strength, increase energy output, and promote metabolism to help improve the energy and endurance levels of a person in daily activities.<\/li>\n\n\n\n<li><strong>Verbessert die Laune: <\/strong>Our private label liquid supplements have Vitamin B-12, which is highly significant to the nervous system and might help control mood, reduce stress and anxiety, improve mood, and maintain good mental health.<\/li>\n<\/ul>\n<\/div>\n\n\n\n<div class=\"wp-block-column is-layout-flow wp-block-column-is-layout-flow\">\n<figure class=\"wp-block-image size-full\"><img decoding=\"async\" width=\"477\" height=\"491\" src=\"https:\/\/www.comehealthgroup.com\/wp-content\/uploads\/2024\/12\/Bulk-Liquid-Vitamin-B-12-Private-Label-Liquid-Supplements-1.webp\" alt=\"Fl\u00fcssiges Bulk-Vitamin B-12, Fl\u00fcssige Nahrungserg\u00e4nzungsmittel mit Eigenmarke-1\" class=\"wp-image-1061\" srcset=\"https:\/\/www.comehealthgroup.com\/wp-content\/uploads\/2024\/12\/Bulk-Liquid-Vitamin-B-12-Private-Label-Liquid-Supplements-1.webp 477w, https:\/\/www.comehealthgroup.com\/wp-content\/uploads\/2024\/12\/Bulk-Liquid-Vitamin-B-12-Private-Label-Liquid-Supplements-1-291x300.webp 291w\" sizes=\"(max-width: 477px) 100vw, 477px\" \/><\/figure>\n<\/div>\n<\/div>\n\n\n\n<p><\/p>","protected":false},"excerpt":{"rendered":"<p>Our private label bulk liquid vitamin b-12 supplement is specially prepared to maintain brain health, prevent cardiovascular disease, improve physical strength, and strengthen mood. Its liquid formulation easily gets absorbed into the body in no time for the maintenance of normal brain and nervous system functioning and improvement of general health.<\/p>\n<table style=\"border-collapse: collapse; width: 328.02pt;\" border=\"0\" width=\"328\" cellspacing=\"0\" cellpadding=\"0\">\n<tbody>\n<tr style=\"height: 15.20pt;\">\n<td class=\"et2\" style=\"height: 15.20pt; width: 101.70pt;\" width=\"101\" height=\"15\">Markenname<\/td>\n<td class=\"et2\" style=\"width: 226.65pt;\" width=\"226\">Come Health\/ White Label<\/td>\n<\/tr>\n<tr style=\"height: 61.00pt;\">\n<td class=\"et2\" style=\"height: 61.00pt;\" height=\"61\">Produktvorteile<\/td>\n<td class=\"et3\" style=\"width: 226.65pt;\" width=\"226\">*Vorbeugung von Gehirndegeneration<br \/>*Pr\u00e4vention von Herz-Kreislauf-Erkrankungen<br \/>*verbessert die k\u00f6rperliche Kraft<br \/>*Verbessert die Stimmung<\/td>\n<\/tr>\n<tr style=\"height: 15.20pt;\">\n<td class=\"et2\" style=\"height: 15.20pt;\" height=\"15\">Dosierungsform<\/td>\n<td class=\"et2\">Fl\u00fcssigkeitstropfen<\/td>\n<\/tr>\n<tr style=\"height: 15.20pt;\">\n<td class=\"et2\" style=\"height: 15.20pt;\" height=\"15\">Farbe<\/td>\n<td class=\"et2\">Transparent<\/td>\n<\/tr>\n<tr style=\"height: 16.00pt;\">\n<td class=\"et2\" style=\"height: 16.00pt;\" height=\"16\">Produkt-Spezifikation<\/td>\n<td class=\"et3\" style=\"width: 226.65pt;\" width=\"226\">30ml\/Flasche<\/td>\n<\/tr>\n<tr style=\"height: 15.20pt;\">\n<td class=\"et2\" style=\"height: 15.20pt;\" height=\"15\">Haltbarkeitsdauer<\/td>\n<td class=\"et2\">24 Monate<\/td>\n<\/tr>\n<tr style=\"height: 16.00pt;\">\n<td class=\"et2\" style=\"height: 16.00pt;\" height=\"16\">Abmessungen (cm)<\/td>\n<td class=\"et3\" style=\"width: 226.65pt;\" width=\"226\">5*5*13cm<\/td>\n<\/tr>\n<tr style=\"height: 16.00pt;\">\n<td class=\"et2\" style=\"height: 16.00pt;\" height=\"16\">Nettogewicht(kg)<\/td>\n<td class=\"et3\" style=\"width: 226.65pt;\" width=\"226\">0,1kg<\/td>\n<\/tr>\n<tr style=\"height: 15.20pt;\">\n<td class=\"et2\" style=\"height: 15.20pt;\" height=\"15\">Personalisierung<\/td>\n<td class=\"et2\">Grafik, Logo, Verpackung<\/td>\n<\/tr>\n<tr style=\"height: 15.20pt;\">\n<td class=\"et2\" style=\"height: 15.20pt;\" height=\"15\">Bestandsaufnahme<\/td>\n<td class=\"et2\">Sonderanfertigung, Nicht auf Lager<\/td>\n<\/tr>\n<\/tbody>\n<\/table>","protected":false},"featured_media":1061,"comment_status":"closed","ping_status":"closed","template":"","meta":{"_acf_changed":false},"product_brand":[],"product_cat":[34,47,41],"product_tag":[],"class_list":{"0":"post-1060","1":"product","2":"type-product","3":"status-publish","4":"has-post-thumbnail","6":"product_cat-private-label-health-supplements","7":"product_cat-liquid-supplements-wholesale","8":"product_cat-bulk-vitamins-and-minerals-supplements","10":"first","11":"instock","12":"shipping-taxable","13":"product-type-simple"},"acf":[],"_links":{"self":[{"href":"https:\/\/www.comehealthgroup.com\/de\/wp-json\/wp\/v2\/product\/1060","targetHints":{"allow":["GET"]}}],"collection":[{"href":"https:\/\/www.comehealthgroup.com\/de\/wp-json\/wp\/v2\/product"}],"about":[{"href":"https:\/\/www.comehealthgroup.com\/de\/wp-json\/wp\/v2\/types\/product"}],"replies":[{"embeddable":true,"href":"https:\/\/www.comehealthgroup.com\/de\/wp-json\/wp\/v2\/comments?post=1060"}],"wp:featuredmedia":[{"embeddable":true,"href":"https:\/\/www.comehealthgroup.com\/de\/wp-json\/wp\/v2\/media\/1061"}],"wp:attachment":[{"href":"https:\/\/www.comehealthgroup.com\/de\/wp-json\/wp\/v2\/media?parent=1060"}],"wp:term":[{"taxonomy":"product_brand","embeddable":true,"href":"https:\/\/www.comehealthgroup.com\/de\/wp-json\/wp\/v2\/product_brand?post=1060"},{"taxonomy":"product_cat","embeddable":true,"href":"https:\/\/www.comehealthgroup.com\/de\/wp-json\/wp\/v2\/product_cat?post=1060"},{"taxonomy":"product_tag","embeddable":true,"href":"https:\/\/www.comehealthgroup.com\/de\/wp-json\/wp\/v2\/product_tag?post=1060"}],"curies":[{"name":"wp","href":"https:\/\/api.w.org\/{rel}","templated":true}]}}