{"id":1071,"date":"2024-12-17T10:09:54","date_gmt":"2024-12-17T10:09:54","guid":{"rendered":"https:\/\/www.comehealthgroup.com\/?post_type=product&#038;p=1071"},"modified":"2024-12-18T02:15:06","modified_gmt":"2024-12-18T02:15:06","slug":"omega-3-fish-oil-supplement-wholesale","status":"publish","type":"product","link":"https:\/\/www.comehealthgroup.com\/de\/product\/omega-3-fish-oil-supplement-wholesale\/","title":{"rendered":"Omega 3 Fisch\u00f6l Erg\u00e4nzung Gro\u00dfhandel, Private Label Softgels"},"content":{"rendered":"<div class=\"wp-block-columns is-layout-flex wp-container-core-columns-is-layout-9d6595d7 wp-block-columns-is-layout-flex\">\n<div class=\"wp-block-column is-layout-flow wp-block-column-is-layout-flow\">\n<h2 class=\"wp-block-heading\">Eigenschaften von Omega 3 Fisch\u00f6l Erg\u00e4nzung Gro\u00dfhandel<\/h2>\n\n\n\n<ul class=\"wp-block-list\">\n<li><strong>F\u00f6rdert das Ged\u00e4chtnis und die Konzentration:<\/strong> Die Omega-3-Fisch\u00f6lerg\u00e4nzung im Gro\u00dfhandel hilft, die Gehirnfunktion zu verbessern, Ged\u00e4chtnis und Konzentration zu steigern und die kognitive Gesundheit zu unterst\u00fctzen, insbesondere bei Studenten, Berufst\u00e4tigen und \u00e4lteren Menschen.<\/li>\n\n\n\n<li><strong>St\u00e4rkt die Immunit\u00e4t: <\/strong>Omega-3 hat eine sehr starke entz\u00fcndungshemmende Wirkung, die das Immunsystem st\u00e4rken kann. Unsere gro\u00dfe Fisch\u00f6lkapsel hilft dem K\u00f6rper, besser mit verschiedenen Arten von externen Keimen und Stress umzugehen und h\u00e4lt eine gesunde Reaktion gegen alle Arten von Krankheiten aufrecht.<\/li>\n\n\n\n<li><strong>Reguliert die Blutfettwerte: <\/strong>Diese Omega-3-Fisch\u00f6l-Erg\u00e4nzung im Gro\u00dfhandel in weicher Gelform reguliert die Blutfette, senkt den Anteil des schlechten Cholesterins, des so genannten LDL, im Blut und h\u00e4lt das Herz-Kreislauf-System gesund, um das Risiko von Herz-Kreislauf-Erkrankungen zu senken.<\/li>\n\n\n\n<li><strong>Hohe Qualit\u00e4t und leicht zu nehmen: <\/strong>F\u00fcr unsere Fisch\u00f6lkapseln wird ein hochwertiger Fisch\u00f6lextrakt verwendet, der einen strengen Reinigungsprozess durchlaufen hat, um sicherzustellen, dass er frei von Verunreinigungen und reich an EPA und DHA ist. Die weiche Gelform ist leicht zu tragen und zu nehmen.<\/li>\n<\/ul>\n<\/div>\n\n\n\n<div class=\"wp-block-column is-layout-flow wp-block-column-is-layout-flow\">\n<figure class=\"wp-block-image size-full\"><img decoding=\"async\" width=\"800\" height=\"800\" src=\"https:\/\/www.comehealthgroup.com\/wp-content\/uploads\/2024\/12\/Omega-3-Fish-Oil-Supplement-Wholesale-Private-Label-Softgels-1.webp\" alt=\"Omega 3 Fisch\u00f6l Erg\u00e4nzung Gro\u00dfhandel, Private Label Softgels-1\" class=\"wp-image-1072\" srcset=\"https:\/\/www.comehealthgroup.com\/wp-content\/uploads\/2024\/12\/Omega-3-Fish-Oil-Supplement-Wholesale-Private-Label-Softgels-1.webp 800w, https:\/\/www.comehealthgroup.com\/wp-content\/uploads\/2024\/12\/Omega-3-Fish-Oil-Supplement-Wholesale-Private-Label-Softgels-1-300x300.webp 300w, https:\/\/www.comehealthgroup.com\/wp-content\/uploads\/2024\/12\/Omega-3-Fish-Oil-Supplement-Wholesale-Private-Label-Softgels-1-150x150.webp 150w, https:\/\/www.comehealthgroup.com\/wp-content\/uploads\/2024\/12\/Omega-3-Fish-Oil-Supplement-Wholesale-Private-Label-Softgels-1-768x768.webp 768w, https:\/\/www.comehealthgroup.com\/wp-content\/uploads\/2024\/12\/Omega-3-Fish-Oil-Supplement-Wholesale-Private-Label-Softgels-1-600x600.webp 600w, https:\/\/www.comehealthgroup.com\/wp-content\/uploads\/2024\/12\/Omega-3-Fish-Oil-Supplement-Wholesale-Private-Label-Softgels-1-100x100.webp 100w\" sizes=\"(max-width: 800px) 100vw, 800px\" \/><\/figure>\n<\/div>\n<\/div>\n\n\n\n<p><\/p>","protected":false},"excerpt":{"rendered":"<p>Unser Omega-3-Fisch\u00f6l-Supplement f\u00fcr den Gro\u00dfhandel bietet mehrere gesundheitliche Vorteile f\u00fcr Ged\u00e4chtnis und Konzentration, die Funktion des Immunsystems, die Regulierung der Blutfette und die kardiovaskul\u00e4re Gesundheit. Die hoch gereinigten Fisch\u00f6l Inhaltsstoffe in diesem Produkt sind leicht absorbiert und geeignet f\u00fcr die t\u00e4gliche Supplementierung. Ob es um die kognitive Funktion, die Immunit\u00e4t oder die Herzgesundheit geht, diese Fisch\u00f6lerg\u00e4nzung bietet eine umfassende Gesundheitsunterst\u00fctzung.<\/p>\n<table style=\"border-collapse: collapse; width: 534.02pt;\" border=\"0\" width=\"534\" cellspacing=\"0\" cellpadding=\"0\">\n<tbody>\n<tr style=\"height: 15.20pt;\">\n<td class=\"et2\" style=\"height: 15.20pt; width: 101.70pt;\" width=\"101\" height=\"15\">Markenname<\/td>\n<td class=\"et2\" style=\"width: 206.65pt;\" width=\"206\">Come Health\/ White Label<\/td>\n<td class=\"et2\" style=\"width: 84.80pt;\" width=\"84\">Haltbarkeitsdauer<\/td>\n<td class=\"et2\" style=\"width: 141.60pt;\" width=\"141\">24 Monate<\/td>\n<\/tr>\n<tr style=\"height: 76.00pt;\">\n<td class=\"et2\" style=\"height: 76.00pt;\" height=\"76\">Produktvorteile<\/td>\n<td class=\"et3\" style=\"width: 206.65pt;\" width=\"206\">*F\u00f6rdert Ged\u00e4chtnis und Konzentration<br \/>*St\u00e4rkt das Immunsystem<br \/>*reguliert die Blutfette<\/td>\n<td class=\"et2\">Abmessungen (cm)<\/td>\n<td class=\"et3\" style=\"width: 141.60pt;\" width=\"141\">8*8*15cm<br \/>10*10*15cm<br \/>10*10*18cm<\/td>\n<\/tr>\n<tr style=\"height: 46.00pt;\">\n<td class=\"et2\" style=\"height: 46.00pt;\" height=\"46\">Dosierungsform<\/td>\n<td class=\"et4\">2,5c Weichkapsel<\/td>\n<td class=\"et2\">Nettogewicht(kg)<\/td>\n<td class=\"et3\" style=\"width: 141.60pt;\" width=\"141\">0,26 kg<br \/>0,3kg<br \/>0.48kg<\/td>\n<\/tr>\n<tr style=\"height: 15.20pt;\">\n<td class=\"et2\" style=\"height: 15.20pt;\" height=\"15\">Farbe<\/td>\n<td class=\"et2\">Transparent<\/td>\n<td class=\"et2\">Personalisierung<\/td>\n<td class=\"et2\">Grafik, Logo, Verpackung<\/td>\n<\/tr>\n<tr style=\"height: 46.00pt;\">\n<td class=\"et2\" style=\"height: 46.00pt;\" height=\"46\">Produkt-Spezifikation<\/td>\n<td class=\"et3\" style=\"width: 206.65pt;\" width=\"206\">90 St\u00fcck\/Flasche<br \/>120 St\u00fcck\/Flasche<br \/>180 St\u00fcck\/Flasche<\/td>\n<td class=\"et2\">Bestandsaufnahme<\/td>\n<td class=\"et2\">Sonderanfertigung, Nicht auf Lager<\/td>\n<\/tr>\n<\/tbody>\n<\/table>","protected":false},"featured_media":1074,"comment_status":"closed","ping_status":"closed","template":"","meta":{"_acf_changed":false},"product_brand":[],"product_cat":[34,46,32,49],"product_tag":[],"class_list":{"0":"post-1071","1":"product","2":"type-product","3":"status-publish","4":"has-post-thumbnail","6":"product_cat-private-label-health-supplements","7":"product_cat-softgel-supplements-wholesale","8":"product_cat-private-label-immune-supplements","9":"product_cat-nutritional-supplement-wholesale","11":"first","12":"instock","13":"shipping-taxable","14":"product-type-simple"},"acf":[],"_links":{"self":[{"href":"https:\/\/www.comehealthgroup.com\/de\/wp-json\/wp\/v2\/product\/1071","targetHints":{"allow":["GET"]}}],"collection":[{"href":"https:\/\/www.comehealthgroup.com\/de\/wp-json\/wp\/v2\/product"}],"about":[{"href":"https:\/\/www.comehealthgroup.com\/de\/wp-json\/wp\/v2\/types\/product"}],"replies":[{"embeddable":true,"href":"https:\/\/www.comehealthgroup.com\/de\/wp-json\/wp\/v2\/comments?post=1071"}],"wp:featuredmedia":[{"embeddable":true,"href":"https:\/\/www.comehealthgroup.com\/de\/wp-json\/wp\/v2\/media\/1074"}],"wp:attachment":[{"href":"https:\/\/www.comehealthgroup.com\/de\/wp-json\/wp\/v2\/media?parent=1071"}],"wp:term":[{"taxonomy":"product_brand","embeddable":true,"href":"https:\/\/www.comehealthgroup.com\/de\/wp-json\/wp\/v2\/product_brand?post=1071"},{"taxonomy":"product_cat","embeddable":true,"href":"https:\/\/www.comehealthgroup.com\/de\/wp-json\/wp\/v2\/product_cat?post=1071"},{"taxonomy":"product_tag","embeddable":true,"href":"https:\/\/www.comehealthgroup.com\/de\/wp-json\/wp\/v2\/product_tag?post=1071"}],"curies":[{"name":"wp","href":"https:\/\/api.w.org\/{rel}","templated":true}]}}