{"id":1075,"date":"2024-12-18T01:31:02","date_gmt":"2024-12-18T01:31:02","guid":{"rendered":"https:\/\/www.comehealthgroup.com\/?post_type=product&#038;p=1075"},"modified":"2024-12-18T02:18:19","modified_gmt":"2024-12-18T02:18:19","slug":"bulk-hydrolyzed-whey-protein","status":"publish","type":"product","link":"https:\/\/www.comehealthgroup.com\/de\/product\/bulk-hydrolyzed-whey-protein\/","title":{"rendered":"Private Label Bulk Hydrolyzed Whey Protein Powder Gro\u00dfhandel"},"content":{"rendered":"<div class=\"wp-block-columns is-layout-flex wp-container-core-columns-is-layout-9d6595d7 wp-block-columns-is-layout-flex\">\n<div class=\"wp-block-column is-layout-flow wp-block-column-is-layout-flow\">\n<h2 class=\"wp-block-heading\">Eigenschaften von Bulk Hydrolyzed Whey Protein Powder<\/h2>\n\n\n\n<ul class=\"wp-block-list\">\n<li><strong>Erh\u00f6hung der Muskelmasse: <\/strong>Dieses hydrolysierte Molkenproteinpulver ist vollgepackt mit hochwertigem Protein, das Ihrem K\u00f6rper helfen kann, Muskeln und magere K\u00f6rpermasse aufzubauen und allgemein die Ergebnisse von Fitness und Training zu verbessern.<\/li>\n\n\n\n<li><strong>Beschleunigen Sie die Fettverbrennung: <\/strong>Hydrolysiertes Molkenproteinpulver im Gro\u00dfhandel kann den Stoffwechsel verbessern, die Fettverbrennung beschleunigen, K\u00f6rperfett abbauen und gleichzeitig die Muskelmasse erhalten und Ihnen helfen, eine gesunde Figur zu behalten.<\/li>\n\n\n\n<li><strong>Verbessert die Erholung und verringert die M\u00fcdigkeit: <\/strong>Dieses hydrolysierte Molkenproteinpulver in gro\u00dfen Mengen f\u00f6rdert schnell die Muskelreparatur und beseitigt jegliche trainingsbedingte M\u00fcdigkeit. Auf diese Weise tr\u00e4gt es dazu bei, den Erholungsprozess Ihres K\u00f6rpers zu beschleunigen, damit Sie bei Ihrer n\u00e4chsten Trainingseinheit umso energiegeladener sein k\u00f6nnen.<\/li>\n\n\n\n<li><strong>Verhinderung des Muskelabbaus: <\/strong>Dieses Eiwei\u00dfpulver im Gro\u00dfhandel ist reich an Aminos\u00e4uren, insbesondere BCAAs, die helfen k\u00f6nnen, den Muskelabbau wirksam zu reduzieren. Es wird auch helfen, Ihre Muskeln vor \u00dcbertraining oder Unterern\u00e4hrung zu sch\u00fctzen, um eine gute Gesundheit w\u00e4hrend des Wachstums der Muskeln zu erhalten.<\/li>\n<\/ul>\n<\/div>\n\n\n\n<div class=\"wp-block-column is-layout-flow wp-block-column-is-layout-flow\">\n<figure class=\"wp-block-image size-full\"><img decoding=\"async\" width=\"960\" height=\"960\" src=\"https:\/\/www.comehealthgroup.com\/wp-content\/uploads\/2024\/12\/Private-Label-Bulk-Hydrolyzed-Whey-Protein-Powder-Wholesale-3.webp\" alt=\"Private Label Bulk Hydrolyzed Whey Protein Pulver Gro\u00dfhandel-3\" class=\"wp-image-1078\" srcset=\"https:\/\/www.comehealthgroup.com\/wp-content\/uploads\/2024\/12\/Private-Label-Bulk-Hydrolyzed-Whey-Protein-Powder-Wholesale-3.webp 960w, https:\/\/www.comehealthgroup.com\/wp-content\/uploads\/2024\/12\/Private-Label-Bulk-Hydrolyzed-Whey-Protein-Powder-Wholesale-3-300x300.webp 300w, https:\/\/www.comehealthgroup.com\/wp-content\/uploads\/2024\/12\/Private-Label-Bulk-Hydrolyzed-Whey-Protein-Powder-Wholesale-3-150x150.webp 150w, https:\/\/www.comehealthgroup.com\/wp-content\/uploads\/2024\/12\/Private-Label-Bulk-Hydrolyzed-Whey-Protein-Powder-Wholesale-3-768x768.webp 768w, https:\/\/www.comehealthgroup.com\/wp-content\/uploads\/2024\/12\/Private-Label-Bulk-Hydrolyzed-Whey-Protein-Powder-Wholesale-3-600x600.webp 600w, https:\/\/www.comehealthgroup.com\/wp-content\/uploads\/2024\/12\/Private-Label-Bulk-Hydrolyzed-Whey-Protein-Powder-Wholesale-3-100x100.webp 100w\" sizes=\"(max-width: 960px) 100vw, 960px\" \/><\/figure>\n<\/div>\n<\/div>\n\n\n\n<p><\/p>","protected":false},"excerpt":{"rendered":"<p>Dieses Private Label Bulk Hydrolyzed Whey Protein Powder Wholesale erh\u00f6ht die Menge an Muskelmasse und beschleunigt die Fettverbrennung, verbessert die Erholung vom Training und vermindert das Gef\u00fchl der M\u00fcdigkeit sehr effektiv. Also, durch die Verhinderung von Muskelabbau und die Stimulierung der Muskelreparatur, werden Sie eine verbesserte Gewinne aus Ihrem Training zu realisieren.\u00a0<\/p>\n<table style=\"border-collapse: collapse; width: 534.02pt;\" border=\"0\" width=\"534\" cellspacing=\"0\" cellpadding=\"0\">\n<tbody>\n<tr style=\"height: 15.20pt;\">\n<td class=\"et2\" style=\"height: 15.20pt; width: 101.70pt;\" width=\"101\" height=\"15\">Markenname<\/td>\n<td class=\"et2\" style=\"width: 206.65pt;\" width=\"206\">Come Health\/ White Label<\/td>\n<td class=\"et2\" style=\"width: 84.80pt;\" width=\"84\">Haltbarkeitsdauer<\/td>\n<td class=\"et2\" style=\"width: 141.60pt;\" width=\"141\">24 Monate<\/td>\n<\/tr>\n<tr style=\"height: 61.00pt;\">\n<td class=\"et2\" style=\"height: 61.00pt;\" height=\"61\">Produktvorteile<\/td>\n<td class=\"et3\" style=\"width: 206.65pt;\" width=\"206\">*Verst\u00e4rkt die Muskelmasse<br \/>*Beschleunigt den Fettabbau<br \/>*Verbessert die Erholung und verringert die M\u00fcdigkeit<br \/>*Verhindert den Muskelabbau<\/td>\n<td class=\"et2\">Abmessungen (cm)<\/td>\n<td class=\"et3\" style=\"width: 141.60pt;\" width=\"141\">15*15*23cm<br \/>20*20*28cm<br \/>25*25*32cm<\/td>\n<\/tr>\n<tr style=\"height: 46.00pt;\">\n<td class=\"et2\" style=\"height: 46.00pt;\" height=\"46\">Dosierungsform<\/td>\n<td class=\"et4\">Pulver<\/td>\n<td class=\"et2\">Nettogewicht(kg)<\/td>\n<td class=\"et3\" style=\"width: 141.60pt;\" width=\"141\">0,6 kg<br \/>1,1 kg<br \/>1,7 kg<\/td>\n<\/tr>\n<tr style=\"height: 15.20pt;\">\n<td class=\"et2\" style=\"height: 15.20pt;\" height=\"15\">Farbe<\/td>\n<td class=\"et2\">wollwei\u00df<\/td>\n<td class=\"et2\">Personalisierung<\/td>\n<td class=\"et2\">Grafik, Logo, Verpackung<\/td>\n<\/tr>\n<tr style=\"height: 46.00pt;\">\n<td class=\"et2\" style=\"height: 46.00pt;\" height=\"46\">Produkt-Spezifikation<\/td>\n<td class=\"et3\" style=\"width: 206.65pt;\" width=\"206\">1 lb \/Flasche<br \/>2 lb \/Flasche<br \/>2,5 lb\/Flasche<\/td>\n<td class=\"et2\">Bestandsaufnahme<\/td>\n<td class=\"et2\">Sonderanfertigung, Nicht auf Lager<\/td>\n<\/tr>\n<\/tbody>\n<\/table>","protected":false},"featured_media":1077,"comment_status":"closed","ping_status":"closed","template":"","meta":{"_acf_changed":false},"product_brand":[],"product_cat":[29,45,49],"product_tag":[],"class_list":{"0":"post-1075","1":"product","2":"type-product","3":"status-publish","4":"has-post-thumbnail","6":"product_cat-sports-supplements-wholesale","7":"product_cat-bulk-powder-supplements","8":"product_cat-nutritional-supplement-wholesale","10":"first","11":"instock","12":"shipping-taxable","13":"product-type-simple"},"acf":[],"_links":{"self":[{"href":"https:\/\/www.comehealthgroup.com\/de\/wp-json\/wp\/v2\/product\/1075","targetHints":{"allow":["GET"]}}],"collection":[{"href":"https:\/\/www.comehealthgroup.com\/de\/wp-json\/wp\/v2\/product"}],"about":[{"href":"https:\/\/www.comehealthgroup.com\/de\/wp-json\/wp\/v2\/types\/product"}],"replies":[{"embeddable":true,"href":"https:\/\/www.comehealthgroup.com\/de\/wp-json\/wp\/v2\/comments?post=1075"}],"wp:featuredmedia":[{"embeddable":true,"href":"https:\/\/www.comehealthgroup.com\/de\/wp-json\/wp\/v2\/media\/1077"}],"wp:attachment":[{"href":"https:\/\/www.comehealthgroup.com\/de\/wp-json\/wp\/v2\/media?parent=1075"}],"wp:term":[{"taxonomy":"product_brand","embeddable":true,"href":"https:\/\/www.comehealthgroup.com\/de\/wp-json\/wp\/v2\/product_brand?post=1075"},{"taxonomy":"product_cat","embeddable":true,"href":"https:\/\/www.comehealthgroup.com\/de\/wp-json\/wp\/v2\/product_cat?post=1075"},{"taxonomy":"product_tag","embeddable":true,"href":"https:\/\/www.comehealthgroup.com\/de\/wp-json\/wp\/v2\/product_tag?post=1075"}],"curies":[{"name":"wp","href":"https:\/\/api.w.org\/{rel}","templated":true}]}}