{"id":1082,"date":"2024-12-18T02:18:35","date_gmt":"2024-12-18T02:18:35","guid":{"rendered":"https:\/\/www.comehealthgroup.com\/?post_type=product&#038;p=1082"},"modified":"2024-12-18T03:03:54","modified_gmt":"2024-12-18T03:03:54","slug":"whey-protein-powder-bulk","status":"publish","type":"product","link":"https:\/\/www.comehealthgroup.com\/de\/product\/whey-protein-powder-bulk\/","title":{"rendered":"Hydrolysiertes Molkenprotein-Pulver als Bulkware, Private Label Pulvererg\u00e4nzungen"},"content":{"rendered":"<div class=\"wp-block-columns is-layout-flex wp-container-core-columns-is-layout-9d6595d7 wp-block-columns-is-layout-flex\">\n<div class=\"wp-block-column is-layout-flow wp-block-column-is-layout-flow\">\n<h2 class=\"wp-block-heading\">Eigenschaften von Whey Protein Pulver Bulk<\/h2>\n\n\n\n<ul class=\"wp-block-list\">\n<li><strong>F\u00f6rdert effizient das Muskelwachstum:<\/strong> In diesem Molkenproteinpulver wird eine fortschrittliche Hydrolyse-Technologie eingesetzt, um die Eiwei\u00dfmolek\u00fcle zu verkleinern und ihre Absorption zu erleichtern. Es kann schnell liefern Aminos\u00e4uren, helfen Muskelerholung und Wachstum, und verbessern Trainingseffekte.<\/li>\n\n\n\n<li><strong>Verbessert den Fettstoffwechsel: <\/strong>Dieses Eigenmarken-Eiwei\u00dfpulver hilft bei der Fettverbrennung und beschleunigt den Fettstoffwechsel, um eine straffere, ges\u00fcndere K\u00f6rperform zu erreichen - geeignet f\u00fcr alle, die Fett abbauen und Muskelmasse aufbauen wollen.<\/li>\n\n\n\n<li><strong>Beschleunigt die Erholung und verringert die M\u00fcdigkeit: <\/strong>Nehmen Sie nach dem Training dieses WHEY-Proteinpulver in gro\u00dfen Mengen zu sich, um die Muskeln zu reparieren, die Erm\u00fcdung durch das Training zu verringern, Ihrem K\u00f6rper zu helfen, sich schneller zu erholen und eine effiziente Trainingsfrequenz aufrechtzuerhalten.<\/li>\n\n\n\n<li><strong>Verhinderung des Muskelabbaus: <\/strong>Dieses Private-Label-Proteinpulver ist reich an verzweigtkettigen Aminos\u00e4uren (BCAAs), die aufgenommen werden k\u00f6nnen, um den Muskelabbau zu verhindern und Ihre Muskeln w\u00e4hrend des Trainings gesund zu halten und das weitere Muskelwachstum zu f\u00f6rdern.<\/li>\n<\/ul>\n<\/div>\n\n\n\n<div class=\"wp-block-column is-layout-flow wp-block-column-is-layout-flow\">\n<figure class=\"wp-block-image size-full\"><img decoding=\"async\" width=\"600\" height=\"600\" src=\"https:\/\/www.comehealthgroup.com\/wp-content\/uploads\/2024\/12\/Hydrolyzed-Whey-Protein-Powder-Bulk-Private-Label-Powder-Supplements-2.webp\" alt=\"Hydrolysiertes Molkenprotein-Pulver als Bulkware, Private Label Powder Supplements-2\" class=\"wp-image-1100\" srcset=\"https:\/\/www.comehealthgroup.com\/wp-content\/uploads\/2024\/12\/Hydrolyzed-Whey-Protein-Powder-Bulk-Private-Label-Powder-Supplements-2.webp 600w, https:\/\/www.comehealthgroup.com\/wp-content\/uploads\/2024\/12\/Hydrolyzed-Whey-Protein-Powder-Bulk-Private-Label-Powder-Supplements-2-300x300.webp 300w, https:\/\/www.comehealthgroup.com\/wp-content\/uploads\/2024\/12\/Hydrolyzed-Whey-Protein-Powder-Bulk-Private-Label-Powder-Supplements-2-150x150.webp 150w, https:\/\/www.comehealthgroup.com\/wp-content\/uploads\/2024\/12\/Hydrolyzed-Whey-Protein-Powder-Bulk-Private-Label-Powder-Supplements-2-100x100.webp 100w\" sizes=\"(max-width: 600px) 100vw, 600px\" \/><\/figure>\n<\/div>\n<\/div>\n\n\n\n<p><\/p>","protected":false},"excerpt":{"rendered":"<p>Dieses Molkenproteinpulver der Eigenmarke Bulk hat die Funktionen der schnellen Absorption, der F\u00f6rderung des Muskelwachstums und der Beschleunigung der Fettverbrennung und eignet sich f\u00fcr jeden Fitness-Enthusiasten, der die Muskelerholung verbessern und die Trainingsm\u00fcdigkeit reduzieren muss. Ob in den Prozess der Muskelaufbau oder Fettabbau, ist es eine ideale Erg\u00e4nzung Protein Wahl.<\/p>\n<table style=\"border-collapse: collapse; width: 534.02pt;\" border=\"0\" width=\"534\" cellspacing=\"0\" cellpadding=\"0\">\n<tbody>\n<tr style=\"height: 15.20pt;\">\n<td class=\"et2\" style=\"height: 15.20pt; width: 101.70pt;\" width=\"101\" height=\"15\">Markenname<\/td>\n<td class=\"et2\" style=\"width: 206.65pt;\" width=\"206\">Come Health\/ White Label<\/td>\n<td class=\"et2\" style=\"width: 84.80pt;\" width=\"84\">Haltbarkeitsdauer<\/td>\n<td class=\"et2\" style=\"width: 141.60pt;\" width=\"141\">24 Monate<\/td>\n<\/tr>\n<tr style=\"height: 61.00pt;\">\n<td class=\"et2\" style=\"height: 61.00pt;\" height=\"61\">Produktvorteile<\/td>\n<td class=\"et3\" style=\"width: 206.65pt;\" width=\"206\">*Verst\u00e4rkt die Muskelmasse<br \/>*Beschleunigt den Fettabbau<br \/>*Verbessert die Erholung und verringert die M\u00fcdigkeit<br \/>*Verhindert den Muskelabbau<\/td>\n<td class=\"et2\">Abmessungen (cm)<\/td>\n<td class=\"et3\" style=\"width: 141.60pt;\" width=\"141\">15*15*23cm<br \/>20*20*28cm<br \/>25*25*32cm<\/td>\n<\/tr>\n<tr style=\"height: 46.00pt;\">\n<td class=\"et2\" style=\"height: 46.00pt;\" height=\"46\">Dosierungsform<\/td>\n<td class=\"et4\">Pulver<\/td>\n<td class=\"et2\">Nettogewicht(kg)<\/td>\n<td class=\"et3\" style=\"width: 141.60pt;\" width=\"141\">0,6 kg<br \/>1,1 kg<br \/>1,7 kg<\/td>\n<\/tr>\n<tr style=\"height: 15.20pt;\">\n<td class=\"et2\" style=\"height: 15.20pt;\" height=\"15\">Farbe<\/td>\n<td class=\"et2\">wollwei\u00df<\/td>\n<td class=\"et2\">Personalisierung<\/td>\n<td class=\"et2\">Grafik, Logo, Verpackung<\/td>\n<\/tr>\n<tr style=\"height: 46.00pt;\">\n<td class=\"et2\" style=\"height: 46.00pt;\" height=\"46\">Produkt-Spezifikation<\/td>\n<td class=\"et3\" style=\"width: 206.65pt;\" width=\"206\">1 lb \/Flasche<br \/>2 lb \/Flasche<br \/>2,5 lb\/Flasche<\/td>\n<td class=\"et2\">Bestandsaufnahme<\/td>\n<td class=\"et2\">Sonderanfertigung, Nicht auf Lager<\/td>\n<\/tr>\n<\/tbody>\n<\/table>","protected":false},"featured_media":1102,"comment_status":"closed","ping_status":"closed","template":"","meta":{"_acf_changed":false},"product_brand":[],"product_cat":[29,45,49],"product_tag":[],"class_list":{"0":"post-1082","1":"product","2":"type-product","3":"status-publish","4":"has-post-thumbnail","6":"product_cat-sports-supplements-wholesale","7":"product_cat-bulk-powder-supplements","8":"product_cat-nutritional-supplement-wholesale","10":"first","11":"instock","12":"shipping-taxable","13":"product-type-simple"},"acf":[],"_links":{"self":[{"href":"https:\/\/www.comehealthgroup.com\/de\/wp-json\/wp\/v2\/product\/1082","targetHints":{"allow":["GET"]}}],"collection":[{"href":"https:\/\/www.comehealthgroup.com\/de\/wp-json\/wp\/v2\/product"}],"about":[{"href":"https:\/\/www.comehealthgroup.com\/de\/wp-json\/wp\/v2\/types\/product"}],"replies":[{"embeddable":true,"href":"https:\/\/www.comehealthgroup.com\/de\/wp-json\/wp\/v2\/comments?post=1082"}],"wp:featuredmedia":[{"embeddable":true,"href":"https:\/\/www.comehealthgroup.com\/de\/wp-json\/wp\/v2\/media\/1102"}],"wp:attachment":[{"href":"https:\/\/www.comehealthgroup.com\/de\/wp-json\/wp\/v2\/media?parent=1082"}],"wp:term":[{"taxonomy":"product_brand","embeddable":true,"href":"https:\/\/www.comehealthgroup.com\/de\/wp-json\/wp\/v2\/product_brand?post=1082"},{"taxonomy":"product_cat","embeddable":true,"href":"https:\/\/www.comehealthgroup.com\/de\/wp-json\/wp\/v2\/product_cat?post=1082"},{"taxonomy":"product_tag","embeddable":true,"href":"https:\/\/www.comehealthgroup.com\/de\/wp-json\/wp\/v2\/product_tag?post=1082"}],"curies":[{"name":"wp","href":"https:\/\/api.w.org\/{rel}","templated":true}]}}