{"id":1151,"date":"2024-12-18T07:19:59","date_gmt":"2024-12-18T07:19:59","guid":{"rendered":"https:\/\/www.comehealthgroup.com\/?post_type=product&#038;p=1151"},"modified":"2024-12-18T07:39:13","modified_gmt":"2024-12-18T07:39:13","slug":"private-label-diet-drops","status":"publish","type":"product","link":"https:\/\/www.comehealthgroup.com\/de\/product\/private-label-diet-drops\/","title":{"rendered":"Private Label Di\u00e4t-Tropfen, Bulk-Erg\u00e4nzungen Ashwagandha"},"content":{"rendered":"<div class=\"wp-block-columns is-layout-flex wp-container-core-columns-is-layout-9d6595d7 wp-block-columns-is-layout-flex\">\n<div class=\"wp-block-column is-layout-flow wp-block-column-is-layout-flow\">\n<h2 class=\"wp-block-heading\">Eigenschaften von Private Label Diet Drops<\/h2>\n\n\n\n<ul class=\"wp-block-list\">\n<li><strong>Verbessert die Laune: <\/strong>Die Aufnahme von Ashwagandha in unsere Eigenmarken-Di\u00e4t-Tropfen wirkt effektiv, um die Stimmung zu verbessern, \u00c4ngste zu reduzieren und eine positive Lebenseinstellung zu bewahren, um mit Stress und anderen Herausforderungen umzugehen.<\/li>\n\n\n\n<li><strong>Verbessert die Ausdauer: <\/strong>Die nat\u00fcrlichen Inhaltsstoffe von Ashwagandha erh\u00f6hen die k\u00f6rperliche Ausdauer und Energie. Diese Ashwagandha fl\u00fcssige Erg\u00e4nzung Gro\u00dfhandel erm\u00f6glicht es Ihnen, eine effizientere Leistung im Sport und t\u00e4glichen Aktivit\u00e4ten zu erhalten, erh\u00f6hen die k\u00f6rperliche Kraft und Ausdauer.<\/li>\n\n\n\n<li><strong>F\u00f6rderung von Entspannung und Ruhe: <\/strong>Unsere Eigenmarken-Di\u00e4t-Tropfen haben die F\u00e4higkeit, \u00c4ngste und Spannungen zu lindern, die Entspannung von K\u00f6rper und Geist zu f\u00f6rdern und einen ruhigeren Geisteszustand herbeizuf\u00fchren, der es Ihnen erm\u00f6glicht, in Ihrem gesch\u00e4ftigen Leben gelassen zu bleiben.<\/li>\n\n\n\n<li><strong>Gesunden Schlaf unterst\u00fctzen: <\/strong>Das Ashwagandha-Kraut ist als nat\u00fcrliche Schlafl\u00f6sung anerkannt. Unser fl\u00fcssiges Ashwagandha-Erg\u00e4nzungspr\u00e4parat im Gro\u00dfhandel hilft, die Schlafqualit\u00e4t zu verbessern, indem es Ihnen das Einschlafen und den Tiefschlaf erleichtert und Ihren K\u00f6rper und Geist wiederherstellt.<\/li>\n<\/ul>\n<\/div>\n\n\n\n<div class=\"wp-block-column is-layout-flow wp-block-column-is-layout-flow\">\n<figure class=\"wp-block-image size-full\"><img decoding=\"async\" width=\"2000\" height=\"2000\" src=\"https:\/\/www.comehealthgroup.com\/wp-content\/uploads\/2024\/12\/Private-Label-Diet-Drops-Bulk-Supplements-Ashwagandha-6.webp\" alt=\"Private Label Di\u00e4t-Tropfen, Bulk-Erg\u00e4nzungen Ashwagandha-6\" class=\"wp-image-1157\" srcset=\"https:\/\/www.comehealthgroup.com\/wp-content\/uploads\/2024\/12\/Private-Label-Diet-Drops-Bulk-Supplements-Ashwagandha-6.webp 2000w, https:\/\/www.comehealthgroup.com\/wp-content\/uploads\/2024\/12\/Private-Label-Diet-Drops-Bulk-Supplements-Ashwagandha-6-300x300.webp 300w, https:\/\/www.comehealthgroup.com\/wp-content\/uploads\/2024\/12\/Private-Label-Diet-Drops-Bulk-Supplements-Ashwagandha-6-150x150.webp 150w, https:\/\/www.comehealthgroup.com\/wp-content\/uploads\/2024\/12\/Private-Label-Diet-Drops-Bulk-Supplements-Ashwagandha-6-768x768.webp 768w, https:\/\/www.comehealthgroup.com\/wp-content\/uploads\/2024\/12\/Private-Label-Diet-Drops-Bulk-Supplements-Ashwagandha-6-1200x1200.webp 1200w, https:\/\/www.comehealthgroup.com\/wp-content\/uploads\/2024\/12\/Private-Label-Diet-Drops-Bulk-Supplements-Ashwagandha-6-600x600.webp 600w, https:\/\/www.comehealthgroup.com\/wp-content\/uploads\/2024\/12\/Private-Label-Diet-Drops-Bulk-Supplements-Ashwagandha-6-100x100.webp 100w\" sizes=\"(max-width: 2000px) 100vw, 2000px\" \/><\/figure>\n<\/div>\n<\/div>\n\n\n\n<p><\/p>","protected":false},"excerpt":{"rendered":"<p>Unsere Eigenmarke Di\u00e4t-Tropfen mit Ashwagandha enth\u00e4lt eine Mischung aus nat\u00fcrlichen pflanzlichen Inhaltsstoffen, die die Stimmung effektiv verbessern, die Ausdauer steigern und die k\u00f6rperliche Entspannung f\u00f6rdern. Mit einer starken Anti-Stress-Funktion reduziert es Spannungen und \u00c4ngste und unterst\u00fctzt so einen ges\u00fcnderen Schlaf und eine h\u00f6here Lebensqualit\u00e4t. F\u00fcr Endverbraucher, die ihre k\u00f6rperliche Kraft verbessern und Stress abbauen wollen, um eine gute geistige Gesundheit zu erhalten.<\/p>\n<table style=\"border-collapse: collapse; width: 534.02pt;\" border=\"0\" width=\"534\" cellspacing=\"0\" cellpadding=\"0\">\n<tbody>\n<tr style=\"height: 15.20pt;\">\n<td class=\"et2\" style=\"height: 15.20pt; width: 101.70pt;\" width=\"101\" height=\"15\">Markenname<\/td>\n<td class=\"et2\" style=\"width: 206.65pt;\" width=\"206\">Come Health\/ White Label<\/td>\n<td class=\"et2\" style=\"width: 84.80pt;\" width=\"84\">Haltbarkeitsdauer<\/td>\n<td class=\"et2\" style=\"width: 141.60pt;\" width=\"141\">24 Monate<\/td>\n<\/tr>\n<tr style=\"height: 92.00pt;\">\n<td class=\"et2\" style=\"height: 92.00pt;\" height=\"92\">Produktvorteile<\/td>\n<td class=\"et3\" style=\"width: 206.65pt;\" width=\"206\">*Verbessert die Stimmung<br \/>*Hilft der Ausdauer<br \/>*F\u00f6rdert die Gelassenheit<br \/>*Unterst\u00fctzt gesunden Schlaf<br \/>*Abbau von Stress und Anspannung<br \/>*Unterst\u00fctzt die Muskelkraft<\/td>\n<td class=\"et2\">Abmessungen (cm)<\/td>\n<td class=\"et3\" style=\"width: 141.60pt;\" width=\"141\">8*8*13cm<\/td>\n<\/tr>\n<tr style=\"height: 16.00pt;\">\n<td class=\"et2\" style=\"height: 16.00pt;\" height=\"16\">Dosierungsform<\/td>\n<td class=\"et4\">Fl\u00fcssigkeitstropfen<\/td>\n<td class=\"et2\">Nettogewicht(kg)<\/td>\n<td class=\"et3\" style=\"width: 141.60pt;\" width=\"141\">0,18 kg<\/td>\n<\/tr>\n<tr style=\"height: 15.20pt;\">\n<td class=\"et2\" style=\"height: 15.20pt;\" height=\"15\">Farbe<\/td>\n<td class=\"et2\">Transparent<\/td>\n<td class=\"et2\">Personalisierung<\/td>\n<td class=\"et2\">Grafik, Logo, Verpackung<\/td>\n<\/tr>\n<tr style=\"height: 16.00pt;\">\n<td class=\"et2\" style=\"height: 16.00pt;\" height=\"16\">Produkt-Spezifikation<\/td>\n<td class=\"et3\" style=\"width: 206.65pt;\" width=\"206\">60ml\/Flasche<\/td>\n<td class=\"et2\">Bestandsaufnahme<\/td>\n<td class=\"et2\">Sonderanfertigung, Nicht auf Lager<\/td>\n<\/tr>\n<\/tbody>\n<\/table>","protected":false},"featured_media":1152,"comment_status":"closed","ping_status":"closed","template":"","meta":{"_acf_changed":false},"product_brand":[],"product_cat":[29,47,35,34,49],"product_tag":[],"class_list":{"0":"post-1151","1":"product","2":"type-product","3":"status-publish","4":"has-post-thumbnail","6":"product_cat-sports-supplements-wholesale","7":"product_cat-liquid-supplements-wholesale","8":"product_cat-sleep-supplements-wholesale","9":"product_cat-private-label-health-supplements","10":"product_cat-nutritional-supplement-wholesale","12":"first","13":"instock","14":"shipping-taxable","15":"product-type-simple"},"acf":[],"_links":{"self":[{"href":"https:\/\/www.comehealthgroup.com\/de\/wp-json\/wp\/v2\/product\/1151","targetHints":{"allow":["GET"]}}],"collection":[{"href":"https:\/\/www.comehealthgroup.com\/de\/wp-json\/wp\/v2\/product"}],"about":[{"href":"https:\/\/www.comehealthgroup.com\/de\/wp-json\/wp\/v2\/types\/product"}],"replies":[{"embeddable":true,"href":"https:\/\/www.comehealthgroup.com\/de\/wp-json\/wp\/v2\/comments?post=1151"}],"wp:featuredmedia":[{"embeddable":true,"href":"https:\/\/www.comehealthgroup.com\/de\/wp-json\/wp\/v2\/media\/1152"}],"wp:attachment":[{"href":"https:\/\/www.comehealthgroup.com\/de\/wp-json\/wp\/v2\/media?parent=1151"}],"wp:term":[{"taxonomy":"product_brand","embeddable":true,"href":"https:\/\/www.comehealthgroup.com\/de\/wp-json\/wp\/v2\/product_brand?post=1151"},{"taxonomy":"product_cat","embeddable":true,"href":"https:\/\/www.comehealthgroup.com\/de\/wp-json\/wp\/v2\/product_cat?post=1151"},{"taxonomy":"product_tag","embeddable":true,"href":"https:\/\/www.comehealthgroup.com\/de\/wp-json\/wp\/v2\/product_tag?post=1151"}],"curies":[{"name":"wp","href":"https:\/\/api.w.org\/{rel}","templated":true}]}}