{"id":1159,"date":"2024-12-18T07:45:01","date_gmt":"2024-12-18T07:45:01","guid":{"rendered":"https:\/\/www.comehealthgroup.com\/?post_type=product&#038;p=1159"},"modified":"2024-12-18T08:00:11","modified_gmt":"2024-12-18T08:00:11","slug":"private-label-liquid-supplements","status":"publish","type":"product","link":"https:\/\/www.comehealthgroup.com\/de\/product\/private-label-liquid-supplements\/","title":{"rendered":"Private Label Liquid Supplements, Brasilianische Gr\u00fcne Propolistropfen Bulk"},"content":{"rendered":"<div class=\"wp-block-columns is-layout-flex wp-container-core-columns-is-layout-9d6595d7 wp-block-columns-is-layout-flex\">\n<div class=\"wp-block-column is-layout-flow wp-block-column-is-layout-flow\">\n<h2 class=\"wp-block-heading\">Features of Private Label Liquid Supplements<\/h2>\n\n\n\n<ul class=\"wp-block-list\">\n<li><strong>Anti-Aging und antioxidative Wirkung: <\/strong>Our private label liquid supplements of Brazilian Green Propolis are rich in natural antioxidants, which help the neutralization of free radicals, retard the aging process, and protect the skin or cells against environmental pollution or aging.<\/li>\n\n\n\n<li><strong>Liver Protection: <\/strong>This liquid supplement wholesale is for good liver functioning, enhancement in detoxification by the liver, thereby helping the body to get rid of injurious components and to restore normal functioning metabolism.<\/li>\n\n\n\n<li><strong>Improve Immunity: <\/strong>Brazilian Green Propolis is known as a nature extract for enhancing immunity. The private label liquid supplements provided by us can effectively enhance the body&#8217;s immune system, improve the resistance against external germs and virus attacks, and keep it in a healthy state.<\/li>\n\n\n\n<li><strong>Fast Absorption, Efficient Supplementation: <\/strong>Our liquid supplement wholesale formula is easily and quickly absorbed into the body and more bioavailable to the body than solid supplements, providing you with the nutritional support you need fast and helping you enjoy health benefits faster.<\/li>\n<\/ul>\n<\/div>\n\n\n\n<div class=\"wp-block-column is-layout-flow wp-block-column-is-layout-flow\">\n<figure class=\"wp-block-image size-full\"><img decoding=\"async\" width=\"1706\" height=\"1706\" src=\"https:\/\/www.comehealthgroup.com\/wp-content\/uploads\/2024\/12\/Private-Label-Liquid-Supplements-Brazilian-Green-Propolis-Drops-Bulk-2.webp\" alt=\"Private Label Liquid Supplements, Brazilian Green Propolis Drops Bulk-2\" class=\"wp-image-1161\" srcset=\"https:\/\/www.comehealthgroup.com\/wp-content\/uploads\/2024\/12\/Private-Label-Liquid-Supplements-Brazilian-Green-Propolis-Drops-Bulk-2.webp 1706w, https:\/\/www.comehealthgroup.com\/wp-content\/uploads\/2024\/12\/Private-Label-Liquid-Supplements-Brazilian-Green-Propolis-Drops-Bulk-2-300x300.webp 300w, https:\/\/www.comehealthgroup.com\/wp-content\/uploads\/2024\/12\/Private-Label-Liquid-Supplements-Brazilian-Green-Propolis-Drops-Bulk-2-150x150.webp 150w, https:\/\/www.comehealthgroup.com\/wp-content\/uploads\/2024\/12\/Private-Label-Liquid-Supplements-Brazilian-Green-Propolis-Drops-Bulk-2-768x768.webp 768w, https:\/\/www.comehealthgroup.com\/wp-content\/uploads\/2024\/12\/Private-Label-Liquid-Supplements-Brazilian-Green-Propolis-Drops-Bulk-2-1200x1200.webp 1200w, https:\/\/www.comehealthgroup.com\/wp-content\/uploads\/2024\/12\/Private-Label-Liquid-Supplements-Brazilian-Green-Propolis-Drops-Bulk-2-600x600.webp 600w, https:\/\/www.comehealthgroup.com\/wp-content\/uploads\/2024\/12\/Private-Label-Liquid-Supplements-Brazilian-Green-Propolis-Drops-Bulk-2-100x100.webp 100w\" sizes=\"(max-width: 1706px) 100vw, 1706px\" \/><\/figure>\n<\/div>\n<\/div>\n\n\n\n<p><\/p>","protected":false},"excerpt":{"rendered":"<p>Unsere fl\u00fcssigen Nahrungserg\u00e4nzungsmittel der brasilianischen Eigenmarke Green Propolis eignen sich perfekt f\u00fcr die t\u00e4gliche Gesundheitspflege mit leistungsstarken Anti-Aging-, Antioxidans-, Leberschutz- und immunst\u00e4rkenden Funktionen. Die fl\u00fcssige Form ist leicht zu absorbieren und kann den K\u00f6rper schnell mit Nahrungserg\u00e4nzungsmitteln versorgen, um die Vitalit\u00e4t der Jugend zu erhalten, die Immunit\u00e4t zu st\u00e4rken und die allgemeine Gesundheit zu verbessern.<\/p>\n<table style=\"border-collapse: collapse; width: 534.02pt;\" border=\"0\" width=\"534\" cellspacing=\"0\" cellpadding=\"0\">\n<tbody>\n<tr style=\"height: 15.20pt;\">\n<td class=\"et2\" style=\"height: 15.20pt; width: 101.70pt;\" width=\"101\" height=\"15\">Markenname<\/td>\n<td class=\"et2\" style=\"width: 206.65pt;\" width=\"206\">Come Health\/ White Label<\/td>\n<td class=\"et2\" style=\"width: 84.80pt;\" width=\"84\">Haltbarkeitsdauer<\/td>\n<td class=\"et2\" style=\"width: 141.60pt;\" width=\"141\">24 Monate<\/td>\n<\/tr>\n<tr style=\"height: 46.00pt;\">\n<td class=\"et2\" style=\"height: 46.00pt;\" height=\"46\">Produktvorteile<\/td>\n<td class=\"et3\" style=\"width: 206.65pt;\" width=\"206\">*Anti-Aging und antioxidative Wirkung<br \/>*Leberschutz<br \/>*Verbesserung der Immunit\u00e4t<\/td>\n<td class=\"et2\">Abmessungen (cm)<\/td>\n<td class=\"et3\" style=\"width: 141.60pt;\" width=\"141\">5*5*13cm<\/td>\n<\/tr>\n<tr style=\"height: 16.00pt;\">\n<td class=\"et2\" style=\"height: 16.00pt;\" height=\"16\">Dosierungsform<\/td>\n<td class=\"et4\">Fl\u00fcssigkeitstropfen<\/td>\n<td class=\"et2\">Nettogewicht(kg)<\/td>\n<td class=\"et3\" style=\"width: 141.60pt;\" width=\"141\">0,1kg<\/td>\n<\/tr>\n<tr style=\"height: 15.20pt;\">\n<td class=\"et2\" style=\"height: 15.20pt;\" height=\"15\">Farbe<\/td>\n<td class=\"et2\">Transparent<\/td>\n<td class=\"et2\">Personalisierung<\/td>\n<td class=\"et2\">Grafik, Logo, Verpackung<\/td>\n<\/tr>\n<tr style=\"height: 16.00pt;\">\n<td class=\"et2\" style=\"height: 16.00pt;\" height=\"16\">Produkt-Spezifikation<\/td>\n<td class=\"et3\" style=\"width: 206.65pt;\" width=\"206\">30ml\/Flasche<\/td>\n<td class=\"et2\">Bestandsaufnahme<\/td>\n<td class=\"et2\">Sonderanfertigung, Nicht auf Lager<\/td>\n<\/tr>\n<\/tbody>\n<\/table>","protected":false},"featured_media":1163,"comment_status":"closed","ping_status":"closed","template":"","meta":{"_acf_changed":false},"product_brand":[],"product_cat":[34,47,36,32,49],"product_tag":[],"class_list":{"0":"post-1159","1":"product","2":"type-product","3":"status-publish","4":"has-post-thumbnail","6":"product_cat-private-label-health-supplements","7":"product_cat-liquid-supplements-wholesale","8":"product_cat-private-label-beauty-supplements","9":"product_cat-private-label-immune-supplements","10":"product_cat-nutritional-supplement-wholesale","12":"first","13":"instock","14":"shipping-taxable","15":"product-type-simple"},"acf":[],"_links":{"self":[{"href":"https:\/\/www.comehealthgroup.com\/de\/wp-json\/wp\/v2\/product\/1159","targetHints":{"allow":["GET"]}}],"collection":[{"href":"https:\/\/www.comehealthgroup.com\/de\/wp-json\/wp\/v2\/product"}],"about":[{"href":"https:\/\/www.comehealthgroup.com\/de\/wp-json\/wp\/v2\/types\/product"}],"replies":[{"embeddable":true,"href":"https:\/\/www.comehealthgroup.com\/de\/wp-json\/wp\/v2\/comments?post=1159"}],"wp:featuredmedia":[{"embeddable":true,"href":"https:\/\/www.comehealthgroup.com\/de\/wp-json\/wp\/v2\/media\/1163"}],"wp:attachment":[{"href":"https:\/\/www.comehealthgroup.com\/de\/wp-json\/wp\/v2\/media?parent=1159"}],"wp:term":[{"taxonomy":"product_brand","embeddable":true,"href":"https:\/\/www.comehealthgroup.com\/de\/wp-json\/wp\/v2\/product_brand?post=1159"},{"taxonomy":"product_cat","embeddable":true,"href":"https:\/\/www.comehealthgroup.com\/de\/wp-json\/wp\/v2\/product_cat?post=1159"},{"taxonomy":"product_tag","embeddable":true,"href":"https:\/\/www.comehealthgroup.com\/de\/wp-json\/wp\/v2\/product_tag?post=1159"}],"curies":[{"name":"wp","href":"https:\/\/api.w.org\/{rel}","templated":true}]}}