{"id":1204,"date":"2024-12-23T09:29:02","date_gmt":"2024-12-23T09:29:02","guid":{"rendered":"https:\/\/www.comehealthgroup.com\/?post_type=product&#038;p=1204"},"modified":"2024-12-23T10:04:07","modified_gmt":"2024-12-23T10:04:07","slug":"liquid-chlorophyll-bulk","status":"publish","type":"product","link":"https:\/\/www.comehealthgroup.com\/de\/product\/liquid-chlorophyll-bulk\/","title":{"rendered":"Fl\u00fcssiges Chlorophyll als Bulkware, fl\u00fcssige Nahrungserg\u00e4nzungsmittel mit Eigenmarke"},"content":{"rendered":"<div class=\"wp-block-columns is-layout-flex wp-container-core-columns-is-layout-9d6595d7 wp-block-columns-is-layout-flex\">\n<div class=\"wp-block-column is-layout-flow wp-block-column-is-layout-flow\">\n<h2 class=\"wp-block-heading\">Eigenschaften von fl\u00fcssigem Chlorophyll Bulk<\/h2>\n\n\n\n<ul class=\"wp-block-list\">\n<li><strong>Fl\u00fcssiges Chlorophyll Bulk f\u00fcr nat\u00fcrliche Energie:<\/strong> Gef\u00fcllt mit Phyto-N\u00e4hrstoffen, die aus nat\u00fcrlichen Pflanzen gewonnen werden, erh\u00f6ht unser fl\u00fcssiges Chlorophyll-Bulk Ihr Energieniveau auf nat\u00fcrliche Weise und verbessert Ihre geistige Konzentration, indem es die Sauerstoffversorgung der Zellen anreichert und Sie den ganzen Tag \u00fcber frisch h\u00e4lt.<\/li>\n\n\n\n<li><strong>Unterst\u00fctzt die Entschlackung und Entgiftung:<\/strong> Diese fl\u00fcssige Chlorophyll-Eigenmarkenerg\u00e4nzung unterst\u00fctzt die nat\u00fcrlichen Entgiftungsprozesse des K\u00f6rpers und hilft, sch\u00e4dliche Substanzen und Gifte \u00fcber die Ausscheidungsorgane auszuscheiden, um die gesunde Funktion der Leber und des Darms aufrechtzuerhalten. Das Produkt h\u00e4lt das innere Gleichgewicht durch seine F\u00f6rderung der nat\u00fcrlichen Entgiftung des K\u00f6rpers.<\/li>\n\n\n\n<li><strong>Verbessert die Gesundheit des Blutes: <\/strong>Dieses fl\u00fcssige Chlorophyll Bulk enth\u00e4lt Pflanzenn\u00e4hrstoffe, insbesondere Chlorid, das die Blutzirkulation und damit die Produktion von roten Blutk\u00f6rperchen verbessert. Es verbessert die sauerstofftransportierende Blutkapazit\u00e4t und unterst\u00fctzt den gesunden Blutfluss im K\u00f6rper.<\/li>\n\n\n\n<li><strong>Das Immunsystem wird gest\u00e4rkt: <\/strong>Unser fl\u00fcssiges Chlorophyll als Eigenmarke ist reich an Antioxidantien; fl\u00fcssiges Chlorophyll selbst st\u00e4rkt die sch\u00fctzende Kraft des Immunsystems, indem es freie Radikale aus dem K\u00f6rper entfernt, oxidativen Stress reduziert und dem K\u00f6rper hilft, \u00e4u\u00dferen gesundheitlichen Herausforderungen zu widerstehen.<\/li>\n<\/ul>\n<\/div>\n\n\n\n<div class=\"wp-block-column is-layout-flow wp-block-column-is-layout-flow\">\n<figure class=\"wp-block-image size-full\"><img decoding=\"async\" width=\"1500\" height=\"1500\" src=\"https:\/\/www.comehealthgroup.com\/wp-content\/uploads\/2024\/12\/Liquid-Chlorophyll-Bulk-Private-Label-Liquid-Supplements-5.webp\" alt=\"Fl\u00fcssiges Chlorophyll Bulk, Private Label Fl\u00fcssige Erg\u00e4nzungen-5\" class=\"wp-image-1209\" srcset=\"https:\/\/www.comehealthgroup.com\/wp-content\/uploads\/2024\/12\/Liquid-Chlorophyll-Bulk-Private-Label-Liquid-Supplements-5.webp 1500w, https:\/\/www.comehealthgroup.com\/wp-content\/uploads\/2024\/12\/Liquid-Chlorophyll-Bulk-Private-Label-Liquid-Supplements-5-300x300.webp 300w, https:\/\/www.comehealthgroup.com\/wp-content\/uploads\/2024\/12\/Liquid-Chlorophyll-Bulk-Private-Label-Liquid-Supplements-5-150x150.webp 150w, https:\/\/www.comehealthgroup.com\/wp-content\/uploads\/2024\/12\/Liquid-Chlorophyll-Bulk-Private-Label-Liquid-Supplements-5-768x768.webp 768w, https:\/\/www.comehealthgroup.com\/wp-content\/uploads\/2024\/12\/Liquid-Chlorophyll-Bulk-Private-Label-Liquid-Supplements-5-12x12.webp 12w, https:\/\/www.comehealthgroup.com\/wp-content\/uploads\/2024\/12\/Liquid-Chlorophyll-Bulk-Private-Label-Liquid-Supplements-5-1200x1200.webp 1200w, https:\/\/www.comehealthgroup.com\/wp-content\/uploads\/2024\/12\/Liquid-Chlorophyll-Bulk-Private-Label-Liquid-Supplements-5-600x600.webp 600w, https:\/\/www.comehealthgroup.com\/wp-content\/uploads\/2024\/12\/Liquid-Chlorophyll-Bulk-Private-Label-Liquid-Supplements-5-100x100.webp 100w\" sizes=\"(max-width: 1500px) 100vw, 1500px\" \/><\/figure>\n<\/div>\n<\/div>","protected":false},"excerpt":{"rendered":"<p>Unser fl\u00fcssiges Chlorophyll in loser Sch\u00fcttung ist sehr vorteilhaft f\u00fcr Energiesch\u00fcbe und zur Unterst\u00fctzung bei der Reinigung und Entgiftung. Indem es die Gesundheit des Blutes verbessert und die Immunit\u00e4t st\u00e4rkt, pflegt es Ihren K\u00f6rper umfassend, um Sie jederzeit energiegeladen und gesund zu halten. Die pflanzlichen Inhaltsstoffe nat\u00fcrlichen Ursprungs helfen Ihnen, Ihren K\u00f6rper von Giftstoffen zu befreien und Ihre Vitalit\u00e4t und Energie wiederherzustellen.<\/p>\n<table style=\"border-collapse: collapse; width: 534.02pt;\" border=\"0\" width=\"534\" cellspacing=\"0\" cellpadding=\"0\">\n<tbody>\n<tr style=\"height: 15.20pt;\">\n<td class=\"et2\" style=\"height: 15.20pt; width: 101.70pt;\" width=\"101\" height=\"15\">Markenname<\/td>\n<td class=\"et2\" style=\"width: 206.65pt;\" width=\"206\">Come Health\/ White Label<\/td>\n<td class=\"et2\" style=\"width: 84.80pt;\" width=\"84\">Haltbarkeitsdauer<\/td>\n<td class=\"et2\" style=\"width: 141.60pt;\" width=\"141\">24 Monate<\/td>\n<\/tr>\n<tr style=\"height: 31.00pt;\">\n<td class=\"et2\" style=\"height: 31.00pt;\" height=\"31\">Produktvorteile<\/td>\n<td class=\"et3\" style=\"width: 206.65pt;\" width=\"206\">*Steigert die Energie<br \/>*unterst\u00fctzt die Reinigung und Entgiftung<\/td>\n<td class=\"et2\">Abmessungen (cm)<\/td>\n<td class=\"et3\" style=\"width: 141.60pt;\" width=\"141\">8*8*13cm<\/td>\n<\/tr>\n<tr style=\"height: 16.00pt;\">\n<td class=\"et2\" style=\"height: 16.00pt;\" height=\"16\">Dosierungsform<\/td>\n<td class=\"et4\">Fl\u00fcssigkeitstropfen<\/td>\n<td class=\"et2\">Nettogewicht(kg)<\/td>\n<td class=\"et3\" style=\"width: 141.60pt;\" width=\"141\">0,18 kg<\/td>\n<\/tr>\n<tr style=\"height: 15.20pt;\">\n<td class=\"et2\" style=\"height: 15.20pt;\" height=\"15\">Farbe<\/td>\n<td class=\"et2\">Gr\u00fcn<\/td>\n<td class=\"et2\">Personalisierung<\/td>\n<td class=\"et2\">Grafik, Logo, Verpackung<\/td>\n<\/tr>\n<tr style=\"height: 16.00pt;\">\n<td class=\"et2\" style=\"height: 16.00pt;\" height=\"16\">Produkt-Spezifikation<\/td>\n<td class=\"et3\" style=\"width: 206.65pt;\" width=\"206\">60ml\/Flasche<\/td>\n<td class=\"et2\">Bestandsaufnahme<\/td>\n<td class=\"et2\">Sonderanfertigung, Nicht auf Lager<\/td>\n<\/tr>\n<\/tbody>\n<\/table>","protected":false},"featured_media":1205,"comment_status":"closed","ping_status":"closed","template":"","meta":{"_acf_changed":false},"product_brand":[],"product_cat":[34,47,49],"product_tag":[],"class_list":{"0":"post-1204","1":"product","2":"type-product","3":"status-publish","4":"has-post-thumbnail","6":"product_cat-private-label-health-supplements","7":"product_cat-liquid-supplements-wholesale","8":"product_cat-nutritional-supplement-wholesale","10":"first","11":"instock","12":"shipping-taxable","13":"product-type-simple"},"acf":[],"_links":{"self":[{"href":"https:\/\/www.comehealthgroup.com\/de\/wp-json\/wp\/v2\/product\/1204","targetHints":{"allow":["GET"]}}],"collection":[{"href":"https:\/\/www.comehealthgroup.com\/de\/wp-json\/wp\/v2\/product"}],"about":[{"href":"https:\/\/www.comehealthgroup.com\/de\/wp-json\/wp\/v2\/types\/product"}],"replies":[{"embeddable":true,"href":"https:\/\/www.comehealthgroup.com\/de\/wp-json\/wp\/v2\/comments?post=1204"}],"wp:featuredmedia":[{"embeddable":true,"href":"https:\/\/www.comehealthgroup.com\/de\/wp-json\/wp\/v2\/media\/1205"}],"wp:attachment":[{"href":"https:\/\/www.comehealthgroup.com\/de\/wp-json\/wp\/v2\/media?parent=1204"}],"wp:term":[{"taxonomy":"product_brand","embeddable":true,"href":"https:\/\/www.comehealthgroup.com\/de\/wp-json\/wp\/v2\/product_brand?post=1204"},{"taxonomy":"product_cat","embeddable":true,"href":"https:\/\/www.comehealthgroup.com\/de\/wp-json\/wp\/v2\/product_cat?post=1204"},{"taxonomy":"product_tag","embeddable":true,"href":"https:\/\/www.comehealthgroup.com\/de\/wp-json\/wp\/v2\/product_tag?post=1204"}],"curies":[{"name":"wp","href":"https:\/\/api.w.org\/{rel}","templated":true}]}}