{"id":1218,"date":"2024-12-23T10:05:23","date_gmt":"2024-12-23T10:05:23","guid":{"rendered":"https:\/\/www.comehealthgroup.com\/?post_type=product&#038;p=1218"},"modified":"2024-12-23T10:24:26","modified_gmt":"2024-12-23T10:24:26","slug":"private-label-turmeric-liquid","status":"publish","type":"product","link":"https:\/\/www.comehealthgroup.com\/de\/product\/private-label-turmeric-liquid\/","title":{"rendered":"Private Label Kurkuma fl\u00fcssig mit schwarzem Pfeffer Drop Bulk"},"content":{"rendered":"<div class=\"wp-block-columns is-layout-flex wp-container-core-columns-is-layout-9d6595d7 wp-block-columns-is-layout-flex\">\n<div class=\"wp-block-column is-layout-flow wp-block-column-is-layout-flow\">\n<h2 class=\"wp-block-heading\">Eigenschaften von Private Label Turmeric Liquid<\/h2>\n\n\n\n<ul class=\"wp-block-list\">\n<li><strong>Verbesserung der Unterst\u00fctzung des Immunsystems: <\/strong>Dieser fl\u00fcssige Kurkuma-Tropfen der Eigenmarke ist reich an nat\u00fcrlichem Curcumin, das die Schutzf\u00e4higkeit des Immunsystems verbessert. Es hilft, die Immunantwort des K\u00f6rpers zu regulieren und hilft, Aggressoren von au\u00dfen zu widerstehen, um die Gesundheit langfristig zu sch\u00fctzen.<\/li>\n\n\n\n<li><strong>Verbesserte Bioverf\u00fcgbarkeit:<\/strong> Das Vorhandensein von schwarzem Pfeffer-Extrakt in dieser Bulk-Erg\u00e4nzung Kurkuma tats\u00e4chlich erh\u00f6ht die Absorptionsrate von Curcumin und eskaliert seine Bioverf\u00fcgbarkeit im K\u00f6rper zu einem solchen Grad, dass mehr gesundheitliche Vorteile durch sie angeboten werden k\u00f6nnen.<\/li>\n\n\n\n<li><strong>Unterst\u00fctzt eine gesunde Entz\u00fcndungsreaktion: <\/strong>Fl\u00fcssiges Kurkuma ist von Natur aus entz\u00fcndungshemmend und unterst\u00fctzt die gesunde Aktivit\u00e4t der k\u00f6rpereigenen Entz\u00fcndungsreaktion auf erstaunliche Weise. Unsere Private Label Kurkuma Liquid Drop hilft, gelegentliche \u00dcbung und t\u00e4gliche Aktivit\u00e4t-bedingte kleinere Entz\u00fcndungen zu lindern, die allgemeine Gesundheit und Komfort zu f\u00f6rdern.<\/li>\n\n\n\n<li><strong>F\u00f6rdert die Gesundheit der Gelenke und Muskeln:<\/strong> Die Kombination aus Kurkuma und schwarzem Pfeffer verbessert die Gesundheit der Gelenke, erh\u00f6ht die Flexibilit\u00e4t und den Bewegungsumfang in den Gelenken, w\u00e4hrend unsere Bulk-Erg\u00e4nzungen Kurkuma gleichzeitig die Muskelgesundheit und Erholung unterst\u00fctzen. Es ist ideal f\u00fcr einen aktiven Lebensstil und Erholung nach dem Training.<\/li>\n<\/ul>\n<\/div>\n\n\n\n<div class=\"wp-block-column is-layout-flow wp-block-column-is-layout-flow\">\n<figure class=\"wp-block-image size-full\"><img decoding=\"async\" width=\"2000\" height=\"2000\" src=\"https:\/\/www.comehealthgroup.com\/wp-content\/uploads\/2024\/12\/Private-Label-Turmeric-Liquid-With-Black-Pepper-Drop-Bulk-5.webp\" alt=\"Private Label Kurkuma Fl\u00fcssigkeit mit schwarzem Pfeffer Tropfen Bulk-5\" class=\"wp-image-1223\" srcset=\"https:\/\/www.comehealthgroup.com\/wp-content\/uploads\/2024\/12\/Private-Label-Turmeric-Liquid-With-Black-Pepper-Drop-Bulk-5.webp 2000w, https:\/\/www.comehealthgroup.com\/wp-content\/uploads\/2024\/12\/Private-Label-Turmeric-Liquid-With-Black-Pepper-Drop-Bulk-5-300x300.webp 300w, https:\/\/www.comehealthgroup.com\/wp-content\/uploads\/2024\/12\/Private-Label-Turmeric-Liquid-With-Black-Pepper-Drop-Bulk-5-150x150.webp 150w, https:\/\/www.comehealthgroup.com\/wp-content\/uploads\/2024\/12\/Private-Label-Turmeric-Liquid-With-Black-Pepper-Drop-Bulk-5-768x768.webp 768w, https:\/\/www.comehealthgroup.com\/wp-content\/uploads\/2024\/12\/Private-Label-Turmeric-Liquid-With-Black-Pepper-Drop-Bulk-5-12x12.webp 12w, https:\/\/www.comehealthgroup.com\/wp-content\/uploads\/2024\/12\/Private-Label-Turmeric-Liquid-With-Black-Pepper-Drop-Bulk-5-1200x1200.webp 1200w, https:\/\/www.comehealthgroup.com\/wp-content\/uploads\/2024\/12\/Private-Label-Turmeric-Liquid-With-Black-Pepper-Drop-Bulk-5-600x600.webp 600w, https:\/\/www.comehealthgroup.com\/wp-content\/uploads\/2024\/12\/Private-Label-Turmeric-Liquid-With-Black-Pepper-Drop-Bulk-5-100x100.webp 100w\" sizes=\"(max-width: 2000px) 100vw, 2000px\" \/><\/figure>\n<\/div>\n<\/div>","protected":false},"excerpt":{"rendered":"<p>Diese fl\u00fcssigen Kurkuma-Tropfen mit schwarzem Pfefferextrakt unterst\u00fctzen das Immunsystem, f\u00f6rdern die Aufnahme von Curcumin, helfen bei der Linderung von Entz\u00fcndungen und unterst\u00fctzen die Beweglichkeit der Gelenke und die Gesundheit der Muskeln. Die nat\u00fcrliche entz\u00fcndungshemmende Wirkung mit verbesserter Bioverf\u00fcgbarkeit macht es zu einer idealen Gesundheitserg\u00e4nzung f\u00fcr Gelenke, Muskeln und das allgemeine Wohlbefinden, um Sie aktiv und komfortabel zu halten.<\/p>\n<table style=\"border-collapse: collapse; width: 534.02pt;\" border=\"0\" width=\"534\" cellspacing=\"0\" cellpadding=\"0\">\n<tbody>\n<tr style=\"height: 15.20pt;\">\n<td class=\"et2\" style=\"height: 15.20pt; width: 101.70pt;\" width=\"101\" height=\"15\">Markenname<\/td>\n<td class=\"et2\" style=\"width: 206.65pt;\" width=\"206\">Come Health\/ White Label<\/td>\n<td class=\"et2\" style=\"width: 84.80pt;\" width=\"84\">Haltbarkeitsdauer<\/td>\n<td class=\"et2\" style=\"width: 141.60pt;\" width=\"141\">24 Monate<\/td>\n<\/tr>\n<tr style=\"height: 76.00pt;\">\n<td class=\"et2\" style=\"height: 76.00pt;\" height=\"76\">Produktvorteile<\/td>\n<td class=\"et3\" style=\"width: 206.65pt;\" width=\"206\">*Unterst\u00fctzung des Immunsystems<br \/>*Verbesserte Bioverf\u00fcgbarkeit<br \/>*Unterst\u00fctzt eine gesunde Entz\u00fcndungsreaktion<br \/>*F\u00f6rdert die Beweglichkeit der Gelenke und die Gesundheit der Muskeln<\/td>\n<td class=\"et2\">Abmessungen (cm)<\/td>\n<td class=\"et3\" style=\"width: 141.60pt;\" width=\"141\">10*10*15cm<\/td>\n<\/tr>\n<tr style=\"height: 16.00pt;\">\n<td class=\"et2\" style=\"height: 16.00pt;\" height=\"16\">Dosierungsform<\/td>\n<td class=\"et4\">Fl\u00fcssigkeitstropfen<\/td>\n<td class=\"et2\">Nettogewicht(kg)<\/td>\n<td class=\"et3\" style=\"width: 141.60pt;\" width=\"141\">0,4 kg<\/td>\n<\/tr>\n<tr style=\"height: 15.20pt;\">\n<td class=\"et2\" style=\"height: 15.20pt;\" height=\"15\">Farbe<\/td>\n<td class=\"et2\">Gelb<\/td>\n<td class=\"et2\">Personalisierung<\/td>\n<td class=\"et2\">Grafik, Logo, Verpackung<\/td>\n<\/tr>\n<tr style=\"height: 16.00pt;\">\n<td class=\"et2\" style=\"height: 16.00pt;\" height=\"16\">Produkt-Spezifikation<\/td>\n<td class=\"et3\" style=\"width: 206.65pt;\" width=\"206\">120ml\/Flasche<\/td>\n<td class=\"et2\">Bestandsaufnahme<\/td>\n<td class=\"et2\">Sonderanfertigung, Nicht auf Lager<\/td>\n<\/tr>\n<\/tbody>\n<\/table>","protected":false},"featured_media":1219,"comment_status":"closed","ping_status":"closed","template":"","meta":{"_acf_changed":false},"product_brand":[],"product_cat":[34,47,49],"product_tag":[],"class_list":{"0":"post-1218","1":"product","2":"type-product","3":"status-publish","4":"has-post-thumbnail","6":"product_cat-private-label-health-supplements","7":"product_cat-liquid-supplements-wholesale","8":"product_cat-nutritional-supplement-wholesale","10":"first","11":"instock","12":"shipping-taxable","13":"product-type-simple"},"acf":[],"_links":{"self":[{"href":"https:\/\/www.comehealthgroup.com\/de\/wp-json\/wp\/v2\/product\/1218","targetHints":{"allow":["GET"]}}],"collection":[{"href":"https:\/\/www.comehealthgroup.com\/de\/wp-json\/wp\/v2\/product"}],"about":[{"href":"https:\/\/www.comehealthgroup.com\/de\/wp-json\/wp\/v2\/types\/product"}],"replies":[{"embeddable":true,"href":"https:\/\/www.comehealthgroup.com\/de\/wp-json\/wp\/v2\/comments?post=1218"}],"wp:featuredmedia":[{"embeddable":true,"href":"https:\/\/www.comehealthgroup.com\/de\/wp-json\/wp\/v2\/media\/1219"}],"wp:attachment":[{"href":"https:\/\/www.comehealthgroup.com\/de\/wp-json\/wp\/v2\/media?parent=1218"}],"wp:term":[{"taxonomy":"product_brand","embeddable":true,"href":"https:\/\/www.comehealthgroup.com\/de\/wp-json\/wp\/v2\/product_brand?post=1218"},{"taxonomy":"product_cat","embeddable":true,"href":"https:\/\/www.comehealthgroup.com\/de\/wp-json\/wp\/v2\/product_cat?post=1218"},{"taxonomy":"product_tag","embeddable":true,"href":"https:\/\/www.comehealthgroup.com\/de\/wp-json\/wp\/v2\/product_tag?post=1218"}],"curies":[{"name":"wp","href":"https:\/\/api.w.org\/{rel}","templated":true}]}}