{"id":1227,"date":"2024-12-24T02:27:58","date_gmt":"2024-12-24T02:27:58","guid":{"rendered":"https:\/\/www.comehealthgroup.com\/?post_type=product&#038;p=1227"},"modified":"2024-12-24T02:57:35","modified_gmt":"2024-12-24T02:57:35","slug":"liquid-herbal-extracts-wholesale","status":"publish","type":"product","link":"https:\/\/www.comehealthgroup.com\/de\/product\/liquid-herbal-extracts-wholesale\/","title":{"rendered":"L\u00f6wenzahn fl\u00fcssige Kr\u00e4uterextrakte Gro\u00dfhandel, L\u00f6wenzahn-Tropfen"},"content":{"rendered":"<div class=\"wp-block-columns is-layout-flex wp-container-core-columns-is-layout-9d6595d7 wp-block-columns-is-layout-flex\">\n<div class=\"wp-block-column is-layout-flow wp-block-column-is-layout-flow\">\n<h2 class=\"wp-block-heading\">Merkmale der fl\u00fcssigen Kr\u00e4uterextrakte Gro\u00dfhandel<\/h2>\n\n\n\n<ul class=\"wp-block-list\">\n<li><strong>Ankurbelung des Stoffwechsels: <\/strong>Unsere fl\u00fcssigen Kr\u00e4uterextrakte aus L\u00f6wenzahn k\u00f6nnen im Gro\u00dfhandel verwendet werden, um den Stoffwechselprozess effektiv zu beschleunigen, den Energieverbrauch und die Fettverbrennung im K\u00f6rper zu f\u00f6rdern und ein gesundes Gewicht und Vitalit\u00e4tsniveau zu erhalten.<\/li>\n\n\n\n<li><strong>St\u00e4rkt die Funktion der Harnwege: <\/strong>L\u00f6wenzahn wirkt als mildes Diuretikum, d.h. er erm\u00f6glicht eine bessere Funktion des Harnsystems. Dieser Private Label L\u00f6wenzahn-Tropfen unterst\u00fctzt eine gesunde Nieren- und Blasenfunktion und hilft bei der Ausscheidung und dem Wasserhaushalt in Ihrem K\u00f6rper.<\/li>\n\n\n\n<li><strong>Anti-Durchfall-Wirkung: <\/strong>Unser L\u00f6wenzahn fl\u00fcssige Kr\u00e4uterextrakte Gro\u00dfhandel hat die F\u00e4higkeit der Modulation Darmgesundheit, entlastet Symptome von Durchfall durch Verdauungsst\u00f6rungen oder aus anderen Gr\u00fcnden verursacht, und halten den Magen bequem mit nat\u00fcrlichen Anti-Durchfall Zutaten aus unserer L\u00f6wenzahn fl\u00fcssige Kr\u00e4uterextrakte Gro\u00dfhandel.<\/li>\n\n\n\n<li><strong>Nat\u00fcrliche pflanzliche Inhaltsstoffe, sicher und wirksam: <\/strong>Unsere Eigenmarke L\u00f6wenzahn fl\u00fcssige Kr\u00e4uterextrakte Gro\u00dfhandel sind aus nat\u00fcrlichen pflanzlichen Zutaten extrahiert und enthalten keine chemischen Zus\u00e4tze. Es ist sanft, sicher und geeignet f\u00fcr den langfristigen Einsatz, um das Gleichgewicht des K\u00f6rpers gesund zu halten.<\/li>\n<\/ul>\n<\/div>\n\n\n\n<div class=\"wp-block-column is-layout-flow wp-block-column-is-layout-flow\">\n<figure class=\"wp-block-image size-full\"><img decoding=\"async\" width=\"1564\" height=\"2084\" src=\"https:\/\/www.comehealthgroup.com\/wp-content\/uploads\/2024\/12\/Dandelion-Liquid-Herbal-Extracts-Wholesale-Dandelion-Drops-4.webp\" alt=\"L\u00f6wenzahn fl\u00fcssige Kr\u00e4uterextrakte Gro\u00dfhandel, L\u00f6wenzahn-Tropfen-4\" class=\"wp-image-1231\" srcset=\"https:\/\/www.comehealthgroup.com\/wp-content\/uploads\/2024\/12\/Dandelion-Liquid-Herbal-Extracts-Wholesale-Dandelion-Drops-4.webp 1564w, https:\/\/www.comehealthgroup.com\/wp-content\/uploads\/2024\/12\/Dandelion-Liquid-Herbal-Extracts-Wholesale-Dandelion-Drops-4-225x300.webp 225w, https:\/\/www.comehealthgroup.com\/wp-content\/uploads\/2024\/12\/Dandelion-Liquid-Herbal-Extracts-Wholesale-Dandelion-Drops-4-768x1023.webp 768w, https:\/\/www.comehealthgroup.com\/wp-content\/uploads\/2024\/12\/Dandelion-Liquid-Herbal-Extracts-Wholesale-Dandelion-Drops-4-9x12.webp 9w, https:\/\/www.comehealthgroup.com\/wp-content\/uploads\/2024\/12\/Dandelion-Liquid-Herbal-Extracts-Wholesale-Dandelion-Drops-4-1200x1599.webp 1200w, https:\/\/www.comehealthgroup.com\/wp-content\/uploads\/2024\/12\/Dandelion-Liquid-Herbal-Extracts-Wholesale-Dandelion-Drops-4-600x799.webp 600w\" sizes=\"(max-width: 1564px) 100vw, 1564px\" \/><\/figure>\n<\/div>\n<\/div>","protected":false},"excerpt":{"rendered":"<p>Unsere Eigenmarke L\u00f6wenzahn fl\u00fcssige Kr\u00e4uterextrakte Gro\u00dfhandel pr\u00e4sentieren ein einzigartiges nat\u00fcrliches Heilmittel, um den Stoffwechsel zu erh\u00f6hen, st\u00e4rken die Harnwege, und sogar f\u00fcr die Symptome von Durchfall. Dazu geh\u00f6rt die Ern\u00e4hrung Ihrer Nieren und Blase mit nur nat\u00fcrlichen pflanzlichen Inhaltsstoffen, die Unterst\u00fctzung der nat\u00fcrlichen Entgiftungsprozesse des K\u00f6rpers und die sanfte Konditionierung des Darms f\u00fcr eine einfache Gesundheitsvorsorge.<\/p>\n<table style=\"border-collapse: collapse; width: 534.02pt;\" border=\"0\" width=\"534\" cellspacing=\"0\" cellpadding=\"0\">\n<tbody>\n<tr style=\"height: 15.20pt;\">\n<td class=\"et2\" style=\"height: 15.20pt; width: 101.70pt;\" width=\"101\" height=\"15\">Markenname<\/td>\n<td class=\"et2\" style=\"width: 206.65pt;\" width=\"206\">Come Health\/ White Label<\/td>\n<td class=\"et2\" style=\"width: 84.80pt;\" width=\"84\">Haltbarkeitsdauer<\/td>\n<td class=\"et2\" style=\"width: 141.60pt;\" width=\"141\">24 Monate<\/td>\n<\/tr>\n<tr style=\"height: 46.00pt;\">\n<td class=\"et2\" style=\"height: 46.00pt;\" height=\"46\">Produktvorteile<\/td>\n<td class=\"et3\" style=\"width: 206.65pt;\" width=\"206\">*Stoffwechsel ankurbeln<br \/>*St\u00e4rkung des Harnsystems<br \/>*Anti-Diarrhoische Wirkung<\/td>\n<td class=\"et2\">Abmessungen (cm)<\/td>\n<td class=\"et3\" style=\"width: 141.60pt;\" width=\"141\">8*8*13cm<\/td>\n<\/tr>\n<tr style=\"height: 16.00pt;\">\n<td class=\"et2\" style=\"height: 16.00pt;\" height=\"16\">Dosierungsform<\/td>\n<td class=\"et4\">Fl\u00fcssigkeitstropfen<\/td>\n<td class=\"et2\">Nettogewicht(kg)<\/td>\n<td class=\"et3\" style=\"width: 141.60pt;\" width=\"141\">0,18 kg<\/td>\n<\/tr>\n<tr style=\"height: 15.20pt;\">\n<td class=\"et2\" style=\"height: 15.20pt;\" height=\"15\">Farbe<\/td>\n<td class=\"et2\">Rot<\/td>\n<td class=\"et2\">Personalisierung<\/td>\n<td class=\"et2\">Grafik, Logo, Verpackung<\/td>\n<\/tr>\n<tr style=\"height: 16.00pt;\">\n<td class=\"et2\" style=\"height: 16.00pt;\" height=\"16\">Produkt-Spezifikation<\/td>\n<td class=\"et3\" style=\"width: 206.65pt;\" width=\"206\">60ml\/Flasche<\/td>\n<td class=\"et2\">Bestandsaufnahme<\/td>\n<td class=\"et2\">Sonderanfertigung, Nicht auf Lager<\/td>\n<\/tr>\n<\/tbody>\n<\/table>","protected":false},"featured_media":1234,"comment_status":"closed","ping_status":"closed","template":"","meta":{"_acf_changed":false},"product_brand":[],"product_cat":[34,47],"product_tag":[],"class_list":{"0":"post-1227","1":"product","2":"type-product","3":"status-publish","4":"has-post-thumbnail","6":"product_cat-private-label-health-supplements","7":"product_cat-liquid-supplements-wholesale","9":"first","10":"instock","11":"shipping-taxable","12":"product-type-simple"},"acf":[],"_links":{"self":[{"href":"https:\/\/www.comehealthgroup.com\/de\/wp-json\/wp\/v2\/product\/1227","targetHints":{"allow":["GET"]}}],"collection":[{"href":"https:\/\/www.comehealthgroup.com\/de\/wp-json\/wp\/v2\/product"}],"about":[{"href":"https:\/\/www.comehealthgroup.com\/de\/wp-json\/wp\/v2\/types\/product"}],"replies":[{"embeddable":true,"href":"https:\/\/www.comehealthgroup.com\/de\/wp-json\/wp\/v2\/comments?post=1227"}],"wp:featuredmedia":[{"embeddable":true,"href":"https:\/\/www.comehealthgroup.com\/de\/wp-json\/wp\/v2\/media\/1234"}],"wp:attachment":[{"href":"https:\/\/www.comehealthgroup.com\/de\/wp-json\/wp\/v2\/media?parent=1227"}],"wp:term":[{"taxonomy":"product_brand","embeddable":true,"href":"https:\/\/www.comehealthgroup.com\/de\/wp-json\/wp\/v2\/product_brand?post=1227"},{"taxonomy":"product_cat","embeddable":true,"href":"https:\/\/www.comehealthgroup.com\/de\/wp-json\/wp\/v2\/product_cat?post=1227"},{"taxonomy":"product_tag","embeddable":true,"href":"https:\/\/www.comehealthgroup.com\/de\/wp-json\/wp\/v2\/product_tag?post=1227"}],"curies":[{"name":"wp","href":"https:\/\/api.w.org\/{rel}","templated":true}]}}