{"id":1235,"date":"2024-12-24T03:00:15","date_gmt":"2024-12-24T03:00:15","guid":{"rendered":"https:\/\/www.comehealthgroup.com\/?post_type=product&#038;p=1235"},"modified":"2024-12-24T03:17:56","modified_gmt":"2024-12-24T03:17:56","slug":"bulk-liquid-herbal-extracts","status":"publish","type":"product","link":"https:\/\/www.comehealthgroup.com\/de\/product\/bulk-liquid-herbal-extracts\/","title":{"rendered":"Fl\u00fcssige Kr\u00e4uterextrakte, Clear Label L\u00f6wenzahnwurzel-Tropfen"},"content":{"rendered":"<div class=\"wp-block-columns is-layout-flex wp-container-core-columns-is-layout-9d6595d7 wp-block-columns-is-layout-flex\">\n<div class=\"wp-block-column is-layout-flow wp-block-column-is-layout-flow\">\n<h2 class=\"wp-block-heading\">Eigenschaften von fl\u00fcssigen Kr\u00e4uterextrakten als Bulkware<\/h2>\n\n\n\n<ul class=\"wp-block-list\">\n<li><strong>Verbessert die Leberfunktion: <\/strong>L\u00f6wenzahnwurzel ist ein Extrakt, der aufgrund seiner positiven Eigenschaften f\u00fcr die Entgiftung der Leber als hoch gesch\u00e4tzter pflanzlicher Inhaltsstoff gilt. Unsere fl\u00fcssigen Kr\u00e4uterextrakte aus L\u00f6wenzahnwurzel helfen, die h\u00f6chste Funktionalit\u00e4t der Leber zu f\u00f6rdern, so dass sie den K\u00f6rper von Abfallstoffen und Giftstoffen befreien kann und ein besseres metabolisches Gleichgewicht f\u00f6rdert.<\/li>\n\n\n\n<li><strong>Verbessert die Immunit\u00e4t: <\/strong>Die L\u00f6wenzahnwurzel enth\u00e4lt Antioxidantien, und unsere fl\u00fcssigen Kr\u00e4uterextrakte aus L\u00f6wenzahnwurzel helfen bei der Verbesserung der Immunit\u00e4t, indem sie dem Immunsystem einen guten Kampf gegen Krankheitserreger von au\u00dfen liefern. Es h\u00e4lt im Allgemeinen den K\u00f6rper voll von Gesundheit und Vitalit\u00e4t.<\/li>\n\n\n\n<li><strong>Unterst\u00fctzt die Funktion des Verdauungssystems: <\/strong>Unsere fl\u00fcssigen Kr\u00e4uterextrakte aus L\u00f6wenzahnwurzel verwenden einen pflanzlichen Extrakt ohne k\u00fcnstliche Zus\u00e4tze, was sie sanft, aber effektiv macht. Er bietet einen nat\u00fcrlichen, sicheren und nebenwirkungsfreien Ansatz f\u00fcr eine optimale Gesundheit und ist f\u00fcr den t\u00e4glichen Gebrauch geeignet.<\/li>\n\n\n\n<li><strong>Nat\u00fcrliche pflanzliche Inhaltsstoffe, sicher und zuverl\u00e4ssig: <\/strong>Unsere fl\u00fcssigen L\u00f6wenzahnwurzel-Kr\u00e4uterextrakte f\u00fcr den Gro\u00dfhandel verwenden pflanzliche Extrakte, die frei von k\u00fcnstlichen Zusatzstoffen sind, was sie sanft und dennoch wirksam macht. Das Produkt bietet einen nat\u00fcrlichen, sicheren, nebenwirkungsfreien Ansatz f\u00fcr eine optimale Gesundheit und ist f\u00fcr den t\u00e4glichen Gebrauch geeignet.<\/li>\n<\/ul>\n<\/div>\n\n\n\n<div class=\"wp-block-column is-layout-flow wp-block-column-is-layout-flow\">\n<figure class=\"wp-block-image size-full\"><img decoding=\"async\" width=\"2000\" height=\"2000\" src=\"https:\/\/www.comehealthgroup.com\/wp-content\/uploads\/2024\/12\/Bulk-Liquid-Herbal-Extracts-Clear-Label-Dandelion-Root-Drops-8.webp\" alt=\"Fl\u00fcssige Kr\u00e4uterextrakte, Clear Label L\u00f6wenzahnwurzel-Tropfen-8\" class=\"wp-image-1243\" srcset=\"https:\/\/www.comehealthgroup.com\/wp-content\/uploads\/2024\/12\/Bulk-Liquid-Herbal-Extracts-Clear-Label-Dandelion-Root-Drops-8.webp 2000w, https:\/\/www.comehealthgroup.com\/wp-content\/uploads\/2024\/12\/Bulk-Liquid-Herbal-Extracts-Clear-Label-Dandelion-Root-Drops-8-300x300.webp 300w, https:\/\/www.comehealthgroup.com\/wp-content\/uploads\/2024\/12\/Bulk-Liquid-Herbal-Extracts-Clear-Label-Dandelion-Root-Drops-8-150x150.webp 150w, https:\/\/www.comehealthgroup.com\/wp-content\/uploads\/2024\/12\/Bulk-Liquid-Herbal-Extracts-Clear-Label-Dandelion-Root-Drops-8-768x768.webp 768w, https:\/\/www.comehealthgroup.com\/wp-content\/uploads\/2024\/12\/Bulk-Liquid-Herbal-Extracts-Clear-Label-Dandelion-Root-Drops-8-12x12.webp 12w, https:\/\/www.comehealthgroup.com\/wp-content\/uploads\/2024\/12\/Bulk-Liquid-Herbal-Extracts-Clear-Label-Dandelion-Root-Drops-8-1200x1200.webp 1200w, https:\/\/www.comehealthgroup.com\/wp-content\/uploads\/2024\/12\/Bulk-Liquid-Herbal-Extracts-Clear-Label-Dandelion-Root-Drops-8-600x600.webp 600w, https:\/\/www.comehealthgroup.com\/wp-content\/uploads\/2024\/12\/Bulk-Liquid-Herbal-Extracts-Clear-Label-Dandelion-Root-Drops-8-100x100.webp 100w\" sizes=\"(max-width: 2000px) 100vw, 2000px\" \/><\/figure>\n<\/div>\n<\/div>","protected":false},"excerpt":{"rendered":"<p>Unsere fl\u00fcssigen Kr\u00e4uterextrakte aus L\u00f6wenzahnwurzel mit klarem Etikett unterst\u00fctzen die Leberfunktion, f\u00f6rdern das Verdauungssystem und unterst\u00fctzen das Immunsystem. Reich an nat\u00fcrlichen Antioxidantien, helfen diese Extrakte den nat\u00fcrlichen Entgiftungsprozessen des K\u00f6rpers, unterst\u00fctzen die Immunit\u00e4t und f\u00f6rdern die Gesundheit der Verdauung. Sie werden aus rein nat\u00fcrlichen Pflanzen und ohne Zusatzstoffe hergestellt und bieten eine zuverl\u00e4ssige Unterst\u00fctzung f\u00fcr das allgemeine Wohlbefinden.<\/p>\n<table style=\"border-collapse: collapse; width: 534.02pt;\" border=\"0\" width=\"534\" cellspacing=\"0\" cellpadding=\"0\">\n<tbody>\n<tr style=\"height: 15.20pt;\">\n<td class=\"et2\" style=\"height: 15.20pt; width: 101.70pt;\" width=\"101\" height=\"15\">Markenname<\/td>\n<td class=\"et2\" style=\"width: 206.65pt;\" width=\"206\">Come Health\/ White Label<\/td>\n<td class=\"et2\" style=\"width: 84.80pt;\" width=\"84\">Haltbarkeitsdauer<\/td>\n<td class=\"et2\" style=\"width: 141.60pt;\" width=\"141\">24 Monate<\/td>\n<\/tr>\n<tr style=\"height: 46.00pt;\">\n<td class=\"et2\" style=\"height: 46.00pt;\" height=\"46\">Produktvorteile<\/td>\n<td class=\"et3\" style=\"width: 206.65pt;\" width=\"206\">*F\u00f6rderung der Lebergesundheit<br \/>*St\u00e4rkung des Immunsystems<br \/>*Unterst\u00fctzung der Funktion des Verdauungssystems<\/td>\n<td class=\"et2\">Abmessungen (cm)<\/td>\n<td class=\"et3\" style=\"width: 141.60pt;\" width=\"141\">10*10*15cm<\/td>\n<\/tr>\n<tr style=\"height: 16.00pt;\">\n<td class=\"et2\" style=\"height: 16.00pt;\" height=\"16\">Dosierungsform<\/td>\n<td class=\"et4\">Fl\u00fcssigkeitstropfen<\/td>\n<td class=\"et2\">Nettogewicht(kg)<\/td>\n<td class=\"et3\" style=\"width: 141.60pt;\" width=\"141\">0,4 kg<\/td>\n<\/tr>\n<tr style=\"height: 15.20pt;\">\n<td class=\"et2\" style=\"height: 15.20pt;\" height=\"15\">Farbe<\/td>\n<td class=\"et2\">Braun<\/td>\n<td class=\"et2\">Personalisierung<\/td>\n<td class=\"et2\">Grafik, Logo, Verpackung<\/td>\n<\/tr>\n<tr style=\"height: 16.00pt;\">\n<td class=\"et2\" style=\"height: 16.00pt;\" height=\"16\">Produkt-Spezifikation<\/td>\n<td class=\"et3\" style=\"width: 206.65pt;\" width=\"206\">120ml\/Flasche<\/td>\n<td class=\"et2\">Bestandsaufnahme<\/td>\n<td class=\"et2\">Sonderanfertigung, Nicht auf Lager<\/td>\n<\/tr>\n<\/tbody>\n<\/table>","protected":false},"featured_media":1236,"comment_status":"closed","ping_status":"closed","template":"","meta":{"_acf_changed":false},"product_brand":[],"product_cat":[34,47,32],"product_tag":[],"class_list":{"0":"post-1235","1":"product","2":"type-product","3":"status-publish","4":"has-post-thumbnail","6":"product_cat-private-label-health-supplements","7":"product_cat-liquid-supplements-wholesale","8":"product_cat-private-label-immune-supplements","10":"first","11":"instock","12":"shipping-taxable","13":"product-type-simple"},"acf":[],"_links":{"self":[{"href":"https:\/\/www.comehealthgroup.com\/de\/wp-json\/wp\/v2\/product\/1235","targetHints":{"allow":["GET"]}}],"collection":[{"href":"https:\/\/www.comehealthgroup.com\/de\/wp-json\/wp\/v2\/product"}],"about":[{"href":"https:\/\/www.comehealthgroup.com\/de\/wp-json\/wp\/v2\/types\/product"}],"replies":[{"embeddable":true,"href":"https:\/\/www.comehealthgroup.com\/de\/wp-json\/wp\/v2\/comments?post=1235"}],"wp:featuredmedia":[{"embeddable":true,"href":"https:\/\/www.comehealthgroup.com\/de\/wp-json\/wp\/v2\/media\/1236"}],"wp:attachment":[{"href":"https:\/\/www.comehealthgroup.com\/de\/wp-json\/wp\/v2\/media?parent=1235"}],"wp:term":[{"taxonomy":"product_brand","embeddable":true,"href":"https:\/\/www.comehealthgroup.com\/de\/wp-json\/wp\/v2\/product_brand?post=1235"},{"taxonomy":"product_cat","embeddable":true,"href":"https:\/\/www.comehealthgroup.com\/de\/wp-json\/wp\/v2\/product_cat?post=1235"},{"taxonomy":"product_tag","embeddable":true,"href":"https:\/\/www.comehealthgroup.com\/de\/wp-json\/wp\/v2\/product_tag?post=1235"}],"curies":[{"name":"wp","href":"https:\/\/api.w.org\/{rel}","templated":true}]}}