{"id":1268,"date":"2024-12-24T06:44:20","date_gmt":"2024-12-24T06:44:20","guid":{"rendered":"https:\/\/www.comehealthgroup.com\/?post_type=product&#038;p=1268"},"modified":"2024-12-24T07:27:16","modified_gmt":"2024-12-24T07:27:16","slug":"collagen-supplements-wholesale","status":"publish","type":"product","link":"https:\/\/www.comehealthgroup.com\/de\/product\/collagen-supplements-wholesale\/","title":{"rendered":"Kollagenerg\u00e4nzungen Gro\u00dfhandel, Private Label Hautpflege Gummies"},"content":{"rendered":"<div class=\"wp-block-columns is-layout-flex wp-container-core-columns-is-layout-9d6595d7 wp-block-columns-is-layout-flex\">\n<div class=\"wp-block-column is-layout-flow wp-block-column-is-layout-flow\">\n<h2 class=\"wp-block-heading\">Eigenschaften von Kollagenerg\u00e4nzungen Gro\u00dfhandel<\/h2>\n\n\n\n<ul class=\"wp-block-list\">\n<li><strong>Unterst\u00fctzt die Regelm\u00e4\u00dfigkeit des Stuhlgangs: <\/strong>Diese Kollagenerg\u00e4nzungen Gro\u00dfhandel Gummis enthalten Natur-abgeleitete Bestandteile, die zur intestinalen Gesundheit des Verbesserns der Regelm\u00e4\u00dfigkeit und des Sicherstellens der normalen verdauungsf\u00f6rdernden Funktionen mit intestinaler Balance beitragen konnten.<\/li>\n\n\n\n<li><strong>Verbesserung der Verdauungsfunktion: <\/strong>Unsere Kollagen-Eigenmarke Hautpflege-Gummis ist in der Lage, nicht nur die Gesundheit der Haut wiederherzustellen, sondern auch die Funktion des Magen-Darm-Trakts effektiv zu verbessern, die Gesundheit des Magen-Darm-Trakts zu unterst\u00fctzen, Verstopfung zu lindern und andere Verdauungsst\u00f6rungen zu beseitigen, die Ihren Magen viel angenehmer machen.<\/li>\n\n\n\n<li><strong>St\u00e4rkt das Immunsystem: <\/strong>Diese Kollagenerg\u00e4nzungen im Gro\u00dfhandel betonen die St\u00e4rkung des Immunsystems, um die Widerstandsf\u00e4higkeit des K\u00f6rpers gegen \u00e4u\u00dfere Krankheitserreger zu verbessern und dem K\u00f6rper langfristige Gesundheit zu bieten.<\/li>\n\n\n\n<li><strong>Die Haut aufhellen: <\/strong>Unsere Eigenmarken-Hautpflege-Gummis enthalten Kollagen-Gummis, die die Elastizit\u00e4t und Festigkeit der Haut verbessern, den Hautton aufhellen, Flecken und ungleichm\u00e4\u00dfigen Hautton reduzieren, damit Sie eine hellere und glatte Haut bekommen.<\/li>\n<\/ul>\n<\/div>\n\n\n\n<div class=\"wp-block-column is-layout-flow wp-block-column-is-layout-flow\">\n<figure class=\"wp-block-image size-full\"><img decoding=\"async\" width=\"1667\" height=\"1667\" src=\"https:\/\/www.comehealthgroup.com\/wp-content\/uploads\/2024\/12\/Collagen-Supplements-Wholesale-Private-Label-Skin-Care-Gummies-3.webp\" alt=\"Kollagen Erg\u00e4nzungen Gro\u00dfhandel, Private Label Hautpflege Gummies-3\" class=\"wp-image-1272\" srcset=\"https:\/\/www.comehealthgroup.com\/wp-content\/uploads\/2024\/12\/Collagen-Supplements-Wholesale-Private-Label-Skin-Care-Gummies-3.webp 1667w, https:\/\/www.comehealthgroup.com\/wp-content\/uploads\/2024\/12\/Collagen-Supplements-Wholesale-Private-Label-Skin-Care-Gummies-3-300x300.webp 300w, https:\/\/www.comehealthgroup.com\/wp-content\/uploads\/2024\/12\/Collagen-Supplements-Wholesale-Private-Label-Skin-Care-Gummies-3-150x150.webp 150w, https:\/\/www.comehealthgroup.com\/wp-content\/uploads\/2024\/12\/Collagen-Supplements-Wholesale-Private-Label-Skin-Care-Gummies-3-768x768.webp 768w, https:\/\/www.comehealthgroup.com\/wp-content\/uploads\/2024\/12\/Collagen-Supplements-Wholesale-Private-Label-Skin-Care-Gummies-3-12x12.webp 12w, https:\/\/www.comehealthgroup.com\/wp-content\/uploads\/2024\/12\/Collagen-Supplements-Wholesale-Private-Label-Skin-Care-Gummies-3-1200x1200.webp 1200w, https:\/\/www.comehealthgroup.com\/wp-content\/uploads\/2024\/12\/Collagen-Supplements-Wholesale-Private-Label-Skin-Care-Gummies-3-600x600.webp 600w, https:\/\/www.comehealthgroup.com\/wp-content\/uploads\/2024\/12\/Collagen-Supplements-Wholesale-Private-Label-Skin-Care-Gummies-3-100x100.webp 100w\" sizes=\"(max-width: 1667px) 100vw, 1667px\" \/><\/figure>\n<\/div>\n<\/div>\n\n\n\n<p><\/p>","protected":false},"excerpt":{"rendered":"<p>Unsere Kollagenpr\u00e4parate f\u00fcr den Gro\u00dfhandel sind nat\u00fcrliche Nahrungserg\u00e4nzungsmittel, die Darmgesundheit, Immunsystem und Hautversch\u00f6nerung kombinieren. Es hilft, die Regelm\u00e4\u00dfigkeit des Darms zu f\u00f6rdern, verbessert die Verdauung, st\u00e4rkt das Immunsystem, w\u00e4hrend es den Hautton aufhellt und die Elastizit\u00e4t f\u00fcr glatte, strahlende Haut verbessert. Es eignet sich f\u00fcr die t\u00e4gliche Einnahme von Nahrungserg\u00e4nzungsmitteln, die f\u00fcr einen gesunden Magen und eine strahlende Haut sorgen.<\/p>\n<table style=\"border-collapse: collapse; width: 308.02pt;\" border=\"0\" width=\"308\" cellspacing=\"0\" cellpadding=\"0\">\n<tbody>\n<tr style=\"height: 15.20pt;\">\n<td class=\"et2\" style=\"height: 15.20pt; width: 101.70pt;\" width=\"101\" height=\"15\">Markenname<\/td>\n<td class=\"et2\" style=\"width: 206.65pt;\" width=\"206\">Come Health\/ White Label<\/td>\n<\/tr>\n<tr style=\"height: 61.00pt;\">\n<td class=\"et2\" style=\"height: 61.00pt;\" height=\"61\">Produktvorteile<\/td>\n<td class=\"et3\" style=\"width: 206.65pt;\" width=\"206\">*Unterst\u00fctzt die Regelm\u00e4\u00dfigkeit<br \/>*verbessert die Verdauung<br \/>*St\u00e4rkt die Immunit\u00e4t<br \/>*Wei\u00dft die Haut auf<\/td>\n<\/tr>\n<tr style=\"height: 15.20pt;\">\n<td class=\"et2\" style=\"height: 15.20pt;\" height=\"15\">Dosierungsform<\/td>\n<td class=\"et2\">Gummib\u00e4rchen<\/td>\n<\/tr>\n<tr style=\"height: 15.20pt;\">\n<td class=\"et2\" style=\"height: 15.20pt;\" height=\"15\">Farbe<\/td>\n<td class=\"et2\">Rot<\/td>\n<\/tr>\n<tr style=\"height: 16.00pt;\">\n<td class=\"et2\" style=\"height: 16.00pt;\" height=\"16\">Geschmack<\/td>\n<td class=\"et3\" style=\"width: 206.65pt;\" width=\"206\">Strawberry<\/td>\n<\/tr>\n<tr style=\"height: 15.20pt;\">\n<td class=\"et2\" style=\"height: 15.20pt;\" height=\"15\">Form<\/td>\n<td class=\"et2\">Ablagefach<\/td>\n<\/tr>\n<tr style=\"height: 15.20pt;\">\n<td class=\"et2\" style=\"height: 15.20pt;\" height=\"15\">Produkt-Spezifikation<\/td>\n<td class=\"et2\">60 Einheiten\/Flasche<\/td>\n<\/tr>\n<tr style=\"height: 15.20pt;\">\n<td class=\"et2\" style=\"height: 15.20pt;\" height=\"15\">Haltbarkeitsdauer<\/td>\n<td class=\"et2\">24 Monate<\/td>\n<\/tr>\n<tr style=\"height: 15.20pt;\">\n<td class=\"et2\" style=\"height: 15.20pt;\" height=\"15\">Abmessungen (cm)<\/td>\n<td class=\"et2\">7X7X12<\/td>\n<\/tr>\n<tr style=\"height: 15.20pt;\">\n<td class=\"et2\" style=\"height: 15.20pt;\" height=\"15\">Nettogewicht(kg)<\/td>\n<td class=\"et2\">0,22 kg<\/td>\n<\/tr>\n<tr style=\"height: 15.20pt;\">\n<td class=\"et2\" style=\"height: 15.20pt;\" height=\"15\">Personalisierung<\/td>\n<td class=\"et2\">Grafik, Logo, Verpackung<\/td>\n<\/tr>\n<tr style=\"height: 15.20pt;\">\n<td class=\"et2\" style=\"height: 15.20pt;\" height=\"15\">Bestandsaufnahme<\/td>\n<td class=\"et2\">Vorr\u00e4tig<\/td>\n<\/tr>\n<\/tbody>\n<\/table>","protected":false},"featured_media":1271,"comment_status":"closed","ping_status":"closed","template":"","meta":{"_acf_changed":false},"product_brand":[],"product_cat":[40,36,34,32],"product_tag":[],"class_list":{"0":"post-1268","1":"product","2":"type-product","3":"status-publish","4":"has-post-thumbnail","6":"product_cat-private-label-gummy-supplements","7":"product_cat-private-label-beauty-supplements","8":"product_cat-private-label-health-supplements","9":"product_cat-private-label-immune-supplements","11":"first","12":"instock","13":"shipping-taxable","14":"product-type-simple"},"acf":[],"_links":{"self":[{"href":"https:\/\/www.comehealthgroup.com\/de\/wp-json\/wp\/v2\/product\/1268","targetHints":{"allow":["GET"]}}],"collection":[{"href":"https:\/\/www.comehealthgroup.com\/de\/wp-json\/wp\/v2\/product"}],"about":[{"href":"https:\/\/www.comehealthgroup.com\/de\/wp-json\/wp\/v2\/types\/product"}],"replies":[{"embeddable":true,"href":"https:\/\/www.comehealthgroup.com\/de\/wp-json\/wp\/v2\/comments?post=1268"}],"wp:featuredmedia":[{"embeddable":true,"href":"https:\/\/www.comehealthgroup.com\/de\/wp-json\/wp\/v2\/media\/1271"}],"wp:attachment":[{"href":"https:\/\/www.comehealthgroup.com\/de\/wp-json\/wp\/v2\/media?parent=1268"}],"wp:term":[{"taxonomy":"product_brand","embeddable":true,"href":"https:\/\/www.comehealthgroup.com\/de\/wp-json\/wp\/v2\/product_brand?post=1268"},{"taxonomy":"product_cat","embeddable":true,"href":"https:\/\/www.comehealthgroup.com\/de\/wp-json\/wp\/v2\/product_cat?post=1268"},{"taxonomy":"product_tag","embeddable":true,"href":"https:\/\/www.comehealthgroup.com\/de\/wp-json\/wp\/v2\/product_tag?post=1268"}],"curies":[{"name":"wp","href":"https:\/\/api.w.org\/{rel}","templated":true}]}}