{"id":1274,"date":"2024-12-24T07:29:04","date_gmt":"2024-12-24T07:29:04","guid":{"rendered":"https:\/\/www.comehealthgroup.com\/?post_type=product&#038;p=1274"},"modified":"2025-03-21T03:41:13","modified_gmt":"2025-03-21T03:41:13","slug":"private-label-hair-skin-nail-vitamins","status":"publish","type":"product","link":"https:\/\/www.comehealthgroup.com\/de\/product\/private-label-hair-skin-nail-vitamins\/","title":{"rendered":"Private Label Hair Skin Nail Vitamins, Bulk Collagen Gummy"},"content":{"rendered":"<div class=\"wp-block-columns is-layout-flex wp-container-core-columns-is-layout-9d6595d7 wp-block-columns-is-layout-flex\">\n<div class=\"wp-block-column is-layout-flow wp-block-column-is-layout-flow\">\n<h2 class=\"wp-block-heading\">Eigenschaften von Private Label Hair Skin Nail Vitamins<\/h2>\n\n\n\n<ul class=\"wp-block-list\">\n<li><strong>Unterst\u00fctzt die Elastizit\u00e4t der Haut: <\/strong>Angereichert mit Vitamin C und Biotin st\u00e4rken diese Kollagen-Eigenmarken-Vitamine die Elastizit\u00e4t, Flexibilit\u00e4t und Festigkeit der Haut, um feine Linien und Erschlaffung zu reduzieren und eine glattere, jugendlichere Haut zu erhalten.<\/li>\n\n\n\n<li><strong>F\u00f6rdert gesundes Haar und Wachstum: <\/strong>Dieses Kollagengummi ist vollgepackt mit Vitaminen und Kollagen, um alle N\u00e4hrstoffbed\u00fcrfnisse des Haarwachstums zu erf\u00fcllen, f\u00fcr gesundes Haar, eine verbesserte Haarstruktur und mehr Glanz, und es wird Ihr Haar dicker und st\u00e4rker machen.<\/li>\n\n\n\n<li><strong>F\u00f6rdert starke N\u00e4gel: <\/strong>Diese Kollagen-Eigenmarken-Vitamine f\u00fcr Haare, Haut und N\u00e4gel enthalten eine Vielzahl von N\u00e4hrstoffen zur Verbesserung der Nagelgesundheit, zur St\u00e4rkung der N\u00e4gel, zur Beschleunigung des Nagelwachstums, zur Verringerung von Spr\u00f6digkeit und Br\u00fcchen und helfen, starke und sch\u00f6ne N\u00e4gel zu bekommen.<\/li>\n\n\n\n<li><strong>Triple Action Beauty, Ganztagespflege: <\/strong>Dieses Kollagengummi kombiniert umfassende N\u00e4hrstoffe f\u00fcr Haut, Haare und N\u00e4gel, um die Sch\u00f6nheit den ganzen Tag zu unterst\u00fctzen. Die einfache und bequeme Art der Einnahme macht es Ihnen leicht, die Sch\u00f6nheit des ganzen K\u00f6rpers zu erhalten.<\/li>\n<\/ul>\n<\/div>\n\n\n\n<div class=\"wp-block-column is-layout-flow wp-block-column-is-layout-flow\">\n<figure class=\"wp-block-image size-full\"><img decoding=\"async\" width=\"1500\" height=\"1500\" src=\"https:\/\/www.comehealthgroup.com\/wp-content\/uploads\/2024\/12\/Hair-Skin-Nail-Vitamins_03.webp\" alt=\"\" class=\"wp-image-2137\" srcset=\"https:\/\/www.comehealthgroup.com\/wp-content\/uploads\/2024\/12\/Hair-Skin-Nail-Vitamins_03.webp 1500w, https:\/\/www.comehealthgroup.com\/wp-content\/uploads\/2024\/12\/Hair-Skin-Nail-Vitamins_03-300x300.webp 300w, https:\/\/www.comehealthgroup.com\/wp-content\/uploads\/2024\/12\/Hair-Skin-Nail-Vitamins_03-150x150.webp 150w, https:\/\/www.comehealthgroup.com\/wp-content\/uploads\/2024\/12\/Hair-Skin-Nail-Vitamins_03-768x768.webp 768w, https:\/\/www.comehealthgroup.com\/wp-content\/uploads\/2024\/12\/Hair-Skin-Nail-Vitamins_03-12x12.webp 12w, https:\/\/www.comehealthgroup.com\/wp-content\/uploads\/2024\/12\/Hair-Skin-Nail-Vitamins_03-1200x1200.webp 1200w, https:\/\/www.comehealthgroup.com\/wp-content\/uploads\/2024\/12\/Hair-Skin-Nail-Vitamins_03-600x600.webp 600w, https:\/\/www.comehealthgroup.com\/wp-content\/uploads\/2024\/12\/Hair-Skin-Nail-Vitamins_03-100x100.webp 100w\" sizes=\"(max-width: 1500px) 100vw, 1500px\" \/><\/figure>\n<\/div>\n<\/div>\n\n\n\n<p><\/p>","protected":false},"excerpt":{"rendered":"<p>Angereichert mit Vitamin C und nat\u00fcrlichem Kollagen verbessern diese Kollagen-Eigenmarken-Vitamine f\u00fcr Haare, Haut und N\u00e4gel die Elastizit\u00e4t der Haut und f\u00f6rdern ein gesundes Haarwachstum f\u00fcr st\u00e4rkere N\u00e4gel. Die Allzweckpflege f\u00fcr Haut, Haare und N\u00e4gel sorgt f\u00fcr junge, straffe Haut, dickes, gl\u00e4nzendes Haar und gesunde N\u00e4gel.<\/p>\n<table style=\"border-collapse: collapse;width: 308.02pt\" border=\"0\" width=\"308\" cellspacing=\"0\" cellpadding=\"0\">\n<tbody>\n<tr style=\"height: 15.20pt\">\n<td class=\"et2\" style=\"height: 15.20pt;width: 101.70pt\" width=\"101\" height=\"15\">Markenname<\/td>\n<td class=\"et2\" style=\"width: 206.65pt\" width=\"206\">Come Health\/ White Label<\/td>\n<\/tr>\n<tr style=\"height: 46.00pt\">\n<td class=\"et2\" style=\"height: 46.00pt\" height=\"46\">Produktvorteile<\/td>\n<td class=\"et3\" style=\"width: 206.65pt\" width=\"206\">*F\u00f6rdert die Elastizit\u00e4t der Haut<br \/>*F\u00f6rdert gesundes Haar und Wachstum<br \/>*Beitr\u00e4gt zu starken N\u00e4geln bei<\/td>\n<\/tr>\n<tr style=\"height: 15.20pt\">\n<td class=\"et2\" style=\"height: 15.20pt\" height=\"15\">Dosierungsform<\/td>\n<td class=\"et2\">Gummib\u00e4rchen<\/td>\n<\/tr>\n<tr style=\"height: 15.20pt\">\n<td class=\"et2\" style=\"height: 15.20pt\" height=\"15\">Farbe<\/td>\n<td class=\"et2\">Rot<\/td>\n<\/tr>\n<tr style=\"height: 16.00pt\">\n<td class=\"et2\" style=\"height: 16.00pt\" height=\"16\">Geschmack<\/td>\n<td class=\"et3\" style=\"width: 206.65pt\" width=\"206\">Strawberry<\/td>\n<\/tr>\n<tr style=\"height: 15.20pt\">\n<td class=\"et2\" style=\"height: 15.20pt\" height=\"15\">Form<\/td>\n<td class=\"et2\">Ablagefach<\/td>\n<\/tr>\n<tr style=\"height: 15.20pt\">\n<td class=\"et2\" style=\"height: 15.20pt\" height=\"15\">Produkt-Spezifikation<\/td>\n<td class=\"et2\">60 Einheiten\/Flasche<\/td>\n<\/tr>\n<tr style=\"height: 15.20pt\">\n<td class=\"et2\" style=\"height: 15.20pt\" height=\"15\">Haltbarkeitsdauer<\/td>\n<td class=\"et2\">24 Monate<\/td>\n<\/tr>\n<tr style=\"height: 15.20pt\">\n<td class=\"et2\" style=\"height: 15.20pt\" height=\"15\">Abmessungen (cm)<\/td>\n<td class=\"et2\">7X7X12<\/td>\n<\/tr>\n<tr style=\"height: 15.20pt\">\n<td class=\"et2\" style=\"height: 15.20pt\" height=\"15\">Nettogewicht(kg)<\/td>\n<td class=\"et2\">0,22 kg<\/td>\n<\/tr>\n<tr style=\"height: 15.20pt\">\n<td class=\"et2\" style=\"height: 15.20pt\" height=\"15\">Personalisierung<\/td>\n<td class=\"et2\">Grafik, Logo, Verpackung<\/td>\n<\/tr>\n<tr style=\"height: 15.20pt\">\n<td class=\"et2\" style=\"height: 15.20pt\" height=\"15\">Bestandsaufnahme<\/td>\n<td class=\"et2\">Vorr\u00e4tig<\/td>\n<\/tr>\n<\/tbody>\n<\/table>","protected":false},"featured_media":2139,"comment_status":"closed","ping_status":"closed","template":"","meta":{"_acf_changed":false},"product_brand":[],"product_cat":[40,36,41],"product_tag":[],"class_list":{"0":"post-1274","1":"product","2":"type-product","3":"status-publish","4":"has-post-thumbnail","6":"product_cat-private-label-gummy-supplements","7":"product_cat-private-label-beauty-supplements","8":"product_cat-bulk-vitamins-and-minerals-supplements","10":"first","11":"instock","12":"shipping-taxable","13":"product-type-simple"},"acf":[],"_links":{"self":[{"href":"https:\/\/www.comehealthgroup.com\/de\/wp-json\/wp\/v2\/product\/1274","targetHints":{"allow":["GET"]}}],"collection":[{"href":"https:\/\/www.comehealthgroup.com\/de\/wp-json\/wp\/v2\/product"}],"about":[{"href":"https:\/\/www.comehealthgroup.com\/de\/wp-json\/wp\/v2\/types\/product"}],"replies":[{"embeddable":true,"href":"https:\/\/www.comehealthgroup.com\/de\/wp-json\/wp\/v2\/comments?post=1274"}],"wp:featuredmedia":[{"embeddable":true,"href":"https:\/\/www.comehealthgroup.com\/de\/wp-json\/wp\/v2\/media\/2139"}],"wp:attachment":[{"href":"https:\/\/www.comehealthgroup.com\/de\/wp-json\/wp\/v2\/media?parent=1274"}],"wp:term":[{"taxonomy":"product_brand","embeddable":true,"href":"https:\/\/www.comehealthgroup.com\/de\/wp-json\/wp\/v2\/product_brand?post=1274"},{"taxonomy":"product_cat","embeddable":true,"href":"https:\/\/www.comehealthgroup.com\/de\/wp-json\/wp\/v2\/product_cat?post=1274"},{"taxonomy":"product_tag","embeddable":true,"href":"https:\/\/www.comehealthgroup.com\/de\/wp-json\/wp\/v2\/product_tag?post=1274"}],"curies":[{"name":"wp","href":"https:\/\/api.w.org\/{rel}","templated":true}]}}