{"id":1295,"date":"2024-12-28T01:23:30","date_gmt":"2024-12-28T01:23:30","guid":{"rendered":"https:\/\/www.comehealthgroup.com\/?post_type=product&#038;p=1295"},"modified":"2025-03-21T03:16:14","modified_gmt":"2025-03-21T03:16:14","slug":"private-label-gummy-beauty-supplements","status":"publish","type":"product","link":"https:\/\/www.comehealthgroup.com\/de\/product\/private-label-gummy-beauty-supplements\/","title":{"rendered":"Private Label Gummy Beauty Supplements, Skin Whitening Gummy"},"content":{"rendered":"<div class=\"wp-block-columns is-layout-flex wp-container-core-columns-is-layout-9d6595d7 wp-block-columns-is-layout-flex\">\n<div class=\"wp-block-column is-layout-flow wp-block-column-is-layout-flow\">\n<h2 class=\"wp-block-heading\">Eigenschaften von Private Label Gummy Beauty Supplements<\/h2>\n\n\n\n<ul class=\"wp-block-list\">\n<li><strong>Nat\u00fcrliche hautaufhellende Inhaltsstoffe: <\/strong>Unsere gummiartigen Sch\u00f6nheitszus\u00e4tze der Eigenmarke enthalten hochwirksame Inhaltsstoffe wie Glutathion und Vitamin C, die tief in die Haut eindringen k\u00f6nnen, um die Melaninbildung zu hemmen und das Hautbild aufzuhellen und auszugleichen.<\/li>\n\n\n\n<li><strong>Doppelte Wirkung von Sch\u00f6nheit und Gesundheit: <\/strong>Kollagen und andere Sch\u00f6nheitsinhaltsstoffe sind in diesem gro\u00dfen Hautaufhellungsgummi gemischt, um die Hautelastizit\u00e4t zu verbessern, feine Linien zu reduzieren und die allgemeine Hautstruktur zu verbessern. Es ist reich an N\u00e4hrstoffen, die zur Gesundheit von N\u00e4geln und Knochen beitragen k\u00f6nnen.<\/li>\n\n\n\n<li><strong>Bequem zu essen und gut im Geschmack:<\/strong> Unsere gummiartigen Sch\u00f6nheitsmittel der Eigenmarke k\u00f6nnen jederzeit und \u00fcberall eingenommen werden, ohne Wasser zu trinken oder Pillen zu schlucken. Aufgrund seiner weichen Textur und seines erfrischenden Geschmacks ist es f\u00fcr die Verbraucher akzeptabler.<\/li>\n\n\n\n<li><strong>Exklusive Markenanpassung: <\/strong>Wir bieten flexible Dienstleistungen zur Anpassung von Eigenmarken f\u00fcr hautaufhellende Gummibonbons an, mit denen wir die Rezeptur anpassen, Geschmacksrichtungen ausw\u00e4hlen, Verpackungen entwerfen und Funktionsetiketten nach Kundenwunsch gestalten k\u00f6nnen.<\/li>\n<\/ul>\n<\/div>\n\n\n\n<div class=\"wp-block-column is-layout-flow wp-block-column-is-layout-flow\">\n<figure class=\"wp-block-image size-full\"><img decoding=\"async\" width=\"1000\" height=\"992\" src=\"https:\/\/www.comehealthgroup.com\/wp-content\/uploads\/2024\/12\/Skin-Whitening-Gummy_03.webp\" alt=\"\" class=\"wp-image-2131\" srcset=\"https:\/\/www.comehealthgroup.com\/wp-content\/uploads\/2024\/12\/Skin-Whitening-Gummy_03.webp 1000w, https:\/\/www.comehealthgroup.com\/wp-content\/uploads\/2024\/12\/Skin-Whitening-Gummy_03-300x298.webp 300w, https:\/\/www.comehealthgroup.com\/wp-content\/uploads\/2024\/12\/Skin-Whitening-Gummy_03-150x150.webp 150w, https:\/\/www.comehealthgroup.com\/wp-content\/uploads\/2024\/12\/Skin-Whitening-Gummy_03-768x762.webp 768w, https:\/\/www.comehealthgroup.com\/wp-content\/uploads\/2024\/12\/Skin-Whitening-Gummy_03-12x12.webp 12w, https:\/\/www.comehealthgroup.com\/wp-content\/uploads\/2024\/12\/Skin-Whitening-Gummy_03-600x595.webp 600w, https:\/\/www.comehealthgroup.com\/wp-content\/uploads\/2024\/12\/Skin-Whitening-Gummy_03-100x100.webp 100w\" sizes=\"(max-width: 1000px) 100vw, 1000px\" \/><\/figure>\n<\/div>\n<\/div>\n\n\n\n<p><\/p>","protected":false},"excerpt":{"rendered":"<p>Dieses gummiartige Sch\u00f6nheitsmittel f\u00fcr die Hautaufhellung richtet sich an alle, die auf Sch\u00f6nheit und Gesundheit aus sind. Glutathion und Kollagen kommen in dieser Mischung zusammen und unterst\u00fctzen die Aufhellung und Aufhellung der Haut, verbessern die Elastizit\u00e4t und Textur. Das Gummib\u00e4rchenformat ist leicht zu konsumieren und schmeckt hervorragend.<\/p>\n<table style=\"border-collapse: collapse;width: 308.02pt\" border=\"0\" width=\"308\" cellspacing=\"0\" cellpadding=\"0\">\n<tbody>\n<tr style=\"height: 15.20pt\">\n<td class=\"et2\" style=\"height: 15.20pt;width: 101.70pt\" width=\"101\" height=\"15\">Markenname<\/td>\n<td class=\"et2\" style=\"width: 206.65pt\" width=\"206\">Come Health\/ White Label<\/td>\n<\/tr>\n<tr style=\"height: 16.00pt\">\n<td class=\"et2\" style=\"height: 16.00pt\" height=\"16\">Produktvorteile<\/td>\n<td class=\"et3\" style=\"width: 206.65pt\" width=\"206\">*Unterst\u00fctzt die Hautaufhellung und -aufhellung<\/td>\n<\/tr>\n<tr style=\"height: 15.20pt\">\n<td class=\"et2\" style=\"height: 15.20pt\" height=\"15\">Dosierungsform<\/td>\n<td class=\"et2\">Gummib\u00e4rchen<\/td>\n<\/tr>\n<tr style=\"height: 15.20pt\">\n<td class=\"et2\" style=\"height: 15.20pt\" height=\"15\">Farbe<\/td>\n<td class=\"et2\">Rosa<\/td>\n<\/tr>\n<tr style=\"height: 16.00pt\">\n<td class=\"et2\" style=\"height: 16.00pt\" height=\"16\">Geschmack<\/td>\n<td class=\"et3\" style=\"width: 206.65pt\" width=\"206\">Strawberry<\/td>\n<\/tr>\n<tr style=\"height: 15.20pt\">\n<td class=\"et2\" style=\"height: 15.20pt\" height=\"15\">Form<\/td>\n<td class=\"et2\">Ablagefach<\/td>\n<\/tr>\n<tr style=\"height: 15.20pt\">\n<td class=\"et2\" style=\"height: 15.20pt\" height=\"15\">Produkt-Spezifikation<\/td>\n<td class=\"et2\">60 Einheiten\/Flasche<\/td>\n<\/tr>\n<tr style=\"height: 15.20pt\">\n<td class=\"et2\" style=\"height: 15.20pt\" height=\"15\">Haltbarkeitsdauer<\/td>\n<td class=\"et2\">24 Monate<\/td>\n<\/tr>\n<tr style=\"height: 15.20pt\">\n<td class=\"et2\" style=\"height: 15.20pt\" height=\"15\">Abmessungen (cm)<\/td>\n<td class=\"et2\">7X7X12<\/td>\n<\/tr>\n<tr style=\"height: 15.20pt\">\n<td class=\"et2\" style=\"height: 15.20pt\" height=\"15\">Nettogewicht(kg)<\/td>\n<td class=\"et2\">0,22 kg<\/td>\n<\/tr>\n<tr style=\"height: 15.20pt\">\n<td class=\"et2\" style=\"height: 15.20pt\" height=\"15\">Personalisierung<\/td>\n<td class=\"et2\">Grafik, Logo, Verpackung<\/td>\n<\/tr>\n<tr style=\"height: 15.20pt\">\n<td class=\"et2\" style=\"height: 15.20pt\" height=\"15\">Bestandsaufnahme<\/td>\n<td class=\"et2\">Vorr\u00e4tig<\/td>\n<\/tr>\n<\/tbody>\n<\/table>","protected":false},"featured_media":2133,"comment_status":"closed","ping_status":"closed","template":"","meta":{"_acf_changed":false},"product_brand":[],"product_cat":[40,36,41],"product_tag":[],"class_list":{"0":"post-1295","1":"product","2":"type-product","3":"status-publish","4":"has-post-thumbnail","6":"product_cat-private-label-gummy-supplements","7":"product_cat-private-label-beauty-supplements","8":"product_cat-bulk-vitamins-and-minerals-supplements","10":"first","11":"instock","12":"shipping-taxable","13":"product-type-simple"},"acf":[],"_links":{"self":[{"href":"https:\/\/www.comehealthgroup.com\/de\/wp-json\/wp\/v2\/product\/1295","targetHints":{"allow":["GET"]}}],"collection":[{"href":"https:\/\/www.comehealthgroup.com\/de\/wp-json\/wp\/v2\/product"}],"about":[{"href":"https:\/\/www.comehealthgroup.com\/de\/wp-json\/wp\/v2\/types\/product"}],"replies":[{"embeddable":true,"href":"https:\/\/www.comehealthgroup.com\/de\/wp-json\/wp\/v2\/comments?post=1295"}],"wp:featuredmedia":[{"embeddable":true,"href":"https:\/\/www.comehealthgroup.com\/de\/wp-json\/wp\/v2\/media\/2133"}],"wp:attachment":[{"href":"https:\/\/www.comehealthgroup.com\/de\/wp-json\/wp\/v2\/media?parent=1295"}],"wp:term":[{"taxonomy":"product_brand","embeddable":true,"href":"https:\/\/www.comehealthgroup.com\/de\/wp-json\/wp\/v2\/product_brand?post=1295"},{"taxonomy":"product_cat","embeddable":true,"href":"https:\/\/www.comehealthgroup.com\/de\/wp-json\/wp\/v2\/product_cat?post=1295"},{"taxonomy":"product_tag","embeddable":true,"href":"https:\/\/www.comehealthgroup.com\/de\/wp-json\/wp\/v2\/product_tag?post=1295"}],"curies":[{"name":"wp","href":"https:\/\/api.w.org\/{rel}","templated":true}]}}