{"id":1300,"date":"2024-12-28T01:39:35","date_gmt":"2024-12-28T01:39:35","guid":{"rendered":"https:\/\/www.comehealthgroup.com\/?post_type=product&#038;p=1300"},"modified":"2025-03-21T02:59:45","modified_gmt":"2025-03-21T02:59:45","slug":"probiotic-gummies-bulk","status":"publish","type":"product","link":"https:\/\/www.comehealthgroup.com\/de\/product\/probiotic-gummies-bulk\/","title":{"rendered":"Probiotische Gummis Bulk, Private Label Probiotische Gummis f\u00fcr Darmgesundheit"},"content":{"rendered":"<div class=\"wp-block-columns is-layout-flex wp-container-core-columns-is-layout-9d6595d7 wp-block-columns-is-layout-flex\">\n<div class=\"wp-block-column is-layout-flow wp-block-column-is-layout-flow\">\n<h2 class=\"wp-block-heading\">Eigenschaften von Probiotic Gummies Bulk<\/h2>\n\n\n\n<ul class=\"wp-block-list\">\n<li><strong>Unterst\u00fctzt die Gesundheit des Darms: <\/strong>Unsere probiotischen Gummib\u00e4rchen sind reich an einer Vielzahl von probiotischen St\u00e4mmen, die die Darmflora ausgleichen, die Gesundheit des mikro\u00f6kologischen Darmmilieus f\u00f6rdern, das Verdauungssystem stark unterst\u00fctzen und Verstopfung, Bl\u00e4hungen und andere Probleme lindern k\u00f6nnen.<\/li>\n\n\n\n<li><strong>Verbessert die Immunit\u00e4t: <\/strong>Die hochwirksamen probiotischen St\u00e4mme, die in unseren probiotischen Gummib\u00e4rchen der Eigenmarke enthalten sind, f\u00f6rdern nicht nur die Verdauung, sondern stimulieren auch das Immunsystem, indem sie die Barrierefunktionen des Darms st\u00e4rken und so dem K\u00f6rper helfen, sich gegen \u00e4u\u00dfere Krankheitserreger zu wehren.<\/li>\n\n\n\n<li><strong>K\u00f6stlich und leicht zu nehmen: <\/strong>S\u00fc\u00df und sauer, schmackhaft und einfach einzunehmen, unsere probiotischen Gummib\u00e4rchen lassen die traditionelle Form von Pulver oder Kapseln f\u00fcr probiotische Produkte hinter sich, um von Kunden mit einem ges\u00fcnderen, modernen und schnellen Leben leichter akzeptiert zu werden.<\/li>\n\n\n\n<li><strong>Private Label-Anpassungsdienst: <\/strong>Wir bieten flexible Dienstleistungen f\u00fcr die Herstellung von probiotischen Gummib\u00e4rchen f\u00fcr Eigenmarken an, z. B. die Anpassung der Stammtypen je nach Bedarf, die Aromatisierung der Gummib\u00e4rchen und die Neugestaltung der Verpackung. Wir k\u00f6nnen unsere Kunden professionell unterst\u00fctzen, wenn es darum geht, ein einzigartiges Markenprodukt auf den Markt zu bringen oder die Bed\u00fcrfnisse von Nischenm\u00e4rkten zu erf\u00fcllen.<\/li>\n<\/ul>\n<\/div>\n\n\n\n<div class=\"wp-block-column is-layout-flow wp-block-column-is-layout-flow\">\n<figure class=\"wp-block-image size-full\"><img decoding=\"async\" width=\"1396\" height=\"1396\" src=\"https:\/\/www.comehealthgroup.com\/wp-content\/uploads\/2024\/12\/Probiotic-Gummies_04.webp\" alt=\"\" class=\"wp-image-2124\" srcset=\"https:\/\/www.comehealthgroup.com\/wp-content\/uploads\/2024\/12\/Probiotic-Gummies_04.webp 1396w, https:\/\/www.comehealthgroup.com\/wp-content\/uploads\/2024\/12\/Probiotic-Gummies_04-300x300.webp 300w, https:\/\/www.comehealthgroup.com\/wp-content\/uploads\/2024\/12\/Probiotic-Gummies_04-150x150.webp 150w, https:\/\/www.comehealthgroup.com\/wp-content\/uploads\/2024\/12\/Probiotic-Gummies_04-768x768.webp 768w, https:\/\/www.comehealthgroup.com\/wp-content\/uploads\/2024\/12\/Probiotic-Gummies_04-12x12.webp 12w, https:\/\/www.comehealthgroup.com\/wp-content\/uploads\/2024\/12\/Probiotic-Gummies_04-1200x1200.webp 1200w, https:\/\/www.comehealthgroup.com\/wp-content\/uploads\/2024\/12\/Probiotic-Gummies_04-600x600.webp 600w, https:\/\/www.comehealthgroup.com\/wp-content\/uploads\/2024\/12\/Probiotic-Gummies_04-100x100.webp 100w\" sizes=\"(max-width: 1396px) 100vw, 1396px\" \/><\/figure>\n<\/div>\n<\/div>\n\n\n\n<p><\/p>","protected":false},"excerpt":{"rendered":"<p>Dieses probiotische Gummib\u00e4rchen der Eigenmarke kombiniert alle Arten von hochwirksamen St\u00e4mmen zur F\u00f6rderung der Darmgesundheit, der Verdauung und des Immunsystems. Es schmeckt gro\u00dfartig und ist sehr einfach zu essen. Als professioneller Hersteller bietet ComeHealth Private Label Customization Services und ist ein idealer Partner f\u00fcr Ihre Markengesundheitsprodukte.<\/p>\n<table style=\"border-collapse: collapse;width: 308.02pt\" border=\"0\" width=\"308\" cellspacing=\"0\" cellpadding=\"0\">\n<tbody>\n<tr style=\"height: 15.20pt\">\n<td class=\"et2\" style=\"height: 15.20pt;width: 101.70pt\" width=\"101\" height=\"15\">Markenname<\/td>\n<td class=\"et2\" style=\"width: 206.65pt\" width=\"206\">Come Health\/ White Label<\/td>\n<\/tr>\n<tr style=\"height: 46.00pt\">\n<td class=\"et2\" style=\"height: 46.00pt\" height=\"46\">Produktvorteile<\/td>\n<td class=\"et3\" style=\"width: 206.65pt\" width=\"206\">*F\u00f6rdert die Darmgesundheit<br \/>*Unterst\u00fctzt die Gesundheit der Verdauung<br \/>*Unterst\u00fctzt die Gesundheit des Immunsystems<\/td>\n<\/tr>\n<tr style=\"height: 15.20pt\">\n<td class=\"et2\" style=\"height: 15.20pt\" height=\"15\">Dosierungsform<\/td>\n<td class=\"et2\">Gummib\u00e4rchen<\/td>\n<\/tr>\n<tr style=\"height: 15.20pt\">\n<td class=\"et2\" style=\"height: 15.20pt\" height=\"15\">Farbe<\/td>\n<td class=\"et2\">Gelb<\/td>\n<\/tr>\n<tr style=\"height: 16.00pt\">\n<td class=\"et2\" style=\"height: 16.00pt\" height=\"16\">Geschmack<\/td>\n<td class=\"et3\" style=\"width: 206.65pt\" width=\"206\">Gemischte Beere<\/td>\n<\/tr>\n<tr style=\"height: 15.20pt\">\n<td class=\"et2\" style=\"height: 15.20pt\" height=\"15\">Form<\/td>\n<td class=\"et2\">Ablagefach<\/td>\n<\/tr>\n<tr style=\"height: 15.20pt\">\n<td class=\"et2\" style=\"height: 15.20pt\" height=\"15\">Produkt-Spezifikation<\/td>\n<td class=\"et2\">60 Einheiten\/Flasche<\/td>\n<\/tr>\n<tr style=\"height: 15.20pt\">\n<td class=\"et2\" style=\"height: 15.20pt\" height=\"15\">Haltbarkeitsdauer<\/td>\n<td class=\"et2\">24 Monate<\/td>\n<\/tr>\n<tr style=\"height: 15.20pt\">\n<td class=\"et2\" style=\"height: 15.20pt\" height=\"15\">Abmessungen (cm)<\/td>\n<td class=\"et2\">7X7X12<\/td>\n<\/tr>\n<tr style=\"height: 15.20pt\">\n<td class=\"et2\" style=\"height: 15.20pt\" height=\"15\">Nettogewicht(kg)<\/td>\n<td class=\"et2\">0,22 kg<\/td>\n<\/tr>\n<tr style=\"height: 15.20pt\">\n<td class=\"et2\" style=\"height: 15.20pt\" height=\"15\">Personalisierung<\/td>\n<td class=\"et2\">Grafik, Logo, Verpackung<\/td>\n<\/tr>\n<tr style=\"height: 15.20pt\">\n<td class=\"et2\" style=\"height: 15.20pt\" height=\"15\">Bestandsaufnahme<\/td>\n<td class=\"et2\">Vorr\u00e4tig<\/td>\n<\/tr>\n<\/tbody>\n<\/table>\n<p>&nbsp;<\/p>","protected":false},"featured_media":2126,"comment_status":"closed","ping_status":"closed","template":"","meta":{"_acf_changed":false},"product_brand":[],"product_cat":[40,34,32],"product_tag":[],"class_list":{"0":"post-1300","1":"product","2":"type-product","3":"status-publish","4":"has-post-thumbnail","6":"product_cat-private-label-gummy-supplements","7":"product_cat-private-label-health-supplements","8":"product_cat-private-label-immune-supplements","10":"first","11":"instock","12":"shipping-taxable","13":"product-type-simple"},"acf":[],"_links":{"self":[{"href":"https:\/\/www.comehealthgroup.com\/de\/wp-json\/wp\/v2\/product\/1300","targetHints":{"allow":["GET"]}}],"collection":[{"href":"https:\/\/www.comehealthgroup.com\/de\/wp-json\/wp\/v2\/product"}],"about":[{"href":"https:\/\/www.comehealthgroup.com\/de\/wp-json\/wp\/v2\/types\/product"}],"replies":[{"embeddable":true,"href":"https:\/\/www.comehealthgroup.com\/de\/wp-json\/wp\/v2\/comments?post=1300"}],"wp:featuredmedia":[{"embeddable":true,"href":"https:\/\/www.comehealthgroup.com\/de\/wp-json\/wp\/v2\/media\/2126"}],"wp:attachment":[{"href":"https:\/\/www.comehealthgroup.com\/de\/wp-json\/wp\/v2\/media?parent=1300"}],"wp:term":[{"taxonomy":"product_brand","embeddable":true,"href":"https:\/\/www.comehealthgroup.com\/de\/wp-json\/wp\/v2\/product_brand?post=1300"},{"taxonomy":"product_cat","embeddable":true,"href":"https:\/\/www.comehealthgroup.com\/de\/wp-json\/wp\/v2\/product_cat?post=1300"},{"taxonomy":"product_tag","embeddable":true,"href":"https:\/\/www.comehealthgroup.com\/de\/wp-json\/wp\/v2\/product_tag?post=1300"}],"curies":[{"name":"wp","href":"https:\/\/api.w.org\/{rel}","templated":true}]}}