{"id":1305,"date":"2024-12-28T01:54:42","date_gmt":"2024-12-28T01:54:42","guid":{"rendered":"https:\/\/www.comehealthgroup.com\/?post_type=product&#038;p=1305"},"modified":"2025-03-21T01:43:38","modified_gmt":"2025-03-21T01:43:38","slug":"bulk-vitamin-c-gummies","status":"publish","type":"product","link":"https:\/\/www.comehealthgroup.com\/de\/product\/bulk-vitamin-c-gummies\/","title":{"rendered":"Bulk Vitamin C Gummis, Private Label Vitamin Gummis f\u00fcr Immunsystem"},"content":{"rendered":"<div class=\"wp-block-columns is-layout-flex wp-container-core-columns-is-layout-9d6595d7 wp-block-columns-is-layout-flex\">\n<div class=\"wp-block-column is-layout-flow wp-block-column-is-layout-flow\">\n<h2 class=\"wp-block-heading\">Eigenschaften von Bulk Vitamin C Gummies<\/h2>\n\n\n\n<ul class=\"wp-block-list\">\n<li><strong>St\u00e4rkt das Immunsystem: <\/strong>Unsere gro\u00dfen Vitamin-C-Gummis sind reich an hochkonzentriertem Vitamin C. Diese Gummis verbessern effektiv die Funktion des Immunsystems, helfen dem K\u00f6rper, sich gegen krankmachende Viren von au\u00dfen zu wehren und begleiten die t\u00e4gliche Gesundheit.<\/li>\n\n\n\n<li><strong>F\u00f6rdert die Gesundheit der Verdauung:<\/strong> So sehr Vitamin C als gro\u00dfartig f\u00fcr das Immunsystem angesehen wird, so sehr wirkt es auch bei der Aufrechterhaltung der Magen-Darm-Funktionen. Unsere Vitamin-Gummis der Eigenmarke k\u00f6nnen die Sekretion von Verdauungsenzymen f\u00f6rdern, um eine schnelle und bessere Nahrungsaufnahme zu erm\u00f6glichen.<\/li>\n\n\n\n<li><strong>Lindert die Entz\u00fcndung: <\/strong>Vitamin C hat antioxidative Eigenschaften, die den oxidativen Stress im K\u00f6rper reduzieren. Unsere gro\u00dfen Vitamin-C-Gummis reduzieren Entz\u00fcndungen, sch\u00fctzen die Zellgesundheit und halten den K\u00f6rper im Gleichgewicht.<\/li>\n\n\n\n<li><strong>Ma\u00dfgeschneiderter Eigenmarken-Service: <\/strong>Wir bieten eine Reihe von Mehrwertdiensten im Bereich der Vitamin-Gummis f\u00fcr Eigenmarken an, einschlie\u00dflich, aber nicht beschr\u00e4nkt auf die Auswahl von Geschmacksrichtungen, das Verh\u00e4ltnis von Vitaminen und das Verpackungsdesign, um unsere Kunden bei der Entwicklung ihrer exklusiven Markenprodukte zu unterst\u00fctzen, die unterschiedliche Marktanforderungen erf\u00fcllen.<\/li>\n<\/ul>\n<\/div>\n\n\n\n<div class=\"wp-block-column is-layout-flow wp-block-column-is-layout-flow\">\n<figure class=\"wp-block-image size-full\"><img decoding=\"async\" width=\"1500\" height=\"1500\" src=\"https:\/\/www.comehealthgroup.com\/wp-content\/uploads\/2024\/12\/Vitamin-C-Gummies_03.webp\" alt=\"\" class=\"wp-image-2121\" srcset=\"https:\/\/www.comehealthgroup.com\/wp-content\/uploads\/2024\/12\/Vitamin-C-Gummies_03.webp 1500w, https:\/\/www.comehealthgroup.com\/wp-content\/uploads\/2024\/12\/Vitamin-C-Gummies_03-300x300.webp 300w, https:\/\/www.comehealthgroup.com\/wp-content\/uploads\/2024\/12\/Vitamin-C-Gummies_03-150x150.webp 150w, https:\/\/www.comehealthgroup.com\/wp-content\/uploads\/2024\/12\/Vitamin-C-Gummies_03-768x768.webp 768w, https:\/\/www.comehealthgroup.com\/wp-content\/uploads\/2024\/12\/Vitamin-C-Gummies_03-12x12.webp 12w, https:\/\/www.comehealthgroup.com\/wp-content\/uploads\/2024\/12\/Vitamin-C-Gummies_03-1200x1200.webp 1200w, https:\/\/www.comehealthgroup.com\/wp-content\/uploads\/2024\/12\/Vitamin-C-Gummies_03-600x600.webp 600w, https:\/\/www.comehealthgroup.com\/wp-content\/uploads\/2024\/12\/Vitamin-C-Gummies_03-100x100.webp 100w\" sizes=\"(max-width: 1500px) 100vw, 1500px\" \/><\/figure>\n<\/div>\n<\/div>\n\n\n\n<p><\/p>","protected":false},"excerpt":{"rendered":"<p>Willkommen bei benutzerdefinierten Gummivitaminen. Diese Bulk-Vitamin-C-Gummis sind f\u00fcr die St\u00e4rkung der Immunit\u00e4t, die Verbesserung der Verdauung und die Linderung von Entz\u00fcndungen, reich an hochwirksamen Antioxidantien Zutaten. Es ist f\u00fcr die t\u00e4gliche Unterst\u00fctzung der Gesundheit geeignet. ComeHealth bietet professionelle Dienstleistungen zur Anpassung von Eigenmarken und ist Ihre ideale Wahl f\u00fcr den Aufbau einer gesunden Marke.<\/p>\n<table style=\"border-collapse: collapse;width: 308.02pt\" border=\"0\" width=\"308\" cellspacing=\"0\" cellpadding=\"0\">\n<tbody>\n<tr style=\"height: 15.20pt\">\n<td class=\"et2\" style=\"height: 15.20pt;width: 101.70pt\" width=\"101\" height=\"15\">Markenname<\/td>\n<td class=\"et2\" style=\"width: 206.65pt\" width=\"206\">Come Health\/ White Label<\/td>\n<\/tr>\n<tr style=\"height: 46.00pt\">\n<td class=\"et2\" style=\"height: 46.00pt\" height=\"46\">Produktvorteile<\/td>\n<td class=\"et3\" style=\"width: 206.65pt\" width=\"206\">*verbessert die Verdauung<br \/>*Unterst\u00fctzt das Immunsystem<br \/>*Reduziert Entz\u00fcndungen<\/td>\n<\/tr>\n<tr style=\"height: 15.20pt\">\n<td class=\"et2\" style=\"height: 15.20pt\" height=\"15\">Dosierungsform<\/td>\n<td class=\"et2\">Gummib\u00e4rchen<\/td>\n<\/tr>\n<tr style=\"height: 15.20pt\">\n<td class=\"et2\" style=\"height: 15.20pt\" height=\"15\">Farbe<\/td>\n<td class=\"et2\">Orange<\/td>\n<\/tr>\n<tr style=\"height: 16.00pt\">\n<td class=\"et2\" style=\"height: 16.00pt\" height=\"16\">Geschmack<\/td>\n<td class=\"et3\" style=\"width: 206.65pt\" width=\"206\">Orangengeschmack<\/td>\n<\/tr>\n<tr style=\"height: 15.20pt\">\n<td class=\"et2\" style=\"height: 15.20pt\" height=\"15\">Form<\/td>\n<td class=\"et2\">Ablagefach<\/td>\n<\/tr>\n<tr style=\"height: 15.20pt\">\n<td class=\"et2\" style=\"height: 15.20pt\" height=\"15\">Produkt-Spezifikation<\/td>\n<td class=\"et2\">60 Einheiten\/Flasche<\/td>\n<\/tr>\n<tr style=\"height: 15.20pt\">\n<td class=\"et2\" style=\"height: 15.20pt\" height=\"15\">Haltbarkeitsdauer<\/td>\n<td class=\"et2\">24 Monate<\/td>\n<\/tr>\n<tr style=\"height: 15.20pt\">\n<td class=\"et2\" style=\"height: 15.20pt\" height=\"15\">Abmessungen (cm)<\/td>\n<td class=\"et2\">7X7X12<\/td>\n<\/tr>\n<tr style=\"height: 15.20pt\">\n<td class=\"et2\" style=\"height: 15.20pt\" height=\"15\">Nettogewicht(kg)<\/td>\n<td class=\"et2\">0,22 kg<\/td>\n<\/tr>\n<tr style=\"height: 15.20pt\">\n<td class=\"et2\" style=\"height: 15.20pt\" height=\"15\">Personalisierung<\/td>\n<td class=\"et2\">Grafik, Logo, Verpackung<\/td>\n<\/tr>\n<tr style=\"height: 15.20pt\">\n<td class=\"et2\" style=\"height: 15.20pt\" height=\"15\">Bestandsaufnahme<\/td>\n<td class=\"et2\">Vorr\u00e4tig<\/td>\n<\/tr>\n<\/tbody>\n<\/table>\n<p>&nbsp;<\/p>","protected":false},"featured_media":2119,"comment_status":"closed","ping_status":"closed","template":"","meta":{"_acf_changed":false},"product_brand":[],"product_cat":[40,34,32,41],"product_tag":[],"class_list":{"0":"post-1305","1":"product","2":"type-product","3":"status-publish","4":"has-post-thumbnail","6":"product_cat-private-label-gummy-supplements","7":"product_cat-private-label-health-supplements","8":"product_cat-private-label-immune-supplements","9":"product_cat-bulk-vitamins-and-minerals-supplements","11":"first","12":"instock","13":"shipping-taxable","14":"product-type-simple"},"acf":[],"_links":{"self":[{"href":"https:\/\/www.comehealthgroup.com\/de\/wp-json\/wp\/v2\/product\/1305","targetHints":{"allow":["GET"]}}],"collection":[{"href":"https:\/\/www.comehealthgroup.com\/de\/wp-json\/wp\/v2\/product"}],"about":[{"href":"https:\/\/www.comehealthgroup.com\/de\/wp-json\/wp\/v2\/types\/product"}],"replies":[{"embeddable":true,"href":"https:\/\/www.comehealthgroup.com\/de\/wp-json\/wp\/v2\/comments?post=1305"}],"wp:featuredmedia":[{"embeddable":true,"href":"https:\/\/www.comehealthgroup.com\/de\/wp-json\/wp\/v2\/media\/2119"}],"wp:attachment":[{"href":"https:\/\/www.comehealthgroup.com\/de\/wp-json\/wp\/v2\/media?parent=1305"}],"wp:term":[{"taxonomy":"product_brand","embeddable":true,"href":"https:\/\/www.comehealthgroup.com\/de\/wp-json\/wp\/v2\/product_brand?post=1305"},{"taxonomy":"product_cat","embeddable":true,"href":"https:\/\/www.comehealthgroup.com\/de\/wp-json\/wp\/v2\/product_cat?post=1305"},{"taxonomy":"product_tag","embeddable":true,"href":"https:\/\/www.comehealthgroup.com\/de\/wp-json\/wp\/v2\/product_tag?post=1305"}],"curies":[{"name":"wp","href":"https:\/\/api.w.org\/{rel}","templated":true}]}}