{"id":1341,"date":"2025-02-05T09:48:19","date_gmt":"2025-02-05T09:48:19","guid":{"rendered":"https:\/\/www.comehealthgroup.com\/?post_type=product&#038;p=1341"},"modified":"2025-02-05T09:48:20","modified_gmt":"2025-02-05T09:48:20","slug":"private-label-immune-supplements","status":"publish","type":"product","link":"https:\/\/www.comehealthgroup.com\/de\/product\/private-label-immune-supplements\/","title":{"rendered":"iBesDina Kautabletten Private Label Immune Supplements f\u00fcr die Gesundheit der Lunge"},"content":{"rendered":"<div class=\"wp-block-columns is-layout-flex wp-container-core-columns-is-layout-9d6595d7 wp-block-columns-is-layout-flex\">\n<div class=\"wp-block-column is-layout-flow wp-block-column-is-layout-flow\">\n<h2 class=\"wp-block-heading\">Merkmale von Private Label Immune Supplements<\/h2>\n\n\n\n<ul class=\"wp-block-list\">\n<li><strong>Unterst\u00fctzt die Gesundheit der Lunge:<\/strong> Diese immunologischen Nahrungserg\u00e4nzungsmittel der Eigenmarke unterst\u00fctzen die Gesundheit Ihrer Lunge, indem sie den Schleim reduzieren und den Schleim aufl\u00f6sen, um Ihnen das Atmen zu erleichtern und das Wohlbefinden der Atemwege zu f\u00f6rdern.<\/li>\n\n\n\n<li><strong>Reduziert den Schleim und l\u00f6st den Schleim auf:<\/strong> Die Wirkstoffe in den iBesDina-Kautabletten f\u00fcr den Gro\u00dfhandel wirken synergetisch, um den Schleim zu l\u00f6sen und den Atemkomfort zu verbessern.<\/li>\n\n\n\n<li><strong>Verbessert das Immunsystem: <\/strong>Unsere Eigenmarken-Immunpr\u00e4parate st\u00e4rken bei langfristigem Verzehr das Immunsystem und tragen so zur allgemeinen Gesundheit und zur Widerstandsf\u00e4higkeit des K\u00f6rpers gegen Infektionen bei.<\/li>\n\n\n\n<li><strong>Verbessert die Gesundheit der Gef\u00e4\u00dfe: <\/strong>Mit entz\u00fcndungshemmenden Inhaltsstoffen wie Quercetin und Hesperidin sowie Rutosid, das die Aufnahme von Vitamin C f\u00f6rdert, unterst\u00fctzt iBesDina Kautabletten im Gro\u00dfhandel sowohl die Gesundheit der Lunge als auch der Gef\u00e4\u00dfe.<\/li>\n<\/ul>\n<\/div>\n\n\n\n<div class=\"wp-block-column is-layout-flow wp-block-column-is-layout-flow\">\n<figure class=\"wp-block-image size-full\"><img decoding=\"async\" width=\"800\" height=\"800\" src=\"https:\/\/www.comehealthgroup.com\/wp-content\/uploads\/2025\/01\/DETOXIEYING-LUNG-TABLETS-7.webp\" alt=\"iBesDina Kautabletten Private Label Immun Supplements f\u00fcr die Gesundheit der Lunge-8\" class=\"wp-image-1349\" srcset=\"https:\/\/www.comehealthgroup.com\/wp-content\/uploads\/2025\/01\/DETOXIEYING-LUNG-TABLETS-7.webp 800w, https:\/\/www.comehealthgroup.com\/wp-content\/uploads\/2025\/01\/DETOXIEYING-LUNG-TABLETS-7-300x300.webp 300w, https:\/\/www.comehealthgroup.com\/wp-content\/uploads\/2025\/01\/DETOXIEYING-LUNG-TABLETS-7-150x150.webp 150w, https:\/\/www.comehealthgroup.com\/wp-content\/uploads\/2025\/01\/DETOXIEYING-LUNG-TABLETS-7-768x768.webp 768w, https:\/\/www.comehealthgroup.com\/wp-content\/uploads\/2025\/01\/DETOXIEYING-LUNG-TABLETS-7-12x12.webp 12w, https:\/\/www.comehealthgroup.com\/wp-content\/uploads\/2025\/01\/DETOXIEYING-LUNG-TABLETS-7-600x600.webp 600w, https:\/\/www.comehealthgroup.com\/wp-content\/uploads\/2025\/01\/DETOXIEYING-LUNG-TABLETS-7-100x100.webp 100w\" sizes=\"(max-width: 800px) 100vw, 800px\" \/><\/figure>\n<\/div>\n<\/div>","protected":false},"excerpt":{"rendered":"<p>Willkommen beim Kauf von immunologischen Nahrungserg\u00e4nzungsmitteln der Eigenmarke. iBesDina Kautabletten im Gro\u00dfhandel unterst\u00fctzen die Gesundheit der Lunge, helfen den Schleim zu reduzieren und den Schleim zu l\u00f6sen. Langfristige Einnahme kann auch das Immunsystem, die Lunge und die Gesundheit der Gef\u00e4\u00dfe verbessern.<\/p>\n<table width=\"410\">\n<tbody>\n<tr>\n<td width=\"144\">Markenname<\/td>\n<td width=\"266\">iBesDina<\/td>\n<\/tr>\n<tr>\n<td>Produktvorteile<\/td>\n<td>*Unterst\u00fctzt die Lungengesundheit<br \/>*Schleiml\u00f6send und schleimaufl\u00f6send<br \/>*St\u00e4rkt das Immunsystem<br \/>*Verbessert die Gesundheit der Gef\u00e4\u00dfe<\/td>\n<\/tr>\n<tr>\n<td>Dosierungsform<\/td>\n<td>Tablette<\/td>\n<\/tr>\n<tr>\n<td>Produkt-Spezifikation<\/td>\n<td>60 St\u00fcck\/Flasche<\/td>\n<\/tr>\n<tr>\n<td>Verpackung<\/td>\n<td>Flasche mit Umkarton<\/td>\n<\/tr>\n<tr>\n<td>Haltbarkeitsdauer<\/td>\n<td>24 Monate<\/td>\n<\/tr>\n<\/tbody>\n<\/table>","protected":false},"featured_media":1344,"comment_status":"closed","ping_status":"closed","template":"","meta":{"_acf_changed":false},"product_brand":[],"product_cat":[51,52,34,32],"product_tag":[],"class_list":{"0":"post-1341","1":"product","2":"type-product","3":"status-publish","4":"has-post-thumbnail","6":"product_cat-ibesdina-supplements-wholesale","7":"product_cat-private-label-supplement-tablets","8":"product_cat-private-label-health-supplements","9":"product_cat-private-label-immune-supplements","11":"first","12":"instock","13":"shipping-taxable","14":"product-type-simple"},"acf":[],"_links":{"self":[{"href":"https:\/\/www.comehealthgroup.com\/de\/wp-json\/wp\/v2\/product\/1341","targetHints":{"allow":["GET"]}}],"collection":[{"href":"https:\/\/www.comehealthgroup.com\/de\/wp-json\/wp\/v2\/product"}],"about":[{"href":"https:\/\/www.comehealthgroup.com\/de\/wp-json\/wp\/v2\/types\/product"}],"replies":[{"embeddable":true,"href":"https:\/\/www.comehealthgroup.com\/de\/wp-json\/wp\/v2\/comments?post=1341"}],"wp:featuredmedia":[{"embeddable":true,"href":"https:\/\/www.comehealthgroup.com\/de\/wp-json\/wp\/v2\/media\/1344"}],"wp:attachment":[{"href":"https:\/\/www.comehealthgroup.com\/de\/wp-json\/wp\/v2\/media?parent=1341"}],"wp:term":[{"taxonomy":"product_brand","embeddable":true,"href":"https:\/\/www.comehealthgroup.com\/de\/wp-json\/wp\/v2\/product_brand?post=1341"},{"taxonomy":"product_cat","embeddable":true,"href":"https:\/\/www.comehealthgroup.com\/de\/wp-json\/wp\/v2\/product_cat?post=1341"},{"taxonomy":"product_tag","embeddable":true,"href":"https:\/\/www.comehealthgroup.com\/de\/wp-json\/wp\/v2\/product_tag?post=1341"}],"curies":[{"name":"wp","href":"https:\/\/api.w.org\/{rel}","templated":true}]}}