{"id":1351,"date":"2025-01-08T09:58:47","date_gmt":"2025-01-08T09:58:47","guid":{"rendered":"https:\/\/www.comehealthgroup.com\/?post_type=product&#038;p=1351"},"modified":"2025-01-08T10:12:43","modified_gmt":"2025-01-08T10:12:43","slug":"health-supplements-wholesale","status":"publish","type":"product","link":"https:\/\/www.comehealthgroup.com\/de\/product\/health-supplements-wholesale\/","title":{"rendered":"iBesDina Gesundheit Erg\u00e4nzungen Gro\u00dfhandel f\u00fcr Brust Gesundheit"},"content":{"rendered":"<div class=\"wp-block-columns is-layout-flex wp-container-core-columns-is-layout-9d6595d7 wp-block-columns-is-layout-flex\">\n<div class=\"wp-block-column is-layout-flow wp-block-column-is-layout-flow\">\n<h2 class=\"wp-block-heading\">Features of Breast Health Supplements Wholesale<\/h2>\n\n\n\n<ul class=\"wp-block-list\">\n<li><strong>Promotes Overall Breast Health<\/strong>: Our health supplements wholesale is designed to support and maintain optimal breast health, helping to address key aspects of breast wellness.<\/li>\n\n\n\n<li><strong>Research-Proven Ingredients<\/strong>: Our private label health supplements contain scientifically backed ingredients that support healthy breast tissue, providing effective care based on solid research.<\/li>\n\n\n\n<li><strong>Vegetarian and Vegan Friendly<\/strong>: Vegetarians and even those who are very strict vegans can take the health supplements wholesale, and it is inclusively suitable for varied dietary preferences.<\/li>\n\n\n\n<li><strong>Supports Optimal Breast Function<\/strong>: Specifically formulated to support the natural function and health of the breasts, our private label health supplements promote overall breast well-being.<br><\/li>\n<\/ul>\n<\/div>\n\n\n\n<div class=\"wp-block-column is-layout-flow wp-block-column-is-layout-flow\">\n<figure class=\"wp-block-image size-full\"><img decoding=\"async\" width=\"800\" height=\"800\" src=\"https:\/\/www.comehealthgroup.com\/wp-content\/uploads\/2025\/01\/BREAST-HEALTH-6.webp\" alt=\"iBesDina Health Supplements Wholesale For Breast Health-7\" class=\"wp-image-1358\" srcset=\"https:\/\/www.comehealthgroup.com\/wp-content\/uploads\/2025\/01\/BREAST-HEALTH-6.webp 800w, https:\/\/www.comehealthgroup.com\/wp-content\/uploads\/2025\/01\/BREAST-HEALTH-6-300x300.webp 300w, https:\/\/www.comehealthgroup.com\/wp-content\/uploads\/2025\/01\/BREAST-HEALTH-6-150x150.webp 150w, https:\/\/www.comehealthgroup.com\/wp-content\/uploads\/2025\/01\/BREAST-HEALTH-6-768x768.webp 768w, https:\/\/www.comehealthgroup.com\/wp-content\/uploads\/2025\/01\/BREAST-HEALTH-6-12x12.webp 12w, https:\/\/www.comehealthgroup.com\/wp-content\/uploads\/2025\/01\/BREAST-HEALTH-6-600x600.webp 600w, https:\/\/www.comehealthgroup.com\/wp-content\/uploads\/2025\/01\/BREAST-HEALTH-6-100x100.webp 100w\" sizes=\"(max-width: 800px) 100vw, 800px\" \/><\/figure>\n<\/div>\n<\/div>\n\n\n\n<p><\/p>","protected":false},"excerpt":{"rendered":"<p>iBesDina Nahrungserg\u00e4nzungsmittel im Gro\u00dfhandel wurden speziell f\u00fcr die Gesundheit der Brust entwickelt und kombinieren nat\u00fcrliche Pflanzenextrakte und wissenschaftliche Formeln, um Frauen zu helfen, das Hormongleichgewicht zu erhalten und die Gesundheit der Brust zu verbessern. Es verwendet qualitativ hochwertige Rohstoffe mit einer Garantie f\u00fcr Sicherheit und Zuverl\u00e4ssigkeit und das Design ist so, dass es einfach zu nehmen, passend zu verschiedenen Gruppen Bed\u00fcrfnisse sein wird.<\/p>\n<table style=\"border-collapse: collapse; width: 308.02pt;\" border=\"0\" width=\"308\" cellspacing=\"0\" cellpadding=\"0\">\n<tbody>\n<tr style=\"height: 15.20pt;\">\n<td class=\"et2\" style=\"height: 15.20pt; width: 101.70pt;\" width=\"101\" height=\"15\">Markenname<\/td>\n<td class=\"et2\" style=\"width: 206.65pt;\" width=\"206\">iBesDina<\/td>\n<\/tr>\n<tr style=\"height: 61.00pt;\">\n<td class=\"et2\" style=\"height: 61.00pt;\" height=\"61\">Produktvorteile<\/td>\n<td class=\"et3\" style=\"width: 206.65pt;\" width=\"206\">*F\u00f6rdert die allgemeine Gesundheit der Br\u00fcste<br \/>*unterst\u00fctzt die optimale Funktion der Br\u00fcste<br \/>*Vegetarier- und Veganerfreundlichkeit<br \/>*Forschungserprobte Inhaltsstoffe<\/td>\n<\/tr>\n<tr style=\"height: 15.20pt;\">\n<td class=\"et2\" style=\"height: 15.20pt;\" height=\"15\">Dosierungsform<\/td>\n<td class=\"et4\">Tablette<\/td>\n<\/tr>\n<tr style=\"height: 15.20pt;\">\n<td class=\"et2\" style=\"height: 15.20pt;\" height=\"15\">Produkt-Spezifikation<\/td>\n<td class=\"et4\">60 St\u00fcck\/Flasche<\/td>\n<\/tr>\n<tr style=\"height: 15.20pt;\">\n<td class=\"et2\" style=\"height: 15.20pt;\" height=\"15\">Haltbarkeitsdauer<\/td>\n<td class=\"et2\">24 Monate<\/td>\n<\/tr>\n<tr style=\"height: 15.20pt;\">\n<td class=\"et2\" style=\"height: 15.20pt;\" height=\"15\">Paket<\/td>\n<td class=\"et2\">Flasche mit Umkarton<\/td>\n<\/tr>\n<tr style=\"height: 15.20pt;\">\n<td class=\"et2\" style=\"height: 15.20pt;\" height=\"15\">Bestandsaufnahme<\/td>\n<td class=\"et2\">Vorr\u00e4tig<\/td>\n<\/tr>\n<\/tbody>\n<\/table>","protected":false},"featured_media":1357,"comment_status":"closed","ping_status":"closed","template":"","meta":{"_acf_changed":false},"product_brand":[],"product_cat":[51,52,34],"product_tag":[],"class_list":{"0":"post-1351","1":"product","2":"type-product","3":"status-publish","4":"has-post-thumbnail","6":"product_cat-ibesdina-supplements-wholesale","7":"product_cat-private-label-supplement-tablets","8":"product_cat-private-label-health-supplements","10":"first","11":"instock","12":"shipping-taxable","13":"product-type-simple"},"acf":[],"_links":{"self":[{"href":"https:\/\/www.comehealthgroup.com\/de\/wp-json\/wp\/v2\/product\/1351","targetHints":{"allow":["GET"]}}],"collection":[{"href":"https:\/\/www.comehealthgroup.com\/de\/wp-json\/wp\/v2\/product"}],"about":[{"href":"https:\/\/www.comehealthgroup.com\/de\/wp-json\/wp\/v2\/types\/product"}],"replies":[{"embeddable":true,"href":"https:\/\/www.comehealthgroup.com\/de\/wp-json\/wp\/v2\/comments?post=1351"}],"wp:featuredmedia":[{"embeddable":true,"href":"https:\/\/www.comehealthgroup.com\/de\/wp-json\/wp\/v2\/media\/1357"}],"wp:attachment":[{"href":"https:\/\/www.comehealthgroup.com\/de\/wp-json\/wp\/v2\/media?parent=1351"}],"wp:term":[{"taxonomy":"product_brand","embeddable":true,"href":"https:\/\/www.comehealthgroup.com\/de\/wp-json\/wp\/v2\/product_brand?post=1351"},{"taxonomy":"product_cat","embeddable":true,"href":"https:\/\/www.comehealthgroup.com\/de\/wp-json\/wp\/v2\/product_cat?post=1351"},{"taxonomy":"product_tag","embeddable":true,"href":"https:\/\/www.comehealthgroup.com\/de\/wp-json\/wp\/v2\/product_tag?post=1351"}],"curies":[{"name":"wp","href":"https:\/\/api.w.org\/{rel}","templated":true}]}}