{"id":1367,"date":"2025-01-09T02:40:09","date_gmt":"2025-01-09T02:40:09","guid":{"rendered":"https:\/\/www.comehealthgroup.com\/?post_type=product&#038;p=1367"},"modified":"2025-01-09T02:40:11","modified_gmt":"2025-01-09T02:40:11","slug":"wholesale-health-supplements","status":"publish","type":"product","link":"https:\/\/www.comehealthgroup.com\/de\/product\/wholesale-health-supplements\/","title":{"rendered":"iBesDina Gro\u00dfhandel Gesundheit Erg\u00e4nzungen f\u00fcr gemeinsame Energie-Boost"},"content":{"rendered":"<div class=\"wp-block-columns is-layout-flex wp-container-core-columns-is-layout-9d6595d7 wp-block-columns-is-layout-flex\">\n<div class=\"wp-block-column is-layout-flow wp-block-column-is-layout-flow\">\n<h2 class=\"wp-block-heading\">Merkmale des Gro\u00dfhandels f\u00fcr Nahrungserg\u00e4nzungsmittel<\/h2>\n\n\n\n<ul class=\"wp-block-list\">\n<li><strong>Unterst\u00fctzt die Gesundheit der Gelenke:<\/strong> Unsere Private Label Joint Energy Booster-Tabletten enthalten sechs essenzielle N\u00e4hrstoffe, die die allgemeine Gesundheit und Flexibilit\u00e4t der Gelenke unterst\u00fctzen und die Mobilit\u00e4t und den Komfort f\u00f6rdern.<\/li>\n\n\n\n<li><strong>Enth\u00e4lt sechs wichtige N\u00e4hrstoffe: <\/strong>Mit sechs wichtigen Inhaltsstoffen bietet iBesDina ein umfassendes Konzept zur Erhaltung gesunder Gelenke, einschlie\u00dflich N\u00e4hrstoffen, die zur Verringerung von Entz\u00fcndungen und zur Verbesserung der Gelenkfunktion beitragen.<\/li>\n\n\n\n<li><strong>F\u00f6rdert den Komfort und die Flexibilit\u00e4t der Gelenke: <\/strong>Regelm\u00e4\u00dfige Einnahme hilft, die Beweglichkeit und Flexibilit\u00e4t der Gelenke zu verbessern. Unsere Joint Energy Booster-Tabletten der Eigenmarke erm\u00f6glichen eine bessere Beweglichkeit und reduzieren Beschwerden, die mit steifen oder alternden Gelenken verbunden sind.<\/li>\n\n\n\n<li><strong>F\u00f6rdert das langfristige Wohlbefinden der Gelenke: <\/strong>Diese Nahrungserg\u00e4nzungsmittel von iBesDina wurden entwickelt, um die langfristige Gesundheit Ihrer Gelenke zu unterst\u00fctzen. Dieses Produkt tr\u00e4gt zu st\u00e4rkeren, belastbareren Gelenken bei und verbessert die allgemeine Lebensqualit\u00e4t.<\/li>\n<\/ul>\n<\/div>\n\n\n\n<div class=\"wp-block-column is-layout-flow wp-block-column-is-layout-flow\">\n<figure class=\"wp-block-image size-full\"><img decoding=\"async\" width=\"800\" height=\"800\" src=\"https:\/\/www.comehealthgroup.com\/wp-content\/uploads\/2025\/01\/JOINT-ENERGY-BOOST-TABLETS-7.webp\" alt=\"iBesDina Gro\u00dfhandel Gesundheit Erg\u00e4nzungen f\u00fcr Joint Energy Boost-1\" class=\"wp-image-1375\" srcset=\"https:\/\/www.comehealthgroup.com\/wp-content\/uploads\/2025\/01\/JOINT-ENERGY-BOOST-TABLETS-7.webp 800w, https:\/\/www.comehealthgroup.com\/wp-content\/uploads\/2025\/01\/JOINT-ENERGY-BOOST-TABLETS-7-300x300.webp 300w, https:\/\/www.comehealthgroup.com\/wp-content\/uploads\/2025\/01\/JOINT-ENERGY-BOOST-TABLETS-7-150x150.webp 150w, https:\/\/www.comehealthgroup.com\/wp-content\/uploads\/2025\/01\/JOINT-ENERGY-BOOST-TABLETS-7-768x768.webp 768w, https:\/\/www.comehealthgroup.com\/wp-content\/uploads\/2025\/01\/JOINT-ENERGY-BOOST-TABLETS-7-12x12.webp 12w, https:\/\/www.comehealthgroup.com\/wp-content\/uploads\/2025\/01\/JOINT-ENERGY-BOOST-TABLETS-7-600x600.webp 600w, https:\/\/www.comehealthgroup.com\/wp-content\/uploads\/2025\/01\/JOINT-ENERGY-BOOST-TABLETS-7-100x100.webp 100w\" sizes=\"(max-width: 800px) 100vw, 800px\" \/><\/figure>\n<\/div>\n<\/div>\n\n\n\n<p><\/p>","protected":false},"excerpt":{"rendered":"<p>Willkommen zum Kauf iBesDina Gro\u00dfhandel Gesundheit Erg\u00e4nzungen. Unsere Eigenmarke Tabletten f\u00fcr Joint Energy Booster enthalten sechs wesentliche N\u00e4hrstoffe f\u00fcr die Unterst\u00fctzung der Gesundheit der Gelenke. Design zur Verbesserung der Gesundheit der Gelenkknorpel, die Beweglichkeit der Gelenke und Linderung von leichter Arthrose und Gelenkentz\u00fcndungen. Unterst\u00fctzt f\u00fcr die allgemeine Gesundheit der Knochen.<\/p>\n<table style=\"border-collapse: collapse; width: 308.02pt;\" border=\"0\" width=\"308\" cellspacing=\"0\" cellpadding=\"0\">\n<tbody>\n<tr style=\"height: 15.20pt;\">\n<td class=\"et2\" style=\"height: 15.20pt; width: 101.70pt;\" width=\"101\" height=\"15\">Markenname<\/td>\n<td class=\"et2\" style=\"width: 206.65pt;\" width=\"206\">iBesDina<\/td>\n<\/tr>\n<tr style=\"height: 76.00pt;\">\n<td class=\"et2\" style=\"height: 76.00pt;\" height=\"76\">Produktvorteile<\/td>\n<td class=\"et3\" style=\"width: 206.65pt;\" width=\"206\">*Gelenkknorpelgesundheit und Gelenkbeweglichkeit<br \/>*Linderung von leichter Arthrose und Entz\u00fcndungen<br \/>*Linderung von Knorpelverlust und leichten Gelenkschmerzen<br \/>*Unterst\u00fctzt die Gesundheit der Knochen<\/td>\n<\/tr>\n<tr style=\"height: 15.20pt;\">\n<td class=\"et2\" style=\"height: 15.20pt;\" height=\"15\">Dosierungsform<\/td>\n<td class=\"et4\">Tablette<\/td>\n<\/tr>\n<tr style=\"height: 15.20pt;\">\n<td class=\"et2\" style=\"height: 15.20pt;\" height=\"15\">Produkt-Spezifikation<\/td>\n<td class=\"et4\">60 St\u00fcck\/Flasche<\/td>\n<\/tr>\n<tr style=\"height: 15.20pt;\">\n<td class=\"et2\" style=\"height: 15.20pt;\" height=\"15\">Haltbarkeitsdauer<\/td>\n<td class=\"et2\">24 Monate<\/td>\n<\/tr>\n<tr style=\"height: 15.20pt;\">\n<td class=\"et2\" style=\"height: 15.20pt;\" height=\"15\">Paket<\/td>\n<td class=\"et2\">Flasche mit Umkarton<\/td>\n<\/tr>\n<tr style=\"height: 15.20pt;\">\n<td class=\"et2\" style=\"height: 15.20pt;\" height=\"15\">Bestandsaufnahme<\/td>\n<td class=\"et2\">Vorr\u00e4tig<\/td>\n<\/tr>\n<\/tbody>\n<\/table>","protected":false},"featured_media":1370,"comment_status":"closed","ping_status":"closed","template":"","meta":{"_acf_changed":false},"product_brand":[],"product_cat":[51,52,34,32],"product_tag":[],"class_list":{"0":"post-1367","1":"product","2":"type-product","3":"status-publish","4":"has-post-thumbnail","6":"product_cat-ibesdina-supplements-wholesale","7":"product_cat-private-label-supplement-tablets","8":"product_cat-private-label-health-supplements","9":"product_cat-private-label-immune-supplements","11":"first","12":"instock","13":"shipping-taxable","14":"product-type-simple"},"acf":[],"_links":{"self":[{"href":"https:\/\/www.comehealthgroup.com\/de\/wp-json\/wp\/v2\/product\/1367","targetHints":{"allow":["GET"]}}],"collection":[{"href":"https:\/\/www.comehealthgroup.com\/de\/wp-json\/wp\/v2\/product"}],"about":[{"href":"https:\/\/www.comehealthgroup.com\/de\/wp-json\/wp\/v2\/types\/product"}],"replies":[{"embeddable":true,"href":"https:\/\/www.comehealthgroup.com\/de\/wp-json\/wp\/v2\/comments?post=1367"}],"wp:featuredmedia":[{"embeddable":true,"href":"https:\/\/www.comehealthgroup.com\/de\/wp-json\/wp\/v2\/media\/1370"}],"wp:attachment":[{"href":"https:\/\/www.comehealthgroup.com\/de\/wp-json\/wp\/v2\/media?parent=1367"}],"wp:term":[{"taxonomy":"product_brand","embeddable":true,"href":"https:\/\/www.comehealthgroup.com\/de\/wp-json\/wp\/v2\/product_brand?post=1367"},{"taxonomy":"product_cat","embeddable":true,"href":"https:\/\/www.comehealthgroup.com\/de\/wp-json\/wp\/v2\/product_cat?post=1367"},{"taxonomy":"product_tag","embeddable":true,"href":"https:\/\/www.comehealthgroup.com\/de\/wp-json\/wp\/v2\/product_tag?post=1367"}],"curies":[{"name":"wp","href":"https:\/\/api.w.org\/{rel}","templated":true}]}}