{"id":1412,"date":"2025-01-21T14:39:08","date_gmt":"2025-01-21T14:39:08","guid":{"rendered":"https:\/\/www.comehealthgroup.com\/?post_type=product&#038;p=1412"},"modified":"2025-01-21T14:39:10","modified_gmt":"2025-01-21T14:39:10","slug":"wholesale-nutrition-supplements","status":"publish","type":"product","link":"https:\/\/www.comehealthgroup.com\/de\/product\/wholesale-nutrition-supplements\/","title":{"rendered":"iBesDina Gro\u00dfhandel Nahrungserg\u00e4nzungsmittel f\u00fcr Knochenwachstum"},"content":{"rendered":"<div class=\"wp-block-columns is-layout-flex wp-container-core-columns-is-layout-9d6595d7 wp-block-columns-is-layout-flex\">\n<div class=\"wp-block-column is-layout-flow wp-block-column-is-layout-flow\">\n<h2 class=\"wp-block-heading\">Merkmale von Nahrungserg\u00e4nzungsmitteln f\u00fcr den Gro\u00dfhandel<\/h2>\n\n\n\n<ul class=\"wp-block-list\">\n<li><strong>Enth\u00e4lt 13 wichtige N\u00e4hrstoffe:<\/strong> Unsere Nahrungserg\u00e4nzungsmittel f\u00fcr den Gro\u00dfhandel enthalten 13 wichtige Inhaltsstoffe, darunter Mineralien, Vitamine, Aminos\u00e4uren, Probiotika und Kr\u00e4uter, die in einer Mischung kombiniert werden, die verschiedene gesundheitliche Aspekte bei Kindern ansprechen kann.<\/li>\n\n\n\n<li><strong>Unterst\u00fctzt ein gesundes Wachstum und eine gesunde Entwicklung: <\/strong>Unsere Eigenmarken-Nahrungserg\u00e4nzungsmittel unterst\u00fctzen das gesunde Wachstum und die Entwicklung Ihres Kindes; eine solche einzigartige Mischung essenzieller N\u00e4hrstoffe gew\u00e4hrleistet das allgemeine K\u00f6rperwachstum, die kognitive Entwicklung und die Entwicklung des Immunsystems.<\/li>\n\n\n\n<li><strong>F\u00f6rdert die Gesundheit des Immunsystems: <\/strong>Unsere Nahrungserg\u00e4nzungsmittel f\u00fcr den Gro\u00dfhandel, die mit Probiotika und Vitaminen angereichert sind, verbessern die Gesundheit des Immunsystems, um die h\u00e4ufigsten Krankheiten Ihres Kindes wirksam zu bek\u00e4mpfen.<\/li>\n\n\n\n<li><strong>F\u00f6rdert eine ausgewogene Ern\u00e4hrung: <\/strong>Unsere Eigenmarken-Nahrungserg\u00e4nzungsmittel enthalten ein breites Spektrum an N\u00e4hrstoffen und sorgen daf\u00fcr, dass kein Kind eine unzureichende Ern\u00e4hrung erh\u00e4lt. Ihre Einnahme deckt die wichtigen N\u00e4hrstoffdefizite in der Ern\u00e4hrung ab und tr\u00e4gt so ein Leben lang zu einem gesunden Leben bei.<\/li>\n<\/ul>\n<\/div>\n\n\n\n<div class=\"wp-block-column is-layout-flow wp-block-column-is-layout-flow\">\n<figure class=\"wp-block-image size-full\"><img decoding=\"async\" width=\"800\" height=\"800\" src=\"https:\/\/www.comehealthgroup.com\/wp-content\/uploads\/2025\/01\/BONE-GROWTH-CHEWS-7.webp\" alt=\"iBesDina Gro\u00dfhandel Nahrungserg\u00e4nzungsmittel f\u00fcr Knochenwachstum-2\" class=\"wp-image-1420\" srcset=\"https:\/\/www.comehealthgroup.com\/wp-content\/uploads\/2025\/01\/BONE-GROWTH-CHEWS-7.webp 800w, https:\/\/www.comehealthgroup.com\/wp-content\/uploads\/2025\/01\/BONE-GROWTH-CHEWS-7-300x300.webp 300w, https:\/\/www.comehealthgroup.com\/wp-content\/uploads\/2025\/01\/BONE-GROWTH-CHEWS-7-150x150.webp 150w, https:\/\/www.comehealthgroup.com\/wp-content\/uploads\/2025\/01\/BONE-GROWTH-CHEWS-7-768x768.webp 768w, https:\/\/www.comehealthgroup.com\/wp-content\/uploads\/2025\/01\/BONE-GROWTH-CHEWS-7-12x12.webp 12w, https:\/\/www.comehealthgroup.com\/wp-content\/uploads\/2025\/01\/BONE-GROWTH-CHEWS-7-600x600.webp 600w, https:\/\/www.comehealthgroup.com\/wp-content\/uploads\/2025\/01\/BONE-GROWTH-CHEWS-7-100x100.webp 100w\" sizes=\"(max-width: 800px) 100vw, 800px\" \/><\/figure>\n<\/div>\n<\/div>","protected":false},"excerpt":{"rendered":"<p>Willkommen im Gro\u00dfhandel Nahrungserg\u00e4nzungsmittel zu kaufen. Unsere Eigenmarke Nahrungserg\u00e4nzungsmittel ist speziell mit 13 essentiellen Mineralien, Vitaminen, Aminos\u00e4uren, Probiotika und Kr\u00e4utern, die perfekte Wachstum und Entwicklung f\u00fcr Kinder darstellen hinzugef\u00fcgt.<\/p>\n<table style=\"border-collapse: collapse; width: 308.02pt;\" border=\"0\" width=\"308\" cellspacing=\"0\" cellpadding=\"0\">\n<tbody>\n<tr style=\"height: 15.20pt;\">\n<td class=\"et2\" style=\"height: 15.20pt; width: 101.70pt;\" width=\"101\" height=\"15\">Markenname<\/td>\n<td class=\"et2\" style=\"width: 206.65pt;\" width=\"206\">iBesDina<\/td>\n<\/tr>\n<tr style=\"height: 61.00pt;\">\n<td class=\"et2\" style=\"height: 61.00pt;\" height=\"61\">Produktvorteile<\/td>\n<td class=\"et3\" style=\"width: 206.65pt;\" width=\"206\">*Enth\u00e4lt 13 essentielle N\u00e4hrstoffe<br \/>*Unterst\u00fctzt gesundes Wachstum und gesunde Entwicklung<br \/>*F\u00f6rdert die Gesundheit des Immunsystems<br \/>*F\u00f6rdert eine ausgewogene Ern\u00e4hrung<\/td>\n<\/tr>\n<tr style=\"height: 15.20pt;\">\n<td class=\"et2\" style=\"height: 15.20pt;\" height=\"15\">Dosierungsform<\/td>\n<td class=\"et4\">Tablette<\/td>\n<\/tr>\n<tr style=\"height: 15.20pt;\">\n<td class=\"et2\" style=\"height: 15.20pt;\" height=\"15\">Produkt-Spezifikation<\/td>\n<td class=\"et4\">60 St\u00fcck\/Flasche<\/td>\n<\/tr>\n<tr style=\"height: 15.20pt;\">\n<td class=\"et2\" style=\"height: 15.20pt;\" height=\"15\">Haltbarkeitsdauer<\/td>\n<td class=\"et2\">24 Monate<\/td>\n<\/tr>\n<tr style=\"height: 15.20pt;\">\n<td class=\"et2\" style=\"height: 15.20pt;\" height=\"15\">Paket<\/td>\n<td class=\"et2\">Flasche mit Umkarton<\/td>\n<\/tr>\n<tr style=\"height: 15.20pt;\">\n<td class=\"et2\" style=\"height: 15.20pt;\" height=\"15\">Bestandsaufnahme<\/td>\n<td class=\"et2\">Vorr\u00e4tig<\/td>\n<\/tr>\n<\/tbody>\n<\/table>","protected":false},"featured_media":1414,"comment_status":"closed","ping_status":"closed","template":"","meta":{"_acf_changed":false},"product_brand":[],"product_cat":[51,52,34,32,49,41],"product_tag":[],"class_list":{"0":"post-1412","1":"product","2":"type-product","3":"status-publish","4":"has-post-thumbnail","6":"product_cat-ibesdina-supplements-wholesale","7":"product_cat-private-label-supplement-tablets","8":"product_cat-private-label-health-supplements","9":"product_cat-private-label-immune-supplements","10":"product_cat-nutritional-supplement-wholesale","11":"product_cat-bulk-vitamins-and-minerals-supplements","13":"first","14":"instock","15":"shipping-taxable","16":"product-type-simple"},"acf":[],"_links":{"self":[{"href":"https:\/\/www.comehealthgroup.com\/de\/wp-json\/wp\/v2\/product\/1412","targetHints":{"allow":["GET"]}}],"collection":[{"href":"https:\/\/www.comehealthgroup.com\/de\/wp-json\/wp\/v2\/product"}],"about":[{"href":"https:\/\/www.comehealthgroup.com\/de\/wp-json\/wp\/v2\/types\/product"}],"replies":[{"embeddable":true,"href":"https:\/\/www.comehealthgroup.com\/de\/wp-json\/wp\/v2\/comments?post=1412"}],"wp:featuredmedia":[{"embeddable":true,"href":"https:\/\/www.comehealthgroup.com\/de\/wp-json\/wp\/v2\/media\/1414"}],"wp:attachment":[{"href":"https:\/\/www.comehealthgroup.com\/de\/wp-json\/wp\/v2\/media?parent=1412"}],"wp:term":[{"taxonomy":"product_brand","embeddable":true,"href":"https:\/\/www.comehealthgroup.com\/de\/wp-json\/wp\/v2\/product_brand?post=1412"},{"taxonomy":"product_cat","embeddable":true,"href":"https:\/\/www.comehealthgroup.com\/de\/wp-json\/wp\/v2\/product_cat?post=1412"},{"taxonomy":"product_tag","embeddable":true,"href":"https:\/\/www.comehealthgroup.com\/de\/wp-json\/wp\/v2\/product_tag?post=1412"}],"curies":[{"name":"wp","href":"https:\/\/api.w.org\/{rel}","templated":true}]}}