{"id":1421,"date":"2025-01-08T10:52:32","date_gmt":"2025-01-08T10:52:32","guid":{"rendered":"https:\/\/www.comehealthgroup.com\/?post_type=product&#038;p=1421"},"modified":"2025-01-08T10:53:22","modified_gmt":"2025-01-08T10:53:22","slug":"bulk-vitamin-c-tablets","status":"publish","type":"product","link":"https:\/\/www.comehealthgroup.com\/de\/product\/bulk-vitamin-c-tablets\/","title":{"rendered":"iBesDina Bulk Vitamin C Tabletten, Gro\u00dfhandel Kautabletten Vitamin C"},"content":{"rendered":"<div class=\"wp-block-columns is-layout-flex wp-container-core-columns-is-layout-9d6595d7 wp-block-columns-is-layout-flex\">\n<div class=\"wp-block-column is-layout-flow wp-block-column-is-layout-flow\">\n<h2 class=\"wp-block-heading\">Eigenschaften von Bulk Vitamin C Tabletten<\/h2>\n\n\n\n<ul class=\"wp-block-list\">\n<li><strong>Unterst\u00fctzung des Immunsystems:<\/strong> Dieses Nahrungserg\u00e4nzungsmittel in Form von Vitamin-C-Tabletten wurde entwickelt, um die k\u00f6rpereigenen Abwehrkr\u00e4fte zu st\u00e4rken und die allgemeine Gesundheit des Immunsystems zu unterst\u00fctzen, damit Sie sich weiterhin gut f\u00fchlen.<\/li>\n\n\n\n<li><strong>Reich an Antioxidantien:<\/strong> Mit wirksamen Antioxidantien f\u00f6rdern diese kaubaren Vitamin-C-Nahrungserg\u00e4nzungen im Gro\u00dfhandel die Gesundheit der Zellen, verhindern oxidativen Stress und schw\u00e4chen letztlich den nat\u00fcrlichen Abwehrmechanismus des K\u00f6rpers gegen freie Radikale.<\/li>\n\n\n\n<li><strong>Erh\u00f6ht die antioxidative Aktivit\u00e4t: <\/strong>Die aktiven und leistungsstarken Antioxidantien, die in diesem Nahrungserg\u00e4nzungsmittel in Form von Vitamin-C-Tabletten enthalten sind, f\u00f6rdern die antioxidative Wirkung auf h\u00f6chst effektive Weise.<\/li>\n\n\n\n<li><strong>Hilft, eine optimale Gesundheit zu erhalten: <\/strong>Dieses kaubare Vitamin C im Gro\u00dfhandel ist eine erstaunliche Dosierung, die Ihren K\u00f6rper auf dem besten Niveau und Ihr Immunsystem intakt h\u00e4lt, immer bereit, auf jede Herausforderung zu reagieren.<\/li>\n<\/ul>\n<\/div>\n\n\n\n<div class=\"wp-block-column is-layout-flow wp-block-column-is-layout-flow\">\n<figure class=\"wp-block-image size-full\"><img decoding=\"async\" width=\"800\" height=\"800\" src=\"https:\/\/www.comehealthgroup.com\/wp-content\/uploads\/2025\/01\/VITAMIN-C-5.webp\" alt=\"iBesDina Bulk Vitamin C Tabletten, Gro\u00dfhandel Kautabletten Vitamin C-5\" class=\"wp-image-1427\" srcset=\"https:\/\/www.comehealthgroup.com\/wp-content\/uploads\/2025\/01\/VITAMIN-C-5.webp 800w, https:\/\/www.comehealthgroup.com\/wp-content\/uploads\/2025\/01\/VITAMIN-C-5-300x300.webp 300w, https:\/\/www.comehealthgroup.com\/wp-content\/uploads\/2025\/01\/VITAMIN-C-5-150x150.webp 150w, https:\/\/www.comehealthgroup.com\/wp-content\/uploads\/2025\/01\/VITAMIN-C-5-768x768.webp 768w, https:\/\/www.comehealthgroup.com\/wp-content\/uploads\/2025\/01\/VITAMIN-C-5-12x12.webp 12w, https:\/\/www.comehealthgroup.com\/wp-content\/uploads\/2025\/01\/VITAMIN-C-5-600x600.webp 600w, https:\/\/www.comehealthgroup.com\/wp-content\/uploads\/2025\/01\/VITAMIN-C-5-100x100.webp 100w\" sizes=\"(max-width: 800px) 100vw, 800px\" \/><\/figure>\n<\/div>\n<\/div>\n\n\n\n<p><\/p>","protected":false},"excerpt":{"rendered":"<p>Willkommen im Gro\u00dfhandel Kautabletten Vitamin C. Unsere Bulk-Vitamin-C-Tabletten st\u00e4rken die Gesundheit des Immunsystems, sch\u00fctzen die Zellen vor oxidativem Stress und verbessern die antioxidative Aktivit\u00e4t zur Reduzierung von Entz\u00fcndungen. Aufgrund der hohen Dosierung von Vitamin C, h\u00e4lt es eine optimale Gesundheit, halten Sie Ihr Immunsystem bereit f\u00fcr jede Herausforderung.<\/p>\n<table style=\"border-collapse: collapse; width: 308.02pt;\" border=\"0\" width=\"308\" cellspacing=\"0\" cellpadding=\"0\">\n<tbody>\n<tr style=\"height: 15.20pt;\">\n<td class=\"et2\" style=\"height: 15.20pt; width: 101.70pt;\" width=\"101\" height=\"15\">Markenname<\/td>\n<td class=\"et2\" style=\"width: 206.65pt;\" width=\"206\">iBesDina<\/td>\n<\/tr>\n<tr style=\"height: 61.00pt;\">\n<td class=\"et2\" style=\"height: 61.00pt;\" height=\"61\">Produktvorteile<\/td>\n<td class=\"et3\" style=\"width: 206.65pt;\" width=\"206\">*Unterst\u00fctzt die Gesundheit des Immunsystems<br \/>*Reich an Antioxidantien<br \/>*F\u00f6rdert die antioxidative Aktivit\u00e4t<br \/>*Hilft bei der Erhaltung einer optimalen Gesundheit<\/td>\n<\/tr>\n<tr style=\"height: 15.20pt;\">\n<td class=\"et2\" style=\"height: 15.20pt;\" height=\"15\">Dosierungsform<\/td>\n<td class=\"et4\">Tablette<\/td>\n<\/tr>\n<tr style=\"height: 15.20pt;\">\n<td class=\"et2\" style=\"height: 15.20pt;\" height=\"15\">Produkt-Spezifikation<\/td>\n<td class=\"et4\">60 St\u00fcck\/Flasche<\/td>\n<\/tr>\n<tr style=\"height: 15.20pt;\">\n<td class=\"et2\" style=\"height: 15.20pt;\" height=\"15\">Haltbarkeitsdauer<\/td>\n<td class=\"et2\">24 Monate<\/td>\n<\/tr>\n<tr style=\"height: 15.20pt;\">\n<td class=\"et2\" style=\"height: 15.20pt;\" height=\"15\">Paket<\/td>\n<td class=\"et2\">Flasche mit Umkarton<\/td>\n<\/tr>\n<tr style=\"height: 15.20pt;\">\n<td class=\"et2\" style=\"height: 15.20pt;\" height=\"15\">Bestandsaufnahme<\/td>\n<td class=\"et2\">Vorr\u00e4tig<\/td>\n<\/tr>\n<\/tbody>\n<\/table>","protected":false},"featured_media":1424,"comment_status":"closed","ping_status":"closed","template":"","meta":{"_acf_changed":false},"product_brand":[],"product_cat":[51,52,34,32,49,41],"product_tag":[],"class_list":{"0":"post-1421","1":"product","2":"type-product","3":"status-publish","4":"has-post-thumbnail","6":"product_cat-ibesdina-supplements-wholesale","7":"product_cat-private-label-supplement-tablets","8":"product_cat-private-label-health-supplements","9":"product_cat-private-label-immune-supplements","10":"product_cat-nutritional-supplement-wholesale","11":"product_cat-bulk-vitamins-and-minerals-supplements","13":"first","14":"instock","15":"shipping-taxable","16":"product-type-simple"},"acf":[],"_links":{"self":[{"href":"https:\/\/www.comehealthgroup.com\/de\/wp-json\/wp\/v2\/product\/1421","targetHints":{"allow":["GET"]}}],"collection":[{"href":"https:\/\/www.comehealthgroup.com\/de\/wp-json\/wp\/v2\/product"}],"about":[{"href":"https:\/\/www.comehealthgroup.com\/de\/wp-json\/wp\/v2\/types\/product"}],"replies":[{"embeddable":true,"href":"https:\/\/www.comehealthgroup.com\/de\/wp-json\/wp\/v2\/comments?post=1421"}],"wp:featuredmedia":[{"embeddable":true,"href":"https:\/\/www.comehealthgroup.com\/de\/wp-json\/wp\/v2\/media\/1424"}],"wp:attachment":[{"href":"https:\/\/www.comehealthgroup.com\/de\/wp-json\/wp\/v2\/media?parent=1421"}],"wp:term":[{"taxonomy":"product_brand","embeddable":true,"href":"https:\/\/www.comehealthgroup.com\/de\/wp-json\/wp\/v2\/product_brand?post=1421"},{"taxonomy":"product_cat","embeddable":true,"href":"https:\/\/www.comehealthgroup.com\/de\/wp-json\/wp\/v2\/product_cat?post=1421"},{"taxonomy":"product_tag","embeddable":true,"href":"https:\/\/www.comehealthgroup.com\/de\/wp-json\/wp\/v2\/product_tag?post=1421"}],"curies":[{"name":"wp","href":"https:\/\/api.w.org\/{rel}","templated":true}]}}