{"id":1439,"date":"2025-01-11T10:25:23","date_gmt":"2025-01-11T10:25:23","guid":{"rendered":"https:\/\/www.comehealthgroup.com\/?post_type=product&#038;p=1439"},"modified":"2025-01-11T10:25:24","modified_gmt":"2025-01-11T10:25:24","slug":"bulk-mineral-supplements","status":"publish","type":"product","link":"https:\/\/www.comehealthgroup.com\/de\/product\/bulk-mineral-supplements\/","title":{"rendered":"iBesDina Bulk Mineral Supplements Tabletten f\u00fcr Kinder"},"content":{"rendered":"<div class=\"wp-block-columns is-layout-flex wp-container-core-columns-is-layout-9d6595d7 wp-block-columns-is-layout-flex\">\n<div class=\"wp-block-column is-layout-flow wp-block-column-is-layout-flow\">\n<h2 class=\"wp-block-heading\">Eigenschaften von Bulk Mineral Supplements<\/h2>\n\n\n\n<ul class=\"wp-block-list\">\n<li><strong>F\u00f6rderung eines gesunden Wachstums und einer gesunden Entwicklung der Kinder:<\/strong> Die Mineralstofftabletten von iBesDina sind f\u00fcr Kinder in der Wachstumsphase bestimmt und enthalten reichlich essentielle Mineralien, die die gesunde Entwicklung von Knochen, Z\u00e4hnen und Muskeln f\u00f6rdern und die Bed\u00fcrfnisse der Wachstumsphase voll unterst\u00fctzen.<\/li>\n\n\n\n<li><strong>Regulierung der K\u00f6rperfunktionen: <\/strong>Die Mineralstoffe in unseren Nahrungserg\u00e4nzungsmitteln f\u00fcr den Gro\u00dfhandel tragen zur Aufrechterhaltung des normalen Stoffwechsels und der Energieumwandlung im K\u00f6rper von Kindern bei, liefern ausreichend Energie f\u00fcr die t\u00e4glichen Aktivit\u00e4ten und unterst\u00fctzen das Gleichgewicht und die Optimierung der allgemeinen K\u00f6rperfunktionen.<\/li>\n\n\n\n<li><strong>Verbesserung der kognitiven Funktion: <\/strong>Die ausgew\u00e4hlte Kombination von Mineralien in dieser Mineralstofftablette tr\u00e4gt dazu bei, die Konzentrations- und Lernf\u00e4higkeit von Kindern zu verbessern, das Intelligenzpotenzial zu entwickeln und ihnen bessere Leistungen in der Schule und im Leben zu erm\u00f6glichen.<\/li>\n\n\n\n<li><strong>St\u00e4rkung der Immunit\u00e4t und Verringerung der Gesundheitsrisiken: <\/strong>Unsere Nahrungserg\u00e4nzungsmittel f\u00fcr den Gro\u00dfhandel enthalten wichtige Mineralstoffe, die zur Verbesserung der Funktion des Immunsystems, zur Verringerung von Erk\u00e4ltungen und allgemeinen Gesundheitsproblemen sowie zur Entwicklung ges\u00fcnderer Kinder beitragen k\u00f6nnen.<\/li>\n<\/ul>\n<\/div>\n\n\n\n<div class=\"wp-block-column is-layout-flow wp-block-column-is-layout-flow\">\n<figure class=\"wp-block-image size-full\"><img decoding=\"async\" width=\"800\" height=\"800\" src=\"https:\/\/www.comehealthgroup.com\/wp-content\/uploads\/2025\/01\/CHILDRENS-ESSENTIAL-MINERALS-7.webp\" alt=\"iBesDina Bulk Mineral Supplements Tabletten f\u00fcr Kinder-8\" class=\"wp-image-1447\" srcset=\"https:\/\/www.comehealthgroup.com\/wp-content\/uploads\/2025\/01\/CHILDRENS-ESSENTIAL-MINERALS-7.webp 800w, https:\/\/www.comehealthgroup.com\/wp-content\/uploads\/2025\/01\/CHILDRENS-ESSENTIAL-MINERALS-7-300x300.webp 300w, https:\/\/www.comehealthgroup.com\/wp-content\/uploads\/2025\/01\/CHILDRENS-ESSENTIAL-MINERALS-7-150x150.webp 150w, https:\/\/www.comehealthgroup.com\/wp-content\/uploads\/2025\/01\/CHILDRENS-ESSENTIAL-MINERALS-7-768x768.webp 768w, https:\/\/www.comehealthgroup.com\/wp-content\/uploads\/2025\/01\/CHILDRENS-ESSENTIAL-MINERALS-7-12x12.webp 12w, https:\/\/www.comehealthgroup.com\/wp-content\/uploads\/2025\/01\/CHILDRENS-ESSENTIAL-MINERALS-7-600x600.webp 600w, https:\/\/www.comehealthgroup.com\/wp-content\/uploads\/2025\/01\/CHILDRENS-ESSENTIAL-MINERALS-7-100x100.webp 100w\" sizes=\"(max-width: 800px) 100vw, 800px\" \/><\/figure>\n<\/div>\n<\/div>","protected":false},"excerpt":{"rendered":"<p>Willkommen zum Kauf Gro\u00dfhandel Gesundheit erg\u00e4nzt. iBesDina Bulk-Mineral-Erg\u00e4nzungen Tablette ist f\u00fcr die Allround-Bed\u00fcrfnisse der wachsenden Kinder entwickelt, wird Ihr Kind gedeihen und wachsen gut durch die F\u00f6rderung der gesunden Entwicklung, Regulierung der K\u00f6rperfunktionen, die Verbesserung der kognitiven Leistungsf\u00e4higkeit und die Verbesserung der Immunit\u00e4t.<\/p>\n<table style=\"border-collapse: collapse; width: 308.02pt;\" border=\"0\" width=\"308\" cellspacing=\"0\" cellpadding=\"0\">\n<tbody>\n<tr style=\"height: 15.20pt;\">\n<td class=\"et2\" style=\"height: 15.20pt; width: 101.70pt;\" width=\"101\" height=\"15\">Markenname<\/td>\n<td class=\"et2\" style=\"width: 206.65pt;\" width=\"206\">iBesDina<\/td>\n<\/tr>\n<tr style=\"height: 76.00pt;\">\n<td class=\"et2\" style=\"height: 76.00pt;\" height=\"76\">Produktvorteile<\/td>\n<td class=\"et3\" style=\"width: 206.65pt;\" width=\"206\">*Unterst\u00fctzt gesundes Wachstum und gesunde Entwicklung<br \/>*reguliert die K\u00f6rperfunktionen<br \/>*verbessert die kognitive Funktion<br \/>*St\u00e4rkt das Immunsystem und verringert die Gesundheitsrisiken<\/td>\n<\/tr>\n<tr style=\"height: 15.20pt;\">\n<td class=\"et2\" style=\"height: 15.20pt;\" height=\"15\">Dosierungsform<\/td>\n<td class=\"et4\">Tablette<\/td>\n<\/tr>\n<tr style=\"height: 15.20pt;\">\n<td class=\"et2\" style=\"height: 15.20pt;\" height=\"15\">Produkt-Spezifikation<\/td>\n<td class=\"et4\">60 St\u00fcck\/Flasche<\/td>\n<\/tr>\n<tr style=\"height: 15.20pt;\">\n<td class=\"et2\" style=\"height: 15.20pt;\" height=\"15\">Haltbarkeitsdauer<\/td>\n<td class=\"et2\">24 Monate<\/td>\n<\/tr>\n<tr style=\"height: 15.20pt;\">\n<td class=\"et2\" style=\"height: 15.20pt;\" height=\"15\">Paket<\/td>\n<td class=\"et4\">Flasche mit Umkarton<\/td>\n<\/tr>\n<tr style=\"height: 15.20pt;\">\n<td class=\"et2\" style=\"height: 15.20pt;\" height=\"15\">Bestandsaufnahme<\/td>\n<td class=\"et2\">Vorr\u00e4tig<\/td>\n<\/tr>\n<\/tbody>\n<\/table>","protected":false},"featured_media":1441,"comment_status":"closed","ping_status":"closed","template":"","meta":{"_acf_changed":false},"product_brand":[],"product_cat":[51,52,34,32,41],"product_tag":[],"class_list":{"0":"post-1439","1":"product","2":"type-product","3":"status-publish","4":"has-post-thumbnail","6":"product_cat-ibesdina-supplements-wholesale","7":"product_cat-private-label-supplement-tablets","8":"product_cat-private-label-health-supplements","9":"product_cat-private-label-immune-supplements","10":"product_cat-bulk-vitamins-and-minerals-supplements","12":"first","13":"instock","14":"shipping-taxable","15":"product-type-simple"},"acf":[],"_links":{"self":[{"href":"https:\/\/www.comehealthgroup.com\/de\/wp-json\/wp\/v2\/product\/1439","targetHints":{"allow":["GET"]}}],"collection":[{"href":"https:\/\/www.comehealthgroup.com\/de\/wp-json\/wp\/v2\/product"}],"about":[{"href":"https:\/\/www.comehealthgroup.com\/de\/wp-json\/wp\/v2\/types\/product"}],"replies":[{"embeddable":true,"href":"https:\/\/www.comehealthgroup.com\/de\/wp-json\/wp\/v2\/comments?post=1439"}],"wp:featuredmedia":[{"embeddable":true,"href":"https:\/\/www.comehealthgroup.com\/de\/wp-json\/wp\/v2\/media\/1441"}],"wp:attachment":[{"href":"https:\/\/www.comehealthgroup.com\/de\/wp-json\/wp\/v2\/media?parent=1439"}],"wp:term":[{"taxonomy":"product_brand","embeddable":true,"href":"https:\/\/www.comehealthgroup.com\/de\/wp-json\/wp\/v2\/product_brand?post=1439"},{"taxonomy":"product_cat","embeddable":true,"href":"https:\/\/www.comehealthgroup.com\/de\/wp-json\/wp\/v2\/product_cat?post=1439"},{"taxonomy":"product_tag","embeddable":true,"href":"https:\/\/www.comehealthgroup.com\/de\/wp-json\/wp\/v2\/product_tag?post=1439"}],"curies":[{"name":"wp","href":"https:\/\/api.w.org\/{rel}","templated":true}]}}