{"id":1525,"date":"2025-01-21T14:55:35","date_gmt":"2025-01-21T14:55:35","guid":{"rendered":"https:\/\/www.comehealthgroup.com\/?post_type=product&#038;p=1525"},"modified":"2025-01-21T14:55:36","modified_gmt":"2025-01-21T14:55:36","slug":"private-label-brain-supplement","status":"publish","type":"product","link":"https:\/\/www.comehealthgroup.com\/de\/product\/private-label-brain-supplement\/","title":{"rendered":"iBesDina Private Label Gehirn Erg\u00e4nzung, Omega 3 Bulk-Kapsel"},"content":{"rendered":"<div class=\"wp-block-columns is-layout-flex wp-container-core-columns-is-layout-9d6595d7 wp-block-columns-is-layout-flex\">\n<div class=\"wp-block-column is-layout-flow wp-block-column-is-layout-flow\">\n<h2 class=\"wp-block-heading\">Eigenschaften von Private Label Brain Supplement<\/h2>\n\n\n\n<ul class=\"wp-block-list\">\n<li><strong>Unterst\u00fctzt die Gehirnfunktion und die kognitive Entwicklung: <\/strong>High Strength DHA, das aus der Mikroalge Schizosaccharomyces pombe gewonnen wird, ist ein Nahrungserg\u00e4nzungsmittel f\u00fcr das Gehirn, das reich an Omega-3-DHA ist, das f\u00fcr die Entwicklung des f\u00f6talen Gehirns wichtig ist und die kognitive Funktion und geistige Klarheit unterst\u00fctzt.<\/li>\n\n\n\n<li><strong>F\u00f6rdert die Gesundheit und Entwicklung der Augen:<\/strong> DHA spielt eine entscheidende Rolle f\u00fcr die Gesundheit der Augen. iBesDina Omega 3 Bulk-Kapseln unterst\u00fctzen die Entwicklung und Funktion der Netzhaut und tragen so zu einer gesunden Sehkraft w\u00e4hrend des gesamten Lebens bei.<\/li>\n\n\n\n<li><strong>Verbessert die Entwicklung des zentralen Nervensystems: <\/strong>Die fortschrittliche Formel unserer Eigenmarken-Gehirn-Nahrungserg\u00e4nzung hilft bei der Entwicklung des zentralen Nervensystems, tr\u00e4gt zu einer ordnungsgem\u00e4\u00dfen neurologischen Funktion bei und unterst\u00fctzt ein gesundes Gehirn- und Nervenwachstum.<\/li>\n\n\n\n<li><strong>Nat\u00fcrliche Quelle von DHA:<\/strong> Das aus der nat\u00fcrlichen Mikroalge Schizosaccharomyces pombe gewonnene Nahrungserg\u00e4nzungsmittel iBesDina Omega 3 in Kapselform ist eine nachhaltige und qualitativ hochwertige Quelle f\u00fcr DHA, eine wichtige Omega-3-Fetts\u00e4ure f\u00fcr die pr\u00e4natale und allgemeine Gesundheit.<\/li>\n<\/ul>\n<\/div>\n\n\n\n<div class=\"wp-block-column is-layout-flow wp-block-column-is-layout-flow\">\n<figure class=\"wp-block-image size-full\"><img decoding=\"async\" width=\"800\" height=\"800\" src=\"https:\/\/www.comehealthgroup.com\/wp-content\/uploads\/2025\/01\/DHA-7.webp\" alt=\"iBesDina Private Label Gehirn Erg\u00e4nzung, nat\u00fcrliche DHA-Kapsel-2\" class=\"wp-image-1526\" srcset=\"https:\/\/www.comehealthgroup.com\/wp-content\/uploads\/2025\/01\/DHA-7.webp 800w, https:\/\/www.comehealthgroup.com\/wp-content\/uploads\/2025\/01\/DHA-7-300x300.webp 300w, https:\/\/www.comehealthgroup.com\/wp-content\/uploads\/2025\/01\/DHA-7-150x150.webp 150w, https:\/\/www.comehealthgroup.com\/wp-content\/uploads\/2025\/01\/DHA-7-768x768.webp 768w, https:\/\/www.comehealthgroup.com\/wp-content\/uploads\/2025\/01\/DHA-7-12x12.webp 12w, https:\/\/www.comehealthgroup.com\/wp-content\/uploads\/2025\/01\/DHA-7-600x600.webp 600w, https:\/\/www.comehealthgroup.com\/wp-content\/uploads\/2025\/01\/DHA-7-100x100.webp 100w\" sizes=\"(max-width: 800px) 100vw, 800px\" \/><\/figure>\n<\/div>\n<\/div>","protected":false},"excerpt":{"rendered":"<p>iBesDina Omega 3 Bulk-Kapseln unterst\u00fctzen die f\u00f6tale Entwicklung des Gehirns, die Gesundheit der Augen und des zentralen Nervensystems. Dieses High Strength DHA ist ein Mikroalgenderivat des Organismus Schizosaccharomyces pombe, einer nat\u00fcrlichen Quelle der Omega-3-Fetts\u00e4ure DHA.<\/p>\n<table style=\"border-collapse: collapse; width: 308.02pt;\" border=\"0\" width=\"308\" cellspacing=\"0\" cellpadding=\"0\">\n<tbody>\n<tr style=\"height: 15.20pt;\">\n<td class=\"et2\" style=\"height: 15.20pt; width: 101.70pt;\" width=\"101\" height=\"15\">Markenname<\/td>\n<td class=\"et2\" style=\"width: 206.65pt;\" width=\"206\">iBesDina<\/td>\n<\/tr>\n<tr style=\"height: 92.00pt;\">\n<td class=\"et2\" style=\"height: 92.00pt;\" height=\"92\">Produktvorteile<\/td>\n<td class=\"et3\" style=\"width: 206.65pt;\" width=\"206\">*Unterst\u00fctzt die Gehirnfunktion und die kognitive Entwicklung <br \/>*F\u00f6rdert die Gesundheit und Entwicklung der Augen <br \/>*F\u00f6rdert die Entwicklung des zentralen Nervensystems <br \/>*Nat\u00fcrliche Quelle f\u00fcr DHA<\/td>\n<\/tr>\n<tr style=\"height: 15.20pt;\">\n<td class=\"et2\" style=\"height: 15.20pt;\" height=\"15\">Dosierungsform<\/td>\n<td class=\"et4\">Kapsel<\/td>\n<\/tr>\n<tr style=\"height: 15.20pt;\">\n<td class=\"et2\" style=\"height: 15.20pt;\" height=\"15\">Produkt-Spezifikation<\/td>\n<td class=\"et4\">60 St\u00fcck\/Flasche<\/td>\n<\/tr>\n<tr style=\"height: 15.20pt;\">\n<td class=\"et2\" style=\"height: 15.20pt;\" height=\"15\">Haltbarkeitsdauer<\/td>\n<td class=\"et2\">24 Monate<\/td>\n<\/tr>\n<tr style=\"height: 15.20pt;\">\n<td class=\"et2\" style=\"height: 15.20pt;\" height=\"15\">Paket<\/td>\n<td class=\"et2\">Flasche mit Umkarton<\/td>\n<\/tr>\n<tr style=\"height: 15.20pt;\">\n<td class=\"et2\" style=\"height: 15.20pt;\" height=\"15\">Bestandsaufnahme<\/td>\n<td class=\"et2\">Vorr\u00e4tig<\/td>\n<\/tr>\n<\/tbody>\n<\/table>","protected":false},"featured_media":1527,"comment_status":"closed","ping_status":"closed","template":"","meta":{"_acf_changed":false},"product_brand":[],"product_cat":[51,39,34,49],"product_tag":[],"class_list":{"0":"post-1525","1":"product","2":"type-product","3":"status-publish","4":"has-post-thumbnail","6":"product_cat-ibesdina-supplements-wholesale","7":"product_cat-bulk-supplements-capsules","8":"product_cat-private-label-health-supplements","9":"product_cat-nutritional-supplement-wholesale","11":"first","12":"instock","13":"shipping-taxable","14":"product-type-simple"},"acf":[],"_links":{"self":[{"href":"https:\/\/www.comehealthgroup.com\/de\/wp-json\/wp\/v2\/product\/1525","targetHints":{"allow":["GET"]}}],"collection":[{"href":"https:\/\/www.comehealthgroup.com\/de\/wp-json\/wp\/v2\/product"}],"about":[{"href":"https:\/\/www.comehealthgroup.com\/de\/wp-json\/wp\/v2\/types\/product"}],"replies":[{"embeddable":true,"href":"https:\/\/www.comehealthgroup.com\/de\/wp-json\/wp\/v2\/comments?post=1525"}],"wp:featuredmedia":[{"embeddable":true,"href":"https:\/\/www.comehealthgroup.com\/de\/wp-json\/wp\/v2\/media\/1527"}],"wp:attachment":[{"href":"https:\/\/www.comehealthgroup.com\/de\/wp-json\/wp\/v2\/media?parent=1525"}],"wp:term":[{"taxonomy":"product_brand","embeddable":true,"href":"https:\/\/www.comehealthgroup.com\/de\/wp-json\/wp\/v2\/product_brand?post=1525"},{"taxonomy":"product_cat","embeddable":true,"href":"https:\/\/www.comehealthgroup.com\/de\/wp-json\/wp\/v2\/product_cat?post=1525"},{"taxonomy":"product_tag","embeddable":true,"href":"https:\/\/www.comehealthgroup.com\/de\/wp-json\/wp\/v2\/product_tag?post=1525"}],"curies":[{"name":"wp","href":"https:\/\/api.w.org\/{rel}","templated":true}]}}