{"id":1533,"date":"2025-01-15T09:31:10","date_gmt":"2025-01-15T09:31:10","guid":{"rendered":"https:\/\/www.comehealthgroup.com\/?post_type=product&#038;p=1533"},"modified":"2025-01-15T09:31:21","modified_gmt":"2025-01-15T09:31:21","slug":"health-supplements-private-label","status":"publish","type":"product","link":"https:\/\/www.comehealthgroup.com\/de\/product\/health-supplements-private-label\/","title":{"rendered":"Health Supplements Private Label, iBesDina DHA Tabletten f\u00fcr die Gesundheit des Gehirns"},"content":{"rendered":"<div class=\"wp-block-columns is-layout-flex wp-container-core-columns-is-layout-9d6595d7 wp-block-columns-is-layout-flex\">\n<div class=\"wp-block-column is-layout-flow wp-block-column-is-layout-flow\">\n<h2 class=\"wp-block-heading\">Merkmale von Health Supplements Private Label<\/h2>\n\n\n\n<ul class=\"wp-block-list\">\n<li><strong>Unterst\u00fctzt die Entwicklung des Gehirns und der kognitiven F\u00e4higkeiten: <\/strong>iBesDina Nahrungserg\u00e4nzungsmittel enthalten DHA, eine Omega-3-Fetts\u00e4ure, die aus Schizosaccharomyces pombe gewonnen wird und f\u00fcr die Gehirnfunktion von Kindern unerl\u00e4sslich ist, indem sie die kognitive Entwicklung f\u00f6rdert und die geistige Klarheit verbessert.<\/li>\n\n\n\n<li><strong>F\u00f6rdert die Gesundheit und Entwicklung der Augen: <\/strong>Unser Nahrungserg\u00e4nzungsmittel mit DHA tr\u00e4gt zur gesunden Entwicklung der Augen bei und unterst\u00fctzt die optimale Sehkraft und Netzhautfunktion bei Kindern im Wachstum.<\/li>\n\n\n\n<li><strong>Unterst\u00fctzt die Entwicklung des zentralen Nervensystems: <\/strong>Diese Nahrungserg\u00e4nzungsmittel in Tablettenform unterst\u00fctzen die Entwicklung des zentralen Nervensystems und sorgen f\u00fcr ein gesundes neurologisches Wachstum und eine gesunde Funktion in den wichtigsten Phasen der kindlichen Entwicklung.<\/li>\n\n\n\n<li><strong>Hochwertiges DHA aus nat\u00fcrlicher Quelle: <\/strong>Das aus der nat\u00fcrlichen Quelle Schizosaccharomyces pombe gewonnene Nahrungserg\u00e4nzungsmittel iBesDina bietet ein nachhaltiges, hochwertiges DHA f\u00fcr die allgemeine Gesundheit von Kindern.<\/li>\n<\/ul>\n<\/div>\n\n\n\n<div class=\"wp-block-column is-layout-flow wp-block-column-is-layout-flow\">\n<figure class=\"wp-block-image size-full\"><img decoding=\"async\" width=\"800\" height=\"800\" src=\"https:\/\/www.comehealthgroup.com\/wp-content\/uploads\/2025\/01\/BRAIN-FOCUS-SUPERBLEND-8.webp\" alt=\"Gesundheit Erg\u00e4nzungen Private Label, iBesDina DHA Tabletten f\u00fcr die Gesundheit des Gehirns-4\" class=\"wp-image-1534\" srcset=\"https:\/\/www.comehealthgroup.com\/wp-content\/uploads\/2025\/01\/BRAIN-FOCUS-SUPERBLEND-8.webp 800w, https:\/\/www.comehealthgroup.com\/wp-content\/uploads\/2025\/01\/BRAIN-FOCUS-SUPERBLEND-8-300x300.webp 300w, https:\/\/www.comehealthgroup.com\/wp-content\/uploads\/2025\/01\/BRAIN-FOCUS-SUPERBLEND-8-150x150.webp 150w, https:\/\/www.comehealthgroup.com\/wp-content\/uploads\/2025\/01\/BRAIN-FOCUS-SUPERBLEND-8-768x768.webp 768w, https:\/\/www.comehealthgroup.com\/wp-content\/uploads\/2025\/01\/BRAIN-FOCUS-SUPERBLEND-8-12x12.webp 12w, https:\/\/www.comehealthgroup.com\/wp-content\/uploads\/2025\/01\/BRAIN-FOCUS-SUPERBLEND-8-600x600.webp 600w, https:\/\/www.comehealthgroup.com\/wp-content\/uploads\/2025\/01\/BRAIN-FOCUS-SUPERBLEND-8-100x100.webp 100w\" sizes=\"(max-width: 800px) 100vw, 800px\" \/><\/figure>\n<\/div>\n<\/div>","protected":false},"excerpt":{"rendered":"<p>Willkommen beim Kauf von iBesDina Nahrungserg\u00e4nzungsmitteln. Unsere Nahrungserg\u00e4nzungsmittel mit Eigenmarke enthalten DHA, eine Omega-3-Fetts\u00e4ure, die aus der Gattung Schizosaccharomyces pombe gewonnen wird. Diese fortschrittliche Formel wurde f\u00fcr die di\u00e4tetische Einnahme entwickelt und unterst\u00fctzt die Gehirn- und kognitive Entwicklung von Kindern, die Gesundheit der Augen und die Funktion des zentralen Nervensystems.<\/p>\n<table style=\"border-collapse: collapse; width: 308.02pt;\" border=\"0\" width=\"308\" cellspacing=\"0\" cellpadding=\"0\">\n<tbody>\n<tr style=\"height: 15.20pt;\">\n<td class=\"et2\" style=\"height: 15.20pt; width: 101.70pt;\" width=\"101\" height=\"15\">Markenname<\/td>\n<td class=\"et2\" style=\"width: 206.65pt;\" width=\"206\">iBesDina<\/td>\n<\/tr>\n<tr style=\"height: 61.00pt;\">\n<td class=\"et2\" style=\"height: 61.00pt;\" height=\"61\">Produktvorteile<\/td>\n<td class=\"et3\" style=\"width: 206.65pt;\" width=\"206\">*F\u00f6rdert die Entwicklung des Gehirns und der kognitiven F\u00e4higkeiten<br \/>*F\u00f6rdert die Gesundheit und Entwicklung der Augen<br \/>* Unterst\u00fctzt die Entwicklung des zentralen Nervensystems<br \/>*Hochwertiges DHA aus nat\u00fcrlicher Quelle<\/td>\n<\/tr>\n<tr style=\"height: 15.20pt;\">\n<td class=\"et2\" style=\"height: 15.20pt;\" height=\"15\">Dosierungsform<\/td>\n<td class=\"et4\">Tablette<\/td>\n<\/tr>\n<tr style=\"height: 15.20pt;\">\n<td class=\"et2\" style=\"height: 15.20pt;\" height=\"15\">Produkt-Spezifikation<\/td>\n<td class=\"et4\">60 St\u00fcck\/Flasche<\/td>\n<\/tr>\n<tr style=\"height: 15.20pt;\">\n<td class=\"et2\" style=\"height: 15.20pt;\" height=\"15\">Haltbarkeitsdauer<\/td>\n<td class=\"et2\">24 Monate<\/td>\n<\/tr>\n<tr style=\"height: 15.20pt;\">\n<td class=\"et2\" style=\"height: 15.20pt;\" height=\"15\">Paket<\/td>\n<td class=\"et4\">Flasche mit Umkarton<\/td>\n<\/tr>\n<tr style=\"height: 15.20pt;\">\n<td class=\"et2\" style=\"height: 15.20pt;\" height=\"15\">Bestandsaufnahme<\/td>\n<td class=\"et2\">Vorr\u00e4tig<\/td>\n<\/tr>\n<\/tbody>\n<\/table>","protected":false},"featured_media":1535,"comment_status":"closed","ping_status":"closed","template":"","meta":{"_acf_changed":false},"product_brand":[],"product_cat":[51,52,34],"product_tag":[],"class_list":{"0":"post-1533","1":"product","2":"type-product","3":"status-publish","4":"has-post-thumbnail","6":"product_cat-ibesdina-supplements-wholesale","7":"product_cat-private-label-supplement-tablets","8":"product_cat-private-label-health-supplements","10":"first","11":"instock","12":"shipping-taxable","13":"product-type-simple"},"acf":[],"_links":{"self":[{"href":"https:\/\/www.comehealthgroup.com\/de\/wp-json\/wp\/v2\/product\/1533","targetHints":{"allow":["GET"]}}],"collection":[{"href":"https:\/\/www.comehealthgroup.com\/de\/wp-json\/wp\/v2\/product"}],"about":[{"href":"https:\/\/www.comehealthgroup.com\/de\/wp-json\/wp\/v2\/types\/product"}],"replies":[{"embeddable":true,"href":"https:\/\/www.comehealthgroup.com\/de\/wp-json\/wp\/v2\/comments?post=1533"}],"wp:featuredmedia":[{"embeddable":true,"href":"https:\/\/www.comehealthgroup.com\/de\/wp-json\/wp\/v2\/media\/1535"}],"wp:attachment":[{"href":"https:\/\/www.comehealthgroup.com\/de\/wp-json\/wp\/v2\/media?parent=1533"}],"wp:term":[{"taxonomy":"product_brand","embeddable":true,"href":"https:\/\/www.comehealthgroup.com\/de\/wp-json\/wp\/v2\/product_brand?post=1533"},{"taxonomy":"product_cat","embeddable":true,"href":"https:\/\/www.comehealthgroup.com\/de\/wp-json\/wp\/v2\/product_cat?post=1533"},{"taxonomy":"product_tag","embeddable":true,"href":"https:\/\/www.comehealthgroup.com\/de\/wp-json\/wp\/v2\/product_tag?post=1533"}],"curies":[{"name":"wp","href":"https:\/\/api.w.org\/{rel}","templated":true}]}}