{"id":1555,"date":"2025-01-09T03:30:11","date_gmt":"2025-01-09T03:30:11","guid":{"rendered":"https:\/\/www.comehealthgroup.com\/?post_type=product&#038;p=1555"},"modified":"2025-01-09T03:30:12","modified_gmt":"2025-01-09T03:30:12","slug":"bulk-collagen-peptides","status":"publish","type":"product","link":"https:\/\/www.comehealthgroup.com\/de\/product\/bulk-collagen-peptides\/","title":{"rendered":"iBesDina Bulk Kollagen Peptide Pulver f\u00fcr Haare Nagel Gesundheit"},"content":{"rendered":"<div class=\"wp-block-columns is-layout-flex wp-container-core-columns-is-layout-9d6595d7 wp-block-columns-is-layout-flex\">\n<div class=\"wp-block-column is-layout-flow wp-block-column-is-layout-flow\">\n<h2 class=\"wp-block-heading\">Eigenschaften von Bulk Collagen Peptides<\/h2>\n\n\n\n<ul class=\"wp-block-list\">\n<li><strong>Unterst\u00fctzt die Elastizit\u00e4t der Haut:<\/strong> Das iBesDina Kollagenpeptid-Pulver ist reich an hochwertigen Kollagenpeptiden, die die Haut tiefgreifend n\u00e4hren. Es hilft der Haut, ihre Elastizit\u00e4t wiederherzustellen, minimiert feine Linien und Falten, verbessert die allgemeine Hautbeschaffenheit und macht Ihre Haut fest und glatt, um mit nat\u00fcrlicher Helligkeit zu bl\u00fchen.<\/li>\n\n\n\n<li><strong>F\u00f6rdert die Gesundheit von Haaren und N\u00e4geln: <\/strong>Dieses Kollagenpeptid-Pulver im Gro\u00dfhandel hilft bei der Reparatur und St\u00e4rkung von Haaren und N\u00e4geln, indem es alle f\u00fcr diesen Prozess notwendigen N\u00e4hrstoffe bereitstellt. Es hilft bei der L\u00f6sung der Probleme von Spliss und br\u00fcchige N\u00e4gel neben helfen, mehr robust und gl\u00e4nzende Haare und N\u00e4gel zu entwickeln.<\/li>\n\n\n\n<li><strong>St\u00e4rkung der Gelenke und Knochen: <\/strong>iBesDina Kollagenpeptide in Pulverform unterst\u00fctzen den Wiederaufbau des Gelenkknorpels und die Festigkeit der Knochen, verbessern die Beweglichkeit der Gelenke, verringern die durch Sport und andere k\u00f6rperliche Aktivit\u00e4ten verursachten Belastungen und Beschwerden und bieten eine starke Unterst\u00fctzung bei den t\u00e4glichen Gesundheitsaktivit\u00e4ten.<\/li>\n\n\n\n<li><strong>Effiziente Aufl\u00f6sung und bequeme Absorption: <\/strong>Unser Kollagenpeptidpulver im Gro\u00dfhandel verwendet eine hochwertige Formel. Das Kollagenpulver l\u00f6st sich schnell in verschiedenen Getr\u00e4nken auf, hat einen leichten Geschmack, ist leicht zu absorbieren und eignet sich f\u00fcr die Integration in die t\u00e4gliche Ern\u00e4hrung, um die gesundheitlichen Bed\u00fcrfnisse in mehreren Szenarien zu erf\u00fcllen.<\/li>\n<\/ul>\n<\/div>\n\n\n\n<div class=\"wp-block-column is-layout-flow wp-block-column-is-layout-flow\">\n<figure class=\"wp-block-image size-full\"><img decoding=\"async\" width=\"2085\" height=\"2085\" src=\"https:\/\/www.comehealthgroup.com\/wp-content\/uploads\/2025\/01\/image_4.png\" alt=\"iBesDina Bulk Kollagen Peptide Pulver f\u00fcr Haare Nagel Gesundheit-3\" class=\"wp-image-1559\" srcset=\"https:\/\/www.comehealthgroup.com\/wp-content\/uploads\/2025\/01\/image_4.png 2085w, https:\/\/www.comehealthgroup.com\/wp-content\/uploads\/2025\/01\/image_4-300x300.png 300w, https:\/\/www.comehealthgroup.com\/wp-content\/uploads\/2025\/01\/image_4-150x150.png 150w, https:\/\/www.comehealthgroup.com\/wp-content\/uploads\/2025\/01\/image_4-768x768.png 768w, https:\/\/www.comehealthgroup.com\/wp-content\/uploads\/2025\/01\/image_4-12x12.png 12w, https:\/\/www.comehealthgroup.com\/wp-content\/uploads\/2025\/01\/image_4-1200x1200.png 1200w, https:\/\/www.comehealthgroup.com\/wp-content\/uploads\/2025\/01\/image_4-600x600.png 600w, https:\/\/www.comehealthgroup.com\/wp-content\/uploads\/2025\/01\/image_4-100x100.png 100w\" sizes=\"(max-width: 2085px) 100vw, 2085px\" \/><\/figure>\n<\/div>\n<\/div>\n\n\n\n<p><\/p>","protected":false},"excerpt":{"rendered":"<p>Willkommen zu kaufen Bulk-Kollagen-Peptide. iBesDina Kollagen Peptide Pulver Gro\u00dfhandel verbessert die Elastizit\u00e4t der Haut, verbessert die Haare und N\u00e4gel Zustand, und erh\u00f6ht die Flexibilit\u00e4t der Gelenke und st\u00e4rkt die Knochen. Gute L\u00f6slichkeit macht es bequem f\u00fcr die Absorption jeden Tag f\u00fcr die allgemeine Gesundheit im ganzen K\u00f6rper effektiv.<\/p>\n<table style=\"border-collapse: collapse; width: 308.02pt;\" border=\"0\" width=\"308\" cellspacing=\"0\" cellpadding=\"0\">\n<tbody>\n<tr style=\"height: 15.20pt;\">\n<td class=\"et2\" style=\"height: 15.20pt; width: 101.70pt;\" width=\"101\" height=\"15\">Markenname<\/td>\n<td class=\"et2\" style=\"width: 206.65pt;\" width=\"206\">iBesDina<\/td>\n<\/tr>\n<tr style=\"height: 46.00pt;\">\n<td class=\"et2\" style=\"height: 46.00pt;\" height=\"46\">Produktvorteile<\/td>\n<td class=\"et3\" style=\"width: 206.65pt;\" width=\"206\">*Unterst\u00fctzt die Elastizit\u00e4t der Haut<br \/>*F\u00f6rdert die Gesundheit von Haaren und N\u00e4geln<br \/>*verbessert die Gelenk- und Knochenst\u00e4rke<\/td>\n<\/tr>\n<tr style=\"height: 15.20pt;\">\n<td class=\"et2\" style=\"height: 15.20pt;\" height=\"15\">Dosierungsform<\/td>\n<td class=\"et4\">Pulver<\/td>\n<\/tr>\n<tr style=\"height: 15.20pt;\">\n<td class=\"et2\" style=\"height: 15.20pt;\" height=\"15\">Produkt-Spezifikation<\/td>\n<td class=\"et4\">454g\/Sack<\/td>\n<\/tr>\n<tr style=\"height: 15.20pt;\">\n<td class=\"et2\" style=\"height: 15.20pt;\" height=\"15\">Haltbarkeitsdauer<\/td>\n<td class=\"et2\">24 Monate<\/td>\n<\/tr>\n<tr style=\"height: 15.20pt;\">\n<td class=\"et2\" style=\"height: 15.20pt;\" height=\"15\">Paket<\/td>\n<td>Tasche<\/td>\n<\/tr>\n<tr style=\"height: 15.20pt;\">\n<td class=\"et2\" style=\"height: 15.20pt;\" height=\"15\">Bestandsaufnahme<\/td>\n<td class=\"et2\">Vorr\u00e4tig<\/td>\n<\/tr>\n<\/tbody>\n<\/table>","protected":false},"featured_media":1556,"comment_status":"closed","ping_status":"closed","template":"","meta":{"_acf_changed":false},"product_brand":[],"product_cat":[51,45,36,34],"product_tag":[],"class_list":{"0":"post-1555","1":"product","2":"type-product","3":"status-publish","4":"has-post-thumbnail","6":"product_cat-ibesdina-supplements-wholesale","7":"product_cat-bulk-powder-supplements","8":"product_cat-private-label-beauty-supplements","9":"product_cat-private-label-health-supplements","11":"first","12":"instock","13":"shipping-taxable","14":"product-type-simple"},"acf":[],"_links":{"self":[{"href":"https:\/\/www.comehealthgroup.com\/de\/wp-json\/wp\/v2\/product\/1555","targetHints":{"allow":["GET"]}}],"collection":[{"href":"https:\/\/www.comehealthgroup.com\/de\/wp-json\/wp\/v2\/product"}],"about":[{"href":"https:\/\/www.comehealthgroup.com\/de\/wp-json\/wp\/v2\/types\/product"}],"replies":[{"embeddable":true,"href":"https:\/\/www.comehealthgroup.com\/de\/wp-json\/wp\/v2\/comments?post=1555"}],"wp:featuredmedia":[{"embeddable":true,"href":"https:\/\/www.comehealthgroup.com\/de\/wp-json\/wp\/v2\/media\/1556"}],"wp:attachment":[{"href":"https:\/\/www.comehealthgroup.com\/de\/wp-json\/wp\/v2\/media?parent=1555"}],"wp:term":[{"taxonomy":"product_brand","embeddable":true,"href":"https:\/\/www.comehealthgroup.com\/de\/wp-json\/wp\/v2\/product_brand?post=1555"},{"taxonomy":"product_cat","embeddable":true,"href":"https:\/\/www.comehealthgroup.com\/de\/wp-json\/wp\/v2\/product_cat?post=1555"},{"taxonomy":"product_tag","embeddable":true,"href":"https:\/\/www.comehealthgroup.com\/de\/wp-json\/wp\/v2\/product_tag?post=1555"}],"curies":[{"name":"wp","href":"https:\/\/api.w.org\/{rel}","templated":true}]}}