{"id":1611,"date":"2025-02-18T07:43:20","date_gmt":"2025-02-18T07:43:20","guid":{"rendered":"https:\/\/www.comehealthgroup.com\/?post_type=product&#038;p=1611"},"modified":"2025-02-18T07:43:21","modified_gmt":"2025-02-18T07:43:21","slug":"bulk-supplements-skin-whitening","status":"publish","type":"product","link":"https:\/\/www.comehealthgroup.com\/de\/product\/bulk-supplements-skin-whitening\/","title":{"rendered":"Private Label Bulk Supplements Skin Whitening Capsules"},"content":{"rendered":"<div class=\"wp-block-columns is-layout-flex wp-container-core-columns-is-layout-9d6595d7 wp-block-columns-is-layout-flex\">\n<div class=\"wp-block-column is-layout-flow wp-block-column-is-layout-flow\">\n<h2 class=\"wp-block-heading\">Eigenschaften von Bulk Supplements Skin Whitening Capsules<\/h2>\n\n\n\n<ul class=\"wp-block-list\">\n<li><strong>Dullness-gl\u00e4nzende Hautaufhellung: <\/strong>Es gibt mehrere aufhellende Inhaltsstoffe wie Glutathion, Vitamin C, etc. in unserer Bulk-Erg\u00e4nzungen Hautaufhellung Kapseln, die die Sekretion von Melanin zu verhindern und machen die Haut zu erreichen gesunden schimmernden Teint, die meisten fit f\u00fcr Kunden, die einen hellen Teint zu gewinnen wollen.<\/li>\n\n\n\n<li><strong>Starkes Antioxidans:<\/strong> Durch den hohen Gehalt an Antioxidantien in Form von Polyphenolen und Vitamin E ist dieses Sch\u00f6nheitsmittel der Eigenmarke in der Lage, freie Radikale zu zerst\u00f6ren, ultraviolette Strahlung und durch Umweltverschmutzung verursachte Hautsch\u00e4den zu bek\u00e4mpfen, die Hautalterung zu verlangsamen und das jugendliche Aussehen der Haut zu erhalten.<\/li>\n\n\n\n<li><strong>Verbessert die Elastizit\u00e4t der Haut: <\/strong>Diese Kapsel zur Hautaufhellung enth\u00e4lt kollagenbildende Wirkstoffe wie Hyalurons\u00e4ure und Coenzym Q10, die dazu beitragen, die Elastizit\u00e4t der Haut zu verbessern, feine Linien und F\u00e4ltchen zu gl\u00e4tten und die Haut weicher zu machen, um eine gesunde und glatte, feste Textur zu erhalten, die Leben und Wohlbefinden ausstrahlt.<\/li>\n\n\n\n<li><strong>F\u00fcr makellose Haut:<\/strong> Dieses Sch\u00f6nheitsmittel der Eigenmarke reguliert den Hautstoffwechsel, korrigiert Pigmentst\u00f6rungen, tr\u00e4gt zur Normalisierung der Hautfarbe bei, beseitigt Flecken und Stumpfheit und verleiht der Haut einen nat\u00fcrlich aussehenden, seidigen und gesunden Glanz.<\/li>\n<\/ul>\n<\/div>\n\n\n\n<div class=\"wp-block-column is-layout-flow wp-block-column-is-layout-flow\">\n<figure class=\"wp-block-image size-full\"><img decoding=\"async\" width=\"720\" height=\"720\" src=\"https:\/\/www.comehealthgroup.com\/wp-content\/uploads\/2025\/02\/Private-Label-Bulk-Supplements-Skin-Whitening-Capsules-3.webp\" alt=\"Private Label Bulk Supplements Skin Whitening Capsules-3\" class=\"wp-image-1658\" srcset=\"https:\/\/www.comehealthgroup.com\/wp-content\/uploads\/2025\/02\/Private-Label-Bulk-Supplements-Skin-Whitening-Capsules-3.webp 720w, https:\/\/www.comehealthgroup.com\/wp-content\/uploads\/2025\/02\/Private-Label-Bulk-Supplements-Skin-Whitening-Capsules-3-300x300.webp 300w, https:\/\/www.comehealthgroup.com\/wp-content\/uploads\/2025\/02\/Private-Label-Bulk-Supplements-Skin-Whitening-Capsules-3-150x150.webp 150w, https:\/\/www.comehealthgroup.com\/wp-content\/uploads\/2025\/02\/Private-Label-Bulk-Supplements-Skin-Whitening-Capsules-3-12x12.webp 12w, https:\/\/www.comehealthgroup.com\/wp-content\/uploads\/2025\/02\/Private-Label-Bulk-Supplements-Skin-Whitening-Capsules-3-600x600.webp 600w, https:\/\/www.comehealthgroup.com\/wp-content\/uploads\/2025\/02\/Private-Label-Bulk-Supplements-Skin-Whitening-Capsules-3-100x100.webp 100w\" sizes=\"(max-width: 720px) 100vw, 720px\" \/><\/figure>\n<\/div>\n<\/div>\n\n\n\n<p><\/p>","protected":false},"excerpt":{"rendered":"<p>Willkommen auf private Label Sch\u00f6nheit Erg\u00e4nzung anpassen. Unsere Bulk-Erg\u00e4nzungen Hautaufhellung Kapseln sind f\u00fcr diejenigen Kunden, die helle Haut zu erwerben m\u00f6chten. Es ist mit einer Reihe von Whitening-Agenten und Antioxidantien verpackt, so dass sichergestellt wird, dass es den Hautton gl\u00e4ttet, l\u00f6st die Produktion von Kollagen, und leuchtet von innen heraus.<\/p>\n<table style=\"border-collapse: collapse; width: 308.02pt;\" border=\"0\" width=\"308\" cellspacing=\"0\" cellpadding=\"0\">\n<tbody>\n<tr style=\"height: 15.20pt;\">\n<td class=\"et2\" style=\"height: 15.20pt; width: 101.70pt;\" width=\"101\" height=\"15\">Markenname<\/td>\n<td class=\"et2\" style=\"width: 206.65pt;\" width=\"206\">Come Health\/ White Label<\/td>\n<\/tr>\n<tr style=\"height: 61.00pt;\">\n<td class=\"et2\" style=\"height: 61.00pt;\" height=\"61\">Produktvorteile<\/td>\n<td class=\"et3\" style=\"width: 206.65pt;\" width=\"206\">*Aufhellende Inhaltsstoffe unterst\u00fctzen<br \/>*Antioxidative Eigenschaften unterst\u00fctzen<br \/>*Kollagenverst\u00e4rkung<br \/>*Gleichm\u00e4\u00dfigkeit des Hauttons<\/td>\n<\/tr>\n<tr style=\"height: 15.20pt;\">\n<td class=\"et2\" style=\"height: 15.20pt;\" height=\"15\">Dosierungsform<\/td>\n<td class=\"et2\">Kapsel<\/td>\n<\/tr>\n<tr style=\"height: 15.20pt;\">\n<td class=\"et2\" style=\"height: 15.20pt;\" height=\"15\">Produkt-Spezifikation<\/td>\n<td class=\"et2\">60 Kapseln\/Flasche<\/td>\n<\/tr>\n<tr style=\"height: 15.20pt;\">\n<td class=\"et2\" style=\"height: 15.20pt;\" height=\"15\">Haltbarkeitsdauer<\/td>\n<td class=\"et2\">24 Monate<\/td>\n<\/tr>\n<tr style=\"height: 15.20pt;\">\n<td class=\"et2\" style=\"height: 15.20pt;\" height=\"15\">Abmessungen (cm)<\/td>\n<td class=\"et4\">7X7X12<\/td>\n<\/tr>\n<tr style=\"height: 15.20pt;\">\n<td class=\"et2\" style=\"height: 15.20pt;\" height=\"15\">Nettogewicht(kg)<\/td>\n<td class=\"et4\">0,08 kg<\/td>\n<\/tr>\n<tr style=\"height: 15.20pt;\">\n<td class=\"et2\" style=\"height: 15.20pt;\" height=\"15\">Personalisierung<\/td>\n<td class=\"et2\">Grafik, Logo, Verpackung<\/td>\n<\/tr>\n<tr style=\"height: 15.20pt;\">\n<td class=\"et2\" style=\"height: 15.20pt;\" height=\"15\">Bestandsaufnahme<\/td>\n<td class=\"et2\">Vorr\u00e4tig<\/td>\n<\/tr>\n<\/tbody>\n<\/table>","protected":false},"featured_media":1659,"comment_status":"closed","ping_status":"closed","template":"","meta":{"_acf_changed":false},"product_brand":[],"product_cat":[39,36],"product_tag":[],"class_list":{"0":"post-1611","1":"product","2":"type-product","3":"status-publish","4":"has-post-thumbnail","6":"product_cat-bulk-supplements-capsules","7":"product_cat-private-label-beauty-supplements","9":"first","10":"instock","11":"shipping-taxable","12":"product-type-simple"},"acf":[],"_links":{"self":[{"href":"https:\/\/www.comehealthgroup.com\/de\/wp-json\/wp\/v2\/product\/1611","targetHints":{"allow":["GET"]}}],"collection":[{"href":"https:\/\/www.comehealthgroup.com\/de\/wp-json\/wp\/v2\/product"}],"about":[{"href":"https:\/\/www.comehealthgroup.com\/de\/wp-json\/wp\/v2\/types\/product"}],"replies":[{"embeddable":true,"href":"https:\/\/www.comehealthgroup.com\/de\/wp-json\/wp\/v2\/comments?post=1611"}],"wp:featuredmedia":[{"embeddable":true,"href":"https:\/\/www.comehealthgroup.com\/de\/wp-json\/wp\/v2\/media\/1659"}],"wp:attachment":[{"href":"https:\/\/www.comehealthgroup.com\/de\/wp-json\/wp\/v2\/media?parent=1611"}],"wp:term":[{"taxonomy":"product_brand","embeddable":true,"href":"https:\/\/www.comehealthgroup.com\/de\/wp-json\/wp\/v2\/product_brand?post=1611"},{"taxonomy":"product_cat","embeddable":true,"href":"https:\/\/www.comehealthgroup.com\/de\/wp-json\/wp\/v2\/product_cat?post=1611"},{"taxonomy":"product_tag","embeddable":true,"href":"https:\/\/www.comehealthgroup.com\/de\/wp-json\/wp\/v2\/product_tag?post=1611"}],"curies":[{"name":"wp","href":"https:\/\/api.w.org\/{rel}","templated":true}]}}