{"id":1632,"date":"2025-02-18T09:02:46","date_gmt":"2025-02-18T09:02:46","guid":{"rendered":"https:\/\/www.comehealthgroup.com\/?post_type=product&#038;p=1632"},"modified":"2025-02-18T09:03:06","modified_gmt":"2025-02-18T09:03:06","slug":"private-label-turkesterone","status":"publish","type":"product","link":"https:\/\/www.comehealthgroup.com\/de\/product\/private-label-turkesterone\/","title":{"rendered":"Private Label Turkesterone Erg\u00e4nzung Kapsel f\u00fcr Fettabbau"},"content":{"rendered":"<div class=\"wp-block-columns is-layout-flex wp-container-core-columns-is-layout-9d6595d7 wp-block-columns-is-layout-flex\">\n<div class=\"wp-block-column is-layout-flow wp-block-column-is-layout-flow\">\n<h2 class=\"wp-block-heading\">Eigenschaften von Private Label Turkesterone Supplement<\/h2>\n\n\n\n<ul class=\"wp-block-list\">\n<li><strong>Entz\u00fcndungshemmende Wirkung, beschleunigt die Erholung des K\u00f6rpers: <\/strong>Turkesteron hat nat\u00fcrliche entz\u00fcndungshemmende Eigenschaften. Diese Eigenmarke Turkesterone Erg\u00e4nzung kann effektiv reduzieren Muskelentz\u00fcndung und Muskelkater nach dem Training.<\/li>\n\n\n\n<li><strong>Unterst\u00fctzt die Fettverbrennung und hilft, Fett zu verlieren:<\/strong> Diese Gro\u00dfhandelskapsel Turkesterone hilft dem K\u00f6rper, Fett effizienter zu verbrennen, indem sie den Stoffwechsel f\u00f6rdert und den Energieverbrauch optimiert.<\/li>\n\n\n\n<li><strong>Verbessert die Proteinverwertung und f\u00f6rdert die Muskelsynthese: <\/strong>Unsere Eigenmarke Turkesterone kann die Proteinsynthese und die Effizienz der Proteinverwertung verbessern und so den Anwendern helfen, die Muskelmasse w\u00e4hrend des Fettabbaus zu erhalten oder sogar zu vergr\u00f6\u00dfern.<\/li>\n\n\n\n<li><strong>Verbessert die kognitive Funktion und die Konzentration: <\/strong>Zus\u00e4tzlich zu den k\u00f6rperlichen Vorteilen kann diese Gro\u00dfhandelskapsel von Turkesterone auch die Gesundheit des Gehirns unterst\u00fctzen und die kognitive Funktion und Konzentration verbessern.<\/li>\n<\/ul>\n<\/div>\n\n\n\n<div class=\"wp-block-column is-layout-flow wp-block-column-is-layout-flow\">\n<figure class=\"wp-block-image size-full\"><img decoding=\"async\" width=\"1500\" height=\"1500\" src=\"https:\/\/www.comehealthgroup.com\/wp-content\/uploads\/2025\/02\/Private-Label-Turkesterone-Supplement-Capsule-for-Fat-Loss-2.webp\" alt=\"Private Label Turkesterone Erg\u00e4nzung Kapsel f\u00fcr Fettabbau-2\" class=\"wp-image-1694\" srcset=\"https:\/\/www.comehealthgroup.com\/wp-content\/uploads\/2025\/02\/Private-Label-Turkesterone-Supplement-Capsule-for-Fat-Loss-2.webp 1500w, https:\/\/www.comehealthgroup.com\/wp-content\/uploads\/2025\/02\/Private-Label-Turkesterone-Supplement-Capsule-for-Fat-Loss-2-300x300.webp 300w, https:\/\/www.comehealthgroup.com\/wp-content\/uploads\/2025\/02\/Private-Label-Turkesterone-Supplement-Capsule-for-Fat-Loss-2-150x150.webp 150w, https:\/\/www.comehealthgroup.com\/wp-content\/uploads\/2025\/02\/Private-Label-Turkesterone-Supplement-Capsule-for-Fat-Loss-2-768x768.webp 768w, https:\/\/www.comehealthgroup.com\/wp-content\/uploads\/2025\/02\/Private-Label-Turkesterone-Supplement-Capsule-for-Fat-Loss-2-12x12.webp 12w, https:\/\/www.comehealthgroup.com\/wp-content\/uploads\/2025\/02\/Private-Label-Turkesterone-Supplement-Capsule-for-Fat-Loss-2-1200x1200.webp 1200w, https:\/\/www.comehealthgroup.com\/wp-content\/uploads\/2025\/02\/Private-Label-Turkesterone-Supplement-Capsule-for-Fat-Loss-2-600x600.webp 600w, https:\/\/www.comehealthgroup.com\/wp-content\/uploads\/2025\/02\/Private-Label-Turkesterone-Supplement-Capsule-for-Fat-Loss-2-100x100.webp 100w\" sizes=\"(max-width: 1500px) 100vw, 1500px\" \/><\/figure>\n<\/div>\n<\/div>","protected":false},"excerpt":{"rendered":"<p>Willkommen in privaten Label Turkesterone Erg\u00e4nzung anpassen. Unser Gro\u00dfhandel Turkesterone Kapsel ist ein hochwirksames Nahrungserg\u00e4nzungsmittel f\u00fcr Fitness-Enthusiasten und Menschen, die Gewicht verlieren wollen. Unterst\u00fctzen Sie private Label-Anpassung.<\/p>\n<table style=\"border-collapse: collapse; width: 308.02pt;\" border=\"0\" width=\"308\" cellspacing=\"0\" cellpadding=\"0\">\n<tbody>\n<tr style=\"height: 15.20pt;\">\n<td class=\"et2\" style=\"height: 15.20pt; width: 101.70pt;\" width=\"101\" height=\"15\">Markenname<\/td>\n<td class=\"et2\" style=\"width: 206.65pt;\" width=\"206\">Come Health\/ White Label<\/td>\n<\/tr>\n<tr style=\"height: 61.00pt;\">\n<td class=\"et2\" style=\"height: 61.00pt;\" height=\"61\">Produktvorteile<\/td>\n<td class=\"et3\" style=\"width: 206.65pt;\" width=\"206\">*Entz\u00fcndungshemmende Wirkung <br \/>*Unterst\u00fctzt Fettabbau <br \/>*Verbesserte Proteinverwertung <br \/>*Kognitiver Nutzen<\/td>\n<\/tr>\n<tr style=\"height: 15.20pt;\">\n<td class=\"et2\" style=\"height: 15.20pt;\" height=\"15\">Dosierungsform<\/td>\n<td class=\"et2\">Kapsel<\/td>\n<\/tr>\n<tr style=\"height: 15.20pt;\">\n<td class=\"et2\" style=\"height: 15.20pt;\" height=\"15\">Produkt-Spezifikation<\/td>\n<td class=\"et2\">90 Kapseln\/Flasche<\/td>\n<\/tr>\n<tr style=\"height: 15.20pt;\">\n<td class=\"et2\" style=\"height: 15.20pt;\" height=\"15\">Haltbarkeitsdauer<\/td>\n<td class=\"et2\">24 Monate<\/td>\n<\/tr>\n<tr style=\"height: 15.20pt;\">\n<td class=\"et2\" style=\"height: 15.20pt;\" height=\"15\">Abmessungen (cm)<\/td>\n<td class=\"et4\">7X7X12<\/td>\n<\/tr>\n<tr style=\"height: 15.20pt;\">\n<td class=\"et2\" style=\"height: 15.20pt;\" height=\"15\">Nettogewicht(kg)<\/td>\n<td class=\"et4\">0,08 kg<\/td>\n<\/tr>\n<tr style=\"height: 15.20pt;\">\n<td class=\"et2\" style=\"height: 15.20pt;\" height=\"15\">Personalisierung<\/td>\n<td class=\"et2\">Grafik, Logo, Verpackung<\/td>\n<\/tr>\n<tr style=\"height: 15.20pt;\">\n<td class=\"et2\" style=\"height: 15.20pt;\" height=\"15\">Bestandsaufnahme<\/td>\n<td class=\"et2\">Vorr\u00e4tig<\/td>\n<\/tr>\n<\/tbody>\n<\/table>","protected":false},"featured_media":1697,"comment_status":"closed","ping_status":"closed","template":"","meta":{"_acf_changed":false},"product_brand":[],"product_cat":[39,29],"product_tag":[],"class_list":{"0":"post-1632","1":"product","2":"type-product","3":"status-publish","4":"has-post-thumbnail","6":"product_cat-bulk-supplements-capsules","7":"product_cat-sports-supplements-wholesale","9":"first","10":"instock","11":"shipping-taxable","12":"product-type-simple"},"acf":[],"_links":{"self":[{"href":"https:\/\/www.comehealthgroup.com\/de\/wp-json\/wp\/v2\/product\/1632","targetHints":{"allow":["GET"]}}],"collection":[{"href":"https:\/\/www.comehealthgroup.com\/de\/wp-json\/wp\/v2\/product"}],"about":[{"href":"https:\/\/www.comehealthgroup.com\/de\/wp-json\/wp\/v2\/types\/product"}],"replies":[{"embeddable":true,"href":"https:\/\/www.comehealthgroup.com\/de\/wp-json\/wp\/v2\/comments?post=1632"}],"wp:featuredmedia":[{"embeddable":true,"href":"https:\/\/www.comehealthgroup.com\/de\/wp-json\/wp\/v2\/media\/1697"}],"wp:attachment":[{"href":"https:\/\/www.comehealthgroup.com\/de\/wp-json\/wp\/v2\/media?parent=1632"}],"wp:term":[{"taxonomy":"product_brand","embeddable":true,"href":"https:\/\/www.comehealthgroup.com\/de\/wp-json\/wp\/v2\/product_brand?post=1632"},{"taxonomy":"product_cat","embeddable":true,"href":"https:\/\/www.comehealthgroup.com\/de\/wp-json\/wp\/v2\/product_cat?post=1632"},{"taxonomy":"product_tag","embeddable":true,"href":"https:\/\/www.comehealthgroup.com\/de\/wp-json\/wp\/v2\/product_tag?post=1632"}],"curies":[{"name":"wp","href":"https:\/\/api.w.org\/{rel}","templated":true}]}}