{"id":1675,"date":"2025-02-26T08:25:17","date_gmt":"2025-02-26T08:25:17","guid":{"rendered":"https:\/\/www.comehealthgroup.com\/?post_type=product&#038;p=1675"},"modified":"2025-02-26T08:26:29","modified_gmt":"2025-02-26T08:26:29","slug":"private-label-beauty-supplement","status":"publish","type":"product","link":"https:\/\/www.comehealthgroup.com\/de\/product\/private-label-beauty-supplement\/","title":{"rendered":"Private Label Beauty Supplement f\u00fcr Hintern- und H\u00fcftvergr\u00f6\u00dferung"},"content":{"rendered":"<div class=\"wp-block-columns is-layout-flex wp-container-core-columns-is-layout-9d6595d7 wp-block-columns-is-layout-flex\">\n<div class=\"wp-block-column is-layout-flow wp-block-column-is-layout-flow\">\n<h2 class=\"wp-block-heading\">Eigenschaften von Private Label Beauty Supplement<\/h2>\n\n\n\n<ul class=\"wp-block-list\">\n<li><strong>Erh\u00f6ht die Fettspeicherung und formt pralle Kurven: <\/strong>Unser H\u00fcftstraffungs-Eigenmarken-Sch\u00f6nheitsmittel f\u00f6rdert die Fetteinlagerung im Ges\u00e4\u00df und in den H\u00fcften durch wissenschaftliche Formeln, die helfen, das Ges\u00e4\u00df auf nat\u00fcrliche Weise zu vergr\u00f6\u00dfern und prallere und reizvollere Kurven zu formen.<\/li>\n\n\n\n<li><strong>Die Formel mit nat\u00fcrlichen Inhaltsstoffen ist sicher und zuverl\u00e4ssig: <\/strong>Diese H\u00fcftstraffungskapsel Gro\u00dfhandel verwendet nat\u00fcrliche Pflanzenextrakte und N\u00e4hrstoffe, um sicherzustellen, dass das Produkt sicher ist und keine Nebenwirkungen hat. Es ist f\u00fcr den Langzeitgebrauch geeignet und hilft Frauen, ihre K\u00f6rperziele auf gesunde Weise zu erreichen.<\/li>\n\n\n\n<li><strong>F\u00f6rdert die Blutzirkulation und verbessert die Elastizit\u00e4t der Haut: <\/strong>Die Wirkstoffe unserer H\u00fcftstraffungs-Eigenmarkenformel helfen, die lokale Durchblutung zu verbessern, die Hautelastizit\u00e4t zu erh\u00f6hen und die Ges\u00e4\u00dflinie glatter und straffer zu machen.<\/li>\n\n\n\n<li><strong>Optimieren Sie die gesamte K\u00f6rperkontur und st\u00e4rken Sie Ihr Selbstbewusstsein: <\/strong>Unsere H\u00fcftstraffungskapsel im Gro\u00dfhandel hat eine gezielte Fettverteilung und k\u00f6rperformende Wirkung. Das Produkt polstert nicht nur das Ges\u00e4\u00df auf, sondern optimiert auch die gesamte K\u00f6rperkontur und hilft Frauen, einen selbstbewussteren K\u00f6rper zu zeigen.<\/li>\n<\/ul>\n<\/div>\n\n\n\n<div class=\"wp-block-column is-layout-flow wp-block-column-is-layout-flow\">\n<figure class=\"wp-block-image size-full\"><img decoding=\"async\" width=\"750\" height=\"750\" src=\"https:\/\/www.comehealthgroup.com\/wp-content\/uploads\/2025\/02\/Hip-Enlargement-Capsules_01.webp\" alt=\"Private Label Beauty Supplement f\u00fcr Hintern- und H\u00fcftvergr\u00f6\u00dferung-2\" class=\"wp-image-1677\" srcset=\"https:\/\/www.comehealthgroup.com\/wp-content\/uploads\/2025\/02\/Hip-Enlargement-Capsules_01.webp 750w, https:\/\/www.comehealthgroup.com\/wp-content\/uploads\/2025\/02\/Hip-Enlargement-Capsules_01-300x300.webp 300w, https:\/\/www.comehealthgroup.com\/wp-content\/uploads\/2025\/02\/Hip-Enlargement-Capsules_01-150x150.webp 150w, https:\/\/www.comehealthgroup.com\/wp-content\/uploads\/2025\/02\/Hip-Enlargement-Capsules_01-12x12.webp 12w, https:\/\/www.comehealthgroup.com\/wp-content\/uploads\/2025\/02\/Hip-Enlargement-Capsules_01-600x600.webp 600w, https:\/\/www.comehealthgroup.com\/wp-content\/uploads\/2025\/02\/Hip-Enlargement-Capsules_01-100x100.webp 100w\" sizes=\"(max-width: 750px) 100vw, 750px\" \/><\/figure>\n<\/div>\n<\/div>\n\n\n\n<p><\/p>","protected":false},"excerpt":{"rendered":"<p>Unsere Eigenmarke Sch\u00f6nheit Erg\u00e4nzung Gro\u00dfhandel ist f\u00fcr H\u00fcfte und Ges\u00e4\u00df Vergr\u00f6\u00dferung konzipiert. Es ist mit nat\u00fcrlichen Inhaltsstoffen formuliert, um die Fettspeicherung zu erh\u00f6hen, die Blutzirkulation zu f\u00f6rdern und die gesamten K\u00f6rperrundungen zu verbessern. Das Produkt ist sicher und wirksam, geeignet f\u00fcr nat\u00fcrliche Ges\u00e4\u00df und K\u00f6rperformung.<\/p>\n<table style=\"border-collapse: collapse; width: 308.02pt;\" border=\"0\" width=\"308\" cellspacing=\"0\" cellpadding=\"0\">\n<tbody>\n<tr style=\"height: 15.20pt;\">\n<td class=\"et2\" style=\"height: 15.20pt; width: 101.70pt;\" width=\"101\" height=\"15\">Markenname<\/td>\n<td class=\"et2\" style=\"width: 206.65pt;\" width=\"206\">Come Health\/ White Label<\/td>\n<\/tr>\n<tr style=\"height: 61.00pt;\">\n<td class=\"et2\" style=\"height: 61.00pt;\" height=\"61\">Produktvorteile<\/td>\n<td class=\"et3\" style=\"width: 206.65pt;\" width=\"206\">*Verst\u00e4rkte Fettspeicherung<br \/>*Natural Ingredient Focus<br \/>*F\u00f6rdert die Durchblutung<br \/>*verbessert die gesamte K\u00f6rperkontur<\/td>\n<\/tr>\n<tr style=\"height: 15.20pt;\">\n<td class=\"et2\" style=\"height: 15.20pt;\" height=\"15\">Dosierungsform<\/td>\n<td class=\"et2\">Kapsel<\/td>\n<\/tr>\n<tr style=\"height: 15.20pt;\">\n<td class=\"et2\" style=\"height: 15.20pt;\" height=\"15\">Produkt-Spezifikation<\/td>\n<td class=\"et2\">60 Kapseln\/Flasche<\/td>\n<\/tr>\n<tr style=\"height: 15.20pt;\">\n<td class=\"et2\" style=\"height: 15.20pt;\" height=\"15\">Haltbarkeitsdauer<\/td>\n<td class=\"et2\">24 Monate<\/td>\n<\/tr>\n<tr style=\"height: 15.20pt;\">\n<td class=\"et2\" style=\"height: 15.20pt;\" height=\"15\">Abmessungen (cm)<\/td>\n<td class=\"et4\">7X7X12<\/td>\n<\/tr>\n<tr style=\"height: 15.20pt;\">\n<td class=\"et2\" style=\"height: 15.20pt;\" height=\"15\">Nettogewicht(kg)<\/td>\n<td class=\"et4\">0,08 kg<\/td>\n<\/tr>\n<tr style=\"height: 15.20pt;\">\n<td class=\"et2\" style=\"height: 15.20pt;\" height=\"15\">Personalisierung<\/td>\n<td class=\"et2\">Grafik, Logo, Verpackung<\/td>\n<\/tr>\n<tr style=\"height: 15.20pt;\">\n<td class=\"et2\" style=\"height: 15.20pt;\" height=\"15\">Bestandsaufnahme<\/td>\n<td class=\"et2\">Vorr\u00e4tig<\/td>\n<\/tr>\n<\/tbody>\n<\/table>","protected":false},"featured_media":1676,"comment_status":"closed","ping_status":"closed","template":"","meta":{"_acf_changed":false},"product_brand":[],"product_cat":[39,36],"product_tag":[],"class_list":{"0":"post-1675","1":"product","2":"type-product","3":"status-publish","4":"has-post-thumbnail","6":"product_cat-bulk-supplements-capsules","7":"product_cat-private-label-beauty-supplements","9":"first","10":"instock","11":"shipping-taxable","12":"product-type-simple"},"acf":[],"_links":{"self":[{"href":"https:\/\/www.comehealthgroup.com\/de\/wp-json\/wp\/v2\/product\/1675","targetHints":{"allow":["GET"]}}],"collection":[{"href":"https:\/\/www.comehealthgroup.com\/de\/wp-json\/wp\/v2\/product"}],"about":[{"href":"https:\/\/www.comehealthgroup.com\/de\/wp-json\/wp\/v2\/types\/product"}],"replies":[{"embeddable":true,"href":"https:\/\/www.comehealthgroup.com\/de\/wp-json\/wp\/v2\/comments?post=1675"}],"wp:featuredmedia":[{"embeddable":true,"href":"https:\/\/www.comehealthgroup.com\/de\/wp-json\/wp\/v2\/media\/1676"}],"wp:attachment":[{"href":"https:\/\/www.comehealthgroup.com\/de\/wp-json\/wp\/v2\/media?parent=1675"}],"wp:term":[{"taxonomy":"product_brand","embeddable":true,"href":"https:\/\/www.comehealthgroup.com\/de\/wp-json\/wp\/v2\/product_brand?post=1675"},{"taxonomy":"product_cat","embeddable":true,"href":"https:\/\/www.comehealthgroup.com\/de\/wp-json\/wp\/v2\/product_cat?post=1675"},{"taxonomy":"product_tag","embeddable":true,"href":"https:\/\/www.comehealthgroup.com\/de\/wp-json\/wp\/v2\/product_tag?post=1675"}],"curies":[{"name":"wp","href":"https:\/\/api.w.org\/{rel}","templated":true}]}}