{"id":1733,"date":"2025-04-14T09:58:57","date_gmt":"2025-04-14T09:58:57","guid":{"rendered":"https:\/\/www.comehealthgroup.com\/?post_type=product&#038;p=1733"},"modified":"2025-09-05T02:08:21","modified_gmt":"2025-09-05T02:08:21","slug":"bulk-apple-cider-vinegar-gummies","status":"publish","type":"product","link":"https:\/\/www.comehealthgroup.com\/de\/product\/bulk-apple-cider-vinegar-gummies\/","title":{"rendered":"Lose Apfelessig-Gummis mit OEM-Label-Verpackung"},"content":{"rendered":"<div class=\"wp-block-columns is-layout-flex wp-container-core-columns-is-layout-9d6595d7 wp-block-columns-is-layout-flex\">\n<div class=\"wp-block-column is-layout-flow wp-block-column-is-layout-flow\">\n<h2 class=\"wp-block-heading\">Eigenschaften von Bulk Apple Cider Vinegar Gummies<\/h2>\n\n\n\n<ul class=\"wp-block-list\">\n<li><strong>Unterst\u00fctzt die Gesundheit der Verdauung:<\/strong> Unsere losen Apfelessig-Gummis enthalten nat\u00fcrliche S\u00e4uren und Enzyme, die die Verdauung und eine gesunde Verdauungsfunktion und einen gesunden Darm f\u00f6rdern. Es kann Symptome wie Bl\u00e4hungen, \u00fcbersch\u00fcssige S\u00e4ure im Magen und Verdauungsst\u00f6rungen lindern und auch Ihren Magen beruhigen.<\/li>\n\n\n\n<li><strong>Erh\u00f6hung des Stoffwechsels: <\/strong>Diese ACV-Gummis der Eigenmarke verbessern auch den Stoffwechsel und helfen, die F\u00e4higkeit des K\u00f6rpers zur Fettverbrennung zu steigern. Es h\u00e4lt ein gesundes Gewicht aufrecht, indem es den Abbau von Fetten und den Energieaufwand verursacht.<\/li>\n\n\n\n<li><strong>Unterst\u00fctzt die Entgiftung: <\/strong>Unsere Apfelessig-Gummis unterst\u00fctzen die T\u00e4tigkeit der Leber und helfen dem K\u00f6rper, \u00fcbersch\u00fcssige Giftstoffe auszuscheiden. Es hilft auch bei der Entgiftung des K\u00f6rpers durch die Verbesserung der Niereneffizienz und die Wiederbelebung des K\u00f6rpers.<\/li>\n\n\n\n<li><strong>Reguliert den Blutzuckerspiegel:<\/strong> Diese ACV-Gummis der Eigenmarke regulieren den Blutzuckerspiegel, reduzieren Blutzuckerspitzen und helfen, den Zuckerstoffwechsel zu verbessern. Sie eignen sich f\u00fcr alle, die an einer Blutzuckerregulierung interessiert sind und ein gesundes Stoffwechselgleichgewicht w\u00fcnschen.<\/li>\n<\/ul>\n<\/div>\n\n\n\n<div class=\"wp-block-column is-layout-flow wp-block-column-is-layout-flow\">\n<figure class=\"wp-block-image size-full\"><img decoding=\"async\" width=\"1920\" height=\"1920\" src=\"https:\/\/www.comehealthgroup.com\/wp-content\/uploads\/2025\/02\/Apple-Cider-Vinegar-gummy-3.webp\" alt=\"Bulk Apfelessig Gummies mit OEM-Etikett Verpackung-2\" class=\"wp-image-1736\" srcset=\"https:\/\/www.comehealthgroup.com\/wp-content\/uploads\/2025\/02\/Apple-Cider-Vinegar-gummy-3.webp 1920w, https:\/\/www.comehealthgroup.com\/wp-content\/uploads\/2025\/02\/Apple-Cider-Vinegar-gummy-3-300x300.webp 300w, https:\/\/www.comehealthgroup.com\/wp-content\/uploads\/2025\/02\/Apple-Cider-Vinegar-gummy-3-150x150.webp 150w, https:\/\/www.comehealthgroup.com\/wp-content\/uploads\/2025\/02\/Apple-Cider-Vinegar-gummy-3-768x768.webp 768w, https:\/\/www.comehealthgroup.com\/wp-content\/uploads\/2025\/02\/Apple-Cider-Vinegar-gummy-3-12x12.webp 12w, https:\/\/www.comehealthgroup.com\/wp-content\/uploads\/2025\/02\/Apple-Cider-Vinegar-gummy-3-1200x1200.webp 1200w, https:\/\/www.comehealthgroup.com\/wp-content\/uploads\/2025\/02\/Apple-Cider-Vinegar-gummy-3-600x600.webp 600w, https:\/\/www.comehealthgroup.com\/wp-content\/uploads\/2025\/02\/Apple-Cider-Vinegar-gummy-3-100x100.webp 100w\" sizes=\"(max-width: 1920px) 100vw, 1920px\" \/><\/figure>\n<\/div>\n<\/div>\n\n\n\n<p><\/p>","protected":false},"excerpt":{"rendered":"<p>St\u00e4rken Sie Ihre Marke mit Apfelessig-Gummibonbons, die f\u00fcr Gewichtsmanagement, Entgiftung und Verdauungsf\u00f6rderung entwickelt wurden. Hergestellt in einer GMP-zertifizierten Anlage, bieten wir Eigenmarkenl\u00f6sungen mit individuellen Verpackungsoptionen zu wettbewerbsf\u00e4higen Preisen.<\/p>\n<table style=\"border-collapse: collapse; width: 504px; height: 276px;\" border=\"0\" width=\"799\" cellspacing=\"0\" cellpadding=\"0\">\n<tbody>\n<tr style=\"height: 13.50pt;\">\n<td style=\"height: 13.50pt; width: 132.40pt;\" width=\"353\" height=\"36\">Markenname<\/td>\n<td style=\"width: 167.30pt;\" width=\"446\">Wei\u00dfes Etikett<\/td>\n<\/tr>\n<tr style=\"height: 13.50pt;\">\n<td style=\"height: 13.50pt;\" height=\"36\">Produktvorteile<\/td>\n<td>*Unterst\u00fctzt die Verdauung<br \/>*F\u00f6rdert den Stoffwechsel<br \/>*Hilft bei der Entgiftung des K\u00f6rpers<br \/>*Gleichgewicht des Blutzuckerspiegels<\/td>\n<\/tr>\n<tr style=\"height: 13.50pt;\">\n<td style=\"height: 13.50pt;\" height=\"36\">Dosierungsform<\/td>\n<td>Gummib\u00e4rchen<\/td>\n<\/tr>\n<tr style=\"height: 13.50pt;\">\n<td style=\"height: 13.50pt;\" height=\"36\">Produkt-Spezifikation<\/td>\n<td>60 Gummib\u00e4rchen\/Flasche<\/td>\n<\/tr>\n<tr style=\"height: 13.50pt;\">\n<td style=\"height: 13.50pt;\" height=\"36\">Haltbarkeitsdauer<\/td>\n<td>24 Monate<\/td>\n<\/tr>\n<tr style=\"height: 13.50pt;\">\n<td style=\"height: 13.50pt;\" height=\"36\">Abmessungen (cm)<\/td>\n<td>7X7X12<\/td>\n<\/tr>\n<tr style=\"height: 13.50pt;\">\n<td style=\"height: 13.50pt;\" height=\"36\">Nettogewicht(kg)<\/td>\n<td>0.2kg<\/td>\n<\/tr>\n<tr style=\"height: 13.50pt;\">\n<td style=\"height: 13.50pt;\" height=\"36\">Personalisierung<\/td>\n<td>Grafik, Logo, Verpackung<\/td>\n<\/tr>\n<tr style=\"height: 13.50pt;\">\n<td style=\"height: 13.50pt;\" height=\"36\">Bestandsaufnahme<\/td>\n<td>Vorr\u00e4tig<\/td>\n<\/tr>\n<\/tbody>\n<\/table>","protected":false},"featured_media":1735,"comment_status":"closed","ping_status":"closed","template":"","meta":{"_acf_changed":false},"product_brand":[],"product_cat":[40,34],"product_tag":[],"class_list":{"0":"post-1733","1":"product","2":"type-product","3":"status-publish","4":"has-post-thumbnail","6":"product_cat-private-label-gummy-supplements","7":"product_cat-private-label-health-supplements","9":"first","10":"instock","11":"shipping-taxable","12":"product-type-simple"},"acf":[],"_links":{"self":[{"href":"https:\/\/www.comehealthgroup.com\/de\/wp-json\/wp\/v2\/product\/1733","targetHints":{"allow":["GET"]}}],"collection":[{"href":"https:\/\/www.comehealthgroup.com\/de\/wp-json\/wp\/v2\/product"}],"about":[{"href":"https:\/\/www.comehealthgroup.com\/de\/wp-json\/wp\/v2\/types\/product"}],"replies":[{"embeddable":true,"href":"https:\/\/www.comehealthgroup.com\/de\/wp-json\/wp\/v2\/comments?post=1733"}],"wp:featuredmedia":[{"embeddable":true,"href":"https:\/\/www.comehealthgroup.com\/de\/wp-json\/wp\/v2\/media\/1735"}],"wp:attachment":[{"href":"https:\/\/www.comehealthgroup.com\/de\/wp-json\/wp\/v2\/media?parent=1733"}],"wp:term":[{"taxonomy":"product_brand","embeddable":true,"href":"https:\/\/www.comehealthgroup.com\/de\/wp-json\/wp\/v2\/product_brand?post=1733"},{"taxonomy":"product_cat","embeddable":true,"href":"https:\/\/www.comehealthgroup.com\/de\/wp-json\/wp\/v2\/product_cat?post=1733"},{"taxonomy":"product_tag","embeddable":true,"href":"https:\/\/www.comehealthgroup.com\/de\/wp-json\/wp\/v2\/product_tag?post=1733"}],"curies":[{"name":"wp","href":"https:\/\/api.w.org\/{rel}","templated":true}]}}