{"id":1753,"date":"2025-04-14T09:35:06","date_gmt":"2025-04-14T09:35:06","guid":{"rendered":"https:\/\/www.comehealthgroup.com\/?post_type=product&#038;p=1753"},"modified":"2025-09-05T02:15:37","modified_gmt":"2025-09-05T02:15:37","slug":"wholesale-sea-moss-gummies","status":"publish","type":"product","link":"https:\/\/www.comehealthgroup.com\/de\/product\/wholesale-sea-moss-gummies\/","title":{"rendered":"Gro\u00dfhandel Meer Moos Gummies mit benutzerdefinierten OEM-Herstellung"},"content":{"rendered":"<div class=\"wp-block-columns is-layout-flex wp-container-core-columns-is-layout-9d6595d7 wp-block-columns-is-layout-flex\">\n<div class=\"wp-block-column is-layout-flow wp-block-column-is-layout-flow\">\n<h2 class=\"wp-block-heading\">Eigenschaften von Gro\u00dfhandel Sea Moss Gummies<\/h2>\n\n\n\n<ul class=\"wp-block-list\">\n<li><strong>Reich an wichtigen N\u00e4hrstoffen: <\/strong>Unsere Meeresmoos-Gummis f\u00fcr den Gro\u00dfhandel sind reich an Vitaminen, Mineralien und Aminos\u00e4uren. Es bietet eine Kombination von lebenswichtigen N\u00e4hrstoffen, die der K\u00f6rper braucht, um gesunde K\u00f6rperprozesse und Immunit\u00e4t zu unterst\u00fctzen.<\/li>\n\n\n\n<li><strong>St\u00e4rkt das Immunsystem:<\/strong> Diese Eigenmarken-Meeresmoos-Gummis st\u00e4rken das Immunsystem und sch\u00fctzen vor sch\u00e4dlichen \u00e4u\u00dferen Einfl\u00fcssen. Es hat die F\u00e4higkeit, einfach das nat\u00fcrliche Immunsystem des K\u00f6rpers zu st\u00e4rken, um Erk\u00e4ltungen sowie andere geringere Bedingungen zu verhindern.<\/li>\n\n\n\n<li><strong>Unterst\u00fctzt das Verdauungssystem: <\/strong>Unsere Meeresmoos-Gummis f\u00fcr den Gro\u00dfhandel helfen, die Darmperistaltik und die Gesundheit des Verdauungssystems zu stimulieren. Es lindert auch Verstopfung und unterst\u00fctzt die Entgiftung und gesunde Darmbakterien.<\/li>\n\n\n\n<li><strong>F\u00f6rdert die Gesundheit der Haut: <\/strong>Unsere Eigenmarke Meeresmoos-Gummis verbessern den Feuchtigkeitsgehalt und die Elastizit\u00e4t der Haut und reduzieren die Zeichen der Hautalterung. Es kann die Haut verj\u00fcngen, um eine gesunde, glatte Hauttextur zu erreichen, und die Haut weich machen, w\u00e4hrend sie mit Feuchtigkeit versorgt wird.<\/li>\n<\/ul>\n<\/div>\n\n\n\n<div class=\"wp-block-column is-layout-flow wp-block-column-is-layout-flow\">\n<figure class=\"wp-block-image size-full\"><img decoding=\"async\" width=\"1457\" height=\"1457\" src=\"https:\/\/www.comehealthgroup.com\/wp-content\/uploads\/2025\/03\/Seaweed-gummy_03.webp\" alt=\"Gro\u00dfhandel Meer Moos Gummies mit benutzerdefinierten OEM-Herstellung-1\" class=\"wp-image-1757\" srcset=\"https:\/\/www.comehealthgroup.com\/wp-content\/uploads\/2025\/03\/Seaweed-gummy_03.webp 1457w, https:\/\/www.comehealthgroup.com\/wp-content\/uploads\/2025\/03\/Seaweed-gummy_03-300x300.webp 300w, https:\/\/www.comehealthgroup.com\/wp-content\/uploads\/2025\/03\/Seaweed-gummy_03-150x150.webp 150w, https:\/\/www.comehealthgroup.com\/wp-content\/uploads\/2025\/03\/Seaweed-gummy_03-768x768.webp 768w, https:\/\/www.comehealthgroup.com\/wp-content\/uploads\/2025\/03\/Seaweed-gummy_03-12x12.webp 12w, https:\/\/www.comehealthgroup.com\/wp-content\/uploads\/2025\/03\/Seaweed-gummy_03-1200x1200.webp 1200w, https:\/\/www.comehealthgroup.com\/wp-content\/uploads\/2025\/03\/Seaweed-gummy_03-600x600.webp 600w, https:\/\/www.comehealthgroup.com\/wp-content\/uploads\/2025\/03\/Seaweed-gummy_03-100x100.webp 100w\" sizes=\"(max-width: 1457px) 100vw, 1457px\" \/><\/figure>\n<\/div>\n<\/div>","protected":false},"excerpt":{"rendered":"<p>St\u00e4rken Sie Ihre Marke mit unseren Gro\u00dfhandelsgummis aus Seegras, die reich an essentiellen N\u00e4hrstoffen sind und das allgemeine Wohlbefinden unterst\u00fctzen. Unsere Eigenmarken-Meeresmoos-Gummis helfen, das Immunsystem zu st\u00e4rken, die Verdauung zu unterst\u00fctzen und die Hautgesundheit zu verbessern.<\/p>\n<table style=\"border-collapse: collapse; width: 511px; height: 221px;\" border=\"0\" width=\"799\" cellspacing=\"0\" cellpadding=\"0\">\n<tbody>\n<tr style=\"height: 13.50pt;\">\n<td style=\"height: 13.50pt; width: 132.40pt;\" width=\"353\" height=\"36\">Markenname<\/td>\n<td style=\"width: 167.30pt;\" width=\"446\">Wei\u00dfes Etikett<\/td>\n<\/tr>\n<tr style=\"height: 13.50pt;\">\n<td style=\"height: 13.50pt;\" height=\"36\">Produktvorteile<\/td>\n<td>*Reich an essentiellen N\u00e4hrstoffen<br \/>*St\u00e4rkt das Immunsystem<br \/>*Unterst\u00fctzt die Verdauung<br \/>*verbessert die Hautgesundheit<\/td>\n<\/tr>\n<tr style=\"height: 13.50pt;\">\n<td style=\"height: 13.50pt;\" height=\"36\">Dosierungsform<\/td>\n<td>Gummib\u00e4rchen<\/td>\n<\/tr>\n<tr style=\"height: 13.50pt;\">\n<td style=\"height: 13.50pt;\" height=\"36\">Produkt-Spezifikation<\/td>\n<td>60 Gummib\u00e4rchen\/Flasche<\/td>\n<\/tr>\n<tr style=\"height: 13.50pt;\">\n<td style=\"height: 13.50pt;\" height=\"36\">Haltbarkeitsdauer<\/td>\n<td>24 Monate<\/td>\n<\/tr>\n<tr style=\"height: 13.50pt;\">\n<td style=\"height: 13.50pt;\" height=\"36\">Abmessungen (cm)<\/td>\n<td>7X7X12<\/td>\n<\/tr>\n<tr style=\"height: 13.50pt;\">\n<td style=\"height: 13.50pt;\" height=\"36\">Nettogewicht(kg)<\/td>\n<td>0.2kg<\/td>\n<\/tr>\n<tr style=\"height: 13.50pt;\">\n<td style=\"height: 13.50pt;\" height=\"36\">Personalisierung<\/td>\n<td>Grafik, Logo, Verpackung<\/td>\n<\/tr>\n<tr style=\"height: 13.50pt;\">\n<td style=\"height: 13.50pt;\" height=\"36\">Bestandsaufnahme<\/td>\n<td>Vorr\u00e4tig<\/td>\n<\/tr>\n<\/tbody>\n<\/table>","protected":false},"featured_media":1755,"comment_status":"closed","ping_status":"closed","template":"","meta":{"_acf_changed":false},"product_brand":[],"product_cat":[40,36,34,32,49],"product_tag":[],"class_list":{"0":"post-1753","1":"product","2":"type-product","3":"status-publish","4":"has-post-thumbnail","6":"product_cat-private-label-gummy-supplements","7":"product_cat-private-label-beauty-supplements","8":"product_cat-private-label-health-supplements","9":"product_cat-private-label-immune-supplements","10":"product_cat-nutritional-supplement-wholesale","12":"first","13":"instock","14":"shipping-taxable","15":"product-type-simple"},"acf":[],"_links":{"self":[{"href":"https:\/\/www.comehealthgroup.com\/de\/wp-json\/wp\/v2\/product\/1753","targetHints":{"allow":["GET"]}}],"collection":[{"href":"https:\/\/www.comehealthgroup.com\/de\/wp-json\/wp\/v2\/product"}],"about":[{"href":"https:\/\/www.comehealthgroup.com\/de\/wp-json\/wp\/v2\/types\/product"}],"replies":[{"embeddable":true,"href":"https:\/\/www.comehealthgroup.com\/de\/wp-json\/wp\/v2\/comments?post=1753"}],"wp:featuredmedia":[{"embeddable":true,"href":"https:\/\/www.comehealthgroup.com\/de\/wp-json\/wp\/v2\/media\/1755"}],"wp:attachment":[{"href":"https:\/\/www.comehealthgroup.com\/de\/wp-json\/wp\/v2\/media?parent=1753"}],"wp:term":[{"taxonomy":"product_brand","embeddable":true,"href":"https:\/\/www.comehealthgroup.com\/de\/wp-json\/wp\/v2\/product_brand?post=1753"},{"taxonomy":"product_cat","embeddable":true,"href":"https:\/\/www.comehealthgroup.com\/de\/wp-json\/wp\/v2\/product_cat?post=1753"},{"taxonomy":"product_tag","embeddable":true,"href":"https:\/\/www.comehealthgroup.com\/de\/wp-json\/wp\/v2\/product_tag?post=1753"}],"curies":[{"name":"wp","href":"https:\/\/api.w.org\/{rel}","templated":true}]}}