{"id":1770,"date":"2025-03-04T05:44:58","date_gmt":"2025-03-04T05:44:58","guid":{"rendered":"https:\/\/www.comehealthgroup.com\/?post_type=product&#038;p=1770"},"modified":"2025-03-19T07:45:14","modified_gmt":"2025-03-19T07:45:14","slug":"bbl-gummies-wholesale","status":"publish","type":"product","link":"https:\/\/www.comehealthgroup.com\/de\/product\/bbl-gummies-wholesale\/","title":{"rendered":"Private Label BBL Gummies Gro\u00dfhandel f\u00fcr Enhance Buttocks"},"content":{"rendered":"<div class=\"wp-block-columns is-layout-flex wp-container-core-columns-is-layout-9d6595d7 wp-block-columns-is-layout-flex\">\n<div class=\"wp-block-column is-layout-flow wp-block-column-is-layout-flow\">\n<h2 class=\"wp-block-heading\">Eigenschaften von BBL Gummies Gro\u00dfhandel<\/h2>\n\n\n\n<ul class=\"wp-block-list\">\n<li><strong>Nat\u00fcrliche Inhaltsstoffe:<\/strong> Unsere BBL-Gummis verwenden im Gro\u00dfhandel hochwertige nat\u00fcrliche Pflanzenextrakte ohne k\u00fcnstliche Zusatz- oder Reizstoffe, die den K\u00f6rper sanft n\u00e4hren, f\u00fcr den langfristigen Verzehr geeignet sind und sicher und effektiv bei der K\u00f6rperformung helfen k\u00f6nnen.<\/li>\n\n\n\n<li><strong>Unterst\u00fctzung von Kollagen und Proteinen: <\/strong>Die Formel unserer BBL-Gummis der Eigenmarke ist speziell mit Kollagen und Proteinen angereichert, um die Reparatur und das Wachstum der Muskeln zu f\u00f6rdern, das Ges\u00e4\u00df fester und voller zu machen und die Elastizit\u00e4t der Haut zu verbessern.<\/li>\n\n\n\n<li><strong>Hormone ausgleichen: <\/strong>Die wissenschaftliche Formel unserer BBL-Gummis im Gro\u00dfhandel tr\u00e4gt dazu bei, das Hormongleichgewicht zu erhalten und den K\u00f6rper mit den N\u00e4hrstoffen zu versorgen, die er braucht, um einen koordinierteren und wohlproportionierten K\u00f6rper zu formen.<\/li>\n\n\n\n<li><strong>Bequem und lecker:<\/strong> Unsere BBL-Gummis sind einfacher einzunehmen als herk\u00f6mmliche Nahrungserg\u00e4nzungsmittel, ohne dass Kapseln oder Pulver geschluckt werden m\u00fcssen, und eignen sich jederzeit und \u00fcberall zur Nahrungserg\u00e4nzung.<\/li>\n<\/ul>\n<\/div>\n\n\n\n<div class=\"wp-block-column is-layout-flow wp-block-column-is-layout-flow\">\n<figure class=\"wp-block-image size-full\"><img decoding=\"async\" width=\"1667\" height=\"1667\" src=\"https:\/\/www.comehealthgroup.com\/wp-content\/uploads\/2025\/03\/BBL-Gummies_03.webp\" alt=\"\" class=\"wp-image-2082\" srcset=\"https:\/\/www.comehealthgroup.com\/wp-content\/uploads\/2025\/03\/BBL-Gummies_03.webp 1667w, https:\/\/www.comehealthgroup.com\/wp-content\/uploads\/2025\/03\/BBL-Gummies_03-300x300.webp 300w, https:\/\/www.comehealthgroup.com\/wp-content\/uploads\/2025\/03\/BBL-Gummies_03-150x150.webp 150w, https:\/\/www.comehealthgroup.com\/wp-content\/uploads\/2025\/03\/BBL-Gummies_03-768x768.webp 768w, https:\/\/www.comehealthgroup.com\/wp-content\/uploads\/2025\/03\/BBL-Gummies_03-12x12.webp 12w, https:\/\/www.comehealthgroup.com\/wp-content\/uploads\/2025\/03\/BBL-Gummies_03-1200x1200.webp 1200w, https:\/\/www.comehealthgroup.com\/wp-content\/uploads\/2025\/03\/BBL-Gummies_03-600x600.webp 600w, https:\/\/www.comehealthgroup.com\/wp-content\/uploads\/2025\/03\/BBL-Gummies_03-100x100.webp 100w\" sizes=\"(max-width: 1667px) 100vw, 1667px\" \/><\/figure>\n<\/div>\n<\/div>","protected":false},"excerpt":{"rendered":"<p>Willkommen zum Kauf BBL Gummis Gro\u00dfhandel. Unsere BBL-Gummis bestehen aus nat\u00fcrlichen Inhaltsstoffen und wurden entwickelt, um einen festeren und runderen Hintern zu formen. Kombiniert mit Kollagen und Protein-Unterst\u00fctzung, kann die Formel Muskel-Reparatur und Wachstum zu f\u00f6rdern, w\u00e4hrend die Aufrechterhaltung der Hormonhaushalt.<\/p>\n<table style=\"border-collapse: collapse;width: 514px;height: 225px\" border=\"0\" width=\"799\" cellspacing=\"0\" cellpadding=\"0\">\n<tbody>\n<tr style=\"height: 13.50pt\">\n<td style=\"height: 13.50pt;width: 132.40pt\" width=\"353\" height=\"36\">Markenname<\/td>\n<td style=\"width: 167.30pt\" width=\"446\">Wei\u00dfes Etikett<\/td>\n<\/tr>\n<tr style=\"height: 13.50pt\">\n<td style=\"height: 13.50pt\" height=\"36\">Produktvorteile<\/td>\n<td>\n<p><strong>*<\/strong>Nat\u00fcrliche Inhaltsstoffe<\/p>\n<p><strong>*<\/strong>Unterst\u00fctzung von Kollagen und Proteinen<\/p>\n<p><strong>*<\/strong>Hormonhaushalt<\/p>\n<p><strong>*<\/strong>Bequem &amp; schmackhaft<\/p>\n<\/td>\n<\/tr>\n<tr style=\"height: 13.50pt\">\n<td style=\"height: 13.50pt\" height=\"36\">Dosierungsform<\/td>\n<td>Gummib\u00e4rchen<\/td>\n<\/tr>\n<tr style=\"height: 13.50pt\">\n<td style=\"height: 13.50pt\" height=\"36\">Produkt-Spezifikation<\/td>\n<td>60 Gummib\u00e4rchen\/Flasche<\/td>\n<\/tr>\n<tr style=\"height: 13.50pt\">\n<td style=\"height: 13.50pt\" height=\"36\">Haltbarkeitsdauer<\/td>\n<td>24 Monate<\/td>\n<\/tr>\n<tr style=\"height: 13.50pt\">\n<td style=\"height: 13.50pt\" height=\"36\">Abmessungen (cm)<\/td>\n<td>7X7X12<\/td>\n<\/tr>\n<tr style=\"height: 13.50pt\">\n<td style=\"height: 13.50pt\" height=\"36\">Nettogewicht(kg)<\/td>\n<td>0.2kg<\/td>\n<\/tr>\n<tr style=\"height: 13.50pt\">\n<td style=\"height: 13.50pt\" height=\"36\">Personalisierung<\/td>\n<td>Grafik, Logo, Verpackung<\/td>\n<\/tr>\n<tr style=\"height: 13.50pt\">\n<td style=\"height: 13.50pt\" height=\"36\">Bestandsaufnahme<\/td>\n<td>Vorr\u00e4tig<\/td>\n<\/tr>\n<\/tbody>\n<\/table>","protected":false},"featured_media":2083,"comment_status":"closed","ping_status":"closed","template":"","meta":{"_acf_changed":false},"product_brand":[],"product_cat":[40,36],"product_tag":[],"class_list":{"0":"post-1770","1":"product","2":"type-product","3":"status-publish","4":"has-post-thumbnail","6":"product_cat-private-label-gummy-supplements","7":"product_cat-private-label-beauty-supplements","9":"first","10":"instock","11":"shipping-taxable","12":"product-type-simple"},"acf":[],"_links":{"self":[{"href":"https:\/\/www.comehealthgroup.com\/de\/wp-json\/wp\/v2\/product\/1770","targetHints":{"allow":["GET"]}}],"collection":[{"href":"https:\/\/www.comehealthgroup.com\/de\/wp-json\/wp\/v2\/product"}],"about":[{"href":"https:\/\/www.comehealthgroup.com\/de\/wp-json\/wp\/v2\/types\/product"}],"replies":[{"embeddable":true,"href":"https:\/\/www.comehealthgroup.com\/de\/wp-json\/wp\/v2\/comments?post=1770"}],"wp:featuredmedia":[{"embeddable":true,"href":"https:\/\/www.comehealthgroup.com\/de\/wp-json\/wp\/v2\/media\/2083"}],"wp:attachment":[{"href":"https:\/\/www.comehealthgroup.com\/de\/wp-json\/wp\/v2\/media?parent=1770"}],"wp:term":[{"taxonomy":"product_brand","embeddable":true,"href":"https:\/\/www.comehealthgroup.com\/de\/wp-json\/wp\/v2\/product_brand?post=1770"},{"taxonomy":"product_cat","embeddable":true,"href":"https:\/\/www.comehealthgroup.com\/de\/wp-json\/wp\/v2\/product_cat?post=1770"},{"taxonomy":"product_tag","embeddable":true,"href":"https:\/\/www.comehealthgroup.com\/de\/wp-json\/wp\/v2\/product_tag?post=1770"}],"curies":[{"name":"wp","href":"https:\/\/api.w.org\/{rel}","templated":true}]}}