{"id":1788,"date":"2025-03-25T09:42:41","date_gmt":"2025-03-25T09:42:41","guid":{"rendered":"https:\/\/www.comehealthgroup.com\/?post_type=product&#038;p=1788"},"modified":"2025-03-25T09:42:42","modified_gmt":"2025-03-25T09:42:42","slug":"private-label-skin-supplements","status":"publish","type":"product","link":"https:\/\/www.comehealthgroup.com\/de\/product\/private-label-skin-supplements\/","title":{"rendered":"Private Label Skin Supplements, L-Glutathion 13 in 1 Gummib\u00e4rchen"},"content":{"rendered":"<div class=\"wp-block-columns is-layout-flex wp-container-core-columns-is-layout-9d6595d7 wp-block-columns-is-layout-flex\">\n<div class=\"wp-block-column is-layout-flow wp-block-column-is-layout-flow\">\n<h2 class=\"wp-block-heading\">Merkmale von Private Label Skin Supplements<\/h2>\n\n\n\n<ul class=\"wp-block-list\">\n<li><strong>13-in-1-Formel f\u00fcr die Sch\u00f6nheit der Haut:<\/strong> Unsere Eigenmarken-Hautpr\u00e4parate sind wissenschaftlich formuliert und enthalten L-Glutathion, Vitamin C und andere N\u00e4hrstoffe, um Pigmentflecken aufzuhellen, den Hautton zu gl\u00e4tten, Hautunreinheiten zu beseitigen und der Haut einen sofortigen nat\u00fcrlichen Glanz zu verleihen.<\/li>\n\n\n\n<li><strong>Leistungsstarker Schutz durch Antioxidantien:<\/strong> Unsere L-Glutathion 13 in 1 Gummib\u00e4rchen sind vollgepackt mit leistungsstarken Antioxidantien, die Sch\u00e4den durch freie Radikale effizient bek\u00e4mpfen, oxidative Sch\u00e4den durch \u00e4u\u00dfere Umwelteinfl\u00fcsse auf die Haut reduzieren, Anzeichen der Hautalterung verz\u00f6gern und die Haut straffen und transparenter machen.<\/li>\n\n\n\n<li><strong>Sanfte Unterst\u00fctzung der Entgiftung: <\/strong>Diese Nahrungserg\u00e4nzungsmittel f\u00fcr die Haut unterst\u00fctzen auch die Entgiftungsprozesse im K\u00f6rper und in der Leber, indem sie die Ansammlung von Giftstoffen im K\u00f6rper reduzieren, die Haut rein halten und gleichzeitig das allgemeine Wohlbefinden f\u00f6rdern und die Haut von innen heraus verj\u00fcngen.<\/li>\n\n\n\n<li><strong>St\u00e4rkung des Immunsystems: <\/strong>Diese L-Glutathion 13 in 1 Gummib\u00e4rchen enthalten lebenswichtige N\u00e4hrstoffe, die das Immunsystem st\u00e4rken, die Abwehrkr\u00e4fte des Organismus f\u00f6rdern und die Auswirkungen von Umweltbelastungen auf den K\u00f6rper und die Haut reduzieren, um den K\u00f6rper in einem gesunden, jugendlichen Zustand zu halten.<\/li>\n<\/ul>\n<\/div>\n\n\n\n<div class=\"wp-block-column is-layout-flow wp-block-column-is-layout-flow\">\n<figure class=\"wp-block-image size-full\"><img decoding=\"async\" width=\"1920\" height=\"1920\" src=\"https:\/\/www.comehealthgroup.com\/wp-content\/uploads\/2025\/03\/L-Glutathione-gummy_03.webp\" alt=\"Private Label Skin Supplements, L-Glutathion 13 in 1 Gummies-1\" class=\"wp-image-2198\" srcset=\"https:\/\/www.comehealthgroup.com\/wp-content\/uploads\/2025\/03\/L-Glutathione-gummy_03.webp 1920w, https:\/\/www.comehealthgroup.com\/wp-content\/uploads\/2025\/03\/L-Glutathione-gummy_03-300x300.webp 300w, https:\/\/www.comehealthgroup.com\/wp-content\/uploads\/2025\/03\/L-Glutathione-gummy_03-150x150.webp 150w, https:\/\/www.comehealthgroup.com\/wp-content\/uploads\/2025\/03\/L-Glutathione-gummy_03-768x768.webp 768w, https:\/\/www.comehealthgroup.com\/wp-content\/uploads\/2025\/03\/L-Glutathione-gummy_03-12x12.webp 12w, https:\/\/www.comehealthgroup.com\/wp-content\/uploads\/2025\/03\/L-Glutathione-gummy_03-1200x1200.webp 1200w, https:\/\/www.comehealthgroup.com\/wp-content\/uploads\/2025\/03\/L-Glutathione-gummy_03-600x600.webp 600w, https:\/\/www.comehealthgroup.com\/wp-content\/uploads\/2025\/03\/L-Glutathione-gummy_03-100x100.webp 100w\" sizes=\"(max-width: 1920px) 100vw, 1920px\" \/><\/figure>\n<\/div>\n<\/div>","protected":false},"excerpt":{"rendered":"<p>Willkommen zu bestellen private Label Haut erg\u00e4nzt. Unsere Gro\u00dfhandel L-Glutathion 13 in 1 Gummis sind klinisch entwickelt, um Aufhellung, antioxidative und entgiftende Vorteile f\u00fcr die Haut, das Immunsystem zu st\u00e4rken, und die Haut Gesundheit und Lebendigkeit F\u00f6rderung zu liefern.<\/p>\n<table style=\"border-collapse: collapse; width: 516px; height: 224px;\" border=\"0\" width=\"799\" cellspacing=\"0\" cellpadding=\"0\">\n<tbody>\n<tr style=\"height: 13.50pt;\">\n<td style=\"height: 13.50pt; width: 132.40pt;\" width=\"353\" height=\"36\">Markenname<\/td>\n<td style=\"width: 167.30pt;\" width=\"446\">Wei\u00dfes Etikett<\/td>\n<\/tr>\n<tr style=\"height: 13.50pt;\">\n<td style=\"height: 13.50pt;\" height=\"36\">Produktvorteile<\/td>\n<td>*Hautaufhellung<br \/>*Antioxidantienschutz<br \/>*Entgiftungsunterst\u00fctzung<br \/>*Immunsystem st\u00e4rken<\/td>\n<\/tr>\n<tr style=\"height: 13.50pt;\">\n<td style=\"height: 13.50pt;\" height=\"36\">Dosierungsform<\/td>\n<td>Gummib\u00e4rchen<\/td>\n<\/tr>\n<tr style=\"height: 13.50pt;\">\n<td style=\"height: 13.50pt;\" height=\"36\">Produkt-Spezifikation<\/td>\n<td>60 Gummib\u00e4rchen\/Flasche<\/td>\n<\/tr>\n<tr style=\"height: 13.50pt;\">\n<td style=\"height: 13.50pt;\" height=\"36\">Haltbarkeitsdauer<\/td>\n<td>24 Monate<\/td>\n<\/tr>\n<tr style=\"height: 13.50pt;\">\n<td style=\"height: 13.50pt;\" height=\"36\">Abmessungen (cm)<\/td>\n<td>7X7X12<\/td>\n<\/tr>\n<tr style=\"height: 13.50pt;\">\n<td style=\"height: 13.50pt;\" height=\"36\">Nettogewicht(kg)<\/td>\n<td>0.2kg<\/td>\n<\/tr>\n<tr style=\"height: 13.50pt;\">\n<td style=\"height: 13.50pt;\" height=\"36\">Personalisierung<\/td>\n<td>Grafik, Logo, Verpackung<\/td>\n<\/tr>\n<tr style=\"height: 13.50pt;\">\n<td style=\"height: 13.50pt;\" height=\"36\">Bestandsaufnahme<\/td>\n<td>Vorr\u00e4tig<\/td>\n<\/tr>\n<\/tbody>\n<\/table>","protected":false},"featured_media":2200,"comment_status":"closed","ping_status":"closed","template":"","meta":{"_acf_changed":false},"product_brand":[],"product_cat":[40,36,34,32],"product_tag":[],"class_list":{"0":"post-1788","1":"product","2":"type-product","3":"status-publish","4":"has-post-thumbnail","6":"product_cat-private-label-gummy-supplements","7":"product_cat-private-label-beauty-supplements","8":"product_cat-private-label-health-supplements","9":"product_cat-private-label-immune-supplements","11":"first","12":"instock","13":"shipping-taxable","14":"product-type-simple"},"acf":[],"_links":{"self":[{"href":"https:\/\/www.comehealthgroup.com\/de\/wp-json\/wp\/v2\/product\/1788","targetHints":{"allow":["GET"]}}],"collection":[{"href":"https:\/\/www.comehealthgroup.com\/de\/wp-json\/wp\/v2\/product"}],"about":[{"href":"https:\/\/www.comehealthgroup.com\/de\/wp-json\/wp\/v2\/types\/product"}],"replies":[{"embeddable":true,"href":"https:\/\/www.comehealthgroup.com\/de\/wp-json\/wp\/v2\/comments?post=1788"}],"wp:featuredmedia":[{"embeddable":true,"href":"https:\/\/www.comehealthgroup.com\/de\/wp-json\/wp\/v2\/media\/2200"}],"wp:attachment":[{"href":"https:\/\/www.comehealthgroup.com\/de\/wp-json\/wp\/v2\/media?parent=1788"}],"wp:term":[{"taxonomy":"product_brand","embeddable":true,"href":"https:\/\/www.comehealthgroup.com\/de\/wp-json\/wp\/v2\/product_brand?post=1788"},{"taxonomy":"product_cat","embeddable":true,"href":"https:\/\/www.comehealthgroup.com\/de\/wp-json\/wp\/v2\/product_cat?post=1788"},{"taxonomy":"product_tag","embeddable":true,"href":"https:\/\/www.comehealthgroup.com\/de\/wp-json\/wp\/v2\/product_tag?post=1788"}],"curies":[{"name":"wp","href":"https:\/\/api.w.org\/{rel}","templated":true}]}}