{"id":1798,"date":"2025-03-20T07:24:28","date_gmt":"2025-03-20T07:24:28","guid":{"rendered":"https:\/\/www.comehealthgroup.com\/?post_type=product&#038;p=1798"},"modified":"2025-03-21T06:28:10","modified_gmt":"2025-03-21T06:28:10","slug":"brain-health-vitamin-wholesale","status":"publish","type":"product","link":"https:\/\/www.comehealthgroup.com\/de\/product\/brain-health-vitamin-wholesale\/","title":{"rendered":"OEM Label Brain Health Vitamin Gro\u00dfhandel f\u00fcr Ged\u00e4chtnis &amp; Fokus"},"content":{"rendered":"<div class=\"wp-block-columns is-layout-flex wp-container-core-columns-is-layout-9d6595d7 wp-block-columns-is-layout-flex\">\n<div class=\"wp-block-column is-layout-flow wp-block-column-is-layout-flow\">\n<h2 class=\"wp-block-heading\">Eigenschaften von Brain Health Vitamin Gro\u00dfhandel<\/h2>\n\n\n\n<ul class=\"wp-block-list\">\n<li><strong>Verbessert die kognitive Funktion und die Konzentration:<\/strong> Unser Gehirngesundheitsvitamin-Gro\u00dfhandel w\u00e4hlt wirksame Inhaltsstoffe zur Verbesserung des Ged\u00e4chtnisses und der Konzentration aus, die f\u00fcr Menschen geeignet sind, die lange Zeit effizient denken, lernen oder arbeiten m\u00fcssen.<\/li>\n\n\n\n<li><strong>F\u00f6rdert die Gesundheit des Gehirns und verbessert die Gehirnfunktion: <\/strong>Dieses wissenschaftlich formulierte Nahrungserg\u00e4nzungsmittel f\u00fcr das Gehirn unterst\u00fctzt die Funktion der Neuronen, erm\u00f6glicht eine Beschleunigung der Informationsverarbeitung, optimiert die Denkgeschwindigkeit und h\u00e4lt das Gehirn in seiner besten Verfassung.<\/li>\n\n\n\n<li><strong>Stress abbauen und die Erm\u00fcdung des Gehirns verringern: <\/strong>Dieser Vitamin-Gro\u00dfhandel f\u00fcr die Gesundheit des Gehirns enth\u00e4lt gro\u00dfe Mengen an Antioxidantien und entz\u00fcndungshemmenden Wirkstoffen, die die Aussch\u00fcttung von Stresshormonen minimieren, Spannungen und \u00c4ngste lindern und dem Gehirn eine effizientere und reibungslosere Arbeit erm\u00f6glichen.<\/li>\n\n\n\n<li><strong>Neuroprotektive Wirkung, unterst\u00fctzt die langfristige Gesundheit des Gehirns: <\/strong>Dieses Nahrungserg\u00e4nzungsmittel f\u00fcr das Gehirn enth\u00e4lt N\u00e4hrstoffe, die die Reparatur und den Schutz der Nerven f\u00f6rdern, oxidative Sch\u00e4den vermindern, den kognitiven Verfall verlangsamen und das Gehirn jung und vital halten.<\/li>\n<\/ul>\n<\/div>\n\n\n\n<div class=\"wp-block-column is-layout-flow wp-block-column-is-layout-flow\">\n<figure class=\"wp-block-image size-full\"><img decoding=\"async\" width=\"1001\" height=\"1001\" src=\"https:\/\/www.comehealthgroup.com\/wp-content\/uploads\/2025\/03\/Brain-Health-Vitamin-Wholesale_03.webp\" alt=\"\" class=\"wp-image-2172\" srcset=\"https:\/\/www.comehealthgroup.com\/wp-content\/uploads\/2025\/03\/Brain-Health-Vitamin-Wholesale_03.webp 1001w, https:\/\/www.comehealthgroup.com\/wp-content\/uploads\/2025\/03\/Brain-Health-Vitamin-Wholesale_03-300x300.webp 300w, https:\/\/www.comehealthgroup.com\/wp-content\/uploads\/2025\/03\/Brain-Health-Vitamin-Wholesale_03-150x150.webp 150w, https:\/\/www.comehealthgroup.com\/wp-content\/uploads\/2025\/03\/Brain-Health-Vitamin-Wholesale_03-768x768.webp 768w, https:\/\/www.comehealthgroup.com\/wp-content\/uploads\/2025\/03\/Brain-Health-Vitamin-Wholesale_03-12x12.webp 12w, https:\/\/www.comehealthgroup.com\/wp-content\/uploads\/2025\/03\/Brain-Health-Vitamin-Wholesale_03-600x600.webp 600w, https:\/\/www.comehealthgroup.com\/wp-content\/uploads\/2025\/03\/Brain-Health-Vitamin-Wholesale_03-100x100.webp 100w\" sizes=\"(max-width: 1001px) 100vw, 1001px\" \/><\/figure>\n<\/div>\n<\/div>","protected":false},"excerpt":{"rendered":"<p>Willkommen bei Private Label Gehirn Erg\u00e4nzung zu kaufen. Dieses Gehirn Gesundheit Vitamin Gro\u00dfhandel ist speziell f\u00fcr die Verbesserung des Ged\u00e4chtnisses, Konzentration Verbesserung und Optimierung der Gehirnfunktion. Es kombiniert wissenschaftliche Formeln, um kognitive Unterst\u00fctzung, Stressabbau und Neuroprotektion zu bieten. Unterst\u00fctzung Marke OEM Gro\u00dfhandel.<\/p>\n<table style=\"border-collapse: collapse;width: 517px;height: 222px\" border=\"0\" width=\"799\" cellspacing=\"0\" cellpadding=\"0\">\n<tbody>\n<tr style=\"height: 13.50pt\">\n<td style=\"height: 13.50pt;width: 132.40pt\" width=\"353\" height=\"36\">Markenname<\/td>\n<td style=\"width: 167.30pt\" width=\"446\">Wei\u00dfes Etikett<\/td>\n<\/tr>\n<tr style=\"height: 13.50pt\">\n<td style=\"height: 13.50pt\" height=\"36\">Produktvorteile<\/td>\n<td>*Kognitive Unterst\u00fctzung<br \/>*Gehirnfunktionssteigerung<br \/>*Stressabbau<br \/>*Neuroprotektive Eigenschaften<\/td>\n<\/tr>\n<tr style=\"height: 13.50pt\">\n<td style=\"height: 13.50pt\" height=\"36\">Dosierungsform<\/td>\n<td>Gummib\u00e4rchen<\/td>\n<\/tr>\n<tr style=\"height: 13.50pt\">\n<td style=\"height: 13.50pt\" height=\"36\">Produkt-Spezifikation<\/td>\n<td>60 Gummib\u00e4rchen\/Flasche<\/td>\n<\/tr>\n<tr style=\"height: 13.50pt\">\n<td style=\"height: 13.50pt\" height=\"36\">Haltbarkeitsdauer<\/td>\n<td>24 Monate<\/td>\n<\/tr>\n<tr style=\"height: 13.50pt\">\n<td style=\"height: 13.50pt\" height=\"36\">Abmessungen (cm)<\/td>\n<td>7X7X12<\/td>\n<\/tr>\n<tr style=\"height: 13.50pt\">\n<td style=\"height: 13.50pt\" height=\"36\">Nettogewicht(kg)<\/td>\n<td>0.2kg<\/td>\n<\/tr>\n<tr style=\"height: 13.50pt\">\n<td style=\"height: 13.50pt\" height=\"36\">Personalisierung<\/td>\n<td>Grafik, Logo, Verpackung<\/td>\n<\/tr>\n<tr style=\"height: 13.50pt\">\n<td style=\"height: 13.50pt\" height=\"36\">Bestandsaufnahme<\/td>\n<td>Vorr\u00e4tig<\/td>\n<\/tr>\n<\/tbody>\n<\/table>","protected":false},"featured_media":2170,"comment_status":"closed","ping_status":"closed","template":"","meta":{"_acf_changed":false},"product_brand":[],"product_cat":[40,34,49,41],"product_tag":[],"class_list":{"0":"post-1798","1":"product","2":"type-product","3":"status-publish","4":"has-post-thumbnail","6":"product_cat-private-label-gummy-supplements","7":"product_cat-private-label-health-supplements","8":"product_cat-nutritional-supplement-wholesale","9":"product_cat-bulk-vitamins-and-minerals-supplements","11":"first","12":"instock","13":"shipping-taxable","14":"product-type-simple"},"acf":[],"_links":{"self":[{"href":"https:\/\/www.comehealthgroup.com\/de\/wp-json\/wp\/v2\/product\/1798","targetHints":{"allow":["GET"]}}],"collection":[{"href":"https:\/\/www.comehealthgroup.com\/de\/wp-json\/wp\/v2\/product"}],"about":[{"href":"https:\/\/www.comehealthgroup.com\/de\/wp-json\/wp\/v2\/types\/product"}],"replies":[{"embeddable":true,"href":"https:\/\/www.comehealthgroup.com\/de\/wp-json\/wp\/v2\/comments?post=1798"}],"wp:featuredmedia":[{"embeddable":true,"href":"https:\/\/www.comehealthgroup.com\/de\/wp-json\/wp\/v2\/media\/2170"}],"wp:attachment":[{"href":"https:\/\/www.comehealthgroup.com\/de\/wp-json\/wp\/v2\/media?parent=1798"}],"wp:term":[{"taxonomy":"product_brand","embeddable":true,"href":"https:\/\/www.comehealthgroup.com\/de\/wp-json\/wp\/v2\/product_brand?post=1798"},{"taxonomy":"product_cat","embeddable":true,"href":"https:\/\/www.comehealthgroup.com\/de\/wp-json\/wp\/v2\/product_cat?post=1798"},{"taxonomy":"product_tag","embeddable":true,"href":"https:\/\/www.comehealthgroup.com\/de\/wp-json\/wp\/v2\/product_tag?post=1798"}],"curies":[{"name":"wp","href":"https:\/\/api.w.org\/{rel}","templated":true}]}}