{"id":1803,"date":"2025-04-14T09:12:07","date_gmt":"2025-04-14T09:12:07","guid":{"rendered":"https:\/\/www.comehealthgroup.com\/?post_type=product&#038;p=1803"},"modified":"2025-09-05T02:17:21","modified_gmt":"2025-09-05T02:17:21","slug":"beauty-supplement-private-label","status":"publish","type":"product","link":"https:\/\/www.comehealthgroup.com\/de\/product\/beauty-supplement-private-label\/","title":{"rendered":"Beauty Supplement Private Label Schwarzk\u00fcmmel &amp; Honig Gummies"},"content":{"rendered":"<div class=\"wp-block-columns is-layout-flex wp-container-core-columns-is-layout-9d6595d7 wp-block-columns-is-layout-flex\">\n<div class=\"wp-block-column is-layout-flow wp-block-column-is-layout-flow\">\n<h2 class=\"wp-block-heading\">Eigenschaften von Beauty Supplement Private Label<\/h2>\n\n\n\n<ul class=\"wp-block-list\">\n<li><strong>Unterst\u00fctzung des Immunsystems: <\/strong>Diese Sch\u00f6nheitserg\u00e4nzung in Form von Gummib\u00e4rchen ist eine perfekte Kombination aus Schwarzk\u00fcmmel und Honig, die das Immunsystem wirksam unterst\u00fctzen und die nat\u00fcrliche Widerstandskraft des K\u00f6rpers st\u00e4rken kann, damit Sie in Ihrem hektischen Leben gesund bleiben.<\/li>\n\n\n\n<li><strong>Entz\u00fcndungshemmende Wirkung: <\/strong>Diese Schwarzk\u00fcmmel-Honig-Gummis aus dem Gro\u00dfhandel lindern die Entz\u00fcndungswirkung des K\u00f6rpers, aktivieren das allgemeine Wohlbefinden und lindern normale Beschwerden.<\/li>\n\n\n\n<li><strong>Reich an Antioxidantien: <\/strong>Unsere Beauty-Supplement-Gummis der Eigenmarke sind mit Antioxidantien angereichert, die nicht nur freie Radikale aus dem K\u00f6rper entgiften, sondern auch den Alterungsprozess verz\u00f6gern und die Haut jung und glatt halten.<\/li>\n\n\n\n<li><strong>Unterst\u00fctzt die Gesundheit der Verdauung:<\/strong> Unsere Schwarzk\u00fcmmel-Honig-Gummis unterst\u00fctzen die Verdauungsfunktion, beruhigen Magen-Darm-Beschwerden, f\u00f6rdern die Darmgesundheit und gleichen Ihr Verdauungssystem aus.<\/li>\n<\/ul>\n<\/div>\n\n\n\n<div class=\"wp-block-column is-layout-flow wp-block-column-is-layout-flow\">\n<figure class=\"wp-block-image size-full\"><img decoding=\"async\" width=\"1500\" height=\"1500\" src=\"https:\/\/www.comehealthgroup.com\/wp-content\/uploads\/2025\/03\/Black-seed-honey-gummy_02.webp\" alt=\"Beauty Supplement Private Label Schwarzk\u00fcmmel &amp; Honig Gummies-1\" class=\"wp-image-1806\" srcset=\"https:\/\/www.comehealthgroup.com\/wp-content\/uploads\/2025\/03\/Black-seed-honey-gummy_02.webp 1500w, https:\/\/www.comehealthgroup.com\/wp-content\/uploads\/2025\/03\/Black-seed-honey-gummy_02-300x300.webp 300w, https:\/\/www.comehealthgroup.com\/wp-content\/uploads\/2025\/03\/Black-seed-honey-gummy_02-150x150.webp 150w, https:\/\/www.comehealthgroup.com\/wp-content\/uploads\/2025\/03\/Black-seed-honey-gummy_02-768x768.webp 768w, https:\/\/www.comehealthgroup.com\/wp-content\/uploads\/2025\/03\/Black-seed-honey-gummy_02-12x12.webp 12w, https:\/\/www.comehealthgroup.com\/wp-content\/uploads\/2025\/03\/Black-seed-honey-gummy_02-1200x1200.webp 1200w, https:\/\/www.comehealthgroup.com\/wp-content\/uploads\/2025\/03\/Black-seed-honey-gummy_02-600x600.webp 600w, https:\/\/www.comehealthgroup.com\/wp-content\/uploads\/2025\/03\/Black-seed-honey-gummy_02-100x100.webp 100w\" sizes=\"(max-width: 1500px) 100vw, 1500px\" \/><\/figure>\n<\/div>\n<\/div>","protected":false},"excerpt":{"rendered":"<p>Willkommen in der Sch\u00f6nheit Erg\u00e4nzung private Label Gummis bestellen. Unsere Gro\u00dfhandel Schwarzk\u00fcmmel &amp; Honig Gummis bieten mehrere Vorteile der Immununterst\u00fctzung, entz\u00fcndungshemmende Wirkung, Antioxidantien und Verdauungsgesundheit, geeignet f\u00fcr alle Verbraucher, die Gesundheit und Sch\u00f6nheit zu verfolgen.<\/p>\n<table style=\"border-collapse: collapse; width: 520px; height: 224px;\" border=\"0\" width=\"799\" cellspacing=\"0\" cellpadding=\"0\">\n<tbody>\n<tr style=\"height: 13.50pt;\">\n<td style=\"height: 13.50pt; width: 132.40pt;\" width=\"353\" height=\"36\">Markenname<\/td>\n<td style=\"width: 167.30pt;\" width=\"446\">Wei\u00dfes Etikett<\/td>\n<\/tr>\n<tr style=\"height: 13.50pt;\">\n<td style=\"height: 13.50pt;\" height=\"36\">Produktvorteile<\/td>\n<td>*Unterst\u00fctzung des Immunsystems<br \/>*Entz\u00fcndungshemmend<br \/>*Antioxidantien-Reich<br \/>*Verdauungsgesundheit<\/td>\n<\/tr>\n<tr style=\"height: 13.50pt;\">\n<td style=\"height: 13.50pt;\" height=\"36\">Dosierungsform<\/td>\n<td>Gummib\u00e4rchen<\/td>\n<\/tr>\n<tr style=\"height: 13.50pt;\">\n<td style=\"height: 13.50pt;\" height=\"36\">Produkt-Spezifikation<\/td>\n<td>60 Gummib\u00e4rchen\/Flasche<\/td>\n<\/tr>\n<tr style=\"height: 13.50pt;\">\n<td style=\"height: 13.50pt;\" height=\"36\">Haltbarkeitsdauer<\/td>\n<td>24 Monate<\/td>\n<\/tr>\n<tr style=\"height: 13.50pt;\">\n<td style=\"height: 13.50pt;\" height=\"36\">Abmessungen (cm)<\/td>\n<td>7X7X12<\/td>\n<\/tr>\n<tr style=\"height: 13.50pt;\">\n<td style=\"height: 13.50pt;\" height=\"36\">Nettogewicht(kg)<\/td>\n<td>0.2kg<\/td>\n<\/tr>\n<tr style=\"height: 13.50pt;\">\n<td style=\"height: 13.50pt;\" height=\"36\">Personalisierung<\/td>\n<td>Grafik, Logo, Verpackung<\/td>\n<\/tr>\n<tr style=\"height: 13.50pt;\">\n<td style=\"height: 13.50pt;\" height=\"36\">Bestandsaufnahme<\/td>\n<td>Vorr\u00e4tig<\/td>\n<\/tr>\n<\/tbody>\n<\/table>","protected":false},"featured_media":1804,"comment_status":"closed","ping_status":"closed","template":"","meta":{"_acf_changed":false},"product_brand":[],"product_cat":[40,36,34,32,29],"product_tag":[],"class_list":{"0":"post-1803","1":"product","2":"type-product","3":"status-publish","4":"has-post-thumbnail","6":"product_cat-private-label-gummy-supplements","7":"product_cat-private-label-beauty-supplements","8":"product_cat-private-label-health-supplements","9":"product_cat-private-label-immune-supplements","10":"product_cat-sports-supplements-wholesale","12":"first","13":"instock","14":"shipping-taxable","15":"product-type-simple"},"acf":[],"_links":{"self":[{"href":"https:\/\/www.comehealthgroup.com\/de\/wp-json\/wp\/v2\/product\/1803","targetHints":{"allow":["GET"]}}],"collection":[{"href":"https:\/\/www.comehealthgroup.com\/de\/wp-json\/wp\/v2\/product"}],"about":[{"href":"https:\/\/www.comehealthgroup.com\/de\/wp-json\/wp\/v2\/types\/product"}],"replies":[{"embeddable":true,"href":"https:\/\/www.comehealthgroup.com\/de\/wp-json\/wp\/v2\/comments?post=1803"}],"wp:featuredmedia":[{"embeddable":true,"href":"https:\/\/www.comehealthgroup.com\/de\/wp-json\/wp\/v2\/media\/1804"}],"wp:attachment":[{"href":"https:\/\/www.comehealthgroup.com\/de\/wp-json\/wp\/v2\/media?parent=1803"}],"wp:term":[{"taxonomy":"product_brand","embeddable":true,"href":"https:\/\/www.comehealthgroup.com\/de\/wp-json\/wp\/v2\/product_brand?post=1803"},{"taxonomy":"product_cat","embeddable":true,"href":"https:\/\/www.comehealthgroup.com\/de\/wp-json\/wp\/v2\/product_cat?post=1803"},{"taxonomy":"product_tag","embeddable":true,"href":"https:\/\/www.comehealthgroup.com\/de\/wp-json\/wp\/v2\/product_tag?post=1803"}],"curies":[{"name":"wp","href":"https:\/\/api.w.org\/{rel}","templated":true}]}}