{"id":1813,"date":"2025-03-20T09:46:43","date_gmt":"2025-03-20T09:46:43","guid":{"rendered":"https:\/\/www.comehealthgroup.com\/?post_type=product&#038;p=1813"},"modified":"2025-03-21T06:13:44","modified_gmt":"2025-03-21T06:13:44","slug":"private-label-turmeric-supplement","status":"publish","type":"product","link":"https:\/\/www.comehealthgroup.com\/de\/product\/private-label-turmeric-supplement\/","title":{"rendered":"Private Label Kurkuma Erg\u00e4nzung Gummib\u00e4rchen Herstellung"},"content":{"rendered":"<div class=\"wp-block-columns is-layout-flex wp-container-core-columns-is-layout-9d6595d7 wp-block-columns-is-layout-flex\">\n<div class=\"wp-block-column is-layout-flow wp-block-column-is-layout-flow\">\n<h2 class=\"wp-block-heading\">Features of Private Label Turmeric Supplement<\/h2>\n\n\n\n<ul class=\"wp-block-list\">\n<li><strong>Strong anti-inflammatory, relieves physical discomfort: <\/strong>This private label turmeric supplement has high levels of curcumin, a natural anti-inflammatory, that eases joint contains high levels of curcumin, a natural anti-inflammatory, that eases joint stiffness, muscle aches and everyday inflammation conditions, ideal for long-term maintenance.<\/li>\n\n\n\n<li><strong>Promote digestive health and help gastrointestinal comfort:<\/strong> Our turmeric gummies wholesale ensure gastrointestinal wellness, relieve stomach discomfort, boost stomach comfort, and ease nutrient uptake.<\/li>\n\n\n\n<li><strong>Rich in antioxidant ingredients, resists free radical damage: <\/strong>This private label turmeric supplement are made with natural antioxidant molecules that can fight oxidative stress, support cell health, retard aging, and boost overall energy.<\/li>\n\n\n\n<li><strong>Strengthen the immune system and enhance the body&#8217;s defenses:<\/strong> In addition to turmeric&#8217;s immunomodulatory activity, these turmeric gummies wholesale enhance immunity, reduce seasonal discomfort, and render the body more resistant.<\/li>\n<\/ul>\n<\/div>\n\n\n\n<div class=\"wp-block-column is-layout-flow wp-block-column-is-layout-flow\">\n<figure class=\"wp-block-image size-full\"><img decoding=\"async\" width=\"800\" height=\"800\" src=\"https:\/\/www.comehealthgroup.com\/wp-content\/uploads\/2025\/03\/Turmeric-Supplement-Gummy_04.webp\" alt=\"\" class=\"wp-image-2156\" srcset=\"https:\/\/www.comehealthgroup.com\/wp-content\/uploads\/2025\/03\/Turmeric-Supplement-Gummy_04.webp 800w, https:\/\/www.comehealthgroup.com\/wp-content\/uploads\/2025\/03\/Turmeric-Supplement-Gummy_04-300x300.webp 300w, https:\/\/www.comehealthgroup.com\/wp-content\/uploads\/2025\/03\/Turmeric-Supplement-Gummy_04-150x150.webp 150w, https:\/\/www.comehealthgroup.com\/wp-content\/uploads\/2025\/03\/Turmeric-Supplement-Gummy_04-768x768.webp 768w, https:\/\/www.comehealthgroup.com\/wp-content\/uploads\/2025\/03\/Turmeric-Supplement-Gummy_04-12x12.webp 12w, https:\/\/www.comehealthgroup.com\/wp-content\/uploads\/2025\/03\/Turmeric-Supplement-Gummy_04-600x600.webp 600w, https:\/\/www.comehealthgroup.com\/wp-content\/uploads\/2025\/03\/Turmeric-Supplement-Gummy_04-100x100.webp 100w\" sizes=\"(max-width: 800px) 100vw, 800px\" \/><\/figure>\n<\/div>\n<\/div>\n\n\n\n<p><\/p>","protected":false},"excerpt":{"rendered":"<p>Willkommen bei Private Label Kurkuma Erg\u00e4nzung zu bestellen. Diese Kurkuma-Gummis Gro\u00dfhandel kombinieren k\u00f6stliche fruchtige Formel zur Bek\u00e4mpfung von Entz\u00fcndungen zu helfen, die Verdauung zu f\u00f6rdern, bieten starke antioxidative Schutz, und unterst\u00fctzen die Gesundheit des Immunsystems. Unterst\u00fctzen Sie Private Label OEM.<\/p>\n<table style=\"border-collapse: collapse;width: 513px;height: 226px\" border=\"0\" width=\"799\" cellspacing=\"0\" cellpadding=\"0\">\n<tbody>\n<tr style=\"height: 13.50pt\">\n<td style=\"height: 13.50pt;width: 132.40pt\" width=\"353\" height=\"36\">Markenname<\/td>\n<td style=\"width: 167.30pt\" width=\"446\">Wei\u00dfes Etikett<\/td>\n<\/tr>\n<tr style=\"height: 13.50pt\">\n<td style=\"height: 13.50pt\" height=\"36\">Produktvorteile<\/td>\n<td>*Entz\u00fcndungshemmend<br \/>*Verdauungshilfe<br \/>*Antioxidantien-Reich<br \/>*Immununterst\u00fctzung<\/td>\n<\/tr>\n<tr style=\"height: 13.50pt\">\n<td style=\"height: 13.50pt\" height=\"36\">Dosierungsform<\/td>\n<td>Gummib\u00e4rchen<\/td>\n<\/tr>\n<tr style=\"height: 13.50pt\">\n<td style=\"height: 13.50pt\" height=\"36\">Produkt-Spezifikation<\/td>\n<td>60 Gummib\u00e4rchen\/Flasche<\/td>\n<\/tr>\n<tr style=\"height: 13.50pt\">\n<td style=\"height: 13.50pt\" height=\"36\">Haltbarkeitsdauer<\/td>\n<td>24 Monate<\/td>\n<\/tr>\n<tr style=\"height: 13.50pt\">\n<td style=\"height: 13.50pt\" height=\"36\">Abmessungen (cm)<\/td>\n<td>7X7X12<\/td>\n<\/tr>\n<tr style=\"height: 13.50pt\">\n<td style=\"height: 13.50pt\" height=\"36\">Nettogewicht(kg)<\/td>\n<td>0.2kg<\/td>\n<\/tr>\n<tr style=\"height: 13.50pt\">\n<td style=\"height: 13.50pt\" height=\"36\">Personalisierung<\/td>\n<td>Grafik, Logo, Verpackung<\/td>\n<\/tr>\n<tr style=\"height: 13.50pt\">\n<td style=\"height: 13.50pt\" height=\"36\">Bestandsaufnahme<\/td>\n<td>Vorr\u00e4tig<\/td>\n<\/tr>\n<\/tbody>\n<\/table>","protected":false},"featured_media":2157,"comment_status":"closed","ping_status":"closed","template":"","meta":{"_acf_changed":false},"product_brand":[],"product_cat":[40,36,34,32,49],"product_tag":[],"class_list":{"0":"post-1813","1":"product","2":"type-product","3":"status-publish","4":"has-post-thumbnail","6":"product_cat-private-label-gummy-supplements","7":"product_cat-private-label-beauty-supplements","8":"product_cat-private-label-health-supplements","9":"product_cat-private-label-immune-supplements","10":"product_cat-nutritional-supplement-wholesale","12":"first","13":"instock","14":"shipping-taxable","15":"product-type-simple"},"acf":[],"_links":{"self":[{"href":"https:\/\/www.comehealthgroup.com\/de\/wp-json\/wp\/v2\/product\/1813","targetHints":{"allow":["GET"]}}],"collection":[{"href":"https:\/\/www.comehealthgroup.com\/de\/wp-json\/wp\/v2\/product"}],"about":[{"href":"https:\/\/www.comehealthgroup.com\/de\/wp-json\/wp\/v2\/types\/product"}],"replies":[{"embeddable":true,"href":"https:\/\/www.comehealthgroup.com\/de\/wp-json\/wp\/v2\/comments?post=1813"}],"wp:featuredmedia":[{"embeddable":true,"href":"https:\/\/www.comehealthgroup.com\/de\/wp-json\/wp\/v2\/media\/2157"}],"wp:attachment":[{"href":"https:\/\/www.comehealthgroup.com\/de\/wp-json\/wp\/v2\/media?parent=1813"}],"wp:term":[{"taxonomy":"product_brand","embeddable":true,"href":"https:\/\/www.comehealthgroup.com\/de\/wp-json\/wp\/v2\/product_brand?post=1813"},{"taxonomy":"product_cat","embeddable":true,"href":"https:\/\/www.comehealthgroup.com\/de\/wp-json\/wp\/v2\/product_cat?post=1813"},{"taxonomy":"product_tag","embeddable":true,"href":"https:\/\/www.comehealthgroup.com\/de\/wp-json\/wp\/v2\/product_tag?post=1813"}],"curies":[{"name":"wp","href":"https:\/\/api.w.org\/{rel}","templated":true}]}}