{"id":1830,"date":"2025-03-04T06:23:38","date_gmt":"2025-03-04T06:23:38","guid":{"rendered":"https:\/\/www.comehealthgroup.com\/?post_type=product&#038;p=1830"},"modified":"2025-03-19T07:29:39","modified_gmt":"2025-03-19T07:29:39","slug":"private-label-hair-vitamins","status":"publish","type":"product","link":"https:\/\/www.comehealthgroup.com\/de\/product\/private-label-hair-vitamins\/","title":{"rendered":"Private Label Hair Vitamins Gummy Supplements Gro\u00dfhandel"},"content":{"rendered":"<div class=\"wp-block-columns is-layout-flex wp-container-core-columns-is-layout-9d6595d7 wp-block-columns-is-layout-flex\">\n<div class=\"wp-block-column is-layout-flow wp-block-column-is-layout-flow\">\n<h2 class=\"wp-block-heading\">Features of Private Label Hair Vitamins Gummies<\/h2>\n\n\n\n<ul class=\"wp-block-list\">\n<li><strong>Promote hair growth: <\/strong>Our private label hair vitamins gummies are rich in biotin, vitamins and essential minerals, which can efficiently activate hair follicle function, promote hair growth and reduce hair loss.<\/li>\n\n\n\n<li><strong>St\u00e4rkt das Haar: <\/strong>Our wholesale hair growth vitamins make use of high-efficiency nutrients to give hair deep nourishment, strengthen hair from the inside out, reduce breakage and brittleness, and render hair stronger and more elastic.<\/li>\n\n\n\n<li><strong>Improve hair quality: <\/strong>Our private label hair vitamins gummies are specially formulated with moisturizing properties to restore damaged hair, reduce frizz, make hair smoother and easier to manage, and display a naturally soft and silky texture.<\/li>\n\n\n\n<li><strong>Nourishes the scalp: <\/strong>Our wholesale hair growth vitamins deeply nourish the scalp with essential vitamins and antioxidants, reducing dryness and dandruff problems, building an excellent platform for healthy hair growth.<\/li>\n<\/ul>\n<\/div>\n\n\n\n<div class=\"wp-block-column is-layout-flow wp-block-column-is-layout-flow\">\n<figure class=\"wp-block-image size-full\"><img decoding=\"async\" width=\"1100\" height=\"1100\" src=\"https:\/\/www.comehealthgroup.com\/wp-content\/uploads\/2025\/03\/Hair-Vitamins_04-1.webp\" alt=\"\" class=\"wp-image-2068\" srcset=\"https:\/\/www.comehealthgroup.com\/wp-content\/uploads\/2025\/03\/Hair-Vitamins_04-1.webp 1100w, https:\/\/www.comehealthgroup.com\/wp-content\/uploads\/2025\/03\/Hair-Vitamins_04-1-300x300.webp 300w, https:\/\/www.comehealthgroup.com\/wp-content\/uploads\/2025\/03\/Hair-Vitamins_04-1-150x150.webp 150w, https:\/\/www.comehealthgroup.com\/wp-content\/uploads\/2025\/03\/Hair-Vitamins_04-1-768x768.webp 768w, https:\/\/www.comehealthgroup.com\/wp-content\/uploads\/2025\/03\/Hair-Vitamins_04-1-12x12.webp 12w, https:\/\/www.comehealthgroup.com\/wp-content\/uploads\/2025\/03\/Hair-Vitamins_04-1-600x600.webp 600w, https:\/\/www.comehealthgroup.com\/wp-content\/uploads\/2025\/03\/Hair-Vitamins_04-1-100x100.webp 100w\" sizes=\"(max-width: 1100px) 100vw, 1100px\" \/><\/figure>\n<\/div>\n<\/div>","protected":false},"excerpt":{"rendered":"<p>Willkommen im Gro\u00dfhandel Haarwachstum Vitamine zu kaufen. Unsere Eigenmarke Haar Vitamine Gummis sind wissenschaftlich formuliert, um Haare wachsen, st\u00e4rken das Haar, verbessern die Haarqualit\u00e4t und f\u00f6rdern die Kopfhaut. Lecker und einfach zu nehmen, erg\u00e4nzen sie t\u00e4glich mit essentiellen N\u00e4hrstoffen, um Ihr Haar ges\u00fcnder, dicker und gl\u00e4nzender zu machen.<\/p>\n<table style=\"border-collapse: collapse;width: 513px;height: 223px\" border=\"0\" width=\"799\" cellspacing=\"0\" cellpadding=\"0\">\n<tbody>\n<tr style=\"height: 13.50pt\">\n<td style=\"height: 13.50pt;width: 132.40pt\" width=\"353\" height=\"36\">Markenname<\/td>\n<td style=\"width: 167.30pt\" width=\"446\">Wei\u00dfes Etikett<\/td>\n<\/tr>\n<tr style=\"height: 13.50pt\">\n<td style=\"height: 13.50pt\" height=\"36\">Produktvorteile<\/td>\n<td>\n<p>*F\u00f6rdert das Haarwachstum<\/p>\n<p>*St\u00e4rkt das Haar<\/p>\n<p>*Verbessert die Haarstruktur<\/p>\n<p>*Unterst\u00fctzt die Gesundheit der Kopfhaut<\/p>\n<\/td>\n<\/tr>\n<tr style=\"height: 13.50pt\">\n<td style=\"height: 13.50pt\" height=\"36\">Dosierungsform<\/td>\n<td>Gummib\u00e4rchen<\/td>\n<\/tr>\n<tr style=\"height: 13.50pt\">\n<td style=\"height: 13.50pt\" height=\"36\">Produkt-Spezifikation<\/td>\n<td>60 Gummib\u00e4rchen\/Flasche<\/td>\n<\/tr>\n<tr style=\"height: 13.50pt\">\n<td style=\"height: 13.50pt\" height=\"36\">Haltbarkeitsdauer<\/td>\n<td>24 Monate<\/td>\n<\/tr>\n<tr style=\"height: 13.50pt\">\n<td style=\"height: 13.50pt\" height=\"36\">Abmessungen (cm)<\/td>\n<td>7X7X12<\/td>\n<\/tr>\n<tr style=\"height: 13.50pt\">\n<td style=\"height: 13.50pt\" height=\"36\">Nettogewicht(kg)<\/td>\n<td>0.2kg<\/td>\n<\/tr>\n<tr style=\"height: 13.50pt\">\n<td style=\"height: 13.50pt\" height=\"36\">Personalisierung<\/td>\n<td>Grafik, Logo, Verpackung<\/td>\n<\/tr>\n<tr style=\"height: 13.50pt\">\n<td style=\"height: 13.50pt\" height=\"36\">Bestandsaufnahme<\/td>\n<td>Vorr\u00e4tig<\/td>\n<\/tr>\n<\/tbody>\n<\/table>","protected":false},"featured_media":2070,"comment_status":"closed","ping_status":"closed","template":"","meta":{"_acf_changed":false},"product_brand":[],"product_cat":[40,36,41],"product_tag":[],"class_list":{"0":"post-1830","1":"product","2":"type-product","3":"status-publish","4":"has-post-thumbnail","6":"product_cat-private-label-gummy-supplements","7":"product_cat-private-label-beauty-supplements","8":"product_cat-bulk-vitamins-and-minerals-supplements","10":"first","11":"instock","12":"shipping-taxable","13":"product-type-simple"},"acf":[],"_links":{"self":[{"href":"https:\/\/www.comehealthgroup.com\/de\/wp-json\/wp\/v2\/product\/1830","targetHints":{"allow":["GET"]}}],"collection":[{"href":"https:\/\/www.comehealthgroup.com\/de\/wp-json\/wp\/v2\/product"}],"about":[{"href":"https:\/\/www.comehealthgroup.com\/de\/wp-json\/wp\/v2\/types\/product"}],"replies":[{"embeddable":true,"href":"https:\/\/www.comehealthgroup.com\/de\/wp-json\/wp\/v2\/comments?post=1830"}],"wp:featuredmedia":[{"embeddable":true,"href":"https:\/\/www.comehealthgroup.com\/de\/wp-json\/wp\/v2\/media\/2070"}],"wp:attachment":[{"href":"https:\/\/www.comehealthgroup.com\/de\/wp-json\/wp\/v2\/media?parent=1830"}],"wp:term":[{"taxonomy":"product_brand","embeddable":true,"href":"https:\/\/www.comehealthgroup.com\/de\/wp-json\/wp\/v2\/product_brand?post=1830"},{"taxonomy":"product_cat","embeddable":true,"href":"https:\/\/www.comehealthgroup.com\/de\/wp-json\/wp\/v2\/product_cat?post=1830"},{"taxonomy":"product_tag","embeddable":true,"href":"https:\/\/www.comehealthgroup.com\/de\/wp-json\/wp\/v2\/product_tag?post=1830"}],"curies":[{"name":"wp","href":"https:\/\/api.w.org\/{rel}","templated":true}]}}