{"id":1867,"date":"2025-03-14T06:54:47","date_gmt":"2025-03-14T06:54:47","guid":{"rendered":"https:\/\/www.comehealthgroup.com\/?post_type=product&#038;p=1867"},"modified":"2025-03-19T02:51:41","modified_gmt":"2025-03-19T02:51:41","slug":"private-label-collagen-supplements","status":"publish","type":"product","link":"https:\/\/www.comehealthgroup.com\/de\/product\/private-label-collagen-supplements\/","title":{"rendered":"Private Label Kollagen Erg\u00e4nzungen, Biotin Kollagen Gummib\u00e4rchen Gro\u00dfhandel"},"content":{"rendered":"<div class=\"wp-block-columns is-layout-flex wp-container-core-columns-is-layout-9d6595d7 wp-block-columns-is-layout-flex\">\n<div class=\"wp-block-column is-layout-flow wp-block-column-is-layout-flow\">\n<h2 class=\"wp-block-heading\">Features of Private Label Collagen Supplements<\/h2>\n\n\n\n<ul class=\"wp-block-list\">\n<li><strong>Promotes healthy hair, skin and nails: <\/strong>Our private label collagen supplements have the ability to strengthen hair roots, reduce hair loss, make hair stronger and thicker, while hydrating the skin, improving radiance, and promoting nail growth, making nails stronger and less likely to break.<\/li>\n\n\n\n<li><strong>Improve skin elasticity: <\/strong>Collagen is a significant component of skin elasticity. This biotin collagen gummy wholesale can reduce wrinkles and fine lines, tighten and fill the skin, and enhance the water-retaining ability, making the skin soft and smooth.<\/li>\n\n\n\n<li><strong>Promote hair growth:<\/strong> These private label collagen supplements can promote healthy hair follicles, increase hair strength, reduce split ends and breakage, and make hair stronger, thicker and shinier.<\/li>\n\n\n\n<li><strong>Delicious gummy form: <\/strong>Say goodbye to outdated powders or capsules, this biotin collagen gummy wholesale not only tastes delicious but is also convenient to consume on the move, anytime nutrition. Easy daily chew easy to fit into active lifestyles, making collagen supplement fun.<\/li>\n<\/ul>\n<\/div>\n\n\n\n<div class=\"wp-block-column is-layout-flow wp-block-column-is-layout-flow\">\n<figure class=\"wp-block-image size-full\"><img decoding=\"async\" width=\"960\" height=\"960\" src=\"https:\/\/www.comehealthgroup.com\/wp-content\/uploads\/2025\/03\/Biotin-Collagen-Gummy_03.webp\" alt=\"\" class=\"wp-image-2043\" srcset=\"https:\/\/www.comehealthgroup.com\/wp-content\/uploads\/2025\/03\/Biotin-Collagen-Gummy_03.webp 960w, https:\/\/www.comehealthgroup.com\/wp-content\/uploads\/2025\/03\/Biotin-Collagen-Gummy_03-300x300.webp 300w, https:\/\/www.comehealthgroup.com\/wp-content\/uploads\/2025\/03\/Biotin-Collagen-Gummy_03-150x150.webp 150w, https:\/\/www.comehealthgroup.com\/wp-content\/uploads\/2025\/03\/Biotin-Collagen-Gummy_03-768x768.webp 768w, https:\/\/www.comehealthgroup.com\/wp-content\/uploads\/2025\/03\/Biotin-Collagen-Gummy_03-12x12.webp 12w, https:\/\/www.comehealthgroup.com\/wp-content\/uploads\/2025\/03\/Biotin-Collagen-Gummy_03-600x600.webp 600w, https:\/\/www.comehealthgroup.com\/wp-content\/uploads\/2025\/03\/Biotin-Collagen-Gummy_03-100x100.webp 100w\" sizes=\"(max-width: 960px) 100vw, 960px\" \/><\/figure>\n<\/div>\n<\/div>","protected":false},"excerpt":{"rendered":"<div class=\"flex max-w-full flex-col flex-grow\">\n<div class=\"min-h-8 text-message relative flex w-full flex-col items-end gap-2 whitespace-normal break-words text-start [.text-message+&amp;]:mt-5\" dir=\"auto\" data-message-author-role=\"assistant\" data-message-id=\"ffda9166-a4ef-401f-b3ae-bac9a350d10d\" data-message-model-slug=\"gpt-4o\">\n<div class=\"flex w-full flex-col gap-1 empty:hidden first:pt-[3px]\">\n<div class=\"markdown prose w-full break-words dark:prose-invert dark\">\n<p data-start=\"611\" data-end=\"788\" data-is-last-node=\"\" data-is-only-node=\"\">Welcome to purchase biotin collagen gummy wholesale. Our private label collagen supplements are specially designed to promote healthy hair, skin and nails. They fortify hair, enhance skin elasticity and reduce signs of aging. Factory direct supply, support wholesale and OEM customization.<\/p>\n<table style=\"border-collapse: collapse;width: 512px;height: 220px\" border=\"0\" width=\"799\" cellspacing=\"0\" cellpadding=\"0\">\n<tbody>\n<tr style=\"height: 13.50pt\">\n<td style=\"height: 13.50pt;width: 132.40pt\" width=\"353\" height=\"36\">Markenname<\/td>\n<td style=\"width: 167.30pt\" width=\"446\">Wei\u00dfes Etikett<\/td>\n<\/tr>\n<tr style=\"height: 13.50pt\">\n<td style=\"height: 13.50pt\" height=\"36\">Produktvorteile<\/td>\n<td>*Supports Healthy Hair, Skin, and Nails<br \/>*Improves Skin Elasticity<br \/>*Enhances Hair Growth<br \/>*Convenient and Tasty<\/td>\n<\/tr>\n<tr style=\"height: 13.50pt\">\n<td style=\"height: 13.50pt\" height=\"36\">Dosierungsform<\/td>\n<td>Gummib\u00e4rchen<\/td>\n<\/tr>\n<tr style=\"height: 13.50pt\">\n<td style=\"height: 13.50pt\" height=\"36\">Produkt-Spezifikation<\/td>\n<td>60 Gummib\u00e4rchen\/Flasche<\/td>\n<\/tr>\n<tr style=\"height: 13.50pt\">\n<td style=\"height: 13.50pt\" height=\"36\">Haltbarkeitsdauer<\/td>\n<td>24 Monate<\/td>\n<\/tr>\n<tr style=\"height: 13.50pt\">\n<td style=\"height: 13.50pt\" height=\"36\">Abmessungen (cm)<\/td>\n<td>7X7X12<\/td>\n<\/tr>\n<tr style=\"height: 13.50pt\">\n<td style=\"height: 13.50pt\" height=\"36\">Nettogewicht(kg)<\/td>\n<td>0.2kg<\/td>\n<\/tr>\n<tr style=\"height: 13.50pt\">\n<td style=\"height: 13.50pt\" height=\"36\">Personalisierung<\/td>\n<td>Grafik, Logo, Verpackung<\/td>\n<\/tr>\n<tr style=\"height: 13.50pt\">\n<td style=\"height: 13.50pt\" height=\"36\">Bestandsaufnahme<\/td>\n<td>Vorr\u00e4tig<\/td>\n<\/tr>\n<\/tbody>\n<\/table>\n<\/div>\n<\/div>\n<\/div>\n<\/div>","protected":false},"featured_media":2045,"comment_status":"closed","ping_status":"closed","template":"","meta":{"_acf_changed":false},"product_brand":[],"product_cat":[40,36],"product_tag":[],"class_list":{"0":"post-1867","1":"product","2":"type-product","3":"status-publish","4":"has-post-thumbnail","6":"product_cat-private-label-gummy-supplements","7":"product_cat-private-label-beauty-supplements","9":"first","10":"instock","11":"shipping-taxable","12":"product-type-simple"},"acf":[],"_links":{"self":[{"href":"https:\/\/www.comehealthgroup.com\/de\/wp-json\/wp\/v2\/product\/1867","targetHints":{"allow":["GET"]}}],"collection":[{"href":"https:\/\/www.comehealthgroup.com\/de\/wp-json\/wp\/v2\/product"}],"about":[{"href":"https:\/\/www.comehealthgroup.com\/de\/wp-json\/wp\/v2\/types\/product"}],"replies":[{"embeddable":true,"href":"https:\/\/www.comehealthgroup.com\/de\/wp-json\/wp\/v2\/comments?post=1867"}],"wp:featuredmedia":[{"embeddable":true,"href":"https:\/\/www.comehealthgroup.com\/de\/wp-json\/wp\/v2\/media\/2045"}],"wp:attachment":[{"href":"https:\/\/www.comehealthgroup.com\/de\/wp-json\/wp\/v2\/media?parent=1867"}],"wp:term":[{"taxonomy":"product_brand","embeddable":true,"href":"https:\/\/www.comehealthgroup.com\/de\/wp-json\/wp\/v2\/product_brand?post=1867"},{"taxonomy":"product_cat","embeddable":true,"href":"https:\/\/www.comehealthgroup.com\/de\/wp-json\/wp\/v2\/product_cat?post=1867"},{"taxonomy":"product_tag","embeddable":true,"href":"https:\/\/www.comehealthgroup.com\/de\/wp-json\/wp\/v2\/product_tag?post=1867"}],"curies":[{"name":"wp","href":"https:\/\/api.w.org\/{rel}","templated":true}]}}