{"id":1872,"date":"2025-03-13T09:54:13","date_gmt":"2025-03-13T09:54:13","guid":{"rendered":"https:\/\/www.comehealthgroup.com\/?post_type=product&#038;p=1872"},"modified":"2025-03-19T03:10:34","modified_gmt":"2025-03-19T03:10:34","slug":"wholesale-hair-vitamins","status":"publish","type":"product","link":"https:\/\/www.comehealthgroup.com\/de\/product\/wholesale-hair-vitamins\/","title":{"rendered":"Gro\u00dfhandel Haar Vitamine, Private Label Haar Erg\u00e4nzung"},"content":{"rendered":"<div class=\"wp-block-columns is-layout-flex wp-container-core-columns-is-layout-9d6595d7 wp-block-columns-is-layout-flex\">\n<div class=\"wp-block-column is-layout-flow wp-block-column-is-layout-flow\">\n<h2 class=\"wp-block-heading\">Eigenschaften von Gro\u00dfhandel Haar Vitamine<\/h2>\n\n\n\n<ul class=\"wp-block-list\">\n<li><strong>F\u00f6rdert das Haarwachstum: <\/strong>Unsere Haarvitamin-Gummis f\u00fcr den Gro\u00dfhandel sind reich an Biotin, B-Vitaminen und anderen N\u00e4hrstoffen. Diese Haarerg\u00e4nzungen k\u00f6nnen die Haarfollikel mit tiefen N\u00e4hrstoffen versorgen und ein gesundes neues Haarwachstum f\u00f6rdern. Langfristige Einnahme kann das Problem der d\u00fcnner werdenden Haaransatz zu verbessern, machen das Haar dicker und gl\u00e4nzender.<\/li>\n\n\n\n<li><strong>Verbessert die Haarst\u00e4rke: <\/strong>Dieses Eigenmarken-Haarerg\u00e4nzungsmittel nutzt eine funktionelle Formel, um die Haarkraft zu f\u00f6rdern und Spr\u00f6digkeit, Bruch und Spliss zu reduzieren, die durch N\u00e4hrstoffmangel verursacht werden.<\/li>\n\n\n\n<li><strong>Verbessert die allgemeine Haargesundheit:<\/strong> Diese Gro\u00dfhandel Haar Vitamine Gummis nicht nur wachsen und st\u00e4rken das Haar, sondern auch die allgemeine Gesundheit der Haare zu verbessern. Es reduziert trockene Kopfhaut und verbessert den \u00d6lhaushalt.<\/li>\n\n\n\n<li><strong>K\u00f6stlich und leicht zu essen: <\/strong>Dieses Haarerg\u00e4nzungsmittel der Eigenmarke hat die Form eines Gummibonbons, das k\u00f6stlich schmeckt und von Personen jeden Alters genossen werden kann. Es enth\u00e4lt keine k\u00fcnstlichen Farbstoffe und ist glutenfrei, so dass man den guten Geschmack genie\u00dfen kann, w\u00e4hrend man leicht die N\u00e4hrstoffe erh\u00e4lt, die man f\u00fcr gesundes Haar ben\u00f6tigt.<\/li>\n<\/ul>\n<\/div>\n\n\n\n<div class=\"wp-block-column is-layout-flow wp-block-column-is-layout-flow\">\n<figure class=\"wp-block-image size-full\"><img decoding=\"async\" width=\"973\" height=\"964\" src=\"https:\/\/www.comehealthgroup.com\/wp-content\/uploads\/2025\/03\/Hair-Vitamins-2.webp\" alt=\"\" class=\"wp-image-2048\" srcset=\"https:\/\/www.comehealthgroup.com\/wp-content\/uploads\/2025\/03\/Hair-Vitamins-2.webp 973w, https:\/\/www.comehealthgroup.com\/wp-content\/uploads\/2025\/03\/Hair-Vitamins-2-300x297.webp 300w, https:\/\/www.comehealthgroup.com\/wp-content\/uploads\/2025\/03\/Hair-Vitamins-2-150x150.webp 150w, https:\/\/www.comehealthgroup.com\/wp-content\/uploads\/2025\/03\/Hair-Vitamins-2-768x761.webp 768w, https:\/\/www.comehealthgroup.com\/wp-content\/uploads\/2025\/03\/Hair-Vitamins-2-12x12.webp 12w, https:\/\/www.comehealthgroup.com\/wp-content\/uploads\/2025\/03\/Hair-Vitamins-2-600x594.webp 600w, https:\/\/www.comehealthgroup.com\/wp-content\/uploads\/2025\/03\/Hair-Vitamins-2-100x100.webp 100w\" sizes=\"(max-width: 973px) 100vw, 973px\" \/><\/figure>\n<\/div>\n<\/div>","protected":false},"excerpt":{"rendered":"<p>Willkommen im Gro\u00dfhandel Haar Vitamine Gummis zu kaufen. Unsere Eigenmarke Haar Erg\u00e4nzung ist entworfen, um das Haarwachstum zu f\u00f6rdern, machen das Haar st\u00e4rker und verbessern die allgemeine Gesundheit der Haare. Diese k\u00f6stlichen und leicht zu nehmen Vitamin-Gummis sind mit Biotin, Vitaminen und wichtigen N\u00e4hrstoffen gef\u00fcllt, um die Kopfhaut zu n\u00e4hren und Haarbruch zu reduzieren.<\/p>\n<table style=\"border-collapse: collapse;width: 513px;height: 220px\" border=\"0\" width=\"799\" cellspacing=\"0\" cellpadding=\"0\">\n<tbody>\n<tr style=\"height: 13.50pt\">\n<td style=\"height: 13.50pt;width: 132.40pt\" width=\"353\" height=\"36\">Markenname<\/td>\n<td style=\"width: 167.30pt\" width=\"446\">Wei\u00dfes Etikett<\/td>\n<\/tr>\n<tr style=\"height: 13.50pt\">\n<td style=\"height: 13.50pt\" height=\"36\">Produktvorteile<\/td>\n<td>*Unterst\u00fctzt das Haarwachstum <br \/>*Verst\u00e4rkt die Haarkraft <br \/>*Verbessert die allgemeine Haargesundheit <br \/>*Einfach zu nehmen und k\u00f6stlich<\/td>\n<\/tr>\n<tr style=\"height: 13.50pt\">\n<td style=\"height: 13.50pt\" height=\"36\">Dosierungsform<\/td>\n<td>Gummib\u00e4rchen<\/td>\n<\/tr>\n<tr style=\"height: 13.50pt\">\n<td style=\"height: 13.50pt\" height=\"36\">Produkt-Spezifikation<\/td>\n<td>60 Gummib\u00e4rchen\/Flasche<\/td>\n<\/tr>\n<tr style=\"height: 13.50pt\">\n<td style=\"height: 13.50pt\" height=\"36\">Haltbarkeitsdauer<\/td>\n<td>24 Monate<\/td>\n<\/tr>\n<tr style=\"height: 13.50pt\">\n<td style=\"height: 13.50pt\" height=\"36\">Abmessungen (cm)<\/td>\n<td>7X7X12<\/td>\n<\/tr>\n<tr style=\"height: 13.50pt\">\n<td style=\"height: 13.50pt\" height=\"36\">Nettogewicht(kg)<\/td>\n<td>0.2kg<\/td>\n<\/tr>\n<tr style=\"height: 13.50pt\">\n<td style=\"height: 13.50pt\" height=\"36\">Personalisierung<\/td>\n<td>Grafik, Logo, Verpackung<\/td>\n<\/tr>\n<tr style=\"height: 13.50pt\">\n<td style=\"height: 13.50pt\" height=\"36\">Bestandsaufnahme<\/td>\n<td>Vorr\u00e4tig<\/td>\n<\/tr>\n<\/tbody>\n<\/table>","protected":false},"featured_media":2047,"comment_status":"closed","ping_status":"closed","template":"","meta":{"_acf_changed":false},"product_brand":[],"product_cat":[40,36],"product_tag":[],"class_list":{"0":"post-1872","1":"product","2":"type-product","3":"status-publish","4":"has-post-thumbnail","6":"product_cat-private-label-gummy-supplements","7":"product_cat-private-label-beauty-supplements","9":"first","10":"instock","11":"shipping-taxable","12":"product-type-simple"},"acf":[],"_links":{"self":[{"href":"https:\/\/www.comehealthgroup.com\/de\/wp-json\/wp\/v2\/product\/1872","targetHints":{"allow":["GET"]}}],"collection":[{"href":"https:\/\/www.comehealthgroup.com\/de\/wp-json\/wp\/v2\/product"}],"about":[{"href":"https:\/\/www.comehealthgroup.com\/de\/wp-json\/wp\/v2\/types\/product"}],"replies":[{"embeddable":true,"href":"https:\/\/www.comehealthgroup.com\/de\/wp-json\/wp\/v2\/comments?post=1872"}],"wp:featuredmedia":[{"embeddable":true,"href":"https:\/\/www.comehealthgroup.com\/de\/wp-json\/wp\/v2\/media\/2047"}],"wp:attachment":[{"href":"https:\/\/www.comehealthgroup.com\/de\/wp-json\/wp\/v2\/media?parent=1872"}],"wp:term":[{"taxonomy":"product_brand","embeddable":true,"href":"https:\/\/www.comehealthgroup.com\/de\/wp-json\/wp\/v2\/product_brand?post=1872"},{"taxonomy":"product_cat","embeddable":true,"href":"https:\/\/www.comehealthgroup.com\/de\/wp-json\/wp\/v2\/product_cat?post=1872"},{"taxonomy":"product_tag","embeddable":true,"href":"https:\/\/www.comehealthgroup.com\/de\/wp-json\/wp\/v2\/product_tag?post=1872"}],"curies":[{"name":"wp","href":"https:\/\/api.w.org\/{rel}","templated":true}]}}