{"id":1877,"date":"2025-03-25T09:54:06","date_gmt":"2025-03-25T09:54:06","guid":{"rendered":"https:\/\/www.comehealthgroup.com\/?post_type=product&#038;p=1877"},"modified":"2025-03-25T09:54:07","modified_gmt":"2025-03-25T09:54:07","slug":"magnesium-supplement-bulk","status":"publish","type":"product","link":"https:\/\/www.comehealthgroup.com\/de\/product\/magnesium-supplement-bulk\/","title":{"rendered":"Magnesium-Erg\u00e4nzung Bulk, OEM Magnesium Citrat Gummies"},"content":{"rendered":"<div class=\"wp-block-columns is-layout-flex wp-container-core-columns-is-layout-9d6595d7 wp-block-columns-is-layout-flex\">\n<div class=\"wp-block-column is-layout-flow wp-block-column-is-layout-flow\">\n<h2 class=\"wp-block-heading\">Eigenschaften von Magnesium Supplement Bulk<\/h2>\n\n\n\n<ul class=\"wp-block-list\">\n<li><strong>Hochabsorbierende Formel: <\/strong>Unsere Magnesiumerg\u00e4nzung Bulk verwendet Magnesiumcitrat, eine Magnesiumerg\u00e4nzung, die besser als andere absorbiert und verwertet wird, um die Optimierung der Muskel- und Nervenfunktion zu erleichtern.<\/li>\n\n\n\n<li><strong>Unterst\u00fctzt die Entspannung und Erholung der Muskeln: <\/strong>Unsere Magnesiumcitrat-Gummis der Eigenmarke f\u00f6rdern das Elektrolytgleichgewicht und l\u00f6sen Muskelkr\u00e4mpfe und Verspannungen. Sie k\u00f6nnen zur Erholung nach dem Training oder zur allgemeinen K\u00f6rperkonditionierung verwendet werden.<\/li>\n\n\n\n<li><strong>Einschlafhilfe und Stressabbau:<\/strong> Dieses Magnesiumpr\u00e4parat der Eigenmarke entspannt das Nervensystem, regt die Melatoninaussch\u00fcttung an, entspannt Geist und K\u00f6rper, verbessert die Schlafqualit\u00e4t und reduziert Stress und Angst.<\/li>\n\n\n\n<li><strong>Knochen und allgemeine Gesundheit: <\/strong>Magnesium ist ein wichtiger Mineralstoff f\u00fcr die Knochenmineraldichte und die kardiovaskul\u00e4re Gesundheit. Die t\u00e4gliche Einnahme von Magnesiumcitrat-Gummis unserer Marke kann die Knochenst\u00e4rke und die allgemeine Gesundheit des K\u00f6rpers verbessern.<\/li>\n<\/ul>\n<\/div>\n\n\n\n<div class=\"wp-block-column is-layout-flow wp-block-column-is-layout-flow\">\n<figure class=\"wp-block-image size-full\"><img decoding=\"async\" width=\"600\" height=\"600\" src=\"https:\/\/www.comehealthgroup.com\/wp-content\/uploads\/2025\/03\/Magnesium-Citrate-Gummy_2.webp\" alt=\"Magnesium-Erg\u00e4nzung Bulk, OEM Magnesium Citrat Gummies-1\" class=\"wp-image-2194\" srcset=\"https:\/\/www.comehealthgroup.com\/wp-content\/uploads\/2025\/03\/Magnesium-Citrate-Gummy_2.webp 600w, https:\/\/www.comehealthgroup.com\/wp-content\/uploads\/2025\/03\/Magnesium-Citrate-Gummy_2-300x300.webp 300w, https:\/\/www.comehealthgroup.com\/wp-content\/uploads\/2025\/03\/Magnesium-Citrate-Gummy_2-150x150.webp 150w, https:\/\/www.comehealthgroup.com\/wp-content\/uploads\/2025\/03\/Magnesium-Citrate-Gummy_2-12x12.webp 12w, https:\/\/www.comehealthgroup.com\/wp-content\/uploads\/2025\/03\/Magnesium-Citrate-Gummy_2-100x100.webp 100w\" sizes=\"(max-width: 600px) 100vw, 600px\" \/><\/figure>\n<\/div>\n<\/div>","protected":false},"excerpt":{"rendered":"<p>Willkommen bei der Bestellung von Magnesium-Erg\u00e4nzungsmitteln in gro\u00dfen Mengen. Unsere Magnesiumcitrat-Gummis helfen, die Muskelfunktion zu erhalten, den Schlaf zu sichern und die Knochengesundheit zu verbessern. Sie enthalten hoch absorbiertes Magnesiumcitrat in einer sanften, leicht zu absorbierenden Form mit einem gro\u00dfartigen Geschmack.<\/p>\n<table style=\"border-collapse: collapse; width: 515px; height: 220px;\" border=\"0\" width=\"799\" cellspacing=\"0\" cellpadding=\"0\">\n<tbody>\n<tr style=\"height: 13.50pt;\">\n<td style=\"height: 13.50pt; width: 132.40pt;\" width=\"353\" height=\"36\">Markenname<\/td>\n<td style=\"width: 167.30pt;\" width=\"446\">Wei\u00dfes Etikett<\/td>\n<\/tr>\n<tr style=\"height: 13.50pt;\">\n<td style=\"height: 13.50pt;\" height=\"36\">Produktvorteile<\/td>\n<td>*Unterst\u00fctzt die Muskelfunktion<br \/>*F\u00f6rdert Entspannung und Schlaf<br \/>*verbessert die Knochengesundheit<br \/>*leicht verdaulich und unterhaltsam<\/td>\n<\/tr>\n<tr style=\"height: 13.50pt;\">\n<td style=\"height: 13.50pt;\" height=\"36\">Dosierungsform<\/td>\n<td>Gummib\u00e4rchen<\/td>\n<\/tr>\n<tr style=\"height: 13.50pt;\">\n<td style=\"height: 13.50pt;\" height=\"36\">Produkt-Spezifikation<\/td>\n<td>60 Gummib\u00e4rchen\/Flasche<\/td>\n<\/tr>\n<tr style=\"height: 13.50pt;\">\n<td style=\"height: 13.50pt;\" height=\"36\">Haltbarkeitsdauer<\/td>\n<td>24 Monate<\/td>\n<\/tr>\n<tr style=\"height: 13.50pt;\">\n<td style=\"height: 13.50pt;\" height=\"36\">Abmessungen (cm)<\/td>\n<td>7X7X12<\/td>\n<\/tr>\n<tr style=\"height: 13.50pt;\">\n<td style=\"height: 13.50pt;\" height=\"36\">Nettogewicht(kg)<\/td>\n<td>0.2kg<\/td>\n<\/tr>\n<tr style=\"height: 13.50pt;\">\n<td style=\"height: 13.50pt;\" height=\"36\">Personalisierung<\/td>\n<td>Grafik, Logo, Verpackung<\/td>\n<\/tr>\n<tr style=\"height: 13.50pt;\">\n<td style=\"height: 13.50pt;\" height=\"36\">Bestandsaufnahme<\/td>\n<td>Vorr\u00e4tig<\/td>\n<\/tr>\n<\/tbody>\n<\/table>","protected":false},"featured_media":2192,"comment_status":"closed","ping_status":"closed","template":"","meta":{"_acf_changed":false},"product_brand":[],"product_cat":[40,35,34],"product_tag":[],"class_list":{"0":"post-1877","1":"product","2":"type-product","3":"status-publish","4":"has-post-thumbnail","6":"product_cat-private-label-gummy-supplements","7":"product_cat-sleep-supplements-wholesale","8":"product_cat-private-label-health-supplements","10":"first","11":"instock","12":"shipping-taxable","13":"product-type-simple"},"acf":[],"_links":{"self":[{"href":"https:\/\/www.comehealthgroup.com\/de\/wp-json\/wp\/v2\/product\/1877","targetHints":{"allow":["GET"]}}],"collection":[{"href":"https:\/\/www.comehealthgroup.com\/de\/wp-json\/wp\/v2\/product"}],"about":[{"href":"https:\/\/www.comehealthgroup.com\/de\/wp-json\/wp\/v2\/types\/product"}],"replies":[{"embeddable":true,"href":"https:\/\/www.comehealthgroup.com\/de\/wp-json\/wp\/v2\/comments?post=1877"}],"wp:featuredmedia":[{"embeddable":true,"href":"https:\/\/www.comehealthgroup.com\/de\/wp-json\/wp\/v2\/media\/2192"}],"wp:attachment":[{"href":"https:\/\/www.comehealthgroup.com\/de\/wp-json\/wp\/v2\/media?parent=1877"}],"wp:term":[{"taxonomy":"product_brand","embeddable":true,"href":"https:\/\/www.comehealthgroup.com\/de\/wp-json\/wp\/v2\/product_brand?post=1877"},{"taxonomy":"product_cat","embeddable":true,"href":"https:\/\/www.comehealthgroup.com\/de\/wp-json\/wp\/v2\/product_cat?post=1877"},{"taxonomy":"product_tag","embeddable":true,"href":"https:\/\/www.comehealthgroup.com\/de\/wp-json\/wp\/v2\/product_tag?post=1877"}],"curies":[{"name":"wp","href":"https:\/\/api.w.org\/{rel}","templated":true}]}}