{"id":1907,"date":"2025-04-06T02:57:30","date_gmt":"2025-04-06T02:57:30","guid":{"rendered":"https:\/\/www.comehealthgroup.com\/?post_type=product&#038;p=1907"},"modified":"2025-09-05T02:23:22","modified_gmt":"2025-09-05T02:23:22","slug":"private-label-apple-cider-vinegar-gummy","status":"publish","type":"product","link":"https:\/\/www.comehealthgroup.com\/de\/product\/private-label-apple-cider-vinegar-gummy\/","title":{"rendered":"Private Label Apfelessig Gummib\u00e4rchen Herstellung"},"content":{"rendered":"<div class=\"wp-block-columns is-layout-flex wp-container-core-columns-is-layout-9d6595d7 wp-block-columns-is-layout-flex\">\n<div class=\"wp-block-column is-layout-flow wp-block-column-is-layout-flow\">\n<h2 class=\"wp-block-heading\">Eigenschaften von Private Label Apple Cider Vinegar Gummy<\/h2>\n\n\n\n<ul class=\"wp-block-list\">\n<li><strong>F\u00f6rdert das Verdauungssystem: <\/strong>Unsere Apfelessig-Gummipr\u00e4parate der Eigenmarke enthalten sehr hohe Konzentrationen an nat\u00fcrlichen Apfelessigbestandteilen, die die Darmvitalit\u00e4t wirksam anregen, Bl\u00e4hungen und Beschwerden lindern und die allgemeine Verdauungsfunktion unterst\u00fctzen.<\/li>\n\n\n\n<li><strong>Unterst\u00fctzt ein gesundes Gewichtsmanagement: <\/strong>Unsere Apfelessig-Gummis sind Appetitz\u00fcgler und Fettverbrenner, sie sind das ideale Nahrungserg\u00e4nzungsmittel f\u00fcr Menschen, die darauf achten, was sie essen und Gewicht verlieren.<\/li>\n\n\n\n<li><strong>Hilft, den Blutzucker zu senken: <\/strong>Die nat\u00fcrlichen Wirkstoffe in diesem Apfelessig-Gummi der Eigenmarke k\u00f6nnen dazu beitragen, den Blutzuckerspiegel zu stabilisieren und Energieschwankungen zu reduzieren, so dass sie sich f\u00fcr den t\u00e4glichen Verzehr durch Menschen eignen, die sich um ihre Stoffwechselgesundheit sorgen.<\/li>\n\n\n\n<li><strong>Verbessert den Zustand der Haut: <\/strong>Diese Apfelessig-Gummis aus dem Gro\u00dfhandel k\u00f6nnen von innen reinigen und von au\u00dfen aufhellen. Sie helfen, den Hautton aufzuhellen, \u00d6l auszugleichen und die Haut von innen heraus ges\u00fcnder zu machen.<\/li>\n<\/ul>\n<\/div>\n\n\n\n<div class=\"wp-block-column is-layout-flow wp-block-column-is-layout-flow\">\n<figure class=\"wp-block-image size-full\"><img decoding=\"async\" width=\"1470\" height=\"1470\" src=\"https:\/\/www.comehealthgroup.com\/wp-content\/uploads\/2025\/03\/Apple-cider-vinegar-gummy-1-1.webp\" alt=\"Private Label Apfel-Apfelessig-Gummi Herstellung-1\" class=\"wp-image-1912\" srcset=\"https:\/\/www.comehealthgroup.com\/wp-content\/uploads\/2025\/03\/Apple-cider-vinegar-gummy-1-1.webp 1470w, https:\/\/www.comehealthgroup.com\/wp-content\/uploads\/2025\/03\/Apple-cider-vinegar-gummy-1-1-300x300.webp 300w, https:\/\/www.comehealthgroup.com\/wp-content\/uploads\/2025\/03\/Apple-cider-vinegar-gummy-1-1-150x150.webp 150w, https:\/\/www.comehealthgroup.com\/wp-content\/uploads\/2025\/03\/Apple-cider-vinegar-gummy-1-1-768x768.webp 768w, https:\/\/www.comehealthgroup.com\/wp-content\/uploads\/2025\/03\/Apple-cider-vinegar-gummy-1-1-12x12.webp 12w, https:\/\/www.comehealthgroup.com\/wp-content\/uploads\/2025\/03\/Apple-cider-vinegar-gummy-1-1-1200x1200.webp 1200w, https:\/\/www.comehealthgroup.com\/wp-content\/uploads\/2025\/03\/Apple-cider-vinegar-gummy-1-1-600x600.webp 600w, https:\/\/www.comehealthgroup.com\/wp-content\/uploads\/2025\/03\/Apple-cider-vinegar-gummy-1-1-100x100.webp 100w\" sizes=\"(max-width: 1470px) 100vw, 1470px\" \/><\/figure>\n<\/div>\n<\/div>","protected":false},"excerpt":{"rendered":"<p>St\u00e4rken Sie Ihre Marke mit der Herstellung von Apfelessig-Gummis als Eigenmarke. Unsere ACV-Gummis f\u00fcr den Gro\u00dfhandel haben ein nat\u00fcrliches Aroma und einen weichen Geschmack, was sie zu einer bequemen Wahl f\u00fcr das t\u00e4gliche Gesundheitsmanagement macht, und unterst\u00fctzen die Anpassung von Eigenmarken, um exklusive Markenproduktlinien zu schaffen.<\/p>\n<table style=\"border-collapse: collapse; width: 514px; height: 225px;\" border=\"0\" width=\"799\" cellspacing=\"0\" cellpadding=\"0\">\n<tbody>\n<tr style=\"height: 13.50pt;\">\n<td style=\"height: 13.50pt; width: 132.40pt;\" width=\"353\" height=\"36\">Markenname<\/td>\n<td style=\"width: 167.30pt;\" width=\"446\">Wei\u00dfes Etikett<\/td>\n<\/tr>\n<tr style=\"height: 13.50pt;\">\n<td style=\"height: 13.50pt;\" height=\"36\">Produktvorteile<\/td>\n<td>*Hilft der Verdauung <br \/>*Unterst\u00fctzt das Gewichtsmanagement <br \/>*Hilft, den Blutzucker zu senken<br \/>*Verbessert die Hautgesundheit<\/td>\n<\/tr>\n<tr style=\"height: 13.50pt;\">\n<td style=\"height: 13.50pt;\" height=\"36\">Dosierungsform<\/td>\n<td>Gummib\u00e4rchen<\/td>\n<\/tr>\n<tr style=\"height: 13.50pt;\">\n<td style=\"height: 13.50pt;\" height=\"36\">Produkt-Spezifikation<\/td>\n<td>60 Gummib\u00e4rchen\/Flasche<\/td>\n<\/tr>\n<tr style=\"height: 13.50pt;\">\n<td style=\"height: 13.50pt;\" height=\"36\">Haltbarkeitsdauer<\/td>\n<td>24 Monate<\/td>\n<\/tr>\n<tr style=\"height: 13.50pt;\">\n<td style=\"height: 13.50pt;\" height=\"36\">Abmessungen (cm)<\/td>\n<td>7X7X12<\/td>\n<\/tr>\n<tr style=\"height: 13.50pt;\">\n<td style=\"height: 13.50pt;\" height=\"36\">Nettogewicht(kg)<\/td>\n<td>0.2kg<\/td>\n<\/tr>\n<tr style=\"height: 13.50pt;\">\n<td style=\"height: 13.50pt;\" height=\"36\">Personalisierung<\/td>\n<td>Grafik, Logo, Verpackung<\/td>\n<\/tr>\n<tr style=\"height: 13.50pt;\">\n<td style=\"height: 13.50pt;\" height=\"36\">Bestandsaufnahme<\/td>\n<td>Vorr\u00e4tig<\/td>\n<\/tr>\n<\/tbody>\n<\/table>","protected":false},"featured_media":1909,"comment_status":"closed","ping_status":"closed","template":"","meta":{"_acf_changed":false},"product_brand":[],"product_cat":[40,36,34,29],"product_tag":[],"class_list":{"0":"post-1907","1":"product","2":"type-product","3":"status-publish","4":"has-post-thumbnail","6":"product_cat-private-label-gummy-supplements","7":"product_cat-private-label-beauty-supplements","8":"product_cat-private-label-health-supplements","9":"product_cat-sports-supplements-wholesale","11":"first","12":"instock","13":"shipping-taxable","14":"product-type-simple"},"acf":[],"_links":{"self":[{"href":"https:\/\/www.comehealthgroup.com\/de\/wp-json\/wp\/v2\/product\/1907","targetHints":{"allow":["GET"]}}],"collection":[{"href":"https:\/\/www.comehealthgroup.com\/de\/wp-json\/wp\/v2\/product"}],"about":[{"href":"https:\/\/www.comehealthgroup.com\/de\/wp-json\/wp\/v2\/types\/product"}],"replies":[{"embeddable":true,"href":"https:\/\/www.comehealthgroup.com\/de\/wp-json\/wp\/v2\/comments?post=1907"}],"wp:featuredmedia":[{"embeddable":true,"href":"https:\/\/www.comehealthgroup.com\/de\/wp-json\/wp\/v2\/media\/1909"}],"wp:attachment":[{"href":"https:\/\/www.comehealthgroup.com\/de\/wp-json\/wp\/v2\/media?parent=1907"}],"wp:term":[{"taxonomy":"product_brand","embeddable":true,"href":"https:\/\/www.comehealthgroup.com\/de\/wp-json\/wp\/v2\/product_brand?post=1907"},{"taxonomy":"product_cat","embeddable":true,"href":"https:\/\/www.comehealthgroup.com\/de\/wp-json\/wp\/v2\/product_cat?post=1907"},{"taxonomy":"product_tag","embeddable":true,"href":"https:\/\/www.comehealthgroup.com\/de\/wp-json\/wp\/v2\/product_tag?post=1907"}],"curies":[{"name":"wp","href":"https:\/\/api.w.org\/{rel}","templated":true}]}}