{"id":1913,"date":"2025-03-25T10:24:05","date_gmt":"2025-03-25T10:24:05","guid":{"rendered":"https:\/\/www.comehealthgroup.com\/?post_type=product&#038;p=1913"},"modified":"2025-03-25T10:24:06","modified_gmt":"2025-03-25T10:24:06","slug":"private-label-gummy-hair-vitamins","status":"publish","type":"product","link":"https:\/\/www.comehealthgroup.com\/de\/product\/private-label-gummy-hair-vitamins\/","title":{"rendered":"Private Label Gummib\u00e4rchen Haar Vitamine, Haarwachstum Gummis Gro\u00dfhandel"},"content":{"rendered":"<div class=\"wp-block-columns is-layout-flex wp-container-core-columns-is-layout-9d6595d7 wp-block-columns-is-layout-flex\">\n<div class=\"wp-block-column is-layout-flow wp-block-column-is-layout-flow\">\n<h2 class=\"wp-block-heading\">Eigenschaften von Private Label Gummy Hair Vitamins<\/h2>\n\n\n\n<ul class=\"wp-block-list\">\n<li><strong>F\u00f6rdert gesundes Haarwachstum:<\/strong> Unsere Haarvitamin-Gummis der Eigenmarke enthalten reichlich Biotin, B-Vitamine und andere N\u00e4hrstoffe, die das Haarwachstum an der Wurzel f\u00f6rdern und f\u00fcr ein schnelleres und kr\u00e4ftigeres Haarwachstum sorgen.<\/li>\n\n\n\n<li><strong>St\u00e4rkt das Haar: <\/strong>Unsere Haarwachstumsgummis enthalten alle N\u00e4hrstoffe, die f\u00fcr die Keratinentwicklung ben\u00f6tigt werden, minimieren Haarbruch und Spliss, st\u00e4rken und gl\u00e4tten das Haar.<\/li>\n\n\n\n<li><strong>N\u00e4hrt die Gesundheit der Kopfhaut:<\/strong> Diese gummiartigen Haarvitamine der Eigenmarke enthalten Antioxidantien und essentielle Mineralien, die die Kopfhaut beruhigen und mit Feuchtigkeit versorgen, den Zustand der Kopfhaut f\u00f6rdern und Trockenheit sowie Schuppenbildung korrigieren.<\/li>\n\n\n\n<li><strong>Reduziert Probleme mit Haarausfall: <\/strong>Unsere Haarwachstumsgummis wirken gegen hormonelles Ungleichgewicht, versorgen die Follikel mit N\u00e4hrstoffen, hemmen den Haarausfall an den Wurzeln und sorgen daf\u00fcr, dass Ihre Locken \u00fcppig und gesund bleiben.<\/li>\n<\/ul>\n<\/div>\n\n\n\n<div class=\"wp-block-column is-layout-flow wp-block-column-is-layout-flow\">\n<figure class=\"wp-block-image size-full\"><img decoding=\"async\" width=\"1080\" height=\"1080\" src=\"https:\/\/www.comehealthgroup.com\/wp-content\/uploads\/2025\/03\/Hair-Vitamin-Gummy_3.webp\" alt=\"Private Label Gummib\u00e4rchen Haar Vitamine, Haarwachstum Gummis Gro\u00dfhandel-1\" class=\"wp-image-2186\" srcset=\"https:\/\/www.comehealthgroup.com\/wp-content\/uploads\/2025\/03\/Hair-Vitamin-Gummy_3.webp 1080w, https:\/\/www.comehealthgroup.com\/wp-content\/uploads\/2025\/03\/Hair-Vitamin-Gummy_3-300x300.webp 300w, https:\/\/www.comehealthgroup.com\/wp-content\/uploads\/2025\/03\/Hair-Vitamin-Gummy_3-150x150.webp 150w, https:\/\/www.comehealthgroup.com\/wp-content\/uploads\/2025\/03\/Hair-Vitamin-Gummy_3-768x768.webp 768w, https:\/\/www.comehealthgroup.com\/wp-content\/uploads\/2025\/03\/Hair-Vitamin-Gummy_3-12x12.webp 12w, https:\/\/www.comehealthgroup.com\/wp-content\/uploads\/2025\/03\/Hair-Vitamin-Gummy_3-600x600.webp 600w, https:\/\/www.comehealthgroup.com\/wp-content\/uploads\/2025\/03\/Hair-Vitamin-Gummy_3-100x100.webp 100w\" sizes=\"(max-width: 1080px) 100vw, 1080px\" \/><\/figure>\n<\/div>\n<\/div>","protected":false},"excerpt":{"rendered":"<p>Willkommen zum Kauf Haarwachstum Gummis Gro\u00dfhandel. Unsere Eigenmarke gummi Haar Vitamine sind f\u00fcr gesundes Haar, geladen mit Biotin, Vitamine und Mineralien f\u00fcr das Haarwachstum, Haar St\u00e4rkung, Kopfhaut Stimulation und Haarausfall St\u00f6rungen Pr\u00e4vention.<\/p>\n<table style=\"border-collapse: collapse; width: 515px; height: 212px;\" border=\"0\" width=\"799\" cellspacing=\"0\" cellpadding=\"0\">\n<tbody>\n<tr style=\"height: 13.50pt;\">\n<td style=\"height: 13.50pt; width: 132.40pt;\" width=\"353\" height=\"36\">Markenname<\/td>\n<td style=\"width: 167.30pt;\" width=\"446\">Wei\u00dfes Etikett<\/td>\n<\/tr>\n<tr style=\"height: 13.50pt;\">\n<td style=\"height: 13.50pt;\" height=\"36\">Produktvorteile<\/td>\n<td>*F\u00f6rdert das Haarwachstum<br \/>*St\u00e4rkt das Haar<br \/>*Verbessert die Gesundheit der Kopfhaut<br \/>*Verhindert Haarausfall<\/td>\n<\/tr>\n<tr style=\"height: 13.50pt;\">\n<td style=\"height: 13.50pt;\" height=\"36\">Dosierungsform<\/td>\n<td>Gummib\u00e4rchen<\/td>\n<\/tr>\n<tr style=\"height: 13.50pt;\">\n<td style=\"height: 13.50pt;\" height=\"36\">Produkt-Spezifikation<\/td>\n<td>60 Gummib\u00e4rchen\/Flasche<\/td>\n<\/tr>\n<tr style=\"height: 13.50pt;\">\n<td style=\"height: 13.50pt;\" height=\"36\">Haltbarkeitsdauer<\/td>\n<td>24 Monate<\/td>\n<\/tr>\n<tr style=\"height: 13.50pt;\">\n<td style=\"height: 13.50pt;\" height=\"36\">Abmessungen (cm)<\/td>\n<td>7X7X12<\/td>\n<\/tr>\n<tr style=\"height: 13.50pt;\">\n<td style=\"height: 13.50pt;\" height=\"36\">Nettogewicht(kg)<\/td>\n<td>0.2kg<\/td>\n<\/tr>\n<tr style=\"height: 13.50pt;\">\n<td style=\"height: 13.50pt;\" height=\"36\">Personalisierung<\/td>\n<td>Grafik, Logo, Verpackung<\/td>\n<\/tr>\n<tr style=\"height: 13.50pt;\">\n<td style=\"height: 13.50pt;\" height=\"36\">Bestandsaufnahme<\/td>\n<td>Vorr\u00e4tig<\/td>\n<\/tr>\n<\/tbody>\n<\/table>","protected":false},"featured_media":2184,"comment_status":"closed","ping_status":"closed","template":"","meta":{"_acf_changed":false},"product_brand":[],"product_cat":[40,36,34],"product_tag":[],"class_list":{"0":"post-1913","1":"product","2":"type-product","3":"status-publish","4":"has-post-thumbnail","6":"product_cat-private-label-gummy-supplements","7":"product_cat-private-label-beauty-supplements","8":"product_cat-private-label-health-supplements","10":"first","11":"instock","12":"shipping-taxable","13":"product-type-simple"},"acf":[],"_links":{"self":[{"href":"https:\/\/www.comehealthgroup.com\/de\/wp-json\/wp\/v2\/product\/1913","targetHints":{"allow":["GET"]}}],"collection":[{"href":"https:\/\/www.comehealthgroup.com\/de\/wp-json\/wp\/v2\/product"}],"about":[{"href":"https:\/\/www.comehealthgroup.com\/de\/wp-json\/wp\/v2\/types\/product"}],"replies":[{"embeddable":true,"href":"https:\/\/www.comehealthgroup.com\/de\/wp-json\/wp\/v2\/comments?post=1913"}],"wp:featuredmedia":[{"embeddable":true,"href":"https:\/\/www.comehealthgroup.com\/de\/wp-json\/wp\/v2\/media\/2184"}],"wp:attachment":[{"href":"https:\/\/www.comehealthgroup.com\/de\/wp-json\/wp\/v2\/media?parent=1913"}],"wp:term":[{"taxonomy":"product_brand","embeddable":true,"href":"https:\/\/www.comehealthgroup.com\/de\/wp-json\/wp\/v2\/product_brand?post=1913"},{"taxonomy":"product_cat","embeddable":true,"href":"https:\/\/www.comehealthgroup.com\/de\/wp-json\/wp\/v2\/product_cat?post=1913"},{"taxonomy":"product_tag","embeddable":true,"href":"https:\/\/www.comehealthgroup.com\/de\/wp-json\/wp\/v2\/product_tag?post=1913"}],"curies":[{"name":"wp","href":"https:\/\/api.w.org\/{rel}","templated":true}]}}