{"id":192,"date":"2024-12-06T04:47:28","date_gmt":"2024-12-06T04:47:28","guid":{"rendered":"https:\/\/www.comehealthgroup.com\/?post_type=product&#038;p=192"},"modified":"2024-12-14T06:29:01","modified_gmt":"2024-12-14T06:29:01","slug":"brain-health-custom-supplement","status":"publish","type":"product","link":"https:\/\/www.comehealthgroup.com\/de\/product\/brain-health-custom-supplement\/","title":{"rendered":"Private Label Brain Health Custom Supplement Herstellung"},"content":{"rendered":"<div class=\"wp-block-columns is-layout-flex wp-container-core-columns-is-layout-9d6595d7 wp-block-columns-is-layout-flex\">\n<div class=\"wp-block-column is-layout-flow wp-block-column-is-layout-flow\">\n<h2 class=\"wp-block-heading\">Eigenschaften von Brain Health Custom Supplement<\/h2>\n\n\n\n<ul class=\"wp-block-list\">\n<li><strong>Verbessert das Ged\u00e4chtnis und die Konzentration, verbessert die geistige Leistungsf\u00e4higkeit: <\/strong>Unsere ma\u00dfgeschneiderte Formel f\u00fcr die Gesundheit des Gehirns wurde wissenschaftlich entwickelt, um das Ged\u00e4chtnis und die Konzentration zu verbessern, die geistigen Anforderungen des t\u00e4glichen Lernens, der Arbeit und des Lebens zu bew\u00e4ltigen und eine hohe Leistungsf\u00e4higkeit zu erhalten.<\/li>\n\n\n\n<li><strong>Multifunktionale Gehirnnahrung zur Unterst\u00fctzung der Gesundheit des Gehirns:<\/strong> Dieses Nahrungserg\u00e4nzungsmittel f\u00fcr das Gehirn enth\u00e4lt eine Vielzahl von N\u00e4hrstoffen, die f\u00fcr das Gehirn von Vorteil sind, die neurologische Gesundheit umfassend unterst\u00fctzen, die Vitalit\u00e4t der Gehirnzellen f\u00f6rdern und eine solide Grundlage f\u00fcr eine langfristige Gesundheit des Gehirns schaffen.<\/li>\n\n\n\n<li><strong>T\u00e4gliche kognitive Unterst\u00fctzung, um den Kopf frei zu halten:<\/strong> Dieses Nahrungserg\u00e4nzungsmittel f\u00fcr die Gesundheit des Gehirns wurde speziell f\u00fcr die t\u00e4glichen kognitiven Bed\u00fcrfnisse entwickelt und tr\u00e4gt dazu bei, das Denkverm\u00f6gen, die logischen F\u00e4higkeiten und die F\u00e4higkeit zur Probleml\u00f6sung zu verbessern, und ist f\u00fcr alle Menschen geeignet, die ihren Verstand scharf halten m\u00fcssen.<\/li>\n\n\n\n<li><strong>Ma\u00dfgeschneiderte Produktion, flexibel auf die Bed\u00fcrfnisse der Marke abgestimmt:<\/strong> Wir bieten professionelle, ma\u00dfgeschneiderte Private-Label-Dienstleistungen f\u00fcr Nahrungserg\u00e4nzungsmittel f\u00fcr das Gehirn, von der Rezepturentwicklung bis zum Verpackungsdesign, um Marken bei der Entwicklung einer einzigartigen Reihe von Nahrungserg\u00e4nzungsprodukten f\u00fcr das Gehirn zu unterst\u00fctzen.<\/li>\n<\/ul>\n<\/div>\n\n\n\n<div class=\"wp-block-column is-layout-flow wp-block-column-is-layout-flow\">\n<figure class=\"wp-block-image size-full\"><img decoding=\"async\" width=\"960\" height=\"960\" src=\"https:\/\/www.comehealthgroup.com\/wp-content\/uploads\/2024\/12\/Private-Lable-Brain-Health-Custom-Supplement-Manufacturing-2.webp\" alt=\"Private Lable Brain Health Custom Supplement Manufacturing-2\" class=\"wp-image-194\" srcset=\"https:\/\/www.comehealthgroup.com\/wp-content\/uploads\/2024\/12\/Private-Lable-Brain-Health-Custom-Supplement-Manufacturing-2.webp 960w, https:\/\/www.comehealthgroup.com\/wp-content\/uploads\/2024\/12\/Private-Lable-Brain-Health-Custom-Supplement-Manufacturing-2-300x300.webp 300w, https:\/\/www.comehealthgroup.com\/wp-content\/uploads\/2024\/12\/Private-Lable-Brain-Health-Custom-Supplement-Manufacturing-2-100x100.webp 100w, https:\/\/www.comehealthgroup.com\/wp-content\/uploads\/2024\/12\/Private-Lable-Brain-Health-Custom-Supplement-Manufacturing-2-600x600.webp 600w, https:\/\/www.comehealthgroup.com\/wp-content\/uploads\/2024\/12\/Private-Lable-Brain-Health-Custom-Supplement-Manufacturing-2-150x150.webp 150w, https:\/\/www.comehealthgroup.com\/wp-content\/uploads\/2024\/12\/Private-Lable-Brain-Health-Custom-Supplement-Manufacturing-2-768x768.webp 768w, https:\/\/www.comehealthgroup.com\/wp-content\/uploads\/2024\/12\/Private-Lable-Brain-Health-Custom-Supplement-Manufacturing-2-12x12.webp 12w\" sizes=\"(max-width: 960px) 100vw, 960px\" \/><\/figure>\n<\/div>\n<\/div>\n\n\n\n<p><\/p>","protected":false},"excerpt":{"rendered":"<p>Diese Eigenmarke Gehirn Gesundheit benutzerdefinierte Erg\u00e4nzung ist entworfen, um Ged\u00e4chtnis, Konzentration und t\u00e4gliche kognitive Unterst\u00fctzung, reich an einer Vielzahl von n\u00fctzlichen Zutaten zu verbessern, um das Gehirn aktiv und gesund zu halten. Unterst\u00fctzung ma\u00dfgeschneiderte Produktion Dienstleistungen, um die pers\u00f6nlichen Bed\u00fcrfnisse der Marken zu erf\u00fcllen, ist es eine ideale Wahl f\u00fcr Gehirn Ern\u00e4hrung zu unterst\u00fctzen.<\/p>\n<table style=\"border-collapse: collapse; width: 328.02pt;\" border=\"0\" width=\"328\" cellspacing=\"0\" cellpadding=\"0\">\n<tbody>\n<tr style=\"height: 15.20pt;\">\n<td class=\"et2\" style=\"height: 15.20pt; width: 101.70pt;\" width=\"101\" height=\"15\">Markenname<\/td>\n<td class=\"et2\" style=\"width: 226.65pt;\" width=\"226\">Come Health\/ White Label<\/td>\n<\/tr>\n<tr style=\"height: 46.00pt;\">\n<td class=\"et2\" style=\"height: 46.00pt;\" height=\"46\">Produktvorteile<\/td>\n<td class=\"et3\" style=\"width: 226.65pt;\" width=\"226\">*F\u00f6rdert Ged\u00e4chtnis und Konzentration<br \/>*N\u00fctzliche Erg\u00e4nzungen f\u00fcr das Gehirn<br \/>*T\u00e4gliche kognitive Unterst\u00fctzung<\/td>\n<\/tr>\n<tr style=\"height: 15.20pt;\">\n<td class=\"et2\" style=\"height: 15.20pt;\" height=\"15\">Dosierungsform<\/td>\n<td class=\"et2\">Kapsel<\/td>\n<\/tr>\n<tr style=\"height: 15.20pt;\">\n<td class=\"et2\" style=\"height: 15.20pt;\" height=\"15\">Erscheinungsbild<\/td>\n<td class=\"et2\">Milchig-wei\u00dfe Gelatineh\u00fclle<\/td>\n<\/tr>\n<tr style=\"height: 15.20pt;\">\n<td class=\"et2\" style=\"height: 15.20pt;\" height=\"15\">Produkt-Spezifikation<\/td>\n<td class=\"et2\">60 Kapseln\/Flasche<\/td>\n<\/tr>\n<tr style=\"height: 15.20pt;\">\n<td class=\"et2\" style=\"height: 15.20pt;\" height=\"15\">Haltbarkeitsdauer<\/td>\n<td class=\"et2\">24 Monate<\/td>\n<\/tr>\n<tr style=\"height: 15.20pt;\">\n<td class=\"et2\" style=\"height: 15.20pt;\" height=\"15\">Abmessungen (cm)<\/td>\n<td class=\"et2\">7X7X12<\/td>\n<\/tr>\n<tr style=\"height: 15.20pt;\">\n<td class=\"et2\" style=\"height: 15.20pt;\" height=\"15\">Nettogewicht(kg)<\/td>\n<td class=\"et2\">0,08 kg<\/td>\n<\/tr>\n<tr style=\"height: 15.20pt;\">\n<td class=\"et2\" style=\"height: 15.20pt;\" height=\"15\">Personalisierung<\/td>\n<td class=\"et2\">Grafik, Logo, Verpackung<\/td>\n<\/tr>\n<tr style=\"height: 15.20pt;\">\n<td class=\"et2\" style=\"height: 15.20pt;\" height=\"15\">Bestandsaufnahme<\/td>\n<td class=\"et2\">Vorr\u00e4tig<\/td>\n<\/tr>\n<\/tbody>\n<\/table>","protected":false},"featured_media":195,"comment_status":"closed","ping_status":"closed","template":"","meta":{"_acf_changed":false},"product_brand":[],"product_cat":[34,39,49],"product_tag":[],"class_list":{"0":"post-192","1":"product","2":"type-product","3":"status-publish","4":"has-post-thumbnail","6":"product_cat-private-label-health-supplements","7":"product_cat-bulk-supplements-capsules","8":"product_cat-nutritional-supplement-wholesale","10":"first","11":"instock","12":"shipping-taxable","13":"product-type-simple"},"acf":[],"_links":{"self":[{"href":"https:\/\/www.comehealthgroup.com\/de\/wp-json\/wp\/v2\/product\/192","targetHints":{"allow":["GET"]}}],"collection":[{"href":"https:\/\/www.comehealthgroup.com\/de\/wp-json\/wp\/v2\/product"}],"about":[{"href":"https:\/\/www.comehealthgroup.com\/de\/wp-json\/wp\/v2\/types\/product"}],"replies":[{"embeddable":true,"href":"https:\/\/www.comehealthgroup.com\/de\/wp-json\/wp\/v2\/comments?post=192"}],"wp:featuredmedia":[{"embeddable":true,"href":"https:\/\/www.comehealthgroup.com\/de\/wp-json\/wp\/v2\/media\/195"}],"wp:attachment":[{"href":"https:\/\/www.comehealthgroup.com\/de\/wp-json\/wp\/v2\/media?parent=192"}],"wp:term":[{"taxonomy":"product_brand","embeddable":true,"href":"https:\/\/www.comehealthgroup.com\/de\/wp-json\/wp\/v2\/product_brand?post=192"},{"taxonomy":"product_cat","embeddable":true,"href":"https:\/\/www.comehealthgroup.com\/de\/wp-json\/wp\/v2\/product_cat?post=192"},{"taxonomy":"product_tag","embeddable":true,"href":"https:\/\/www.comehealthgroup.com\/de\/wp-json\/wp\/v2\/product_tag?post=192"}],"curies":[{"name":"wp","href":"https:\/\/api.w.org\/{rel}","templated":true}]}}