{"id":1941,"date":"2025-04-06T02:14:04","date_gmt":"2025-04-06T02:14:04","guid":{"rendered":"https:\/\/www.comehealthgroup.com\/?post_type=product&#038;p=1941"},"modified":"2025-04-06T02:14:09","modified_gmt":"2025-04-06T02:14:09","slug":"magnesium-supplements-bulk","status":"publish","type":"product","link":"https:\/\/www.comehealthgroup.com\/de\/product\/magnesium-supplements-bulk\/","title":{"rendered":"Magnesium Erg\u00e4nzungen Bulk, Private Label Magnesium Gummies"},"content":{"rendered":"<div class=\"wp-block-columns is-layout-flex wp-container-core-columns-is-layout-9d6595d7 wp-block-columns-is-layout-flex\">\n<div class=\"wp-block-column is-layout-flow wp-block-column-is-layout-flow\">\n<h2 class=\"wp-block-heading\">Eigenschaften von Magnesium Supplements Bulk<\/h2>\n\n\n\n<ul class=\"wp-block-list\">\n<li><strong>Unterst\u00fctzt die Muskelfunktion:<\/strong> Diese Magnesiumerg\u00e4nzungen sind f\u00fcr die Kontraktion und Entspannung der Muskeln notwendig und k\u00f6nnen m\u00f6glicherweise Muskelkr\u00e4mpfe und -zuckungen verhindern.<\/li>\n\n\n\n<li><strong>F\u00f6rdert die Entspannung und einen besseren Schlaf: <\/strong>Unsere Magnesium-Gummis der Eigenmarke haben eine entspannende Wirkung auf das Nervensystem, die \u00c4ngste lindern und zu einem besseren und erholsameren Schlaf f\u00fchren kann.<\/li>\n\n\n\n<li><strong>Erh\u00e4lt die Gesundheit der Knochen:<\/strong> Magnesium ist ein wichtiger Mineralstoff f\u00fcr die Knochendichte. Unsere Magnesium-Erg\u00e4nzungen Bulk halten die Knochen gesund und stark und helfen Vitamin D und Kalzium.<\/li>\n\n\n\n<li><strong>F\u00f6rdert die Herzgesundheit:<\/strong> Unsere Magnesium-Gummis der Eigenmarke senken den Blutdruck, sorgen f\u00fcr einen gesunden Herzschlag und erhalten die allgemeine kardiovaskul\u00e4re Gesundheit.<\/li>\n<\/ul>\n<\/div>\n\n\n\n<div class=\"wp-block-column is-layout-flow wp-block-column-is-layout-flow\">\n<figure class=\"wp-block-image size-full\"><img decoding=\"async\" width=\"1500\" height=\"1500\" src=\"https:\/\/www.comehealthgroup.com\/wp-content\/uploads\/2025\/03\/Magnesium-gummy-3-1.webp\" alt=\"Magnesium-Erg\u00e4nzungen Bulk, Private Label Magnesium Gummies-2\" class=\"wp-image-1943\" srcset=\"https:\/\/www.comehealthgroup.com\/wp-content\/uploads\/2025\/03\/Magnesium-gummy-3-1.webp 1500w, https:\/\/www.comehealthgroup.com\/wp-content\/uploads\/2025\/03\/Magnesium-gummy-3-1-300x300.webp 300w, https:\/\/www.comehealthgroup.com\/wp-content\/uploads\/2025\/03\/Magnesium-gummy-3-1-150x150.webp 150w, https:\/\/www.comehealthgroup.com\/wp-content\/uploads\/2025\/03\/Magnesium-gummy-3-1-768x768.webp 768w, https:\/\/www.comehealthgroup.com\/wp-content\/uploads\/2025\/03\/Magnesium-gummy-3-1-12x12.webp 12w, https:\/\/www.comehealthgroup.com\/wp-content\/uploads\/2025\/03\/Magnesium-gummy-3-1-1200x1200.webp 1200w, https:\/\/www.comehealthgroup.com\/wp-content\/uploads\/2025\/03\/Magnesium-gummy-3-1-600x600.webp 600w, https:\/\/www.comehealthgroup.com\/wp-content\/uploads\/2025\/03\/Magnesium-gummy-3-1-100x100.webp 100w\" sizes=\"(max-width: 1500px) 100vw, 1500px\" \/><\/figure>\n<\/div>\n<\/div>","protected":false},"excerpt":{"rendered":"<p>Willkommen zum Kauf von Magnesiumerg\u00e4nzungen in gro\u00dfen Mengen. Unsere Magnesium-Gummis der Eigenmarke bieten eine wichtige Unterst\u00fctzung der Muskelfunktion, der Entspannung und des besseren Schlafs, der besseren Knochendichte und der kardiovaskul\u00e4ren Gesundheit. Die Gummib\u00e4rchen sind ein einfacher und effektiver Weg, Magnesium in Ihre Routine f\u00fcr das allgemeine Wohlbefinden einzubauen.<\/p>\n<table style=\"border-collapse: collapse; width: 515px; height: 213px;\" border=\"0\" width=\"799\" cellspacing=\"0\" cellpadding=\"0\">\n<tbody>\n<tr style=\"height: 13.50pt;\">\n<td style=\"height: 13.50pt; width: 132.40pt;\" width=\"353\" height=\"36\">Markenname<\/td>\n<td style=\"width: 167.30pt;\" width=\"446\">Wei\u00dfes Etikett<\/td>\n<\/tr>\n<tr style=\"height: 13.50pt;\">\n<td style=\"height: 13.50pt;\" height=\"36\">Produktvorteile<\/td>\n<td>*Unterst\u00fctzt die Muskelfunktion<br \/>*F\u00f6rdert Entspannung und besseren Schlaf<br \/>*verbessert die Knochengesundheit<br \/>*Unterst\u00fctzt die Herzgesundheit<\/td>\n<\/tr>\n<tr style=\"height: 13.50pt;\">\n<td style=\"height: 13.50pt;\" height=\"36\">Dosierungsform<\/td>\n<td>Gummib\u00e4rchen<\/td>\n<\/tr>\n<tr style=\"height: 13.50pt;\">\n<td style=\"height: 13.50pt;\" height=\"36\">Produkt-Spezifikation<\/td>\n<td>60 Gummib\u00e4rchen\/Flasche<\/td>\n<\/tr>\n<tr style=\"height: 13.50pt;\">\n<td style=\"height: 13.50pt;\" height=\"36\">Haltbarkeitsdauer<\/td>\n<td>24 Monate<\/td>\n<\/tr>\n<tr style=\"height: 13.50pt;\">\n<td style=\"height: 13.50pt;\" height=\"36\">Abmessungen (cm)<\/td>\n<td>7X7X12<\/td>\n<\/tr>\n<tr style=\"height: 13.50pt;\">\n<td style=\"height: 13.50pt;\" height=\"36\">Nettogewicht(kg)<\/td>\n<td>0.2kg<\/td>\n<\/tr>\n<tr style=\"height: 13.50pt;\">\n<td style=\"height: 13.50pt;\" height=\"36\">Personalisierung<\/td>\n<td>Grafik, Logo, Verpackung<\/td>\n<\/tr>\n<tr style=\"height: 13.50pt;\">\n<td style=\"height: 13.50pt;\" height=\"36\">Bestandsaufnahme<\/td>\n<td>Vorr\u00e4tig<\/td>\n<\/tr>\n<\/tbody>\n<\/table>","protected":false},"featured_media":1944,"comment_status":"closed","ping_status":"closed","template":"","meta":{"_acf_changed":false},"product_brand":[],"product_cat":[40,35,34,29,41],"product_tag":[],"class_list":{"0":"post-1941","1":"product","2":"type-product","3":"status-publish","4":"has-post-thumbnail","6":"product_cat-private-label-gummy-supplements","7":"product_cat-sleep-supplements-wholesale","8":"product_cat-private-label-health-supplements","9":"product_cat-sports-supplements-wholesale","10":"product_cat-bulk-vitamins-and-minerals-supplements","12":"first","13":"instock","14":"shipping-taxable","15":"product-type-simple"},"acf":[],"_links":{"self":[{"href":"https:\/\/www.comehealthgroup.com\/de\/wp-json\/wp\/v2\/product\/1941","targetHints":{"allow":["GET"]}}],"collection":[{"href":"https:\/\/www.comehealthgroup.com\/de\/wp-json\/wp\/v2\/product"}],"about":[{"href":"https:\/\/www.comehealthgroup.com\/de\/wp-json\/wp\/v2\/types\/product"}],"replies":[{"embeddable":true,"href":"https:\/\/www.comehealthgroup.com\/de\/wp-json\/wp\/v2\/comments?post=1941"}],"wp:featuredmedia":[{"embeddable":true,"href":"https:\/\/www.comehealthgroup.com\/de\/wp-json\/wp\/v2\/media\/1944"}],"wp:attachment":[{"href":"https:\/\/www.comehealthgroup.com\/de\/wp-json\/wp\/v2\/media?parent=1941"}],"wp:term":[{"taxonomy":"product_brand","embeddable":true,"href":"https:\/\/www.comehealthgroup.com\/de\/wp-json\/wp\/v2\/product_brand?post=1941"},{"taxonomy":"product_cat","embeddable":true,"href":"https:\/\/www.comehealthgroup.com\/de\/wp-json\/wp\/v2\/product_cat?post=1941"},{"taxonomy":"product_tag","embeddable":true,"href":"https:\/\/www.comehealthgroup.com\/de\/wp-json\/wp\/v2\/product_tag?post=1941"}],"curies":[{"name":"wp","href":"https:\/\/api.w.org\/{rel}","templated":true}]}}