{"id":1956,"date":"2025-03-14T07:09:35","date_gmt":"2025-03-14T07:09:35","guid":{"rendered":"https:\/\/www.comehealthgroup.com\/?post_type=product&#038;p=1956"},"modified":"2025-03-14T07:09:36","modified_gmt":"2025-03-14T07:09:36","slug":"iron-gummies-private-label","status":"publish","type":"product","link":"https:\/\/www.comehealthgroup.com\/de\/product\/iron-gummies-private-label\/","title":{"rendered":"Bio-R\u00fcben-Eisen-Gummis Eigenmarke &amp; Gro\u00dfhandelsangebot"},"content":{"rendered":"<div class=\"wp-block-columns is-layout-flex wp-container-core-columns-is-layout-9d6595d7 wp-block-columns-is-layout-flex\">\n<div class=\"wp-block-column is-layout-flow wp-block-column-is-layout-flow\">\n<h2 class=\"wp-block-heading\">Features of Iron Gummies Private Label<\/h2>\n\n\n\n<ul class=\"wp-block-list\">\n<li><strong>Effectively increase iron content: <\/strong>Our Iron gummies private label contains organic beetroot extract and iron, which can effectively enhance hemoglobin levels, enhance the formation of red blood cells, improve symptoms of iron deficiency anemia, heal fatigue and dizziness, and rejuvenate the body.<\/li>\n\n\n\n<li><strong>Enhance energy and endurance:<\/strong> Iron is an important element in energy metabolism. This wholesale gummy supplement increases oxygen delivery efficiency, reduces fatigue and weakness, supports athletic performance and daily energy needs, and maintains you full of energy at work, sports and life.<\/li>\n\n\n\n<li><strong>Support heart health: <\/strong>Beetroot is rich in nitrates found naturally, which help dilate the blood vessels. This beets Iron gummies private label effectively lowers blood pressure and stimulates the flow of blood, hence securing cardiovascular well-being, lightening the workload for the heart, and minimizing the risk of disorders such as hypertension.<\/li>\n\n\n\n<li><strong>Promotes blood circulation: <\/strong>The synergistic effect of beetroot and iron found in this wholesale gummy supplement can help promote blood flow, increase oxygenation throughout the body, relieve conditions of poor circulation such as cold hands and feet, and overall well-being.<\/li>\n<\/ul>\n<\/div>\n\n\n\n<div class=\"wp-block-column is-layout-flow wp-block-column-is-layout-flow\">\n<figure class=\"wp-block-image size-full\"><img decoding=\"async\" width=\"800\" height=\"800\" src=\"https:\/\/www.comehealthgroup.com\/wp-content\/uploads\/2025\/03\/Beets-Iron-Gummy-4.webp\" alt=\"Organic Beets Iron Gummies Private Label &amp; Wholesale Supply-1\" class=\"wp-image-1961\" srcset=\"https:\/\/www.comehealthgroup.com\/wp-content\/uploads\/2025\/03\/Beets-Iron-Gummy-4.webp 800w, https:\/\/www.comehealthgroup.com\/wp-content\/uploads\/2025\/03\/Beets-Iron-Gummy-4-300x300.webp 300w, https:\/\/www.comehealthgroup.com\/wp-content\/uploads\/2025\/03\/Beets-Iron-Gummy-4-150x150.webp 150w, https:\/\/www.comehealthgroup.com\/wp-content\/uploads\/2025\/03\/Beets-Iron-Gummy-4-768x768.webp 768w, https:\/\/www.comehealthgroup.com\/wp-content\/uploads\/2025\/03\/Beets-Iron-Gummy-4-12x12.webp 12w, https:\/\/www.comehealthgroup.com\/wp-content\/uploads\/2025\/03\/Beets-Iron-Gummy-4-600x600.webp 600w, https:\/\/www.comehealthgroup.com\/wp-content\/uploads\/2025\/03\/Beets-Iron-Gummy-4-100x100.webp 100w\" sizes=\"(max-width: 800px) 100vw, 800px\" \/><\/figure>\n<\/div>\n<\/div>","protected":false},"excerpt":{"rendered":"<p>Willkommen zum Kauf Gro\u00dfhandel Gummibonbons erg\u00e4nzt. Unsere R\u00fcben Eisen Gummis Eigenmarke bietet nat\u00fcrliche Energie Unterst\u00fctzung f\u00fcr den K\u00f6rper, verbessert die Ausdauer und Energie, w\u00e4hrend die F\u00f6rderung der Blutzirkulation und Herzgesundheit. Reich an pflanzlichen Eisenquellen, ist es leicht zu absorbieren, hilft An\u00e4mie-Symptome zu verbessern und erh\u00f6ht die k\u00f6rperliche Vitalit\u00e4t. Unterst\u00fctzung von Gro\u00dfhandel und OEM-Anpassung.<\/p>\n<table style=\"border-collapse: collapse; width: 515px; height: 224px;\" border=\"0\" width=\"799\" cellspacing=\"0\" cellpadding=\"0\">\n<tbody>\n<tr style=\"height: 13.50pt;\">\n<td style=\"height: 13.50pt; width: 132.40pt;\" width=\"353\" height=\"36\">Markenname<\/td>\n<td style=\"width: 167.30pt;\" width=\"446\">Wei\u00dfes Etikett<\/td>\n<\/tr>\n<tr style=\"height: 13.50pt;\">\n<td style=\"height: 13.50pt;\" height=\"36\">Produktvorteile<\/td>\n<td>*Erh\u00f6ht den Eisenspiegel<br \/>*Erh\u00f6ht Energie und Ausdauer<br \/>*Unterst\u00fctzt die Herzgesundheit<br \/>*unterst\u00fctzt den Blutfluss und die Zirkulation<\/td>\n<\/tr>\n<tr style=\"height: 13.50pt;\">\n<td style=\"height: 13.50pt;\" height=\"36\">Dosierungsform<\/td>\n<td>Gummib\u00e4rchen<\/td>\n<\/tr>\n<tr style=\"height: 13.50pt;\">\n<td style=\"height: 13.50pt;\" height=\"36\">Produkt-Spezifikation<\/td>\n<td>60 Gummib\u00e4rchen\/Flasche<\/td>\n<\/tr>\n<tr style=\"height: 13.50pt;\">\n<td style=\"height: 13.50pt;\" height=\"36\">Haltbarkeitsdauer<\/td>\n<td>24 Monate<\/td>\n<\/tr>\n<tr style=\"height: 13.50pt;\">\n<td style=\"height: 13.50pt;\" height=\"36\">Abmessungen (cm)<\/td>\n<td>7X7X12<\/td>\n<\/tr>\n<tr style=\"height: 13.50pt;\">\n<td style=\"height: 13.50pt;\" height=\"36\">Nettogewicht(kg)<\/td>\n<td>0.2kg<\/td>\n<\/tr>\n<tr style=\"height: 13.50pt;\">\n<td style=\"height: 13.50pt;\" height=\"36\">Personalisierung<\/td>\n<td>Grafik, Logo, Verpackung<\/td>\n<\/tr>\n<tr style=\"height: 13.50pt;\">\n<td style=\"height: 13.50pt;\" height=\"36\">Bestandsaufnahme<\/td>\n<td>Vorr\u00e4tig<\/td>\n<\/tr>\n<\/tbody>\n<\/table>","protected":false},"featured_media":1958,"comment_status":"closed","ping_status":"closed","template":"","meta":{"_acf_changed":false},"product_brand":[],"product_cat":[40],"product_tag":[],"class_list":{"0":"post-1956","1":"product","2":"type-product","3":"status-publish","4":"has-post-thumbnail","6":"product_cat-private-label-gummy-supplements","8":"first","9":"instock","10":"shipping-taxable","11":"product-type-simple"},"acf":[],"_links":{"self":[{"href":"https:\/\/www.comehealthgroup.com\/de\/wp-json\/wp\/v2\/product\/1956","targetHints":{"allow":["GET"]}}],"collection":[{"href":"https:\/\/www.comehealthgroup.com\/de\/wp-json\/wp\/v2\/product"}],"about":[{"href":"https:\/\/www.comehealthgroup.com\/de\/wp-json\/wp\/v2\/types\/product"}],"replies":[{"embeddable":true,"href":"https:\/\/www.comehealthgroup.com\/de\/wp-json\/wp\/v2\/comments?post=1956"}],"wp:featuredmedia":[{"embeddable":true,"href":"https:\/\/www.comehealthgroup.com\/de\/wp-json\/wp\/v2\/media\/1958"}],"wp:attachment":[{"href":"https:\/\/www.comehealthgroup.com\/de\/wp-json\/wp\/v2\/media?parent=1956"}],"wp:term":[{"taxonomy":"product_brand","embeddable":true,"href":"https:\/\/www.comehealthgroup.com\/de\/wp-json\/wp\/v2\/product_brand?post=1956"},{"taxonomy":"product_cat","embeddable":true,"href":"https:\/\/www.comehealthgroup.com\/de\/wp-json\/wp\/v2\/product_cat?post=1956"},{"taxonomy":"product_tag","embeddable":true,"href":"https:\/\/www.comehealthgroup.com\/de\/wp-json\/wp\/v2\/product_tag?post=1956"}],"curies":[{"name":"wp","href":"https:\/\/api.w.org\/{rel}","templated":true}]}}