{"id":1962,"date":"2025-04-03T09:48:54","date_gmt":"2025-04-03T09:48:54","guid":{"rendered":"https:\/\/www.comehealthgroup.com\/?post_type=product&#038;p=1962"},"modified":"2025-09-05T02:55:44","modified_gmt":"2025-09-05T02:55:44","slug":"bulk-maca-capsules","status":"publish","type":"product","link":"https:\/\/www.comehealthgroup.com\/de\/product\/bulk-maca-capsules\/","title":{"rendered":"Hormonelles Gleichgewicht Private Label MACA-Kapseln als Bulkware"},"content":{"rendered":"<div class=\"wp-block-columns is-layout-flex wp-container-core-columns-is-layout-9d6595d7 wp-block-columns-is-layout-flex\">\n<div class=\"wp-block-column is-layout-flow wp-block-column-is-layout-flow\">\n<h2 class=\"wp-block-heading\">Eigenschaften von Bulk MACA Capsules<\/h2>\n\n\n\n<ul class=\"wp-block-list\">\n<li><strong>F\u00f6rdert Energie und Ausdauer:<\/strong> Maca ist ber\u00fchmt f\u00fcr sein nat\u00fcrliches, energiesteigerndes Element. Unsere Maca-Kapseln helfen dabei, die Ausdauer zu steigern und M\u00fcdigkeit zu reduzieren.<\/li>\n\n\n\n<li><strong>Unterst\u00fctzung des Hormonhaushalts: <\/strong>Unser Maca-Supplement der Eigenmarke f\u00f6rdert die Normalisierung des Hormonhaushalts von Frauen und M\u00e4nnern, was die reproduktive Gesundheit und das allgemeine Wohlbefinden f\u00f6rdert.<\/li>\n\n\n\n<li><strong>Verbessert die Stimmung und geistige Klarheit:<\/strong> Unsere gro\u00dfen Maca-Kapseln enthalten reichlich Adaptogene, die die geistige Verarbeitung verbessern, Stress reduzieren und die Stimmung und Konzentration verbessern.<\/li>\n\n\n\n<li><strong>F\u00f6rdert die Libido und die sexuelle Gesundheit: <\/strong>Unsere Maca-Nahrungserg\u00e4nzungsmittel der Eigenmarke werden zur Steigerung der Libido und der Fruchtbarkeit verwendet, indem sie die sexuelle Funktion und die Ausdauer verbessern.<\/li>\n<\/ul>\n<\/div>\n\n\n\n<div class=\"wp-block-column is-layout-flow wp-block-column-is-layout-flow\">\n<figure class=\"wp-block-image size-full\"><img decoding=\"async\" width=\"1920\" height=\"1920\" src=\"https:\/\/www.comehealthgroup.com\/wp-content\/uploads\/2025\/03\/MACA-Gummy-3.webp\" alt=\"Hormonelles Gleichgewicht Private Label MACA-Kapseln Lieferant-1\" class=\"wp-image-1963\" srcset=\"https:\/\/www.comehealthgroup.com\/wp-content\/uploads\/2025\/03\/MACA-Gummy-3.webp 1920w, https:\/\/www.comehealthgroup.com\/wp-content\/uploads\/2025\/03\/MACA-Gummy-3-300x300.webp 300w, https:\/\/www.comehealthgroup.com\/wp-content\/uploads\/2025\/03\/MACA-Gummy-3-150x150.webp 150w, https:\/\/www.comehealthgroup.com\/wp-content\/uploads\/2025\/03\/MACA-Gummy-3-768x768.webp 768w, https:\/\/www.comehealthgroup.com\/wp-content\/uploads\/2025\/03\/MACA-Gummy-3-12x12.webp 12w, https:\/\/www.comehealthgroup.com\/wp-content\/uploads\/2025\/03\/MACA-Gummy-3-1200x1200.webp 1200w, https:\/\/www.comehealthgroup.com\/wp-content\/uploads\/2025\/03\/MACA-Gummy-3-600x600.webp 600w, https:\/\/www.comehealthgroup.com\/wp-content\/uploads\/2025\/03\/MACA-Gummy-3-100x100.webp 100w\" sizes=\"(max-width: 1920px) 100vw, 1920px\" \/><\/figure>\n<\/div>\n<\/div>","protected":false},"excerpt":{"rendered":"<p>Willkommen beim Kauf von Maca-Erg\u00e4nzungsmitteln der Eigenmarke. Unsere Bulk-Maca-Kapseln sollen das Energieniveau erh\u00f6hen, den Hormonspiegel ausgleichen, die Stimmung und geistige Klarheit verbessern und die Libido und sexuelle Gesundheit steigern. Sie sind ein einfaches und bequemes Mittel, um die Vorteile von Maca zu Ihrem Lebensstil hinzuzuf\u00fcgen.<\/p>\n<table style=\"border-collapse: collapse; width: 514px; height: 221px;\" border=\"0\" width=\"799\" cellspacing=\"0\" cellpadding=\"0\">\n<tbody>\n<tr style=\"height: 13.50pt;\">\n<td style=\"height: 13.50pt; width: 132.40pt;\" width=\"353\" height=\"36\">Markenname<\/td>\n<td style=\"width: 167.30pt;\" width=\"446\">Wei\u00dfes Etikett<\/td>\n<\/tr>\n<tr style=\"height: 13.50pt;\">\n<td style=\"height: 13.50pt;\" height=\"36\">Produktvorteile<\/td>\n<td>*St\u00e4rkt Energie und Ausdauer <br \/>*Unterst\u00fctzt das hormonelle Gleichgewicht <br \/>*verbessert die Stimmung und geistige Klarheit <br \/>*F\u00f6rdert Libido und sexuelle Gesundheit<\/td>\n<\/tr>\n<tr style=\"height: 13.50pt;\">\n<td style=\"height: 13.50pt;\" height=\"36\">Dosierungsform<\/td>\n<td>Kapsel<\/td>\n<\/tr>\n<tr style=\"height: 13.50pt;\">\n<td style=\"height: 13.50pt;\" height=\"36\">Produkt-Spezifikation<\/td>\n<td>60\/120 Kapseln\/Flasche<\/td>\n<\/tr>\n<tr style=\"height: 13.50pt;\">\n<td style=\"height: 13.50pt;\" height=\"36\">Haltbarkeitsdauer<\/td>\n<td>24 Monate<\/td>\n<\/tr>\n<tr style=\"height: 13.50pt;\">\n<td style=\"height: 13.50pt;\" height=\"36\">Abmessungen (cm)<\/td>\n<td>7X7X12 (60)<\/td>\n<\/tr>\n<tr style=\"height: 13.50pt;\">\n<td style=\"height: 13.50pt;\" height=\"36\">Nettogewicht(kg)<\/td>\n<td>0,2 kg (60)<\/td>\n<\/tr>\n<tr style=\"height: 13.50pt;\">\n<td style=\"height: 13.50pt;\" height=\"36\">Personalisierung<\/td>\n<td>Grafik, Logo, Verpackung<\/td>\n<\/tr>\n<tr style=\"height: 13.50pt;\">\n<td style=\"height: 13.50pt;\" height=\"36\">Bestandsaufnahme<\/td>\n<td>Vorr\u00e4tig<\/td>\n<\/tr>\n<\/tbody>\n<\/table>","protected":false},"featured_media":1965,"comment_status":"closed","ping_status":"closed","template":"","meta":{"_acf_changed":false},"product_brand":[],"product_cat":[39,34],"product_tag":[],"class_list":{"0":"post-1962","1":"product","2":"type-product","3":"status-publish","4":"has-post-thumbnail","6":"product_cat-bulk-supplements-capsules","7":"product_cat-private-label-health-supplements","9":"first","10":"instock","11":"shipping-taxable","12":"product-type-simple"},"acf":[],"_links":{"self":[{"href":"https:\/\/www.comehealthgroup.com\/de\/wp-json\/wp\/v2\/product\/1962","targetHints":{"allow":["GET"]}}],"collection":[{"href":"https:\/\/www.comehealthgroup.com\/de\/wp-json\/wp\/v2\/product"}],"about":[{"href":"https:\/\/www.comehealthgroup.com\/de\/wp-json\/wp\/v2\/types\/product"}],"replies":[{"embeddable":true,"href":"https:\/\/www.comehealthgroup.com\/de\/wp-json\/wp\/v2\/comments?post=1962"}],"wp:featuredmedia":[{"embeddable":true,"href":"https:\/\/www.comehealthgroup.com\/de\/wp-json\/wp\/v2\/media\/1965"}],"wp:attachment":[{"href":"https:\/\/www.comehealthgroup.com\/de\/wp-json\/wp\/v2\/media?parent=1962"}],"wp:term":[{"taxonomy":"product_brand","embeddable":true,"href":"https:\/\/www.comehealthgroup.com\/de\/wp-json\/wp\/v2\/product_brand?post=1962"},{"taxonomy":"product_cat","embeddable":true,"href":"https:\/\/www.comehealthgroup.com\/de\/wp-json\/wp\/v2\/product_cat?post=1962"},{"taxonomy":"product_tag","embeddable":true,"href":"https:\/\/www.comehealthgroup.com\/de\/wp-json\/wp\/v2\/product_tag?post=1962"}],"curies":[{"name":"wp","href":"https:\/\/api.w.org\/{rel}","templated":true}]}}