{"id":2000,"date":"2025-04-03T09:08:08","date_gmt":"2025-04-03T09:08:08","guid":{"rendered":"https:\/\/www.comehealthgroup.com\/?post_type=product&#038;p=2000"},"modified":"2025-09-05T03:12:53","modified_gmt":"2025-09-05T03:12:53","slug":"private-label-keto-supplement","status":"publish","type":"product","link":"https:\/\/www.comehealthgroup.com\/de\/product\/private-label-keto-supplement\/","title":{"rendered":"100% Bio Private Label Keto Erg\u00e4nzung Gummy Bulk Supply"},"content":{"rendered":"<div class=\"wp-block-columns is-layout-flex wp-container-core-columns-is-layout-9d6595d7 wp-block-columns-is-layout-flex\">\n<div class=\"wp-block-column is-layout-flow wp-block-column-is-layout-flow\">\n<h2 class=\"wp-block-heading\">Eigenschaften von Private Label Keto Supplement<\/h2>\n\n\n\n<ul class=\"wp-block-list\">\n<li><strong>Unterst\u00fctzt die Ketose und die Fettverbrennung: <\/strong>Dieses zuckerfreie Keto-Supplement der Eigenmarke f\u00f6rdert die Ketose, kurbelt die Fettverbrennung an und unterst\u00fctzt den gesunden Fettabbau. Es ist ein idealer Partner zum Abnehmen und zur K\u00f6rperformung.<\/li>\n\n\n\n<li><strong>F\u00f6rdert die Verdauung und Entgiftung: <\/strong>Diese Keto-Gummis aus dem Gro\u00dfhandel bestehen aus nat\u00fcrlichen Inhaltsstoffen, die den K\u00f6rper von Giftstoffen entgiften, ein gesundes Verdauungssystem aufrechterhalten und das Gleichgewicht des Darms bewahren.<\/li>\n\n\n\n<li><strong>F\u00f6rdert Energie und geistige Klarheit: <\/strong>Unser Keto-Supplement der Eigenmarke ist vollgepackt mit ketofreundlichen N\u00e4hrstoffen, die das t\u00e4gliche Energieniveau steigern und gleichzeitig die Konzentration und geistige Klarheit verbessern, damit Sie produktiv und energiegeladen bleiben.<\/li>\n\n\n\n<li><strong>Lecker und zuckerfrei: <\/strong>Unsere Gro\u00dfhandel Keto-Gummis haben zuckerfreie Formel, die ungehindert und reichen Geschmack hat. Es wird Ihre s\u00fc\u00dfen Gel\u00fcste befriedigen, ohne \u00fcbersch\u00fcssige Zuckeraufnahme zu liefern und entspricht den Keto-Di\u00e4t-Regeln.<\/li>\n<\/ul>\n<\/div>\n\n\n\n<div class=\"wp-block-column is-layout-flow wp-block-column-is-layout-flow\">\n<figure class=\"wp-block-image size-full\"><img decoding=\"async\" width=\"1920\" height=\"1920\" src=\"https:\/\/www.comehealthgroup.com\/wp-content\/uploads\/2025\/03\/KETO-Gummy-3.webp\" alt=\"Zuckerfreie Keto-Erg\u00e4nzung mit Eigenmarke Gummib\u00e4rchen - Bulk Supply-1\" class=\"wp-image-2004\" srcset=\"https:\/\/www.comehealthgroup.com\/wp-content\/uploads\/2025\/03\/KETO-Gummy-3.webp 1920w, https:\/\/www.comehealthgroup.com\/wp-content\/uploads\/2025\/03\/KETO-Gummy-3-300x300.webp 300w, https:\/\/www.comehealthgroup.com\/wp-content\/uploads\/2025\/03\/KETO-Gummy-3-150x150.webp 150w, https:\/\/www.comehealthgroup.com\/wp-content\/uploads\/2025\/03\/KETO-Gummy-3-768x768.webp 768w, https:\/\/www.comehealthgroup.com\/wp-content\/uploads\/2025\/03\/KETO-Gummy-3-12x12.webp 12w, https:\/\/www.comehealthgroup.com\/wp-content\/uploads\/2025\/03\/KETO-Gummy-3-1200x1200.webp 1200w, https:\/\/www.comehealthgroup.com\/wp-content\/uploads\/2025\/03\/KETO-Gummy-3-600x600.webp 600w, https:\/\/www.comehealthgroup.com\/wp-content\/uploads\/2025\/03\/KETO-Gummy-3-100x100.webp 100w\" sizes=\"(max-width: 1920px) 100vw, 1920px\" \/><\/figure>\n<\/div>\n<\/div>","protected":false},"excerpt":{"rendered":"<p>Willkommen zu bestellen private Label Keto Erg\u00e4nzung. Unsere Gro\u00dfhandel Keto-Gummis helfen Ketose und Fettstoffwechsel zu verbessern, unterst\u00fctzen die Verdauung und Entgiftung, verbessern die Energie und geistige Klarheit. Seine wunderbare Geschmack ist zuckerfrei ohne Zuckerzusatz, also ideal f\u00fcr Verbraucher, die zuckerarm oder Keto-Di\u00e4t wollen und erm\u00f6glicht auch f\u00fcr Private Label Personalisierung.<\/p>\n<table style=\"border-collapse: collapse; width: 514px; height: 216px;\" border=\"0\" width=\"799\" cellspacing=\"0\" cellpadding=\"0\">\n<tbody>\n<tr style=\"height: 13.50pt;\">\n<td style=\"height: 13.50pt; width: 132.40pt;\" width=\"353\" height=\"36\">Markenname<\/td>\n<td style=\"width: 167.30pt;\" width=\"446\">Wei\u00dfes Etikett<\/td>\n<\/tr>\n<tr style=\"height: 13.50pt;\">\n<td style=\"height: 13.50pt;\" height=\"36\">Produktvorteile<\/td>\n<td>*Unterst\u00fctzt Ketose und Fettverbrennung<br \/>*Unterst\u00fctzt Verdauung und Entgiftung<br \/>*F\u00f6rdert die Energie und geistige Klarheit<br \/>*lecker &amp; zuckerfrei<\/td>\n<\/tr>\n<tr style=\"height: 13.50pt;\">\n<td style=\"height: 13.50pt;\" height=\"36\">Dosierungsform<\/td>\n<td>Gummib\u00e4rchen<\/td>\n<\/tr>\n<tr style=\"height: 13.50pt;\">\n<td style=\"height: 13.50pt;\" height=\"36\">Produkt-Spezifikation<\/td>\n<td>60 Gummib\u00e4rchen\/Flasche<\/td>\n<\/tr>\n<tr style=\"height: 13.50pt;\">\n<td style=\"height: 13.50pt;\" height=\"36\">Haltbarkeitsdauer<\/td>\n<td>24 Monate<\/td>\n<\/tr>\n<tr style=\"height: 13.50pt;\">\n<td style=\"height: 13.50pt;\" height=\"36\">Abmessungen (cm)<\/td>\n<td>7X7X12<\/td>\n<\/tr>\n<tr style=\"height: 13.50pt;\">\n<td style=\"height: 13.50pt;\" height=\"36\">Nettogewicht(kg)<\/td>\n<td>0.2kg<\/td>\n<\/tr>\n<tr style=\"height: 13.50pt;\">\n<td style=\"height: 13.50pt;\" height=\"36\">Personalisierung<\/td>\n<td>Grafik, Logo, Verpackung<\/td>\n<\/tr>\n<tr style=\"height: 13.50pt;\">\n<td style=\"height: 13.50pt;\" height=\"36\">Bestandsaufnahme<\/td>\n<td>Vorr\u00e4tig<\/td>\n<\/tr>\n<\/tbody>\n<\/table>","protected":false},"featured_media":2002,"comment_status":"closed","ping_status":"closed","template":"","meta":{"_acf_changed":false},"product_brand":[],"product_cat":[40,29],"product_tag":[],"class_list":{"0":"post-2000","1":"product","2":"type-product","3":"status-publish","4":"has-post-thumbnail","6":"product_cat-private-label-gummy-supplements","7":"product_cat-sports-supplements-wholesale","9":"first","10":"instock","11":"shipping-taxable","12":"product-type-simple"},"acf":[],"_links":{"self":[{"href":"https:\/\/www.comehealthgroup.com\/de\/wp-json\/wp\/v2\/product\/2000","targetHints":{"allow":["GET"]}}],"collection":[{"href":"https:\/\/www.comehealthgroup.com\/de\/wp-json\/wp\/v2\/product"}],"about":[{"href":"https:\/\/www.comehealthgroup.com\/de\/wp-json\/wp\/v2\/types\/product"}],"replies":[{"embeddable":true,"href":"https:\/\/www.comehealthgroup.com\/de\/wp-json\/wp\/v2\/comments?post=2000"}],"wp:featuredmedia":[{"embeddable":true,"href":"https:\/\/www.comehealthgroup.com\/de\/wp-json\/wp\/v2\/media\/2002"}],"wp:attachment":[{"href":"https:\/\/www.comehealthgroup.com\/de\/wp-json\/wp\/v2\/media?parent=2000"}],"wp:term":[{"taxonomy":"product_brand","embeddable":true,"href":"https:\/\/www.comehealthgroup.com\/de\/wp-json\/wp\/v2\/product_brand?post=2000"},{"taxonomy":"product_cat","embeddable":true,"href":"https:\/\/www.comehealthgroup.com\/de\/wp-json\/wp\/v2\/product_cat?post=2000"},{"taxonomy":"product_tag","embeddable":true,"href":"https:\/\/www.comehealthgroup.com\/de\/wp-json\/wp\/v2\/product_tag?post=2000"}],"curies":[{"name":"wp","href":"https:\/\/api.w.org\/{rel}","templated":true}]}}