{"id":202,"date":"2024-12-06T06:43:19","date_gmt":"2024-12-06T06:43:19","guid":{"rendered":"https:\/\/www.comehealthgroup.com\/?post_type=product&#038;p=202"},"modified":"2024-12-06T07:05:22","modified_gmt":"2024-12-06T07:05:22","slug":"bulk-supplements-ashwagandha","status":"publish","type":"product","link":"https:\/\/www.comehealthgroup.com\/de\/product\/bulk-supplements-ashwagandha\/","title":{"rendered":"Bulk Supplements Ashwagandha, Private Label Gummy Supplements"},"content":{"rendered":"<div class=\"wp-block-columns is-layout-flex wp-container-core-columns-is-layout-9d6595d7 wp-block-columns-is-layout-flex\">\n<div class=\"wp-block-column is-layout-flow wp-block-column-is-layout-flow\">\n<h2 class=\"wp-block-heading\">Eigenschaften von Bulk Supplements Ashwagandha<\/h2>\n\n\n\n<ul class=\"wp-block-list\">\n<li><strong>Abbau von Stress und Anspannung, Verbesserung der Stimmung: <\/strong>Diese Bulk-Erg\u00e4nzungen Ashwagandha ist reich an einzigartigen Zutaten von Ashwagandha, die helfen, Stress und Spannungen zu lindern, die F\u00f6rderung der emotionalen Stabilit\u00e4t zu helfen, Benutzer zu halten k\u00f6rperliche und geistige Gleichgewicht in ihrem gesch\u00e4ftigen Lebensstil.<\/li>\n\n\n\n<li><strong>Verbesserung von Ausdauer und Muskelkraft, Steigerung der k\u00f6rperlichen Fitness: <\/strong>Diese gummierten Nahrungserg\u00e4nzungsmittel der Eigenmarke tragen zur Verbesserung der k\u00f6rperlichen Ausdauer und der Muskelkraft bei, einschlie\u00dflich der Unterst\u00fctzung bei sportlichen Leistungen, um einen st\u00e4rkeren K\u00f6rper zu erhalten.<\/li>\n\n\n\n<li><strong>F\u00f6rderung von Ruhe und Schlafqualit\u00e4t: <\/strong>Diese Bulk-Erg\u00e4nzungen Ashwagandha ist speziell f\u00fcr moderne Menschen formuliert, um zu helfen, den K\u00f6rper und Geist zu entspannen, verbessern die Schlafqualit\u00e4t, und erm\u00f6glichen es den Nutzern, eine tiefe erholsame Nacht zu genie\u00dfen und f\u00fcr den n\u00e4chsten Tag vorzubereiten.<\/li>\n\n\n\n<li><strong>Kundenspezifisches Eigenlabel, Anpassung an die Bed\u00fcrfnisse der Marke: <\/strong>Wir bieten OEM-Dienstleistungen f\u00fcr gummierte Nahrungserg\u00e4nzungsmittel mit Eigenmarken an und k\u00f6nnen je nach Kundenwunsch einzigartige Verpackungen und ein einzigartiges Markenimage entwerfen. Sie eignen sich f\u00fcr verschiedene M\u00e4rkte f\u00fcr Nahrungserg\u00e4nzungsmittel und sind eine ideale Wahl f\u00fcr Markenkooperationen.<\/li>\n<\/ul>\n<\/div>\n\n\n\n<div class=\"wp-block-column is-layout-flow wp-block-column-is-layout-flow\">\n<figure class=\"wp-block-image size-full\"><img decoding=\"async\" width=\"800\" height=\"800\" src=\"https:\/\/www.comehealthgroup.com\/wp-content\/uploads\/2024\/12\/Bulk-Supplements-Ashwagandha-Private-Label-Gummy-Supplements-1.webp\" alt=\"Bulk Supplements Ashwagandha, Private Label Gummy Supplements-1\" class=\"wp-image-203\" srcset=\"https:\/\/www.comehealthgroup.com\/wp-content\/uploads\/2024\/12\/Bulk-Supplements-Ashwagandha-Private-Label-Gummy-Supplements-1.webp 800w, https:\/\/www.comehealthgroup.com\/wp-content\/uploads\/2024\/12\/Bulk-Supplements-Ashwagandha-Private-Label-Gummy-Supplements-1-300x300.webp 300w, https:\/\/www.comehealthgroup.com\/wp-content\/uploads\/2024\/12\/Bulk-Supplements-Ashwagandha-Private-Label-Gummy-Supplements-1-100x100.webp 100w, https:\/\/www.comehealthgroup.com\/wp-content\/uploads\/2024\/12\/Bulk-Supplements-Ashwagandha-Private-Label-Gummy-Supplements-1-600x600.webp 600w, https:\/\/www.comehealthgroup.com\/wp-content\/uploads\/2024\/12\/Bulk-Supplements-Ashwagandha-Private-Label-Gummy-Supplements-1-150x150.webp 150w, https:\/\/www.comehealthgroup.com\/wp-content\/uploads\/2024\/12\/Bulk-Supplements-Ashwagandha-Private-Label-Gummy-Supplements-1-768x768.webp 768w, https:\/\/www.comehealthgroup.com\/wp-content\/uploads\/2024\/12\/Bulk-Supplements-Ashwagandha-Private-Label-Gummy-Supplements-1-12x12.webp 12w\" sizes=\"(max-width: 800px) 100vw, 800px\" \/><\/figure>\n<\/div>\n<\/div>\n\n\n\n<p><\/p>","protected":false},"excerpt":{"rendered":"<p>Diese Eigenmarke Bulk Supplements Ashwagandha Gummy verwendet eine durchdachte Formel, kombiniert mit mehreren Funktionen wie Stressabbau, Verbesserung der Ausdauer, Ruhe und Qualit\u00e4t Schlaf, um Benutzer zu helfen, k\u00f6rperliche und geistige Gesundheit und allgemeine Verbesserung. Unterst\u00fctzt OEM-Anpassung, so dass es eine ideale Wahl f\u00fcr die Schaffung einer Marke Gesundheit Produktlinie.<\/p>\n<table style=\"border-collapse: collapse; width: 328.02pt;\" border=\"0\" width=\"328\" cellspacing=\"0\" cellpadding=\"0\">\n<tbody>\n<tr style=\"height: 15.20pt;\">\n<td class=\"et2\" style=\"height: 15.20pt; width: 101.70pt;\" width=\"101\" height=\"15\">Markenname<\/td>\n<td class=\"et2\" style=\"width: 226.65pt;\" width=\"226\">Come Health\/ White Label<\/td>\n<\/tr>\n<tr style=\"height: 92.00pt;\">\n<td class=\"et2\" style=\"height: 92.00pt;\" height=\"92\">Produktvorteile<\/td>\n<td class=\"et3\" style=\"width: 226.65pt;\" width=\"226\">*Verbessert die Stimmung<br \/>*Hilft der Ausdauer<br \/>*F\u00f6rdert die Gelassenheit<br \/>*Unterst\u00fctzt gesunden Schlaf<br \/>*Abbau von Stress und Anspannung<br \/>*Unterst\u00fctzt die Muskelkraft<\/td>\n<\/tr>\n<tr style=\"height: 15.20pt;\">\n<td class=\"et2\" style=\"height: 15.20pt;\" height=\"15\">Dosierungsform<\/td>\n<td class=\"et2\">Gummib\u00e4rchen<\/td>\n<\/tr>\n<tr style=\"height: 15.20pt;\">\n<td class=\"et2\" style=\"height: 15.20pt;\" height=\"15\">Farbe<\/td>\n<td class=\"et2\">Lila<\/td>\n<\/tr>\n<tr style=\"height: 15.20pt;\">\n<td class=\"et2\" style=\"height: 15.20pt;\" height=\"15\">Geschmack<\/td>\n<td class=\"et2\">Blaubeer-Geschmack<\/td>\n<\/tr>\n<tr style=\"height: 15.20pt;\">\n<td class=\"et2\" style=\"height: 15.20pt;\" height=\"15\">Form<\/td>\n<td class=\"et2\">Bl\u00fctenblatt<\/td>\n<\/tr>\n<tr style=\"height: 15.20pt;\">\n<td class=\"et2\" style=\"height: 15.20pt;\" height=\"15\">Produkt-Spezifikation<\/td>\n<td class=\"et2\">60 Einheiten\/Flasche<\/td>\n<\/tr>\n<tr style=\"height: 15.20pt;\">\n<td class=\"et2\" style=\"height: 15.20pt;\" height=\"15\">Haltbarkeitsdauer<\/td>\n<td class=\"et2\">24 Monate<\/td>\n<\/tr>\n<tr style=\"height: 15.20pt;\">\n<td class=\"et2\" style=\"height: 15.20pt;\" height=\"15\">Abmessungen (cm)<\/td>\n<td class=\"et2\">7X7X12<\/td>\n<\/tr>\n<tr style=\"height: 15.20pt;\">\n<td class=\"et2\" style=\"height: 15.20pt;\" height=\"15\">Nettogewicht(kg)<\/td>\n<td class=\"et2\">0,22 kg<\/td>\n<\/tr>\n<tr style=\"height: 15.20pt;\">\n<td class=\"et2\" style=\"height: 15.20pt;\" height=\"15\">Personalisierung<\/td>\n<td class=\"et2\">Grafik, Logo, Verpackung<\/td>\n<\/tr>\n<tr style=\"height: 15.20pt;\">\n<td class=\"et2\" style=\"height: 15.20pt;\" height=\"15\">Bestandsaufnahme<\/td>\n<td class=\"et2\">Vorr\u00e4tig<\/td>\n<\/tr>\n<\/tbody>\n<\/table>","protected":false},"featured_media":207,"comment_status":"closed","ping_status":"closed","template":"","meta":{"_acf_changed":false},"product_brand":[],"product_cat":[29,40,35],"product_tag":[],"class_list":{"0":"post-202","1":"product","2":"type-product","3":"status-publish","4":"has-post-thumbnail","6":"product_cat-sports-supplements-wholesale","7":"product_cat-private-label-gummy-supplements","8":"product_cat-sleep-supplements-wholesale","10":"first","11":"instock","12":"shipping-taxable","13":"product-type-simple"},"acf":[],"_links":{"self":[{"href":"https:\/\/www.comehealthgroup.com\/de\/wp-json\/wp\/v2\/product\/202","targetHints":{"allow":["GET"]}}],"collection":[{"href":"https:\/\/www.comehealthgroup.com\/de\/wp-json\/wp\/v2\/product"}],"about":[{"href":"https:\/\/www.comehealthgroup.com\/de\/wp-json\/wp\/v2\/types\/product"}],"replies":[{"embeddable":true,"href":"https:\/\/www.comehealthgroup.com\/de\/wp-json\/wp\/v2\/comments?post=202"}],"wp:featuredmedia":[{"embeddable":true,"href":"https:\/\/www.comehealthgroup.com\/de\/wp-json\/wp\/v2\/media\/207"}],"wp:attachment":[{"href":"https:\/\/www.comehealthgroup.com\/de\/wp-json\/wp\/v2\/media?parent=202"}],"wp:term":[{"taxonomy":"product_brand","embeddable":true,"href":"https:\/\/www.comehealthgroup.com\/de\/wp-json\/wp\/v2\/product_brand?post=202"},{"taxonomy":"product_cat","embeddable":true,"href":"https:\/\/www.comehealthgroup.com\/de\/wp-json\/wp\/v2\/product_cat?post=202"},{"taxonomy":"product_tag","embeddable":true,"href":"https:\/\/www.comehealthgroup.com\/de\/wp-json\/wp\/v2\/product_tag?post=202"}],"curies":[{"name":"wp","href":"https:\/\/api.w.org\/{rel}","templated":true}]}}