{"id":219,"date":"2024-12-06T07:36:31","date_gmt":"2024-12-06T07:36:31","guid":{"rendered":"https:\/\/www.comehealthgroup.com\/?post_type=product&#038;p=219"},"modified":"2025-11-01T03:06:28","modified_gmt":"2025-11-01T03:06:28","slug":"private-label-keto-supplements","status":"publish","type":"product","link":"https:\/\/www.comehealthgroup.com\/de\/product\/private-label-keto-supplements\/","title":{"rendered":"Private Label Keto Erg\u00e4nzungen, Gro\u00dfhandel Gesundheit Erg\u00e4nzungen"},"content":{"rendered":"<div class=\"wp-block-columns is-layout-flex wp-container-core-columns-is-layout-9d6595d7 wp-block-columns-is-layout-flex\">\n<div class=\"wp-block-column is-layout-flow wp-block-column-is-layout-flow\">\n<h2 class=\"wp-block-heading\">Features of Private Label Keto Supplements<\/h2>\n\n\n\n<ul class=\"wp-block-list\">\n<li><strong>Support blood sugar levels and balance energy supply:<\/strong> Our private label keto supplements are designed to support blood sugar management, help maintain healthy blood sugar levels, stabilize energy release, and provide lasting power for daily activities.<\/li>\n\n\n\n<li><strong>Promote healthy digestion and optimize metabolic function: <\/strong>This keto gummy supplement wholesale contains natural ingredients that help digestion, improve intestinal health, promote nutrient absorption, and help users stay light and energetic.<\/li>\n\n\n\n<li><strong>Support joint health and enhance body flexibility:<\/strong> The formula of these private label keto supplements pay special attention to joint function, helps reduce inflammation, and improves flexibility and comfort, allowing users to stay in the best condition during weight loss and exercise.<\/li>\n\n\n\n<li><strong>Support weight management and help achieve health goals: Our private<\/strong> label keto supplements incorporate weight loss support ingredients, combined with the function of promoting fat burning and metabolism, which is an ideal partner for weight loss and body shape maintenance.<\/li>\n<\/ul>\n<\/div>\n\n\n\n<div class=\"wp-block-column is-layout-flow wp-block-column-is-layout-flow\">\n<figure class=\"wp-block-image size-full\"><img decoding=\"async\" width=\"1920\" height=\"1920\" src=\"https:\/\/www.comehealthgroup.com\/wp-content\/uploads\/2024\/12\/Private-Label-Keto-Supplements-Keto-Gummies-Supplements-Wholesale-1.webp\" alt=\"Private Label Keto Supplements, Keto Gummies Supplements Wholesale-1\" class=\"wp-image-221\" srcset=\"https:\/\/www.comehealthgroup.com\/wp-content\/uploads\/2024\/12\/Private-Label-Keto-Supplements-Keto-Gummies-Supplements-Wholesale-1.webp 1920w, https:\/\/www.comehealthgroup.com\/wp-content\/uploads\/2024\/12\/Private-Label-Keto-Supplements-Keto-Gummies-Supplements-Wholesale-1-300x300.webp 300w, https:\/\/www.comehealthgroup.com\/wp-content\/uploads\/2024\/12\/Private-Label-Keto-Supplements-Keto-Gummies-Supplements-Wholesale-1-100x100.webp 100w, https:\/\/www.comehealthgroup.com\/wp-content\/uploads\/2024\/12\/Private-Label-Keto-Supplements-Keto-Gummies-Supplements-Wholesale-1-600x600.webp 600w, https:\/\/www.comehealthgroup.com\/wp-content\/uploads\/2024\/12\/Private-Label-Keto-Supplements-Keto-Gummies-Supplements-Wholesale-1-150x150.webp 150w, https:\/\/www.comehealthgroup.com\/wp-content\/uploads\/2024\/12\/Private-Label-Keto-Supplements-Keto-Gummies-Supplements-Wholesale-1-768x768.webp 768w, https:\/\/www.comehealthgroup.com\/wp-content\/uploads\/2024\/12\/Private-Label-Keto-Supplements-Keto-Gummies-Supplements-Wholesale-1-12x12.webp 12w\" sizes=\"(max-width: 1920px) 100vw, 1920px\" \/><\/figure>\n<\/div>\n<\/div>\n\n\n\n<p><\/p>","protected":false},"excerpt":{"rendered":"<p>Welcome to purchase this private label keto supplements wholesale combines blood sugar support, healthy digestion, joint care, and weight management functions to provide users with comprehensive health support. Support OEM customization, suitable for creating a personalized health brand product line.<\/p>\n<table style=\"border-collapse: collapse; width: 328.02pt;\" border=\"0\" width=\"328\" cellspacing=\"0\" cellpadding=\"0\">\n<tbody>\n<tr style=\"height: 15.20pt;\">\n<td class=\"et2\" style=\"height: 15.20pt; width: 101.70pt;\" width=\"101\" height=\"15\">Markenname<\/td>\n<td class=\"et2\" style=\"width: 226.65pt;\" width=\"226\">Come Health\/ White Label<\/td>\n<\/tr>\n<tr style=\"height: 46.00pt;\">\n<td class=\"et2\" style=\"height: 46.00pt;\" height=\"46\">Produktvorteile<\/td>\n<td class=\"et3\" style=\"width: 226.65pt;\" width=\"226\">*unterst\u00fctzt den Blutzuckerspiegel<br \/>*Unterst\u00fctzt eine gesunde Verdauung<br \/>*Unterst\u00fctzt die Gesundheit der Gelenke und die Gewichtsabnahme<\/td>\n<\/tr>\n<tr style=\"height: 15.20pt;\">\n<td class=\"et2\" style=\"height: 15.20pt;\" height=\"15\">Dosierungsform<\/td>\n<td class=\"et2\">Gummib\u00e4rchen<\/td>\n<\/tr>\n<tr style=\"height: 15.20pt;\">\n<td class=\"et2\" style=\"height: 15.20pt;\" height=\"15\">Farbe<\/td>\n<td class=\"et2\">Rosa, Gelb, Gr\u00fcn, Lila<\/td>\n<\/tr>\n<tr style=\"height: 31.00pt;\">\n<td class=\"et2\" style=\"height: 31.00pt;\" height=\"31\">Geschmack<\/td>\n<td class=\"et3\" style=\"width: 226.65pt;\" width=\"226\">Mixed Flavors (Strawberry, Pineapple, Grape, Green Apple)<\/td>\n<\/tr>\n<tr style=\"height: 15.20pt;\">\n<td class=\"et2\" style=\"height: 15.20pt;\" height=\"15\">Form<\/td>\n<td class=\"et2\">Ablagefach<\/td>\n<\/tr>\n<tr style=\"height: 15.20pt;\">\n<td class=\"et2\" style=\"height: 15.20pt;\" height=\"15\">Produkt-Spezifikation<\/td>\n<td class=\"et2\">60 Einheiten\/Flasche<\/td>\n<\/tr>\n<tr style=\"height: 15.20pt;\">\n<td class=\"et2\" style=\"height: 15.20pt;\" height=\"15\">Haltbarkeitsdauer<\/td>\n<td class=\"et2\">24 Monate<\/td>\n<\/tr>\n<tr style=\"height: 15.20pt;\">\n<td class=\"et2\" style=\"height: 15.20pt;\" height=\"15\">Abmessungen (cm)<\/td>\n<td class=\"et2\">7X7X12<\/td>\n<\/tr>\n<tr style=\"height: 15.20pt;\">\n<td class=\"et2\" style=\"height: 15.20pt;\" height=\"15\">Nettogewicht(kg)<\/td>\n<td class=\"et2\">0,22 kg<\/td>\n<\/tr>\n<tr style=\"height: 15.20pt;\">\n<td class=\"et2\" style=\"height: 15.20pt;\" height=\"15\">Personalisierung<\/td>\n<td class=\"et2\">Grafik, Logo, Verpackung<\/td>\n<\/tr>\n<tr style=\"height: 15.20pt;\">\n<td class=\"et2\" style=\"height: 15.20pt;\" height=\"15\">Bestandsaufnahme<\/td>\n<td class=\"et2\">Vorr\u00e4tig<\/td>\n<\/tr>\n<\/tbody>\n<\/table>","protected":false},"featured_media":223,"comment_status":"closed","ping_status":"closed","template":"","meta":{"_acf_changed":false},"product_brand":[],"product_cat":[40,34,29],"product_tag":[],"class_list":{"0":"post-219","1":"product","2":"type-product","3":"status-publish","4":"has-post-thumbnail","6":"product_cat-private-label-gummy-supplements","7":"product_cat-private-label-health-supplements","8":"product_cat-sports-supplements-wholesale","10":"first","11":"instock","12":"shipping-taxable","13":"product-type-simple"},"acf":[],"_links":{"self":[{"href":"https:\/\/www.comehealthgroup.com\/de\/wp-json\/wp\/v2\/product\/219","targetHints":{"allow":["GET"]}}],"collection":[{"href":"https:\/\/www.comehealthgroup.com\/de\/wp-json\/wp\/v2\/product"}],"about":[{"href":"https:\/\/www.comehealthgroup.com\/de\/wp-json\/wp\/v2\/types\/product"}],"replies":[{"embeddable":true,"href":"https:\/\/www.comehealthgroup.com\/de\/wp-json\/wp\/v2\/comments?post=219"}],"wp:featuredmedia":[{"embeddable":true,"href":"https:\/\/www.comehealthgroup.com\/de\/wp-json\/wp\/v2\/media\/223"}],"wp:attachment":[{"href":"https:\/\/www.comehealthgroup.com\/de\/wp-json\/wp\/v2\/media?parent=219"}],"wp:term":[{"taxonomy":"product_brand","embeddable":true,"href":"https:\/\/www.comehealthgroup.com\/de\/wp-json\/wp\/v2\/product_brand?post=219"},{"taxonomy":"product_cat","embeddable":true,"href":"https:\/\/www.comehealthgroup.com\/de\/wp-json\/wp\/v2\/product_cat?post=219"},{"taxonomy":"product_tag","embeddable":true,"href":"https:\/\/www.comehealthgroup.com\/de\/wp-json\/wp\/v2\/product_tag?post=219"}],"curies":[{"name":"wp","href":"https:\/\/api.w.org\/{rel}","templated":true}]}}