{"id":229,"date":"2024-12-06T07:59:30","date_gmt":"2024-12-06T07:59:30","guid":{"rendered":"https:\/\/www.comehealthgroup.com\/?post_type=product&#038;p=229"},"modified":"2024-12-06T08:10:10","modified_gmt":"2024-12-06T08:10:10","slug":"keto-gummy-supplements-bulk","status":"publish","type":"product","link":"https:\/\/www.comehealthgroup.com\/de\/product\/keto-gummy-supplements-bulk\/","title":{"rendered":"KETO Gummy Supplements Bulk, White Label KETO BHB Gummy Supplements"},"content":{"rendered":"<div class=\"wp-block-columns is-layout-flex wp-container-core-columns-is-layout-9d6595d7 wp-block-columns-is-layout-flex\">\n<div class=\"wp-block-column is-layout-flow wp-block-column-is-layout-flow\">\n<h2 class=\"wp-block-heading\">Eigenschaften von KETO Gummy Supplements Bulk<\/h2>\n\n\n\n<ul class=\"wp-block-list\">\n<li><strong>Unterst\u00fctzung des Blutzuckermanagements und Ausgleich der Energieversorgung: <\/strong>Unsere Keto-Gummipr\u00e4parate helfen dem Anwender, den Energiestoffwechsel zu stabilisieren, indem sie den Blutzuckerspiegel regulieren, und liefern dauerhafte Energie f\u00fcr die t\u00e4glichen Aktivit\u00e4ten, geeignet f\u00fcr die Bed\u00fcrfnisse von Keto-Di\u00e4tpl\u00e4nen.<\/li>\n\n\n\n<li><strong>Optimieren das Verdauungssystem und verbessern die N\u00e4hrstoffaufnahme: <\/strong>Diese White Label KETO BHB Gummy Supplements Formel konzentriert sich auf die Gesundheit der Verdauung, unterst\u00fctzt das mikro\u00f6kologische Gleichgewicht des Darms, f\u00f6rdert die N\u00e4hrstoffaufnahme und erm\u00f6glicht den Anwendern einen leichteren und ges\u00fcnderen Lebensstil.<\/li>\n\n\n\n<li><strong>Unterst\u00fctzung der Gelenkgesundheit und verbesserte Flexibilit\u00e4t:<\/strong> Diese Keto-Gummipr\u00e4parate sind so konzipiert, dass sie die Gelenke sch\u00fctzen, Beschwerden und Entz\u00fcndungen wirksam lindern und den Anwendern helfen, die Beweglichkeit und den Komfort der Gelenke w\u00e4hrend einer Gewichtsabnahme oder eines hochintensiven Trainings zu erhalten.<\/li>\n\n\n\n<li><strong>Hilft bei der Gewichtskontrolle und beim Erreichen der idealen K\u00f6rperform: <\/strong>Dieses KETO BHB Gummibonbon enth\u00e4lt BHB (Beta-Hydroxybutyrat), das den Fettstoffwechsel und das Gewichtsmanagement f\u00f6rdert. Es eignet sich f\u00fcr Pl\u00e4ne zur Gewichtsabnahme und hilft den Anwendern, eine ideale K\u00f6rperform zu erhalten.<\/li>\n<\/ul>\n<\/div>\n\n\n\n<div class=\"wp-block-column is-layout-flow wp-block-column-is-layout-flow\">\n<figure class=\"wp-block-image size-full\"><img decoding=\"async\" width=\"1920\" height=\"1920\" src=\"https:\/\/www.comehealthgroup.com\/wp-content\/uploads\/2024\/12\/KETO-Gummy-Supplements-Bulk-White-Label-Gummy-Supplements-4.webp\" alt=\"KETO Gummi-Zusatzstoffe Bulk, White Label Gummi-Zusatzstoffe-4\" class=\"wp-image-233\" srcset=\"https:\/\/www.comehealthgroup.com\/wp-content\/uploads\/2024\/12\/KETO-Gummy-Supplements-Bulk-White-Label-Gummy-Supplements-4.webp 1920w, https:\/\/www.comehealthgroup.com\/wp-content\/uploads\/2024\/12\/KETO-Gummy-Supplements-Bulk-White-Label-Gummy-Supplements-4-300x300.webp 300w, https:\/\/www.comehealthgroup.com\/wp-content\/uploads\/2024\/12\/KETO-Gummy-Supplements-Bulk-White-Label-Gummy-Supplements-4-100x100.webp 100w, https:\/\/www.comehealthgroup.com\/wp-content\/uploads\/2024\/12\/KETO-Gummy-Supplements-Bulk-White-Label-Gummy-Supplements-4-600x600.webp 600w, https:\/\/www.comehealthgroup.com\/wp-content\/uploads\/2024\/12\/KETO-Gummy-Supplements-Bulk-White-Label-Gummy-Supplements-4-150x150.webp 150w, https:\/\/www.comehealthgroup.com\/wp-content\/uploads\/2024\/12\/KETO-Gummy-Supplements-Bulk-White-Label-Gummy-Supplements-4-768x768.webp 768w, https:\/\/www.comehealthgroup.com\/wp-content\/uploads\/2024\/12\/KETO-Gummy-Supplements-Bulk-White-Label-Gummy-Supplements-4-12x12.webp 12w\" sizes=\"(max-width: 1920px) 100vw, 1920px\" \/><\/figure>\n<\/div>\n<\/div>\n\n\n\n<p><\/p>","protected":false},"excerpt":{"rendered":"<p>Unsere White-Label-Keto-Gummi-Nahrungserg\u00e4nzung kombiniert die Funktionen Blutzuckerbalance, Verdauungsgesundheit, Gelenkschutz und Gewichtsmanagement, was sie zu einem idealen Partner f\u00fcr Keto-Di\u00e4ten macht. Unterst\u00fctzen Sie die White-Label-Anpassung, um Marken zu helfen, innovative Gesundheitserg\u00e4nzungsproduktlinien zu schaffen.<\/p>\n<table style=\"border-collapse: collapse; width: 328.02pt;\" border=\"0\" width=\"328\" cellspacing=\"0\" cellpadding=\"0\">\n<tbody>\n<tr style=\"height: 15.20pt;\">\n<td class=\"et2\" style=\"height: 15.20pt; width: 101.70pt;\" width=\"101\" height=\"15\">Markenname<\/td>\n<td class=\"et2\" style=\"width: 226.65pt;\" width=\"226\">Come Health\/ White Label<\/td>\n<\/tr>\n<tr style=\"height: 46.00pt;\">\n<td class=\"et2\" style=\"height: 46.00pt;\" height=\"46\">Produktvorteile<\/td>\n<td class=\"et3\" style=\"width: 226.65pt;\" width=\"226\">*unterst\u00fctzt den Blutzuckerspiegel<br \/>*Unterst\u00fctzt eine gesunde Verdauung<br \/>*Unterst\u00fctzt die Gesundheit der Gelenke und die Gewichtsabnahme<\/td>\n<\/tr>\n<tr style=\"height: 15.20pt;\">\n<td class=\"et2\" style=\"height: 15.20pt;\" height=\"15\">Dosierungsform<\/td>\n<td class=\"et2\">Gummib\u00e4rchen<\/td>\n<\/tr>\n<tr style=\"height: 15.20pt;\">\n<td class=\"et2\" style=\"height: 15.20pt;\" height=\"15\">Farbe<\/td>\n<td class=\"et2\">Rosa, Gelb, Gr\u00fcn, Lila<\/td>\n<\/tr>\n<tr style=\"height: 31.00pt;\">\n<td class=\"et2\" style=\"height: 31.00pt;\" height=\"31\">Geschmack<\/td>\n<td class=\"et3\" style=\"width: 226.65pt;\" width=\"226\">Gemischte Geschmacksrichtung (Erdbeere, Ananas, Traube, gr\u00fcner Apfel)<\/td>\n<\/tr>\n<tr style=\"height: 15.20pt;\">\n<td class=\"et2\" style=\"height: 15.20pt;\" height=\"15\">Form<\/td>\n<td class=\"et2\">Ablagefach<\/td>\n<\/tr>\n<tr style=\"height: 15.20pt;\">\n<td class=\"et2\" style=\"height: 15.20pt;\" height=\"15\">Produkt-Spezifikation<\/td>\n<td class=\"et2\">60 Einheiten\/Flasche<\/td>\n<\/tr>\n<tr style=\"height: 15.20pt;\">\n<td class=\"et2\" style=\"height: 15.20pt;\" height=\"15\">Haltbarkeitsdauer<\/td>\n<td class=\"et2\">24 Monate<\/td>\n<\/tr>\n<tr style=\"height: 15.20pt;\">\n<td class=\"et2\" style=\"height: 15.20pt;\" height=\"15\">Abmessungen (cm)<\/td>\n<td class=\"et2\">7X7X12<\/td>\n<\/tr>\n<tr style=\"height: 15.20pt;\">\n<td class=\"et2\" style=\"height: 15.20pt;\" height=\"15\">Nettogewicht(kg)<\/td>\n<td class=\"et2\">0,22 kg<\/td>\n<\/tr>\n<tr style=\"height: 15.20pt;\">\n<td class=\"et2\" style=\"height: 15.20pt;\" height=\"15\">Personalisierung<\/td>\n<td class=\"et2\">Grafik, Logo, Verpackung<\/td>\n<\/tr>\n<tr style=\"height: 15.20pt;\">\n<td class=\"et2\" style=\"height: 15.20pt;\" height=\"15\">Bestandsaufnahme<\/td>\n<td class=\"et2\">Vorr\u00e4tig<\/td>\n<\/tr>\n<\/tbody>\n<\/table>","protected":false},"featured_media":230,"comment_status":"closed","ping_status":"closed","template":"","meta":{"_acf_changed":false},"product_brand":[],"product_cat":[40,34,29],"product_tag":[],"class_list":{"0":"post-229","1":"product","2":"type-product","3":"status-publish","4":"has-post-thumbnail","6":"product_cat-private-label-gummy-supplements","7":"product_cat-private-label-health-supplements","8":"product_cat-sports-supplements-wholesale","10":"first","11":"instock","12":"shipping-taxable","13":"product-type-simple"},"acf":[],"_links":{"self":[{"href":"https:\/\/www.comehealthgroup.com\/de\/wp-json\/wp\/v2\/product\/229","targetHints":{"allow":["GET"]}}],"collection":[{"href":"https:\/\/www.comehealthgroup.com\/de\/wp-json\/wp\/v2\/product"}],"about":[{"href":"https:\/\/www.comehealthgroup.com\/de\/wp-json\/wp\/v2\/types\/product"}],"replies":[{"embeddable":true,"href":"https:\/\/www.comehealthgroup.com\/de\/wp-json\/wp\/v2\/comments?post=229"}],"wp:featuredmedia":[{"embeddable":true,"href":"https:\/\/www.comehealthgroup.com\/de\/wp-json\/wp\/v2\/media\/230"}],"wp:attachment":[{"href":"https:\/\/www.comehealthgroup.com\/de\/wp-json\/wp\/v2\/media?parent=229"}],"wp:term":[{"taxonomy":"product_brand","embeddable":true,"href":"https:\/\/www.comehealthgroup.com\/de\/wp-json\/wp\/v2\/product_brand?post=229"},{"taxonomy":"product_cat","embeddable":true,"href":"https:\/\/www.comehealthgroup.com\/de\/wp-json\/wp\/v2\/product_cat?post=229"},{"taxonomy":"product_tag","embeddable":true,"href":"https:\/\/www.comehealthgroup.com\/de\/wp-json\/wp\/v2\/product_tag?post=229"}],"curies":[{"name":"wp","href":"https:\/\/api.w.org\/{rel}","templated":true}]}}