{"id":248,"date":"2024-12-07T01:41:23","date_gmt":"2024-12-07T01:41:23","guid":{"rendered":"https:\/\/www.comehealthgroup.com\/?post_type=product&#038;p=248"},"modified":"2024-12-14T06:30:26","modified_gmt":"2024-12-14T06:30:26","slug":"bulk-supplements-nmn-capsules","status":"publish","type":"product","link":"https:\/\/www.comehealthgroup.com\/de\/product\/bulk-supplements-nmn-capsules\/","title":{"rendered":"Bulk-Erg\u00e4nzungen NMN-Kapseln, Anti-Aging-Erg\u00e4nzungen Gro\u00dfhandel"},"content":{"rendered":"<div class=\"wp-block-columns is-layout-flex wp-container-core-columns-is-layout-9d6595d7 wp-block-columns-is-layout-flex\">\n<div class=\"wp-block-column is-layout-flow wp-block-column-is-layout-flow\">\n<h2 class=\"wp-block-heading\">Eigenschaften von Bulk Supplements NMN-Kapseln<\/h2>\n\n\n\n<ul class=\"wp-block-list\">\n<li><strong>Anti-Aging-Unterst\u00fctzung, Verj\u00fcngung der Jugend:<\/strong> Dieses Bulk Supplements nmn Kapseln hilft, den Alterungsprozess zu verlangsamen, indem es die Zellreparatur und die antioxidative Wirkung f\u00f6rdert und so einen jugendlichen Zustand und ein gesundes Aussehen aufrechterh\u00e4lt.<\/li>\n\n\n\n<li><strong>Hohe Bioverf\u00fcgbarkeit, optimierte Absorptionswirkung: <\/strong>Die professionelle Formel dieses Anti-Aging-Nahrungserg\u00e4nzungsmittels verbessert die Bioverf\u00fcgbarkeit der NMN-Inhaltsstoffe, so dass die Wirkstoffe schnell absorbiert werden und die gesundheitsf\u00f6rdernde Wirkung maximiert wird.<\/li>\n\n\n\n<li><strong>Verbesserung der k\u00f6rperlichen Kraft und Ausdauer, Steigerung der sportlichen Leistung:<\/strong> Durch die Optimierung des Energiestoffwechsels unterst\u00fctzt dieses Nahrungserg\u00e4nzungsmittel nmn Kapseln die Verbesserung der Kraft und der Ausdauer, so dass die Benutzer eine effiziente Leistung im Alltag und im Sport aufrechterhalten k\u00f6nnen.<\/li>\n\n\n\n<li><strong>DNA-Reparatur und Schutz der Telomere, Erhaltung der Zellgesundheit:<\/strong> Dieses Anti-Aging-Pr\u00e4parat unterst\u00fctzt im Gro\u00dfhandel die DNA-Reparatur und sch\u00fctzt die Integrit\u00e4t der Telomere, was die langfristige Gesundheit f\u00f6rdert und einen grundlegenden Schutz f\u00fcr die allgemeine Gesundheit und das Leben bietet.<\/li>\n<\/ul>\n<\/div>\n\n\n\n<div class=\"wp-block-column is-layout-flow wp-block-column-is-layout-flow\">\n<figure class=\"wp-block-image size-full\"><img decoding=\"async\" width=\"750\" height=\"750\" src=\"https:\/\/www.comehealthgroup.com\/wp-content\/uploads\/2024\/12\/Bulk-Supplements-NMN-Capsules-Anti-aging-Supplements-Wholesale-2.webp\" alt=\"Bulk-Erg\u00e4nzungen NMN-Kapseln, Anti-Aging-Erg\u00e4nzungen Gro\u00dfhandel-2\" class=\"wp-image-250\" srcset=\"https:\/\/www.comehealthgroup.com\/wp-content\/uploads\/2024\/12\/Bulk-Supplements-NMN-Capsules-Anti-aging-Supplements-Wholesale-2.webp 750w, https:\/\/www.comehealthgroup.com\/wp-content\/uploads\/2024\/12\/Bulk-Supplements-NMN-Capsules-Anti-aging-Supplements-Wholesale-2-300x300.webp 300w, https:\/\/www.comehealthgroup.com\/wp-content\/uploads\/2024\/12\/Bulk-Supplements-NMN-Capsules-Anti-aging-Supplements-Wholesale-2-100x100.webp 100w, https:\/\/www.comehealthgroup.com\/wp-content\/uploads\/2024\/12\/Bulk-Supplements-NMN-Capsules-Anti-aging-Supplements-Wholesale-2-600x600.webp 600w, https:\/\/www.comehealthgroup.com\/wp-content\/uploads\/2024\/12\/Bulk-Supplements-NMN-Capsules-Anti-aging-Supplements-Wholesale-2-150x150.webp 150w, https:\/\/www.comehealthgroup.com\/wp-content\/uploads\/2024\/12\/Bulk-Supplements-NMN-Capsules-Anti-aging-Supplements-Wholesale-2-12x12.webp 12w\" sizes=\"(max-width: 750px) 100vw, 750px\" \/><\/figure>\n<\/div>\n<\/div>\n\n\n\n<p><\/p>","protected":false},"excerpt":{"rendered":"<p>Unsere Bulk-Erg\u00e4nzungen nmn Kapseln konzentrieren sich auf Anti-Aging, Energieverbesserung und Zellgesundheit zu unterst\u00fctzen, mit hoher Bioverf\u00fcgbarkeit, Kraft und Ausdauer Verbesserung Funktionen, die eine ideale Wahl f\u00fcr eine umfassende Verbesserung des Gesundheitszustands ist. Unterst\u00fctzung Bulk-Gro\u00dfhandel und Private Label, helfen Marken ihre Anti-Aging-Produktlinien zu erweitern.<\/p>\n<table style=\"border-collapse: collapse; width: 328.02pt;\" border=\"0\" width=\"328\" cellspacing=\"0\" cellpadding=\"0\">\n<tbody>\n<tr style=\"height: 15.20pt;\">\n<td class=\"et2\" style=\"height: 15.20pt; width: 101.70pt;\" width=\"101\" height=\"15\">Markenname<\/td>\n<td class=\"et2\" style=\"width: 226.65pt;\" width=\"226\">Come Health\/ White Label<\/td>\n<\/tr>\n<tr style=\"height: 76.00pt;\">\n<td class=\"et2\" style=\"height: 76.00pt;\" height=\"76\">Produktvorteile<\/td>\n<td class=\"et3\" style=\"width: 226.65pt;\" width=\"226\">*Anti-Aging<br \/>*Verbesserte Bioverf\u00fcgbarkeit<br \/>*Steigerung von Kraft und Ausdauer<br \/>*DNA und Telomere unterst\u00fctzen<br \/>*Verbesserte Energie und allgemeine Gesundheit<\/td>\n<\/tr>\n<tr style=\"height: 15.20pt;\">\n<td class=\"et2\" style=\"height: 15.20pt;\" height=\"15\">Dosierungsform<\/td>\n<td class=\"et2\">Kapsel<\/td>\n<\/tr>\n<tr style=\"height: 15.20pt;\">\n<td class=\"et2\" style=\"height: 15.20pt;\" height=\"15\">Erscheinungsbild<\/td>\n<td class=\"et2\">Milchig-wei\u00dfe Gelatineh\u00fclle<\/td>\n<\/tr>\n<tr style=\"height: 15.20pt;\">\n<td class=\"et2\" style=\"height: 15.20pt;\" height=\"15\">Produkt-Spezifikation<\/td>\n<td class=\"et2\">60 Kapseln\/Flasche<\/td>\n<\/tr>\n<tr style=\"height: 15.20pt;\">\n<td class=\"et2\" style=\"height: 15.20pt;\" height=\"15\">Haltbarkeitsdauer<\/td>\n<td class=\"et2\">24 Monate<\/td>\n<\/tr>\n<tr style=\"height: 15.20pt;\">\n<td class=\"et2\" style=\"height: 15.20pt;\" height=\"15\">Abmessungen (cm)<\/td>\n<td class=\"et2\">7X7X12<\/td>\n<\/tr>\n<tr style=\"height: 15.20pt;\">\n<td class=\"et2\" style=\"height: 15.20pt;\" height=\"15\">Nettogewicht(kg)<\/td>\n<td class=\"et2\">0,08 kg<\/td>\n<\/tr>\n<tr style=\"height: 15.20pt;\">\n<td class=\"et2\" style=\"height: 15.20pt;\" height=\"15\">Personalisierung<\/td>\n<td class=\"et2\">Grafik, Logo, Verpackung<\/td>\n<\/tr>\n<tr style=\"height: 15.20pt;\">\n<td class=\"et2\" style=\"height: 15.20pt;\" height=\"15\">Bestandsaufnahme<\/td>\n<td class=\"et2\">Vorr\u00e4tig<\/td>\n<\/tr>\n<\/tbody>\n<\/table>","protected":false},"featured_media":253,"comment_status":"closed","ping_status":"closed","template":"","meta":{"_acf_changed":false},"product_brand":[],"product_cat":[36,39,34,49],"product_tag":[],"class_list":{"0":"post-248","1":"product","2":"type-product","3":"status-publish","4":"has-post-thumbnail","6":"product_cat-private-label-beauty-supplements","7":"product_cat-bulk-supplements-capsules","8":"product_cat-private-label-health-supplements","9":"product_cat-nutritional-supplement-wholesale","11":"first","12":"instock","13":"shipping-taxable","14":"product-type-simple"},"acf":[],"_links":{"self":[{"href":"https:\/\/www.comehealthgroup.com\/de\/wp-json\/wp\/v2\/product\/248","targetHints":{"allow":["GET"]}}],"collection":[{"href":"https:\/\/www.comehealthgroup.com\/de\/wp-json\/wp\/v2\/product"}],"about":[{"href":"https:\/\/www.comehealthgroup.com\/de\/wp-json\/wp\/v2\/types\/product"}],"replies":[{"embeddable":true,"href":"https:\/\/www.comehealthgroup.com\/de\/wp-json\/wp\/v2\/comments?post=248"}],"wp:featuredmedia":[{"embeddable":true,"href":"https:\/\/www.comehealthgroup.com\/de\/wp-json\/wp\/v2\/media\/253"}],"wp:attachment":[{"href":"https:\/\/www.comehealthgroup.com\/de\/wp-json\/wp\/v2\/media?parent=248"}],"wp:term":[{"taxonomy":"product_brand","embeddable":true,"href":"https:\/\/www.comehealthgroup.com\/de\/wp-json\/wp\/v2\/product_brand?post=248"},{"taxonomy":"product_cat","embeddable":true,"href":"https:\/\/www.comehealthgroup.com\/de\/wp-json\/wp\/v2\/product_cat?post=248"},{"taxonomy":"product_tag","embeddable":true,"href":"https:\/\/www.comehealthgroup.com\/de\/wp-json\/wp\/v2\/product_tag?post=248"}],"curies":[{"name":"wp","href":"https:\/\/api.w.org\/{rel}","templated":true}]}}